{"id":2890,"date":"2021-08-07T12:08:22","date_gmt":"2021-08-07T10:08:22","guid":{"rendered":"https:\/\/dhalmann.fr\/music\/?page_id=2890"},"modified":"2025-03-22T19:16:30","modified_gmt":"2025-03-22T17:16:30","slug":"cgv","status":"publish","type":"page","link":"https:\/\/dhalmann.fr\/music\/en\/cgv\/","title":{"rendered":"Conditions G\u00e9n\u00e9rales de  Vente"},"content":{"rendered":"\n<p><\/p>\n\n\n\n<p>Les pr\u00e9sentes conditions de ventes sont conclues d&#8217;une part par Editions Fran\u00e7ois Dhalmann, immatricul\u00e9 au registre du commerce et des soci\u00e9tes de Nice sous le num\u00e9ro 428597306 et d&#8217;autre part, par toute personne physique ou morale souhaitant proc\u00e9der \u00e0 un achat via le site internet de Editions Fran\u00e7ois Dhalmann d\u00e9nomm\u00e9 ci-apr\u00e8s &#8220;le client&#8221;.<\/p>\n\n\n\n<p><strong>Objet<\/strong><br>Les pr\u00e9sentes conditions de ventes visent \u00e0 d\u00e9finir les relations contractuelles entre Editions Fran\u00e7ois Dhalmann et le client et les conditions applicables \u00e0 tout achat effectu\u00e9 par le biais du site marchand des Editions Fran\u00e7ois Dhalmann, que le client soit professionnel ou particulier.<br>L&#8217;acquisition d&#8217;un bien ou d&#8217;un service \u00e0 travers le pr\u00e9sent site implique une acceptation sans r\u00e9serve par le client des pr\u00e9sentes conditions de vente.<br>Ces conditions de vente pr\u00e9vaudront sur toute autres conditions g\u00e9n\u00e9rales ou particuli\u00e8res non express\u00e9ment agr\u00e9\u00e9es par Editions Fran\u00e7ois Dhalmann.<br>Editions Fran\u00e7ois Dhalmann se r\u00e9serve de pouvoir modifier ses conditions de vente \u00e0 tout moment. Dans ce cas , les conditions applicables seront celles en vigueur \u00e0 la date de la commande par le client.<\/p>\n\n\n\n<p><strong>Caract\u00e9ristiques des biens et services propos\u00e9s<\/strong><br>Les produits et services&nbsp;vendus sont ceux qui figurent dans le catalogue publi\u00e9 dans le site de Editions Fran\u00e7ois Dhalmann<\/p>\n\n\n\n<p>Ces produits et services sont&nbsp;vendus dans la limite des stocks disponibles et sous r\u00e9serve de continuit\u00e9 de la part des \u00e9diteurs.<\/p>\n\n\n\n<p><strong>Tarifs<\/strong><br>Les prix mentionn\u00e9s sont des prix TTC en euro tenant compte de la TVA applicable au jour de la commande; tout changement du taux pourra \u00eatre r\u00e9percut\u00e9 sur le prix des produits ou des services.<br>Les tarifs sont r\u00e9visables \u00e0 tout moment, \u00e9tant toutefois entendu que le prix figurant au catalogue le jour de la commande sera le seul applicable au client.<br>Les prix indiqu\u00e9s ne comprennent pas les frais de traitement de commande, de transport et de livraison. Ceux -ci sont d\u00e9taill\u00e9s \u00e0 l&#8217;issue du processus de commande.<\/p>\n\n\n\n<p><strong>Commandes<\/strong><br>Le client qui souhaite acheter un produit ou un service doit obligatoirement :<br>&#8211; remplir la fiche d&#8217;identification sur laquelle il indiquera toutes les coordonn\u00e9es demand\u00e9es;<br>&#8211; remplir le bon de commande en ligne en v\u00e9rifiant toutes les r\u00e9f\u00e9rences des produits ou services choisis;<br>&#8211; valider sa commande apr\u00e8s l&#8217;avoir v\u00e9rifi\u00e9e;<br>&#8211; effectuer le paiement dans les conditions pr\u00e9vues;<br>&#8211; confirmer sa commande et son r\u00e8glement.<br>La confirmation de la commande entra\u00eene acceptation des pr\u00e9sentes conditions de vente, la reconnaissance d&#8217;en avoir parfaite connaissance et la renonciation \u00e0 se pr\u00e9valoir de ses propres conditions d&#8217;achat et d&#8217;autres conditions.<br>L&#8217;ensemble des donn\u00e9es fournies et la confirmation enregistr\u00e9e vaudront preuve de la transaction. La confirmation vaudra signature et acceptation des op\u00e9rations effectu\u00e9es.<br>Editions Fran\u00e7ois Dhalmann communiquera par courrier \u00e9lectronique confirmation de la commande enregistr\u00e9e.<\/p>\n\n\n\n<p><strong>R\u00e9tractation<\/strong><br>Les clients, personnes physiques non professionnelles, b\u00e9n\u00e9ficient du d\u00e9lai de r\u00e9tractation l\u00e9gal \u00e0 compter de la livraison de leur commande pour faire retour du produit \u00e0 Editions Fran\u00e7ois Dhalmann pour \u00e9change ou remboursement sans p\u00e9nalit\u00e9, \u00e0 l&#8217;exception des frais de retour. Le retour se fera dans son emballage d&#8217;origine, non d\u00e9cachet\u00e9. Cette possibilit\u00e9 ne s&#8217;applique pas aux&nbsp; formats num\u00e9riques, ayant nature de service.<\/p>\n\n\n\n<p><strong>Modalit\u00e9s de paiement<\/strong><br>Le prix est exigible \u00e0 la commande;<br>Les paiements seront effectu\u00e9s par carte bancaire; ils seront r\u00e9alis\u00e9s par le biais d&#8217;une connexion s\u00e9curis\u00e9e qui utilise le protocle SSL (Secure Socket Layer) de telles sorte que les informations transmises sont crypt\u00e9es par un logiciel et qu&#8217;aucun tiers ne peut en prendre connaissance au cours du transport sur le r\u00e9seau internet.<br>Le client peut \u00e9galement choisir de r\u00e9gler l&#8217;int\u00e9gralit\u00e9&nbsp;de la commande par ch\u00e8que&nbsp;tir\u00e9 sur une banque domicili\u00e9e en France et&nbsp;\u00e9tabli \u00e0 l&#8217;ordre de Editions Fran\u00e7ois Dhalmann.<\/p>\n\n\n\n<p><strong>Livraisons<\/strong><br>Les livraisons sont faites \u00e0 l&#8217;adresse indiqu\u00e9e dans le bon de commande.<br>Les risques sont \u00e0 la charge du client \u00e0 compter du moment o\u00f9 les produits ont quitt\u00e9 les locaux de Editions Fran\u00e7ois Dhalmann. En cas de dommage pendant le transport, la protestation motiv\u00e9e doit \u00eatre formul\u00e9e aupr\u00e8s du transporteur dans un d\u00e9lai de 24 heures \u00e0 compter de la livraison.<br><a href=\"https:\/\/dhalmann.fr\/music\/livraison\">Les d\u00e9lais de livraison&nbsp;<\/a>ne sont donn\u00e9s qu&#8217;\u00e0 titre indicatif et restent d\u00e9pendant&nbsp;des capacit\u00e9s d&#8217;approvisionnements de nos fournisseurs; si ceux-ci d\u00e9passent trente jours \u00e0 compter de la commande, le contrat de vente pourra \u00eatre r\u00e9sili\u00e9.&nbsp;<\/p>\n\n\n\n<p><strong>Responsabilit\u00e9<\/strong><br>Editions Fran\u00e7ois Dhalmann, dans le processus de vente en ligne, n&#8217;est tenu que par une obligation de moyens; sa responsabilit\u00e9 ne pourra \u00eatre engag\u00e9e pour un dommage r\u00e9sultant de l&#8217;utilisation du r\u00e9seau internet tel que perte de donn\u00e9es, intrusion, virus, rupture de service, ou autres probl\u00e8mes involontaires.<br><br>Pour les livraison hors de France il appartient au client de v\u00e9rifier que l&#8217;article command\u00e9 respecte la l\u00e9gislation du pays de livraison (censure, interdiction, accords de distributions etc&#8230;); Editions Fran\u00e7ois Dhalmann d\u00e9cline toute responsabilit\u00e9 en cas de litige en r\u00e9sultant.<br>Editions Fran\u00e7ois Dhalmann n&#8217;est pas tenu responsable du contenu des sites internet auquels des liens hypertextes peuvent renvoyer \u00e0 partir de son site.<br>Editions Fran\u00e7ois Dhalmann n&#8217;est pas tenu responsable de l&#8217;utilisation faite par le client des produits ou services achet\u00e9 sur son site internet.<br>En cas de force majeure (gr\u00e8ve, mouvements sociaux, guerre, catastrophe naturelle, incendie, inondation etc&#8230;) Editions Fran\u00e7ois Dhalmann ne peut-\u00eatre tenu responsable de l&#8217;inex\u00e9cution de la commande.<\/p>\n\n\n\n<p><strong>Propri\u00e9t\u00e9 intellectuelle.<\/strong><br>Tous les \u00e9l\u00e9ments du site de Editions Fran\u00e7ois Dhalmann sont et restent la propri\u00e9t\u00e9 intellectuelle et exclusive de Editions Fran\u00e7ois Dhalmann ou de ses ayants droits.<br>Personne n&#8217;est autoris\u00e9 \u00e0 reproduire, exploiter, rediffuser, ou utiliser \u00e0 quelque titre que ce soit, m\u00eame partiellement, des \u00e9l\u00e9ments du site qu&#8217;ils soient logiciels, visuels ou sonores.<\/p>\n\n\n\n<p>La structure du Site ainsi que l\u2019ensemble des contenus diffus\u00e9s sur le Site sont prot\u00e9g\u00e9s par la l\u00e9gislation relative \u00e0 la propri\u00e9t\u00e9 intellectuelle.<br>Les photographies, illustrations, dessins ou tout autre graphique, documents, les signes, signaux, \u00e9crits, images, sons ou messages de toute nature figurant sur le Site (ci-apr\u00e8s \u00ab les Contenus \u00bb) ne peuvent faire l\u2019objet d\u2019aucune reproduction ou repr\u00e9sentation sans l\u2019autorisation pr\u00e9alable expresse et \u00e9crite de Editions Fran\u00e7ois Dhalmann.<\/p>\n\n\n\n<p>P<strong>olitique de fouille de textes et de donn\u00e9es<\/strong><\/p>\n\n\n\n<p>Les Editions Fran\u00e7ois Dhalmann s\u2019opposent \u00e0 toutes op\u00e9rations de moissonnage et de fouille de textes et de donn\u00e9es au sens de l\u2019article L. 122-5-3 du code de la propri\u00e9t\u00e9 intellectuelle.<br>Cette opposition couvre l\u2019ensemble du Site et des Contenus auxquels il donne acc\u00e8s.<br>Toutes op\u00e9rations de moissonnage et de fouille de textes et de donn\u00e9es visant le Site et ses Contenus, y compris par des dispositifs de collecte automatis\u00e9e de donn\u00e9es constituent donc des actes de contrefa\u00e7on sauf obtention d\u2019un accord sp\u00e9cifique formellement exprim\u00e9 des Editions Fran\u00e7ois Dhalmann.<br>L\u2019article R. 122-28 du code de la propri\u00e9t\u00e9 intellectuelle pr\u00e9cisant que l&#8217;opposition mentionn\u00e9e au III de l&#8217;article L. 122-5-3 peut \u00eatre exprim\u00e9e par tout moyen, y compris par le recours \u00e0 des conditions g\u00e9n\u00e9rales d&#8217;utilisation d&#8217;un site internet ou d&#8217;un service, l\u2019absence de metadonn\u00e9es associ\u00e9es au Site, r\u00e9pertoires du Site, Contenus du Site est sans incidence sur l\u2019exercice du droit d\u2019opposition exprim\u00e9 par les pr\u00e9sentes <a href=\"https:\/\/dhalmann.fr\/music\/mentions-legales\/\">conditions g\u00e9n\u00e9rales d\u2019utilisation<\/a>.<\/p>\n\n\n\n<p><strong>Archivage &#8211; Preuve<\/strong><br>Editions Fran\u00e7ois Dhalmann archivera les bons de commandes et les factures sur un support fiable et durable constituant une copie fid\u00e8le conform\u00e9ment aux dispositions de l&#8217;article 1348 du Code Civil.<br>Les registres informatis\u00e9s de Editions Fran\u00e7ois Dhalmann seront consid\u00e9r\u00e9s par les parties comme preuve des communications, commandes paiements et transactions intervenus entre les parties.<\/p>\n\n\n\n<p><strong>Formats num\u00e9riques \/ T\u00e9l\u00e9chargement :<\/strong><br>Les\u00a0 formats num\u00e9riques repr\u00e9sentent des partitions musicales au format Pdf. Afin de visualer et imprimer ces partitions le client devra utiliser le logiciel Adobe Acrobat Reader t\u00e9l\u00e9chargeable gratuitement sur le site internet de la soci\u00e9t\u00e9 Acrobat.<br>Les commandes de\u00a0formats num\u00e9riques sont traiter par un prestataire partenaire mais ind\u00e9pendants des Editions Fran\u00e7ois Dhalmann. Les Editions Fran\u00e7ois Dhalmann ne seront pas responsable en cas d\u2019erreur lors du processus de commande.<br>En raison de leur nature, aucun droit de retour ou d\u2019annulation de commande ne pourra \u00eatre exerc\u00e9 sur les formats num\u00e9riques.<br>Les formats num\u00e9riques restent la propri\u00e9t\u00e9 des Editions Fran\u00e7ois Dhalmann. Le client dispose d\u2019une licence d\u2019utilisation non exclusive, et son nom sera appos\u00e9 sur le format num\u00e9rique \u00e0 cet effet. L&#8217;achat de ces format est r\u00e9serv\u00e9 aux personnes physiques. En aucun cas le client ne peut revendre, c\u00e9der, louer, pr\u00eater, copier, transmettre, reproduire, donner, transf\u00e9rer le format num\u00e9rique, et entreprendre tout acte qui constituerai une contrefa\u00e7on. Le client ne peut pas modifier le contenu du format num\u00e9rique, ni les mentions de droits d\u2019auteurs y figurant. Le client dispose de trois essais et d&#8217;un d\u00e9lai de trente jours pour t\u00e9l\u00e9charger les fichiers command\u00e9s.<\/p>\n\n\n\n<p><br><strong>R\u00e8glement des litiges<\/strong><br>Les pr\u00e9sentes conditions de vente en ligne sont soumises \u00e0 la loi fran\u00e7aise.<br>En cas de litige, comp\u00e9tence exclusive est accord\u00e9e au tribunal de Nice.<\/p>\n","protected":false},"excerpt":{"rendered":"<p>Les pr\u00e9sentes conditions de ventes sont conclues d&#8217;une part par Editions Fran\u00e7ois Dhalmann, immatricul\u00e9 au registre du commerce et des soci\u00e9tes de Nice sous le num\u00e9ro 428597306 et d&#8217;autre part, par toute personne physique ou morale souhaitant proc\u00e9der \u00e0 un achat via le site internet de Editions Fran\u00e7ois Dhalmann d\u00e9nomm\u00e9 ci-apr\u00e8s &#8220;le client&#8221;. ObjetLes pr\u00e9sentes [&hellip;]<\/p>\n","protected":false},"author":1,"featured_media":0,"parent":0,"menu_order":0,"comment_status":"closed","ping_status":"closed","template":"","meta":{"ocean_post_layout":"full-width","ocean_both_sidebars_style":"","ocean_both_sidebars_content_width":0,"ocean_both_sidebars_sidebars_width":0,"ocean_sidebar":"0","ocean_second_sidebar":"0","ocean_disable_margins":"enable","ocean_add_body_class":"","ocean_shortcode_before_top_bar":"","ocean_shortcode_after_top_bar":"","ocean_shortcode_before_header":"","ocean_shortcode_after_header":"","ocean_has_shortcode":"","ocean_shortcode_after_title":"","ocean_shortcode_before_footer_widgets":"","ocean_shortcode_after_footer_widgets":"","ocean_shortcode_before_footer_bottom":"","ocean_shortcode_after_footer_bottom":"","ocean_display_top_bar":"default","ocean_display_header":"default","ocean_header_style":"","ocean_center_header_left_menu":"0","ocean_custom_header_template":"0","ocean_custom_logo":0,"ocean_custom_retina_logo":0,"ocean_custom_logo_max_width":0,"ocean_custom_logo_tablet_max_width":0,"ocean_custom_logo_mobile_max_width":0,"ocean_custom_logo_max_height":0,"ocean_custom_logo_tablet_max_height":0,"ocean_custom_logo_mobile_max_height":0,"ocean_header_custom_menu":"0","ocean_menu_typo_font_family":"0","ocean_menu_typo_font_subset":"","ocean_menu_typo_font_size":0,"ocean_menu_typo_font_size_tablet":0,"ocean_menu_typo_font_size_mobile":0,"ocean_menu_typo_font_size_unit":"px","ocean_menu_typo_font_weight":"","ocean_menu_typo_font_weight_tablet":"","ocean_menu_typo_font_weight_mobile":"","ocean_menu_typo_transform":"","ocean_menu_typo_transform_tablet":"","ocean_menu_typo_transform_mobile":"","ocean_menu_typo_line_height":0,"ocean_menu_typo_line_height_tablet":0,"ocean_menu_typo_line_height_mobile":0,"ocean_menu_typo_line_height_unit":"","ocean_menu_typo_spacing":0,"ocean_menu_typo_spacing_tablet":0,"ocean_menu_typo_spacing_mobile":0,"ocean_menu_typo_spacing_unit":"","ocean_menu_link_color":"","ocean_menu_link_color_hover":"","ocean_menu_link_color_active":"","ocean_menu_link_background":"","ocean_menu_link_hover_background":"","ocean_menu_link_active_background":"","ocean_menu_social_links_bg":"","ocean_menu_social_hover_links_bg":"","ocean_menu_social_links_color":"","ocean_menu_social_hover_links_color":"","ocean_disable_title":"default","ocean_disable_heading":"default","ocean_post_title":"","ocean_post_subheading":"","ocean_post_title_style":"","ocean_post_title_background_color":"","ocean_post_title_background":0,"ocean_post_title_bg_image_position":"","ocean_post_title_bg_image_attachment":"","ocean_post_title_bg_image_repeat":"","ocean_post_title_bg_image_size":"","ocean_post_title_height":0,"ocean_post_title_bg_overlay":0.5,"ocean_post_title_bg_overlay_color":"","ocean_disable_breadcrumbs":"default","ocean_breadcrumbs_color":"","ocean_breadcrumbs_separator_color":"","ocean_breadcrumbs_links_color":"","ocean_breadcrumbs_links_hover_color":"","ocean_display_footer_widgets":"default","ocean_display_footer_bottom":"default","ocean_custom_footer_template":"0","footnotes":""},"class_list":["post-2890","page","type-page","status-publish","hentry","entry","owp-thumbs-layout-horizontal","owp-btn-normal","owp-tabs-layout-horizontal","has-no-thumbnails","has-product-nav"],"yoast_head":"<!-- This site is optimized with the Yoast SEO plugin v27.5 - https:\/\/yoast.com\/product\/yoast-seo-wordpress\/ -->\n<title>Conditions G\u00e9n\u00e9rales de Vente - Editions Fran\u00e7ois Dhalmann<\/title>\n<meta name=\"robots\" content=\"noindex, nofollow\" \/>\n<meta property=\"og:locale\" content=\"en_US\" \/>\n<meta property=\"og:type\" content=\"article\" \/>\n<meta property=\"og:title\" content=\"Conditions G\u00e9n\u00e9rales de Vente - Editions Fran\u00e7ois Dhalmann\" \/>\n<meta property=\"og:description\" content=\"Les pr\u00e9sentes conditions de ventes sont conclues d&#8217;une part par Editions Fran\u00e7ois Dhalmann, immatricul\u00e9 au registre du commerce et des soci\u00e9tes de Nice sous le num\u00e9ro 428597306 et d&#8217;autre part, par toute personne physique ou morale souhaitant proc\u00e9der \u00e0 un achat via le site internet de Editions Fran\u00e7ois Dhalmann d\u00e9nomm\u00e9 ci-apr\u00e8s &#8220;le client&#8221;. ObjetLes pr\u00e9sentes [&hellip;]\" \/>\n<meta property=\"og:url\" content=\"https:\/\/dhalmann.fr\/music\/en\/cgv\/\" \/>\n<meta property=\"og:site_name\" content=\"Editions Fran\u00e7ois Dhalmann\" \/>\n<meta property=\"article:publisher\" content=\"https:\/\/www.facebook.com\/EditionsDhalmann\/\" \/>\n<meta property=\"article:modified_time\" content=\"2025-03-22T17:16:30+00:00\" \/>\n<meta name=\"twitter:card\" content=\"summary_large_image\" \/>\n<meta name=\"twitter:site\" content=\"@editiondhalmann\" \/>\n<meta name=\"twitter:label1\" content=\"Est. reading time\" \/>\n\t<meta name=\"twitter:data1\" content=\"6 minutes\" \/>\n<script type=\"application\/ld+json\" class=\"yoast-schema-graph\">{\"@context\":\"https:\\\/\\\/schema.org\",\"@graph\":[{\"@type\":\"WebPage\",\"@id\":\"https:\\\/\\\/dhalmann.fr\\\/music\\\/en\\\/cgv\\\/\",\"url\":\"https:\\\/\\\/dhalmann.fr\\\/music\\\/en\\\/cgv\\\/\",\"name\":\"Conditions G\u00e9n\u00e9rales de Vente - Editions Fran\u00e7ois Dhalmann\",\"isPartOf\":{\"@id\":\"https:\\\/\\\/dhalmann.fr\\\/music\\\/en\\\/#website\"},\"datePublished\":\"2021-08-07T10:08:22+00:00\",\"dateModified\":\"2025-03-22T17:16:30+00:00\",\"breadcrumb\":{\"@id\":\"https:\\\/\\\/dhalmann.fr\\\/music\\\/en\\\/cgv\\\/#breadcrumb\"},\"inLanguage\":\"en-US\",\"potentialAction\":[{\"@type\":\"ReadAction\",\"target\":[\"https:\\\/\\\/dhalmann.fr\\\/music\\\/en\\\/cgv\\\/\"]}]},{\"@type\":\"BreadcrumbList\",\"@id\":\"https:\\\/\\\/dhalmann.fr\\\/music\\\/en\\\/cgv\\\/#breadcrumb\",\"itemListElement\":[{\"@type\":\"ListItem\",\"position\":1,\"name\":\"Home\",\"item\":\"https:\\\/\\\/dhalmann.fr\\\/music\\\/en\\\/\"},{\"@type\":\"ListItem\",\"position\":2,\"name\":\"Conditions G\u00e9n\u00e9rales de Vente\"}]},{\"@type\":\"WebSite\",\"@id\":\"https:\\\/\\\/dhalmann.fr\\\/music\\\/en\\\/#website\",\"url\":\"https:\\\/\\\/dhalmann.fr\\\/music\\\/en\\\/\",\"name\":\"Editions Fran\u00e7ois Dhalmann\",\"description\":\"Partitions musicales des Editions Dhalmann pour tous les instruments - Percussion, piano, cordes, vents, ensemble, orchestre et bien plus\",\"publisher\":{\"@id\":\"https:\\\/\\\/dhalmann.fr\\\/music\\\/en\\\/#organization\"},\"alternateName\":\"Dhalmann\",\"potentialAction\":[{\"@type\":\"SearchAction\",\"target\":{\"@type\":\"EntryPoint\",\"urlTemplate\":\"https:\\\/\\\/dhalmann.fr\\\/music\\\/en\\\/?s={search_term_string}\"},\"query-input\":{\"@type\":\"PropertyValueSpecification\",\"valueRequired\":true,\"valueName\":\"search_term_string\"}}],\"inLanguage\":\"en-US\"},{\"@type\":\"Organization\",\"@id\":\"https:\\\/\\\/dhalmann.fr\\\/music\\\/en\\\/#organization\",\"name\":\"Editions Francois Dhalmann\",\"alternateName\":\"Dhalmann\",\"url\":\"https:\\\/\\\/dhalmann.fr\\\/music\\\/en\\\/\",\"logo\":{\"@type\":\"ImageObject\",\"inLanguage\":\"en-US\",\"@id\":\"https:\\\/\\\/dhalmann.fr\\\/music\\\/en\\\/#\\\/schema\\\/logo\\\/image\\\/\",\"url\":\"https:\\\/\\\/dhalmann.fr\\\/music\\\/wp-content\\\/uploads\\\/2021\\\/07\\\/editions-francois-dhalmann-1397749175.jpg\",\"contentUrl\":\"https:\\\/\\\/dhalmann.fr\\\/music\\\/wp-content\\\/uploads\\\/2021\\\/07\\\/editions-francois-dhalmann-1397749175.jpg\",\"width\":559,\"height\":354,\"caption\":\"Editions Francois Dhalmann\"},\"image\":{\"@id\":\"https:\\\/\\\/dhalmann.fr\\\/music\\\/en\\\/#\\\/schema\\\/logo\\\/image\\\/\"},\"sameAs\":[\"https:\\\/\\\/www.facebook.com\\\/EditionsDhalmann\\\/\",\"https:\\\/\\\/x.com\\\/editiondhalmann\",\"https:\\\/\\\/www.youtube.com\\\/channel\\\/UCZdGOJXKqg6ByF1pQloitAg\"]}]}<\/script>\n<!-- \/ Yoast SEO plugin. -->","yoast_head_json":{"title":"Conditions G\u00e9n\u00e9rales de Vente - Editions Fran\u00e7ois Dhalmann","robots":{"index":"noindex","follow":"nofollow"},"og_locale":"en_US","og_type":"article","og_title":"Conditions G\u00e9n\u00e9rales de Vente - Editions Fran\u00e7ois Dhalmann","og_description":"Les pr\u00e9sentes conditions de ventes sont conclues d&#8217;une part par Editions Fran\u00e7ois Dhalmann, immatricul\u00e9 au registre du commerce et des soci\u00e9tes de Nice sous le num\u00e9ro 428597306 et d&#8217;autre part, par toute personne physique ou morale souhaitant proc\u00e9der \u00e0 un achat via le site internet de Editions Fran\u00e7ois Dhalmann d\u00e9nomm\u00e9 ci-apr\u00e8s &#8220;le client&#8221;. ObjetLes pr\u00e9sentes [&hellip;]","og_url":"https:\/\/dhalmann.fr\/music\/en\/cgv\/","og_site_name":"Editions Fran\u00e7ois Dhalmann","article_publisher":"https:\/\/www.facebook.com\/EditionsDhalmann\/","article_modified_time":"2025-03-22T17:16:30+00:00","twitter_card":"summary_large_image","twitter_site":"@editiondhalmann","twitter_misc":{"Est. reading time":"6 minutes"},"schema":{"@context":"https:\/\/schema.org","@graph":[{"@type":"WebPage","@id":"https:\/\/dhalmann.fr\/music\/en\/cgv\/","url":"https:\/\/dhalmann.fr\/music\/en\/cgv\/","name":"Conditions G\u00e9n\u00e9rales de Vente - Editions Fran\u00e7ois Dhalmann","isPartOf":{"@id":"https:\/\/dhalmann.fr\/music\/en\/#website"},"datePublished":"2021-08-07T10:08:22+00:00","dateModified":"2025-03-22T17:16:30+00:00","breadcrumb":{"@id":"https:\/\/dhalmann.fr\/music\/en\/cgv\/#breadcrumb"},"inLanguage":"en-US","potentialAction":[{"@type":"ReadAction","target":["https:\/\/dhalmann.fr\/music\/en\/cgv\/"]}]},{"@type":"BreadcrumbList","@id":"https:\/\/dhalmann.fr\/music\/en\/cgv\/#breadcrumb","itemListElement":[{"@type":"ListItem","position":1,"name":"Home","item":"https:\/\/dhalmann.fr\/music\/en\/"},{"@type":"ListItem","position":2,"name":"Conditions G\u00e9n\u00e9rales de Vente"}]},{"@type":"WebSite","@id":"https:\/\/dhalmann.fr\/music\/en\/#website","url":"https:\/\/dhalmann.fr\/music\/en\/","name":"Editions Fran\u00e7ois Dhalmann","description":"Partitions musicales des Editions Dhalmann pour tous les instruments - Percussion, piano, cordes, vents, ensemble, orchestre et bien plus","publisher":{"@id":"https:\/\/dhalmann.fr\/music\/en\/#organization"},"alternateName":"Dhalmann","potentialAction":[{"@type":"SearchAction","target":{"@type":"EntryPoint","urlTemplate":"https:\/\/dhalmann.fr\/music\/en\/?s={search_term_string}"},"query-input":{"@type":"PropertyValueSpecification","valueRequired":true,"valueName":"search_term_string"}}],"inLanguage":"en-US"},{"@type":"Organization","@id":"https:\/\/dhalmann.fr\/music\/en\/#organization","name":"Editions Francois Dhalmann","alternateName":"Dhalmann","url":"https:\/\/dhalmann.fr\/music\/en\/","logo":{"@type":"ImageObject","inLanguage":"en-US","@id":"https:\/\/dhalmann.fr\/music\/en\/#\/schema\/logo\/image\/","url":"https:\/\/dhalmann.fr\/music\/wp-content\/uploads\/2021\/07\/editions-francois-dhalmann-1397749175.jpg","contentUrl":"https:\/\/dhalmann.fr\/music\/wp-content\/uploads\/2021\/07\/editions-francois-dhalmann-1397749175.jpg","width":559,"height":354,"caption":"Editions Francois Dhalmann"},"image":{"@id":"https:\/\/dhalmann.fr\/music\/en\/#\/schema\/logo\/image\/"},"sameAs":["https:\/\/www.facebook.com\/EditionsDhalmann\/","https:\/\/x.com\/editiondhalmann","https:\/\/www.youtube.com\/channel\/UCZdGOJXKqg6ByF1pQloitAg"]}]}},"_links":{"self":[{"href":"https:\/\/dhalmann.fr\/music\/en\/wp-json\/wp\/v2\/pages\/2890","targetHints":{"allow":["GET"]}}],"collection":[{"href":"https:\/\/dhalmann.fr\/music\/en\/wp-json\/wp\/v2\/pages"}],"about":[{"href":"https:\/\/dhalmann.fr\/music\/en\/wp-json\/wp\/v2\/types\/page"}],"author":[{"embeddable":true,"href":"https:\/\/dhalmann.fr\/music\/en\/wp-json\/wp\/v2\/users\/1"}],"replies":[{"embeddable":true,"href":"https:\/\/dhalmann.fr\/music\/en\/wp-json\/wp\/v2\/comments?post=2890"}],"version-history":[{"count":9,"href":"https:\/\/dhalmann.fr\/music\/en\/wp-json\/wp\/v2\/pages\/2890\/revisions"}],"predecessor-version":[{"id":11488,"href":"https:\/\/dhalmann.fr\/music\/en\/wp-json\/wp\/v2\/pages\/2890\/revisions\/11488"}],"wp:attachment":[{"href":"https:\/\/dhalmann.fr\/music\/en\/wp-json\/wp\/v2\/media?parent=2890"}],"curies":[{"name":"wp","href":"https:\/\/api.w.org\/{rel}","templated":true}]}}