{"id":10626,"date":"2024-06-04T16:44:24","date_gmt":"2024-06-04T14:44:24","guid":{"rendered":"https:\/\/dhalmann.fr\/music\/?post_type=product&#038;p=10626"},"modified":"2026-01-29T11:53:00","modified_gmt":"2026-01-29T09:53:00","slug":"geburstag-1-bruno-giner","status":"publish","type":"product","link":"https:\/\/dhalmann.fr\/music\/en\/produit\/geburstag-1-bruno-giner\/","title":{"rendered":"Geburstag I, II , III &#8211; Bruno Giner"},"content":{"rendered":"<h2>Geburstag I, II, III &#8211; Bruno Giner<\/h2>\n<p>Trois pi\u00e8ces pour piano 6 mains &#8211; Premier cycle<\/p>\n<p>Partition disponible au format imprim\u00e9 ou en t\u00e9l\u00e9chargement.<\/p>\n<p>Chacune des pi\u00e8ces de ces recueils pour piano \u00e0 6 mains correspondent \u00e0 une date anniversaire (<em>Geburstag<\/em> en allemand). Certaines de ces dates sont des anniversaires publics, courts hommages \u00e0 quelques compositeurs ou artistes (Luigi Russolo, John Cage, Erik Satie, Ruzzante). D\u2019autres \u00e9voquent quelques \u00e9v\u00e9nements historiques (proclamation de la R\u00e9publique espagnole, Glas de Notre-Dame de Paris \u00e0 la suite des attentats du 13 novembre) et d\u2019autres encore correspondent \u00e0 des anniversaires priv\u00e9s.<\/p>\n<h3><strong><em>Geburstag I, II, III <\/em><\/strong><strong>(premier cycle)<\/strong><\/h3>\n<p><em><strong>Geburstag I<\/strong> : 30 avril 1885 <\/em>(Luigi Russolo avec accessoires) &#8211; 1&#8217;40&#8221;<\/p>\n<p>Le 30 avril 1885 est la date anniversaire de la naissance de Luigi Russolo. Futuriste italien, il d\u00e9veloppe le concept de l&#8217;art des bruits et signe un manifeste du m\u00eame nom en 1913. L&#8217;irruption du son-bruit dans le champ musical anticipe des univers musicaux inspir\u00e9s des bruits industriels, m\u00e9caniques ou \u00e9lectriques, des bruits r\u00e9sultants de machines invent\u00e9es par l&#8217;homme.)<br \/>\nCette pi\u00e8ce met en forme quelques bruits produits par le piano (sons \u00e9touff\u00e9s, percussions sur le bois, effet de guiro sur touches noires, glissandi dans les cordes, etc.). Deux accessoires sont n\u00e9cessaires : un objet en plastique pour imiter un guiro et un oeuf maraca. Afin de ne pas surcharger la lecture, les indications correspondantes aux symboles \u00e9crits n&#8217;apparaissent qu&#8217;une fois.<\/p>\n<p><em><strong>Geburstag II<\/strong> : 5 septembre 1912 <\/em>(John Cage : piano pr\u00e9par\u00e9 et deux Toys-Piano) &#8211; 1&#8217;35&#8221;<\/p>\n<p>Le 5 Septembre 1912 est la date anniversaire de la naissance de John Cage, compositeur am\u00e9ricain, inventeur du piano pr\u00e9par\u00e9 et pr\u00e9curseur de la musique pour Toy-Piano.<br \/>\nCette pi\u00e8ce se joue obligatoirement avec deux Toys-Piano de minimum 18 touches (pianistes 1 &amp; 2) et un piano \u00e0 queue pr\u00e9par\u00e9 (pianiste 3).<br \/>\nPr\u00e9paration du piano 3<br \/>\nDeux zones sont pr\u00e9alablement pr\u00e9par\u00e9es dans le piano \u00e0 queue :<br \/>\nZone 1 : placer une gomme entre les deux cordes du la#-si les plus graves de la tessiture (son sourd, derri\u00e8re les \u00e9touffoirs)<br \/>\nZone 2 : placer un (ou deux) bo\u00eetiers de CD plastique derri\u00e8re les \u00e9touffoirs, entre le do et le la du milieu afin d&#8217;obtenir un son proche du clavecin.<\/p>\n<p><em><strong>Geburstag III<\/strong> : 1<sup>er<\/sup> juillet 1925 <\/em>(Erik Satie) &#8211; 3&#8217;00&#8221;<\/p>\n<p>Le 1er juillet 1925 est la date anniversaire de la mort d&#8217;Erik Satie. La pi\u00e8ce est un &#8220;mixage&#8221; de quelques citations d\u00e9form\u00e9es de ses oeuvres : Pi\u00e8ge de M\u00e9duse, Gymnop\u00e9dies, Gnossiennes, Jack in the Box, Vexations, Sports et divertissements&#8230;<\/p>\n<p>&nbsp;<\/p>\n<p><strong><em>Geburstag IV, V, VI<\/em><\/strong><strong> (deuxi\u00e8me cycle)<\/strong><\/p>\n<ul>\n<li><em>Geburstag IV : 17 mars 1542 <\/em>(Angelo Beolco alias \u201cRuzzante\u201d\u00a0: th\u00e9\u00e2tre musical)<\/li>\n<li><em>Geburstag V : 14 avril 1931 <\/em>(R\u00e9publique espagnole)<\/li>\n<li><em>Geburstag VI : 28 mai 1966 <\/em>(anniversaire priv\u00e9)<\/li>\n<\/ul>\n<p><strong><em>\u00a0<\/em><\/strong><\/p>\n<p><strong><em>Geburstag VII, VIII, IX <\/em><\/strong><strong>(troisi\u00e8me cycle)<\/strong><\/p>\n<ul>\n<li><em>Geburstag VII : 15 novembre 2015 <\/em>(Glas de Notre-Dame)<\/li>\n<li><em>Geburstag VIII : 13 juillet 2019 <\/em>(anniversaire priv\u00e9 avec aussi un Toy-Piano)<\/li>\n<li><em>Geburstag IX : 20 octobre 2020 <\/em>(anniversaire priv\u00e9)<\/li>\n<\/ul>\n","protected":false},"excerpt":{"rendered":"<h2>Geburstag I, II, III &#8211; Bruno Giner<\/h2>\n<p>Trois pi\u00e8ces pour piano 6 mains &#8211; Premier cycle<\/p>\n<p>Partition disponible au format imprim\u00e9 ou en t\u00e9l\u00e9chargement.<\/p>\n","protected":false},"featured_media":10629,"template":"","meta":{"ocean_post_layout":"","ocean_both_sidebars_style":"","ocean_both_sidebars_content_width":0,"ocean_both_sidebars_sidebars_width":0,"ocean_sidebar":"0","ocean_second_sidebar":"0","ocean_disable_margins":"enable","ocean_add_body_class":"","ocean_shortcode_before_top_bar":"","ocean_shortcode_after_top_bar":"","ocean_shortcode_before_header":"","ocean_shortcode_after_header":"","ocean_has_shortcode":"","ocean_shortcode_after_title":"","ocean_shortcode_before_footer_widgets":"","ocean_shortcode_after_footer_widgets":"","ocean_shortcode_before_footer_bottom":"","ocean_shortcode_after_footer_bottom":"","ocean_display_top_bar":"default","ocean_display_header":"default","ocean_header_style":"","ocean_center_header_left_menu":"0","ocean_custom_header_template":"0","ocean_custom_logo":0,"ocean_custom_retina_logo":0,"ocean_custom_logo_max_width":0,"ocean_custom_logo_tablet_max_width":0,"ocean_custom_logo_mobile_max_width":0,"ocean_custom_logo_max_height":0,"ocean_custom_logo_tablet_max_height":0,"ocean_custom_logo_mobile_max_height":0,"ocean_header_custom_menu":"0","ocean_menu_typo_font_family":"0","ocean_menu_typo_font_subset":"","ocean_menu_typo_font_size":0,"ocean_menu_typo_font_size_tablet":0,"ocean_menu_typo_font_size_mobile":0,"ocean_menu_typo_font_size_unit":"px","ocean_menu_typo_font_weight":"","ocean_menu_typo_font_weight_tablet":"","ocean_menu_typo_font_weight_mobile":"","ocean_menu_typo_transform":"","ocean_menu_typo_transform_tablet":"","ocean_menu_typo_transform_mobile":"","ocean_menu_typo_line_height":0,"ocean_menu_typo_line_height_tablet":0,"ocean_menu_typo_line_height_mobile":0,"ocean_menu_typo_line_height_unit":"","ocean_menu_typo_spacing":0,"ocean_menu_typo_spacing_tablet":0,"ocean_menu_typo_spacing_mobile":0,"ocean_menu_typo_spacing_unit":"","ocean_menu_link_color":"","ocean_menu_link_color_hover":"","ocean_menu_link_color_active":"","ocean_menu_link_background":"","ocean_menu_link_hover_background":"","ocean_menu_link_active_background":"","ocean_menu_social_links_bg":"","ocean_menu_social_hover_links_bg":"","ocean_menu_social_links_color":"","ocean_menu_social_hover_links_color":"","ocean_disable_title":"default","ocean_disable_heading":"default","ocean_post_title":"","ocean_post_subheading":"","ocean_post_title_style":"","ocean_post_title_background_color":"","ocean_post_title_background":0,"ocean_post_title_bg_image_position":"","ocean_post_title_bg_image_attachment":"","ocean_post_title_bg_image_repeat":"","ocean_post_title_bg_image_size":"","ocean_post_title_height":0,"ocean_post_title_bg_overlay":0.5,"ocean_post_title_bg_overlay_color":"","ocean_disable_breadcrumbs":"default","ocean_breadcrumbs_color":"","ocean_breadcrumbs_separator_color":"","ocean_breadcrumbs_links_color":"","ocean_breadcrumbs_links_hover_color":"","ocean_display_footer_widgets":"default","ocean_display_footer_bottom":"default","ocean_custom_footer_template":"0"},"product_brand":[610],"product_cat":[151,36,656,178],"product_tag":[],"class_list":{"0":"post-10626","1":"product","2":"type-product","3":"status-publish","4":"has-post-thumbnail","6":"product_brand-editions-francois-dhalmann","7":"product_cat-claviers","8":"product_cat-giner-bruno","9":"product_cat-piano-six-mains","10":"product_cat-trio","11":"pa_difficulte-facile","13":"entry","14":"has-media","16":"first","17":"instock","18":"taxable","19":"shipping-taxable","20":"purchasable","21":"product-type-variable","22":"add-to-wishlist-before_image","23":"has-product-nav","24":"col","25":"span_1_of_4","26":"owp-content-center","27":"owp-thumbs-layout-horizontal","28":"owp-btn-normal","29":"owp-tabs-layout-horizontal"},"yoast_head":"<!-- This site is optimized with the Yoast SEO plugin v27.5 - https:\/\/yoast.com\/product\/yoast-seo-wordpress\/ -->\n<title>Geburstag I, II , III - Bruno Giner - Editions Fran\u00e7ois Dhalmann<\/title>\n<meta name=\"description\" content=\"Trois pi\u00e8ces pour piano 6 mains pour le premier cycle. Partition au format imprim\u00e9 ou en t\u00e9l\u00e9chargement imm\u00e9diat.\" \/>\n<meta name=\"robots\" content=\"index, follow, max-snippet:-1, max-image-preview:large, max-video-preview:-1\" \/>\n<link rel=\"canonical\" href=\"https:\/\/dhalmann.fr\/music\/en\/produit\/geburstag-1-bruno-giner\/\" \/>\n<meta property=\"og:locale\" content=\"en_US\" \/>\n<meta property=\"og:type\" content=\"article\" \/>\n<meta property=\"og:title\" content=\"Geburstag I, II , III - Bruno Giner - Editions Fran\u00e7ois Dhalmann\" \/>\n<meta property=\"og:description\" content=\"Trois pi\u00e8ces pour piano 6 mains pour le premier cycle. Partition au format imprim\u00e9 ou en t\u00e9l\u00e9chargement imm\u00e9diat.\" \/>\n<meta property=\"og:url\" content=\"https:\/\/dhalmann.fr\/music\/en\/produit\/geburstag-1-bruno-giner\/\" \/>\n<meta property=\"og:site_name\" content=\"Editions Fran\u00e7ois Dhalmann\" \/>\n<meta property=\"article:publisher\" content=\"https:\/\/www.facebook.com\/EditionsDhalmann\/\" \/>\n<meta property=\"article:modified_time\" content=\"2026-01-29T09:53:00+00:00\" \/>\n<meta property=\"og:image\" content=\"https:\/\/dhalmann.fr\/music\/wp-content\/uploads\/2024\/06\/FD0821_Geburstag_1.webp\" \/>\n\t<meta property=\"og:image:width\" content=\"724\" \/>\n\t<meta property=\"og:image:height\" content=\"1024\" \/>\n\t<meta property=\"og:image:type\" content=\"image\/webp\" \/>\n<meta name=\"twitter:card\" content=\"summary_large_image\" \/>\n<meta name=\"twitter:site\" content=\"@editiondhalmann\" \/>\n<meta name=\"twitter:label1\" content=\"Est. reading time\" \/>\n\t<meta name=\"twitter:data1\" content=\"2 minutes\" \/>\n<script type=\"application\/ld+json\" class=\"yoast-schema-graph\">{\"@context\":\"https:\\\/\\\/schema.org\",\"@graph\":[{\"@type\":\"WebPage\",\"@id\":\"https:\\\/\\\/dhalmann.fr\\\/music\\\/en\\\/produit\\\/geburstag-1-bruno-giner\\\/\",\"url\":\"https:\\\/\\\/dhalmann.fr\\\/music\\\/en\\\/produit\\\/geburstag-1-bruno-giner\\\/\",\"name\":\"Geburstag I, II , III - Bruno Giner - Editions Fran\u00e7ois Dhalmann\",\"isPartOf\":{\"@id\":\"https:\\\/\\\/dhalmann.fr\\\/music\\\/en\\\/#website\"},\"primaryImageOfPage\":{\"@id\":\"https:\\\/\\\/dhalmann.fr\\\/music\\\/en\\\/produit\\\/geburstag-1-bruno-giner\\\/#primaryimage\"},\"image\":{\"@id\":\"https:\\\/\\\/dhalmann.fr\\\/music\\\/en\\\/produit\\\/geburstag-1-bruno-giner\\\/#primaryimage\"},\"thumbnailUrl\":\"https:\\\/\\\/dhalmann.fr\\\/music\\\/wp-content\\\/uploads\\\/2024\\\/06\\\/FD0821_Geburstag_1.webp\",\"datePublished\":\"2024-06-04T14:44:24+00:00\",\"dateModified\":\"2026-01-29T09:53:00+00:00\",\"description\":\"Trois pi\u00e8ces pour piano 6 mains pour le premier cycle. Partition au format imprim\u00e9 ou en t\u00e9l\u00e9chargement imm\u00e9diat.\",\"breadcrumb\":{\"@id\":\"https:\\\/\\\/dhalmann.fr\\\/music\\\/en\\\/produit\\\/geburstag-1-bruno-giner\\\/#breadcrumb\"},\"inLanguage\":\"en-US\",\"potentialAction\":[{\"@type\":\"ReadAction\",\"target\":[\"https:\\\/\\\/dhalmann.fr\\\/music\\\/en\\\/produit\\\/geburstag-1-bruno-giner\\\/\"]}]},{\"@type\":\"ImageObject\",\"inLanguage\":\"en-US\",\"@id\":\"https:\\\/\\\/dhalmann.fr\\\/music\\\/en\\\/produit\\\/geburstag-1-bruno-giner\\\/#primaryimage\",\"url\":\"https:\\\/\\\/dhalmann.fr\\\/music\\\/wp-content\\\/uploads\\\/2024\\\/06\\\/FD0821_Geburstag_1.webp\",\"contentUrl\":\"https:\\\/\\\/dhalmann.fr\\\/music\\\/wp-content\\\/uploads\\\/2024\\\/06\\\/FD0821_Geburstag_1.webp\",\"width\":724,\"height\":1024,\"caption\":\"Geburstag 1 - Bruno Giner\"},{\"@type\":\"BreadcrumbList\",\"@id\":\"https:\\\/\\\/dhalmann.fr\\\/music\\\/en\\\/produit\\\/geburstag-1-bruno-giner\\\/#breadcrumb\",\"itemListElement\":[{\"@type\":\"ListItem\",\"position\":1,\"name\":\"Home\",\"item\":\"https:\\\/\\\/dhalmann.fr\\\/music\\\/en\\\/\"},{\"@type\":\"ListItem\",\"position\":2,\"name\":\"Shop\",\"item\":\"https:\\\/\\\/dhalmann.fr\\\/music\\\/en\\\/shop\\\/\"},{\"@type\":\"ListItem\",\"position\":3,\"name\":\"Geburstag I, II , III &#8211; Bruno Giner\"}]},{\"@type\":\"WebSite\",\"@id\":\"https:\\\/\\\/dhalmann.fr\\\/music\\\/en\\\/#website\",\"url\":\"https:\\\/\\\/dhalmann.fr\\\/music\\\/en\\\/\",\"name\":\"Editions Fran\u00e7ois Dhalmann\",\"description\":\"Partitions musicales des Editions Dhalmann pour tous les instruments - Percussion, piano, cordes, vents, ensemble, orchestre et bien plus\",\"publisher\":{\"@id\":\"https:\\\/\\\/dhalmann.fr\\\/music\\\/en\\\/#organization\"},\"alternateName\":\"Dhalmann\",\"potentialAction\":[{\"@type\":\"SearchAction\",\"target\":{\"@type\":\"EntryPoint\",\"urlTemplate\":\"https:\\\/\\\/dhalmann.fr\\\/music\\\/en\\\/?s={search_term_string}\"},\"query-input\":{\"@type\":\"PropertyValueSpecification\",\"valueRequired\":true,\"valueName\":\"search_term_string\"}}],\"inLanguage\":\"en-US\"},{\"@type\":\"Organization\",\"@id\":\"https:\\\/\\\/dhalmann.fr\\\/music\\\/en\\\/#organization\",\"name\":\"Editions Francois Dhalmann\",\"alternateName\":\"Dhalmann\",\"url\":\"https:\\\/\\\/dhalmann.fr\\\/music\\\/en\\\/\",\"logo\":{\"@type\":\"ImageObject\",\"inLanguage\":\"en-US\",\"@id\":\"https:\\\/\\\/dhalmann.fr\\\/music\\\/en\\\/#\\\/schema\\\/logo\\\/image\\\/\",\"url\":\"https:\\\/\\\/dhalmann.fr\\\/music\\\/wp-content\\\/uploads\\\/2021\\\/07\\\/editions-francois-dhalmann-1397749175.jpg\",\"contentUrl\":\"https:\\\/\\\/dhalmann.fr\\\/music\\\/wp-content\\\/uploads\\\/2021\\\/07\\\/editions-francois-dhalmann-1397749175.jpg\",\"width\":559,\"height\":354,\"caption\":\"Editions Francois Dhalmann\"},\"image\":{\"@id\":\"https:\\\/\\\/dhalmann.fr\\\/music\\\/en\\\/#\\\/schema\\\/logo\\\/image\\\/\"},\"sameAs\":[\"https:\\\/\\\/www.facebook.com\\\/EditionsDhalmann\\\/\",\"https:\\\/\\\/x.com\\\/editiondhalmann\",\"https:\\\/\\\/www.youtube.com\\\/channel\\\/UCZdGOJXKqg6ByF1pQloitAg\"]}]}<\/script>\n<!-- \/ Yoast SEO plugin. -->","yoast_head_json":{"title":"Geburstag I, II , III - Bruno Giner - Editions Fran\u00e7ois Dhalmann","description":"Trois pi\u00e8ces pour piano 6 mains pour le premier cycle. Partition au format imprim\u00e9 ou en t\u00e9l\u00e9chargement imm\u00e9diat.","robots":{"index":"index","follow":"follow","max-snippet":"max-snippet:-1","max-image-preview":"max-image-preview:large","max-video-preview":"max-video-preview:-1"},"canonical":"https:\/\/dhalmann.fr\/music\/en\/produit\/geburstag-1-bruno-giner\/","og_locale":"en_US","og_type":"article","og_title":"Geburstag I, II , III - Bruno Giner - Editions Fran\u00e7ois Dhalmann","og_description":"Trois pi\u00e8ces pour piano 6 mains pour le premier cycle. Partition au format imprim\u00e9 ou en t\u00e9l\u00e9chargement imm\u00e9diat.","og_url":"https:\/\/dhalmann.fr\/music\/en\/produit\/geburstag-1-bruno-giner\/","og_site_name":"Editions Fran\u00e7ois Dhalmann","article_publisher":"https:\/\/www.facebook.com\/EditionsDhalmann\/","article_modified_time":"2026-01-29T09:53:00+00:00","og_image":[{"width":724,"height":1024,"url":"https:\/\/dhalmann.fr\/music\/wp-content\/uploads\/2024\/06\/FD0821_Geburstag_1.webp","type":"image\/webp"}],"twitter_card":"summary_large_image","twitter_site":"@editiondhalmann","twitter_misc":{"Est. reading time":"2 minutes"},"schema":{"@context":"https:\/\/schema.org","@graph":[{"@type":"WebPage","@id":"https:\/\/dhalmann.fr\/music\/en\/produit\/geburstag-1-bruno-giner\/","url":"https:\/\/dhalmann.fr\/music\/en\/produit\/geburstag-1-bruno-giner\/","name":"Geburstag I, II , III - Bruno Giner - Editions Fran\u00e7ois Dhalmann","isPartOf":{"@id":"https:\/\/dhalmann.fr\/music\/en\/#website"},"primaryImageOfPage":{"@id":"https:\/\/dhalmann.fr\/music\/en\/produit\/geburstag-1-bruno-giner\/#primaryimage"},"image":{"@id":"https:\/\/dhalmann.fr\/music\/en\/produit\/geburstag-1-bruno-giner\/#primaryimage"},"thumbnailUrl":"https:\/\/dhalmann.fr\/music\/wp-content\/uploads\/2024\/06\/FD0821_Geburstag_1.webp","datePublished":"2024-06-04T14:44:24+00:00","dateModified":"2026-01-29T09:53:00+00:00","description":"Trois pi\u00e8ces pour piano 6 mains pour le premier cycle. Partition au format imprim\u00e9 ou en t\u00e9l\u00e9chargement imm\u00e9diat.","breadcrumb":{"@id":"https:\/\/dhalmann.fr\/music\/en\/produit\/geburstag-1-bruno-giner\/#breadcrumb"},"inLanguage":"en-US","potentialAction":[{"@type":"ReadAction","target":["https:\/\/dhalmann.fr\/music\/en\/produit\/geburstag-1-bruno-giner\/"]}]},{"@type":"ImageObject","inLanguage":"en-US","@id":"https:\/\/dhalmann.fr\/music\/en\/produit\/geburstag-1-bruno-giner\/#primaryimage","url":"https:\/\/dhalmann.fr\/music\/wp-content\/uploads\/2024\/06\/FD0821_Geburstag_1.webp","contentUrl":"https:\/\/dhalmann.fr\/music\/wp-content\/uploads\/2024\/06\/FD0821_Geburstag_1.webp","width":724,"height":1024,"caption":"Geburstag 1 - Bruno Giner"},{"@type":"BreadcrumbList","@id":"https:\/\/dhalmann.fr\/music\/en\/produit\/geburstag-1-bruno-giner\/#breadcrumb","itemListElement":[{"@type":"ListItem","position":1,"name":"Home","item":"https:\/\/dhalmann.fr\/music\/en\/"},{"@type":"ListItem","position":2,"name":"Shop","item":"https:\/\/dhalmann.fr\/music\/en\/shop\/"},{"@type":"ListItem","position":3,"name":"Geburstag I, II , III &#8211; Bruno Giner"}]},{"@type":"WebSite","@id":"https:\/\/dhalmann.fr\/music\/en\/#website","url":"https:\/\/dhalmann.fr\/music\/en\/","name":"Editions Fran\u00e7ois Dhalmann","description":"Partitions musicales des Editions Dhalmann pour tous les instruments - Percussion, piano, cordes, vents, ensemble, orchestre et bien plus","publisher":{"@id":"https:\/\/dhalmann.fr\/music\/en\/#organization"},"alternateName":"Dhalmann","potentialAction":[{"@type":"SearchAction","target":{"@type":"EntryPoint","urlTemplate":"https:\/\/dhalmann.fr\/music\/en\/?s={search_term_string}"},"query-input":{"@type":"PropertyValueSpecification","valueRequired":true,"valueName":"search_term_string"}}],"inLanguage":"en-US"},{"@type":"Organization","@id":"https:\/\/dhalmann.fr\/music\/en\/#organization","name":"Editions Francois Dhalmann","alternateName":"Dhalmann","url":"https:\/\/dhalmann.fr\/music\/en\/","logo":{"@type":"ImageObject","inLanguage":"en-US","@id":"https:\/\/dhalmann.fr\/music\/en\/#\/schema\/logo\/image\/","url":"https:\/\/dhalmann.fr\/music\/wp-content\/uploads\/2021\/07\/editions-francois-dhalmann-1397749175.jpg","contentUrl":"https:\/\/dhalmann.fr\/music\/wp-content\/uploads\/2021\/07\/editions-francois-dhalmann-1397749175.jpg","width":559,"height":354,"caption":"Editions Francois Dhalmann"},"image":{"@id":"https:\/\/dhalmann.fr\/music\/en\/#\/schema\/logo\/image\/"},"sameAs":["https:\/\/www.facebook.com\/EditionsDhalmann\/","https:\/\/x.com\/editiondhalmann","https:\/\/www.youtube.com\/channel\/UCZdGOJXKqg6ByF1pQloitAg"]}]}},"_links":{"self":[{"href":"https:\/\/dhalmann.fr\/music\/en\/wp-json\/wp\/v2\/product\/10626","targetHints":{"allow":["GET"]}}],"collection":[{"href":"https:\/\/dhalmann.fr\/music\/en\/wp-json\/wp\/v2\/product"}],"about":[{"href":"https:\/\/dhalmann.fr\/music\/en\/wp-json\/wp\/v2\/types\/product"}],"wp:featuredmedia":[{"embeddable":true,"href":"https:\/\/dhalmann.fr\/music\/en\/wp-json\/wp\/v2\/media\/10629"}],"wp:attachment":[{"href":"https:\/\/dhalmann.fr\/music\/en\/wp-json\/wp\/v2\/media?parent=10626"}],"wp:term":[{"taxonomy":"product_brand","embeddable":true,"href":"https:\/\/dhalmann.fr\/music\/en\/wp-json\/wp\/v2\/product_brand?post=10626"},{"taxonomy":"product_cat","embeddable":true,"href":"https:\/\/dhalmann.fr\/music\/en\/wp-json\/wp\/v2\/product_cat?post=10626"},{"taxonomy":"product_tag","embeddable":true,"href":"https:\/\/dhalmann.fr\/music\/en\/wp-json\/wp\/v2\/product_tag?post=10626"}],"curies":[{"name":"wp","href":"https:\/\/api.w.org\/{rel}","templated":true}]}}