{"id":1234,"date":"2021-07-20T15:25:44","date_gmt":"2021-07-20T13:25:44","guid":{"rendered":"https:\/\/dhalmann.fr\/music\/product\/le-jazz-facilement-by-michael-alizon\/"},"modified":"2023-08-30T18:19:32","modified_gmt":"2023-08-30T16:19:32","slug":"le-jazz-facilement-michael-alizon","status":"publish","type":"product","link":"https:\/\/dhalmann.fr\/music\/en\/produit\/le-jazz-facilement-michael-alizon\/","title":{"rendered":"Le jazz facilement by Michael Alizon"},"content":{"rendered":"<h2>Le jazz facilement by <a href=\"https:\/\/dhalmann.fr\/music\/en\/product-category\/composers\/alizon-michael-en\/\">Michael Alizon<\/a><\/h2>\n<h3>Introduction to jazz and improvisation for saxophone and wind instruments.<\/h3>\n<p>64 pages with audio tracks to download or to play online Texts in both languages : english and french.<\/p>\n<p>Audio tracks free to download with coupon code printed in method book: <a href=\"https:\/\/dhalmann.fr\/music\/en\/checkout-2\/?add-to-cart=1241\">Download audio tracks<\/a><\/p>\n<p><em>If you order the method in hard copy, the link to download the audio files will be in your order confirmation email.<\/em><\/p>\n<p>or <a href=\"https:\/\/dhalmann.fr\/music\/en\/produit\/le-jazz-facilement-de-michael-alizon-audio-tracks\/\">play in streaming<\/a><\/p>\n<p>Well-known jazz musician and improviser <a href=\"http:\/\/www.michaelalizon.com\" target=\"_blank\" rel=\"noopener\">Michael Alizon<\/a> teaches jazz and classical saxophone at the Strasbourg Conservatory.<br \/>\nEqually comfortable with both idioms, he has had considerable experience in introducing improvisational techniques to classical wind players.<br \/>\nThe method presented in this book has the unique quality of being adaptable to both beginning and more advanced levels of study. The clearly articulated and step-by-step approach allows the student to progress at his own individual pace, and the wealth of information presented makes this book a valuable reference work designed to accompany the aspiring musician throughout his musical studies. The student can spend several sessions working on the same lesson while periodically returning to earlier exercises with the intent of reinforcing and developing previously assimilated information.<br \/>\nThis method has been designed to integrate jazz and improvisational practice into the mainstream of general music education. The initial chapters are suitable for musicians having had a minimum of three years of instrumental instruction.<\/p>\n<p>64 pages with audio tracks to download. Texts in both languages : english and french. Texts in both languages : english and french.<\/p>\n<p><em>&#8220;Michael ALIZON, propose depuis plusieurs ann\u00e9es un remarquable travail d\u2019initiation au jazz pour les \u00e9tudiants du conservatoire de Strasbourg. Il fait partie de ces rares p\u00e9dagogues qui arrivent \u00e0 \u00e9clairer de fa\u00e7on \u00e9vidente le langage improvis\u00e9 pour le mettre \u00e0 la port\u00e9e de tous.Ce nouvel ouvrage, clair et progressif, permettra \u00e0 tous de b\u00e9n\u00e9ficier ainsi des conseils avis\u00e9s de cet excellent jazzman.&#8221;<\/em> <strong>Philippe GEISS<\/strong>, professeur de saxophone au Conservatoire de Strasbourg.<\/p>\n<p><em>&#8220;Michael ALIZON propose une m\u00e9thode originale qui va de suite \u00e0 l&#8217;essentiel. Il invite tous les instrumentistes \u00e0 s&#8217;initier au jazz \u00e0 la source, pour le plaisir autant que pour une exploration plus approfondie&#8230;&#8221;<\/em> <strong>Jean-Marc FOLTZ<\/strong>, professeur de clarinette et de musiques improvis\u00e9es au Conservatoire de Strasbourg.<\/p>\n<p><iframe src=\"\/\/www.youtube.com\/embed\/gYN6SZ1nd60?feature=player_embedded\" width=\"480\" height=\"360\" frameborder=\"0\" allowfullscreen=\"allowfullscreen\"><\/iframe><\/p>\n<p>&nbsp;<\/p>\n","protected":false},"excerpt":{"rendered":"<h2>Le jazz facilement by <a href=\"https:\/\/dhalmann.fr\/music\/product-category\/auteurs\/alizon-michael\/\">Michael Alizon<\/a><\/h2>\n<h3>Introduction to jazz and improvisation for saxophone and wind instruments.<\/h3>\n<p>64 pages with audio tracks to download or to play online Texts in both languages : english and french.<\/p>\n<p>Audio tracks free to download with coupon code printed in method book: <a href=\"https:\/\/dhalmann.fr\/music\/checkout\/?add-to-cart=1241\">Download audio tracks<\/a><\/p>\n<p><em>If you order the method in hard copy, the link to download the audio files will be in your order confirmation email.<\/em><\/p>\n<p>or <a href=\"https:\/\/dhalmann.fr\/music\/produit\/le-jazz-facilement-de-michael-alizon-fichiers-audios\/\">play in streaming<\/a><\/p>\n","protected":false},"featured_media":1239,"template":"","meta":{"ocean_post_layout":"","ocean_both_sidebars_style":"","ocean_both_sidebars_content_width":0,"ocean_both_sidebars_sidebars_width":0,"ocean_sidebar":"0","ocean_second_sidebar":"0","ocean_disable_margins":"enable","ocean_add_body_class":"","ocean_shortcode_before_top_bar":"","ocean_shortcode_after_top_bar":"","ocean_shortcode_before_header":"","ocean_shortcode_after_header":"","ocean_has_shortcode":"","ocean_shortcode_after_title":"","ocean_shortcode_before_footer_widgets":"","ocean_shortcode_after_footer_widgets":"","ocean_shortcode_before_footer_bottom":"","ocean_shortcode_after_footer_bottom":"","ocean_display_top_bar":"default","ocean_display_header":"default","ocean_header_style":"","ocean_center_header_left_menu":"0","ocean_custom_header_template":"0","ocean_custom_logo":0,"ocean_custom_retina_logo":0,"ocean_custom_logo_max_width":0,"ocean_custom_logo_tablet_max_width":0,"ocean_custom_logo_mobile_max_width":0,"ocean_custom_logo_max_height":0,"ocean_custom_logo_tablet_max_height":0,"ocean_custom_logo_mobile_max_height":0,"ocean_header_custom_menu":"0","ocean_menu_typo_font_family":"0","ocean_menu_typo_font_subset":"","ocean_menu_typo_font_size":0,"ocean_menu_typo_font_size_tablet":0,"ocean_menu_typo_font_size_mobile":0,"ocean_menu_typo_font_size_unit":"px","ocean_menu_typo_font_weight":"","ocean_menu_typo_font_weight_tablet":"","ocean_menu_typo_font_weight_mobile":"","ocean_menu_typo_transform":"","ocean_menu_typo_transform_tablet":"","ocean_menu_typo_transform_mobile":"","ocean_menu_typo_line_height":0,"ocean_menu_typo_line_height_tablet":0,"ocean_menu_typo_line_height_mobile":0,"ocean_menu_typo_line_height_unit":"","ocean_menu_typo_spacing":0,"ocean_menu_typo_spacing_tablet":0,"ocean_menu_typo_spacing_mobile":0,"ocean_menu_typo_spacing_unit":"","ocean_menu_link_color":"","ocean_menu_link_color_hover":"","ocean_menu_link_color_active":"","ocean_menu_link_background":"","ocean_menu_link_hover_background":"","ocean_menu_link_active_background":"","ocean_menu_social_links_bg":"","ocean_menu_social_hover_links_bg":"","ocean_menu_social_links_color":"","ocean_menu_social_hover_links_color":"","ocean_disable_title":"default","ocean_disable_heading":"default","ocean_post_title":"","ocean_post_subheading":"","ocean_post_title_style":"","ocean_post_title_background_color":"","ocean_post_title_background":0,"ocean_post_title_bg_image_position":"","ocean_post_title_bg_image_attachment":"","ocean_post_title_bg_image_repeat":"","ocean_post_title_bg_image_size":"","ocean_post_title_height":0,"ocean_post_title_bg_overlay":0.5,"ocean_post_title_bg_overlay_color":"","ocean_disable_breadcrumbs":"default","ocean_breadcrumbs_color":"","ocean_breadcrumbs_separator_color":"","ocean_breadcrumbs_links_color":"","ocean_breadcrumbs_links_hover_color":"","ocean_display_footer_widgets":"default","ocean_display_footer_bottom":"default","ocean_custom_footer_template":"0"},"product_brand":[],"product_cat":[214,365],"product_tag":[],"class_list":{"0":"post-1234","1":"product","2":"type-product","3":"status-publish","4":"has-post-thumbnail","6":"product_cat-alizon-michael-en","7":"product_cat-saxophone-en","8":"pa_difficulte-intermediate","10":"entry","11":"has-media","13":"first","14":"instock","15":"taxable","16":"shipping-taxable","17":"purchasable","18":"product-type-variable","19":"add-to-wishlist-before_image","20":"has-product-nav","21":"col","22":"span_1_of_4","23":"owp-content-center","24":"owp-thumbs-layout-horizontal","25":"owp-btn-normal","26":"owp-tabs-layout-horizontal"},"yoast_head":"<!-- This site is optimized with the Yoast SEO plugin v27.5 - https:\/\/yoast.com\/product\/yoast-seo-wordpress\/ -->\n<title>Le jazz facilement by Michael Alizon - Editions Fran\u00e7ois Dhalmann<\/title>\n<meta name=\"description\" content=\"Introduction to jazz and improvisation for saxophone and wind instruments Saxophone Method book for sale in immediate download or by sending the hard copy.\" \/>\n<meta name=\"robots\" content=\"index, follow, max-snippet:-1, max-image-preview:large, max-video-preview:-1\" \/>\n<link rel=\"canonical\" href=\"https:\/\/dhalmann.fr\/music\/en\/produit\/le-jazz-facilement-michael-alizon\/\" \/>\n<meta property=\"og:locale\" content=\"en_US\" \/>\n<meta property=\"og:type\" content=\"article\" \/>\n<meta property=\"og:title\" content=\"Le jazz facilement by Michael Alizon - Editions Fran\u00e7ois Dhalmann\" \/>\n<meta property=\"og:description\" content=\"Introduction to jazz and improvisation for saxophone and wind instruments Saxophone Method book for sale in immediate download or by sending the hard copy.\" \/>\n<meta property=\"og:url\" content=\"https:\/\/dhalmann.fr\/music\/en\/produit\/le-jazz-facilement-michael-alizon\/\" \/>\n<meta property=\"og:site_name\" content=\"Editions Fran\u00e7ois Dhalmann\" \/>\n<meta property=\"article:publisher\" content=\"https:\/\/www.facebook.com\/EditionsDhalmann\/\" \/>\n<meta property=\"article:modified_time\" content=\"2023-08-30T16:19:32+00:00\" \/>\n<meta property=\"og:image\" content=\"https:\/\/dhalmann.fr\/music\/wp-content\/uploads\/2021\/07\/FD0281-le-jazz-facilement.jpg\" \/>\n\t<meta property=\"og:image:width\" content=\"910\" \/>\n\t<meta property=\"og:image:height\" content=\"1280\" \/>\n\t<meta property=\"og:image:type\" content=\"image\/jpeg\" \/>\n<meta name=\"twitter:card\" content=\"summary_large_image\" \/>\n<meta name=\"twitter:site\" content=\"@editiondhalmann\" \/>\n<meta name=\"twitter:label1\" content=\"Est. reading time\" \/>\n\t<meta name=\"twitter:data1\" content=\"2 minutes\" \/>\n<script type=\"application\/ld+json\" class=\"yoast-schema-graph\">{\"@context\":\"https:\\\/\\\/schema.org\",\"@graph\":[{\"@type\":\"WebPage\",\"@id\":\"https:\\\/\\\/dhalmann.fr\\\/music\\\/en\\\/produit\\\/le-jazz-facilement-michael-alizon\\\/\",\"url\":\"https:\\\/\\\/dhalmann.fr\\\/music\\\/en\\\/produit\\\/le-jazz-facilement-michael-alizon\\\/\",\"name\":\"Le jazz facilement by Michael Alizon - Editions Fran\u00e7ois Dhalmann\",\"isPartOf\":{\"@id\":\"https:\\\/\\\/dhalmann.fr\\\/music\\\/en\\\/#website\"},\"primaryImageOfPage\":{\"@id\":\"https:\\\/\\\/dhalmann.fr\\\/music\\\/en\\\/produit\\\/le-jazz-facilement-michael-alizon\\\/#primaryimage\"},\"image\":{\"@id\":\"https:\\\/\\\/dhalmann.fr\\\/music\\\/en\\\/produit\\\/le-jazz-facilement-michael-alizon\\\/#primaryimage\"},\"thumbnailUrl\":\"https:\\\/\\\/dhalmann.fr\\\/music\\\/wp-content\\\/uploads\\\/2021\\\/07\\\/FD0281-le-jazz-facilement.jpg\",\"datePublished\":\"2021-07-20T13:25:44+00:00\",\"dateModified\":\"2023-08-30T16:19:32+00:00\",\"description\":\"Introduction to jazz and improvisation for saxophone and wind instruments Saxophone Method book for sale in immediate download or by sending the hard copy.\",\"breadcrumb\":{\"@id\":\"https:\\\/\\\/dhalmann.fr\\\/music\\\/en\\\/produit\\\/le-jazz-facilement-michael-alizon\\\/#breadcrumb\"},\"inLanguage\":\"en-US\",\"potentialAction\":[{\"@type\":\"ReadAction\",\"target\":[\"https:\\\/\\\/dhalmann.fr\\\/music\\\/en\\\/produit\\\/le-jazz-facilement-michael-alizon\\\/\"]}]},{\"@type\":\"ImageObject\",\"inLanguage\":\"en-US\",\"@id\":\"https:\\\/\\\/dhalmann.fr\\\/music\\\/en\\\/produit\\\/le-jazz-facilement-michael-alizon\\\/#primaryimage\",\"url\":\"https:\\\/\\\/dhalmann.fr\\\/music\\\/wp-content\\\/uploads\\\/2021\\\/07\\\/FD0281-le-jazz-facilement.jpg\",\"contentUrl\":\"https:\\\/\\\/dhalmann.fr\\\/music\\\/wp-content\\\/uploads\\\/2021\\\/07\\\/FD0281-le-jazz-facilement.jpg\",\"width\":910,\"height\":1280},{\"@type\":\"BreadcrumbList\",\"@id\":\"https:\\\/\\\/dhalmann.fr\\\/music\\\/en\\\/produit\\\/le-jazz-facilement-michael-alizon\\\/#breadcrumb\",\"itemListElement\":[{\"@type\":\"ListItem\",\"position\":1,\"name\":\"Home\",\"item\":\"https:\\\/\\\/dhalmann.fr\\\/music\\\/en\\\/\"},{\"@type\":\"ListItem\",\"position\":2,\"name\":\"Shop\",\"item\":\"https:\\\/\\\/dhalmann.fr\\\/music\\\/en\\\/shop\\\/\"},{\"@type\":\"ListItem\",\"position\":3,\"name\":\"Le jazz facilement by Michael Alizon\"}]},{\"@type\":\"WebSite\",\"@id\":\"https:\\\/\\\/dhalmann.fr\\\/music\\\/en\\\/#website\",\"url\":\"https:\\\/\\\/dhalmann.fr\\\/music\\\/en\\\/\",\"name\":\"Editions Fran\u00e7ois Dhalmann\",\"description\":\"Partitions musicales des Editions Dhalmann pour tous les instruments - Percussion, piano, cordes, vents, ensemble, orchestre et bien plus\",\"publisher\":{\"@id\":\"https:\\\/\\\/dhalmann.fr\\\/music\\\/en\\\/#organization\"},\"alternateName\":\"Dhalmann\",\"potentialAction\":[{\"@type\":\"SearchAction\",\"target\":{\"@type\":\"EntryPoint\",\"urlTemplate\":\"https:\\\/\\\/dhalmann.fr\\\/music\\\/en\\\/?s={search_term_string}\"},\"query-input\":{\"@type\":\"PropertyValueSpecification\",\"valueRequired\":true,\"valueName\":\"search_term_string\"}}],\"inLanguage\":\"en-US\"},{\"@type\":\"Organization\",\"@id\":\"https:\\\/\\\/dhalmann.fr\\\/music\\\/en\\\/#organization\",\"name\":\"Editions Francois Dhalmann\",\"alternateName\":\"Dhalmann\",\"url\":\"https:\\\/\\\/dhalmann.fr\\\/music\\\/en\\\/\",\"logo\":{\"@type\":\"ImageObject\",\"inLanguage\":\"en-US\",\"@id\":\"https:\\\/\\\/dhalmann.fr\\\/music\\\/en\\\/#\\\/schema\\\/logo\\\/image\\\/\",\"url\":\"https:\\\/\\\/dhalmann.fr\\\/music\\\/wp-content\\\/uploads\\\/2021\\\/07\\\/editions-francois-dhalmann-1397749175.jpg\",\"contentUrl\":\"https:\\\/\\\/dhalmann.fr\\\/music\\\/wp-content\\\/uploads\\\/2021\\\/07\\\/editions-francois-dhalmann-1397749175.jpg\",\"width\":559,\"height\":354,\"caption\":\"Editions Francois Dhalmann\"},\"image\":{\"@id\":\"https:\\\/\\\/dhalmann.fr\\\/music\\\/en\\\/#\\\/schema\\\/logo\\\/image\\\/\"},\"sameAs\":[\"https:\\\/\\\/www.facebook.com\\\/EditionsDhalmann\\\/\",\"https:\\\/\\\/x.com\\\/editiondhalmann\",\"https:\\\/\\\/www.youtube.com\\\/channel\\\/UCZdGOJXKqg6ByF1pQloitAg\"]}]}<\/script>\n<!-- \/ Yoast SEO plugin. -->","yoast_head_json":{"title":"Le jazz facilement by Michael Alizon - Editions Fran\u00e7ois Dhalmann","description":"Introduction to jazz and improvisation for saxophone and wind instruments Saxophone Method book for sale in immediate download or by sending the hard copy.","robots":{"index":"index","follow":"follow","max-snippet":"max-snippet:-1","max-image-preview":"max-image-preview:large","max-video-preview":"max-video-preview:-1"},"canonical":"https:\/\/dhalmann.fr\/music\/en\/produit\/le-jazz-facilement-michael-alizon\/","og_locale":"en_US","og_type":"article","og_title":"Le jazz facilement by Michael Alizon - Editions Fran\u00e7ois Dhalmann","og_description":"Introduction to jazz and improvisation for saxophone and wind instruments Saxophone Method book for sale in immediate download or by sending the hard copy.","og_url":"https:\/\/dhalmann.fr\/music\/en\/produit\/le-jazz-facilement-michael-alizon\/","og_site_name":"Editions Fran\u00e7ois Dhalmann","article_publisher":"https:\/\/www.facebook.com\/EditionsDhalmann\/","article_modified_time":"2023-08-30T16:19:32+00:00","og_image":[{"width":910,"height":1280,"url":"https:\/\/dhalmann.fr\/music\/wp-content\/uploads\/2021\/07\/FD0281-le-jazz-facilement.jpg","type":"image\/jpeg"}],"twitter_card":"summary_large_image","twitter_site":"@editiondhalmann","twitter_misc":{"Est. reading time":"2 minutes"},"schema":{"@context":"https:\/\/schema.org","@graph":[{"@type":"WebPage","@id":"https:\/\/dhalmann.fr\/music\/en\/produit\/le-jazz-facilement-michael-alizon\/","url":"https:\/\/dhalmann.fr\/music\/en\/produit\/le-jazz-facilement-michael-alizon\/","name":"Le jazz facilement by Michael Alizon - Editions Fran\u00e7ois Dhalmann","isPartOf":{"@id":"https:\/\/dhalmann.fr\/music\/en\/#website"},"primaryImageOfPage":{"@id":"https:\/\/dhalmann.fr\/music\/en\/produit\/le-jazz-facilement-michael-alizon\/#primaryimage"},"image":{"@id":"https:\/\/dhalmann.fr\/music\/en\/produit\/le-jazz-facilement-michael-alizon\/#primaryimage"},"thumbnailUrl":"https:\/\/dhalmann.fr\/music\/wp-content\/uploads\/2021\/07\/FD0281-le-jazz-facilement.jpg","datePublished":"2021-07-20T13:25:44+00:00","dateModified":"2023-08-30T16:19:32+00:00","description":"Introduction to jazz and improvisation for saxophone and wind instruments Saxophone Method book for sale in immediate download or by sending the hard copy.","breadcrumb":{"@id":"https:\/\/dhalmann.fr\/music\/en\/produit\/le-jazz-facilement-michael-alizon\/#breadcrumb"},"inLanguage":"en-US","potentialAction":[{"@type":"ReadAction","target":["https:\/\/dhalmann.fr\/music\/en\/produit\/le-jazz-facilement-michael-alizon\/"]}]},{"@type":"ImageObject","inLanguage":"en-US","@id":"https:\/\/dhalmann.fr\/music\/en\/produit\/le-jazz-facilement-michael-alizon\/#primaryimage","url":"https:\/\/dhalmann.fr\/music\/wp-content\/uploads\/2021\/07\/FD0281-le-jazz-facilement.jpg","contentUrl":"https:\/\/dhalmann.fr\/music\/wp-content\/uploads\/2021\/07\/FD0281-le-jazz-facilement.jpg","width":910,"height":1280},{"@type":"BreadcrumbList","@id":"https:\/\/dhalmann.fr\/music\/en\/produit\/le-jazz-facilement-michael-alizon\/#breadcrumb","itemListElement":[{"@type":"ListItem","position":1,"name":"Home","item":"https:\/\/dhalmann.fr\/music\/en\/"},{"@type":"ListItem","position":2,"name":"Shop","item":"https:\/\/dhalmann.fr\/music\/en\/shop\/"},{"@type":"ListItem","position":3,"name":"Le jazz facilement by Michael Alizon"}]},{"@type":"WebSite","@id":"https:\/\/dhalmann.fr\/music\/en\/#website","url":"https:\/\/dhalmann.fr\/music\/en\/","name":"Editions Fran\u00e7ois Dhalmann","description":"Partitions musicales des Editions Dhalmann pour tous les instruments - Percussion, piano, cordes, vents, ensemble, orchestre et bien plus","publisher":{"@id":"https:\/\/dhalmann.fr\/music\/en\/#organization"},"alternateName":"Dhalmann","potentialAction":[{"@type":"SearchAction","target":{"@type":"EntryPoint","urlTemplate":"https:\/\/dhalmann.fr\/music\/en\/?s={search_term_string}"},"query-input":{"@type":"PropertyValueSpecification","valueRequired":true,"valueName":"search_term_string"}}],"inLanguage":"en-US"},{"@type":"Organization","@id":"https:\/\/dhalmann.fr\/music\/en\/#organization","name":"Editions Francois Dhalmann","alternateName":"Dhalmann","url":"https:\/\/dhalmann.fr\/music\/en\/","logo":{"@type":"ImageObject","inLanguage":"en-US","@id":"https:\/\/dhalmann.fr\/music\/en\/#\/schema\/logo\/image\/","url":"https:\/\/dhalmann.fr\/music\/wp-content\/uploads\/2021\/07\/editions-francois-dhalmann-1397749175.jpg","contentUrl":"https:\/\/dhalmann.fr\/music\/wp-content\/uploads\/2021\/07\/editions-francois-dhalmann-1397749175.jpg","width":559,"height":354,"caption":"Editions Francois Dhalmann"},"image":{"@id":"https:\/\/dhalmann.fr\/music\/en\/#\/schema\/logo\/image\/"},"sameAs":["https:\/\/www.facebook.com\/EditionsDhalmann\/","https:\/\/x.com\/editiondhalmann","https:\/\/www.youtube.com\/channel\/UCZdGOJXKqg6ByF1pQloitAg"]}]}},"_links":{"self":[{"href":"https:\/\/dhalmann.fr\/music\/en\/wp-json\/wp\/v2\/product\/1234","targetHints":{"allow":["GET"]}}],"collection":[{"href":"https:\/\/dhalmann.fr\/music\/en\/wp-json\/wp\/v2\/product"}],"about":[{"href":"https:\/\/dhalmann.fr\/music\/en\/wp-json\/wp\/v2\/types\/product"}],"wp:featuredmedia":[{"embeddable":true,"href":"https:\/\/dhalmann.fr\/music\/en\/wp-json\/wp\/v2\/media\/1239"}],"wp:attachment":[{"href":"https:\/\/dhalmann.fr\/music\/en\/wp-json\/wp\/v2\/media?parent=1234"}],"wp:term":[{"taxonomy":"product_brand","embeddable":true,"href":"https:\/\/dhalmann.fr\/music\/en\/wp-json\/wp\/v2\/product_brand?post=1234"},{"taxonomy":"product_cat","embeddable":true,"href":"https:\/\/dhalmann.fr\/music\/en\/wp-json\/wp\/v2\/product_cat?post=1234"},{"taxonomy":"product_tag","embeddable":true,"href":"https:\/\/dhalmann.fr\/music\/en\/wp-json\/wp\/v2\/product_tag?post=1234"}],"curies":[{"name":"wp","href":"https:\/\/api.w.org\/{rel}","templated":true}]}}