{"id":12744,"date":"2025-09-26T12:00:12","date_gmt":"2025-09-26T10:00:12","guid":{"rendered":"https:\/\/dhalmann.fr\/music\/produit\/dys-guide-pour-la-formation-musicale\/"},"modified":"2026-03-12T18:03:45","modified_gmt":"2026-03-12T16:03:45","slug":"dys-guide-pour-la-formation-musicale","status":"publish","type":"product","link":"https:\/\/dhalmann.fr\/music\/en\/produit\/dys-guide-pour-la-formation-musicale\/","title":{"rendered":"DYS : Guide pour la Formation Musicale"},"content":{"rendered":"<h2>DYS : Guide pour la Formation Musicale. <a href=\"https:\/\/dhalmann.fr\/music\/en\/product-category\/composers\/dubois-giner-nathalie-en\/\">Nathalie Dubois-Giner<\/a> \/ <a href=\"https:\/\/dhalmann.fr\/music\/en\/product-category\/composers\/fromont-moulinier-sophie-en\/\">Sophie Fromont-Moulinier<\/a><\/h2>\n<h3><strong><span style=\"color: red;\">2025 Music Education Award, category \u201cDevelopment of an Instrumental or Music Education Method\u201d<\/span><\/strong><\/h3>\n<figure id=\"attachment_12742\" aria-describedby=\"caption-attachment-12742\" style=\"width: 508px\" class=\"wp-caption alignleft\"><img decoding=\"async\" class=\" wp-image-12080\" src=\"https:\/\/dhalmann.fr\/music\/wp-content\/uploads\/2025\/09\/Lpem2025_Dys.webp\" alt=\"2025 Music Education Award Prix de l'enseignement 2025\" width=\"508\" height=\"338\" srcset=\"https:\/\/dhalmann.fr\/music\/wp-content\/uploads\/2025\/09\/Lpem2025_Dys.webp 1024w, https:\/\/dhalmann.fr\/music\/wp-content\/uploads\/2025\/09\/Lpem2025_Dys-300x200.webp 300w, https:\/\/dhalmann.fr\/music\/wp-content\/uploads\/2025\/09\/Lpem2025_Dys-768x512.webp 768w, https:\/\/dhalmann.fr\/music\/wp-content\/uploads\/2025\/09\/Lpem2025_Dys-600x400.webp 600w, https:\/\/dhalmann.fr\/music\/wp-content\/uploads\/2025\/09\/Lpem2025_Dys-64x43.webp 64w\" sizes=\"(max-width: 508px) 100vw, 508px\" \/><figcaption id=\"caption-attachment-12742\" class=\"wp-caption-text\">Photo Caroline Doutre<\/figcaption><\/figure>\n<p>This guide is primarily intended for music teachers who have students with DYS disorders (dyslexia, dyspraxia, dysphasia, etc.) in their classes.<\/p>\n<p>Designed for use in primary education, it provides teachers with a practical and pragmatic toolkit.<\/p>\n<p>Sharing the fruits of their extensive teaching experience, the authors suggest useful adaptations and adjustments for better learning of the fundamentals of music theory.<\/p>\n<p>Each chapter addresses the main obstacles encountered in certain fundamental aspects of music theory learning: writing, reading notes, working on rhythm, sight-reading, singing, listening commentary, theory, and musical dictation.<br \/>\nPre-notation systems, the use of color and choice of formats, a multisensory approach, and systematic sequencing of learning are the fundamental and recurring ingredients of all the proposed adaptations.<br \/>\nTheir goal is to enable students to circumvent and resolve most of their difficulties.<\/p>\n<p>The recommendations contained in this guide are not cumulative and will be applied on an individual basis according to each student&#8217;s specific difficulties and needs. The more targeted and carefully prepared the adaptations are, the more independence the DYS student will gain. <\/p>\n<p>While preserving as much of the fundamental learning as possible, teachers will also strive to create reassuring and motivating situations, an attitude that will help to recreate the joy of learning as well as confidence and self-esteem, thereby facilitating the integration and progress of each student.<\/p>\n<p>64 pages &#8211; Format 16&#215;24 &#8211; Ref. FD0837 &#8211; Text in French <\/p>\n<div style=\"width: 1200px;\" class=\"wp-video\"><video class=\"wp-video-shortcode\" id=\"video-12744-1\" width=\"1200\" height=\"675\" preload=\"metadata\" controls=\"controls\"><source type=\"video\/mp4\" src=\"https:\/\/dhalmann.fr\/music\/wp-content\/uploads\/2025\/09\/DYS-guide-pour-la-formation-musicale-2.mp4?_=1\" \/><a href=\"https:\/\/dhalmann.fr\/music\/wp-content\/uploads\/2025\/09\/DYS-guide-pour-la-formation-musicale-2.mp4\">https:\/\/dhalmann.fr\/music\/wp-content\/uploads\/2025\/09\/DYS-guide-pour-la-formation-musicale-2.mp4<\/a><\/video><\/div>\n","protected":false},"excerpt":{"rendered":"<h2>DYS : Guide pour la Formation Musicale. <a href=\"https:\/\/dhalmann.fr\/music\/en\/product-category\/composers\/dubois-giner-nathalie-en\/\">Nathalie Dubois-Giner<\/a> \/ <a href=\"https:\/\/dhalmann.fr\/music\/en\/product-category\/composers\/fromont-moulinier-sophie-en\/\">Sophie Fromont-Moulinier<\/a><\/h2>\n<p>This guide is primarily intended for music teachers who have students with DYS disorders (dyslexia, dyspraxia, dysphasia, etc.) in their classes.<\/p>\n<p>Designed for use in primary education, it provides teachers with a practical and pragmatic toolkit.<\/p>\n<h3><a href=\"https:\/\/dhalmann.fr\/music\/nathalie-dubois-giner-et-sophie-fromont-moulinier-laureates-du-prix-de-lenseignement-musical-2025-pour-leur-ouvrage-dys-guide-pour-la-formation-musicale\/\"><strong><span style=\"color: red;\">Prix de l&#8217;Enseignement Musical 2025, cat\u00e9gorie &#8220;R\u00e9alisation d&#8217;une m\u00e9thode instrumentale ou de Formation Musicale&#8221;<\/span><\/strong><\/a><\/h3>\n","protected":false},"featured_media":12095,"template":"","meta":{"ocean_post_layout":"","ocean_both_sidebars_style":"","ocean_both_sidebars_content_width":0,"ocean_both_sidebars_sidebars_width":0,"ocean_sidebar":"0","ocean_second_sidebar":"0","ocean_disable_margins":"enable","ocean_add_body_class":"","ocean_shortcode_before_top_bar":"","ocean_shortcode_after_top_bar":"","ocean_shortcode_before_header":"","ocean_shortcode_after_header":"","ocean_has_shortcode":"","ocean_shortcode_after_title":"","ocean_shortcode_before_footer_widgets":"","ocean_shortcode_after_footer_widgets":"","ocean_shortcode_before_footer_bottom":"","ocean_shortcode_after_footer_bottom":"","ocean_display_top_bar":"default","ocean_display_header":"default","ocean_header_style":"","ocean_center_header_left_menu":"0","ocean_custom_header_template":"0","ocean_custom_logo":0,"ocean_custom_retina_logo":0,"ocean_custom_logo_max_width":0,"ocean_custom_logo_tablet_max_width":0,"ocean_custom_logo_mobile_max_width":0,"ocean_custom_logo_max_height":0,"ocean_custom_logo_tablet_max_height":0,"ocean_custom_logo_mobile_max_height":0,"ocean_header_custom_menu":"0","ocean_menu_typo_font_family":"0","ocean_menu_typo_font_subset":"","ocean_menu_typo_font_size":0,"ocean_menu_typo_font_size_tablet":0,"ocean_menu_typo_font_size_mobile":0,"ocean_menu_typo_font_size_unit":"px","ocean_menu_typo_font_weight":"","ocean_menu_typo_font_weight_tablet":"","ocean_menu_typo_font_weight_mobile":"","ocean_menu_typo_transform":"","ocean_menu_typo_transform_tablet":"","ocean_menu_typo_transform_mobile":"","ocean_menu_typo_line_height":0,"ocean_menu_typo_line_height_tablet":0,"ocean_menu_typo_line_height_mobile":0,"ocean_menu_typo_line_height_unit":"","ocean_menu_typo_spacing":0,"ocean_menu_typo_spacing_tablet":0,"ocean_menu_typo_spacing_mobile":0,"ocean_menu_typo_spacing_unit":"","ocean_menu_link_color":"","ocean_menu_link_color_hover":"","ocean_menu_link_color_active":"","ocean_menu_link_background":"","ocean_menu_link_hover_background":"","ocean_menu_link_active_background":"","ocean_menu_social_links_bg":"","ocean_menu_social_hover_links_bg":"","ocean_menu_social_links_color":"","ocean_menu_social_hover_links_color":"","ocean_disable_title":"default","ocean_disable_heading":"default","ocean_post_title":"","ocean_post_subheading":"","ocean_post_title_style":"","ocean_post_title_background_color":"","ocean_post_title_background":0,"ocean_post_title_bg_image_position":"","ocean_post_title_bg_image_attachment":"","ocean_post_title_bg_image_repeat":"","ocean_post_title_bg_image_size":"","ocean_post_title_height":0,"ocean_post_title_bg_overlay":0.5,"ocean_post_title_bg_overlay_color":"","ocean_disable_breadcrumbs":"default","ocean_breadcrumbs_color":"","ocean_breadcrumbs_separator_color":"","ocean_breadcrumbs_links_color":"","ocean_breadcrumbs_links_hover_color":"","ocean_display_footer_widgets":"default","ocean_display_footer_bottom":"default","ocean_custom_footer_template":"0"},"product_brand":[610],"product_cat":[647,648,649],"product_tag":[],"class_list":{"0":"post-12744","1":"product","2":"type-product","3":"status-publish","4":"has-post-thumbnail","6":"product_brand-editions-francois-dhalmann","7":"product_cat-dubois-giner-nathalie-en","8":"product_cat-fromont-moulinier-sophie-en","9":"product_cat-music-education","11":"entry","12":"has-media","14":"first","15":"instock","16":"taxable","17":"shipping-taxable","18":"purchasable","19":"product-type-simple","20":"add-to-wishlist-before_image","21":"has-product-nav","22":"col","23":"span_1_of_4","24":"owp-content-center","25":"owp-thumbs-layout-horizontal","26":"owp-btn-normal","27":"owp-tabs-layout-horizontal"},"yoast_head":"<!-- This site is optimized with the Yoast SEO plugin v27.5 - https:\/\/yoast.com\/product\/yoast-seo-wordpress\/ -->\n<title>DYS : Guide pour la Formation Musicale - Editions Fran\u00e7ois Dhalmann<\/title>\n<meta name=\"description\" content=\"This guide is primarily intended for music teachers who have students with DYS disorders in their classes.\" \/>\n<meta name=\"robots\" content=\"index, follow, max-snippet:-1, max-image-preview:large, max-video-preview:-1\" \/>\n<link rel=\"canonical\" href=\"https:\/\/dhalmann.fr\/music\/en\/produit\/dys-guide-pour-la-formation-musicale\/\" \/>\n<meta property=\"og:locale\" content=\"en_US\" \/>\n<meta property=\"og:type\" content=\"article\" \/>\n<meta property=\"og:title\" content=\"DYS : Guide pour la Formation Musicale - Editions Fran\u00e7ois Dhalmann\" \/>\n<meta property=\"og:description\" content=\"This guide is primarily intended for music teachers who have students with DYS disorders in their classes.\" \/>\n<meta property=\"og:url\" content=\"https:\/\/dhalmann.fr\/music\/en\/produit\/dys-guide-pour-la-formation-musicale\/\" \/>\n<meta property=\"og:site_name\" content=\"Editions Fran\u00e7ois Dhalmann\" \/>\n<meta property=\"article:publisher\" content=\"https:\/\/www.facebook.com\/EditionsDhalmann\/\" \/>\n<meta property=\"article:modified_time\" content=\"2026-03-12T16:03:45+00:00\" \/>\n<meta property=\"og:image\" content=\"https:\/\/dhalmann.fr\/music\/wp-content\/uploads\/2025\/09\/FD0837_Dys_Guide_LPEM2025.webp\" \/>\n\t<meta property=\"og:image:width\" content=\"722\" \/>\n\t<meta property=\"og:image:height\" content=\"1024\" \/>\n\t<meta property=\"og:image:type\" content=\"image\/webp\" \/>\n<meta name=\"twitter:card\" content=\"summary_large_image\" \/>\n<meta name=\"twitter:site\" content=\"@editiondhalmann\" \/>\n<meta name=\"twitter:label1\" content=\"Est. reading time\" \/>\n\t<meta name=\"twitter:data1\" content=\"1 minute\" \/>\n<script type=\"application\/ld+json\" class=\"yoast-schema-graph\">{\"@context\":\"https:\\\/\\\/schema.org\",\"@graph\":[{\"@type\":\"WebPage\",\"@id\":\"https:\\\/\\\/dhalmann.fr\\\/music\\\/en\\\/produit\\\/dys-guide-pour-la-formation-musicale\\\/\",\"url\":\"https:\\\/\\\/dhalmann.fr\\\/music\\\/en\\\/produit\\\/dys-guide-pour-la-formation-musicale\\\/\",\"name\":\"DYS : Guide pour la Formation Musicale - Editions Fran\u00e7ois Dhalmann\",\"isPartOf\":{\"@id\":\"https:\\\/\\\/dhalmann.fr\\\/music\\\/en\\\/#website\"},\"primaryImageOfPage\":{\"@id\":\"https:\\\/\\\/dhalmann.fr\\\/music\\\/en\\\/produit\\\/dys-guide-pour-la-formation-musicale\\\/#primaryimage\"},\"image\":{\"@id\":\"https:\\\/\\\/dhalmann.fr\\\/music\\\/en\\\/produit\\\/dys-guide-pour-la-formation-musicale\\\/#primaryimage\"},\"thumbnailUrl\":\"https:\\\/\\\/dhalmann.fr\\\/music\\\/wp-content\\\/uploads\\\/2025\\\/09\\\/FD0837_Dys_Guide_LPEM2025.webp\",\"datePublished\":\"2025-09-26T10:00:12+00:00\",\"dateModified\":\"2026-03-12T16:03:45+00:00\",\"description\":\"This guide is primarily intended for music teachers who have students with DYS disorders in their classes.\",\"breadcrumb\":{\"@id\":\"https:\\\/\\\/dhalmann.fr\\\/music\\\/en\\\/produit\\\/dys-guide-pour-la-formation-musicale\\\/#breadcrumb\"},\"inLanguage\":\"en-US\",\"potentialAction\":[{\"@type\":\"ReadAction\",\"target\":[\"https:\\\/\\\/dhalmann.fr\\\/music\\\/en\\\/produit\\\/dys-guide-pour-la-formation-musicale\\\/\"]}]},{\"@type\":\"ImageObject\",\"inLanguage\":\"en-US\",\"@id\":\"https:\\\/\\\/dhalmann.fr\\\/music\\\/en\\\/produit\\\/dys-guide-pour-la-formation-musicale\\\/#primaryimage\",\"url\":\"https:\\\/\\\/dhalmann.fr\\\/music\\\/wp-content\\\/uploads\\\/2025\\\/09\\\/FD0837_Dys_Guide_LPEM2025.webp\",\"contentUrl\":\"https:\\\/\\\/dhalmann.fr\\\/music\\\/wp-content\\\/uploads\\\/2025\\\/09\\\/FD0837_Dys_Guide_LPEM2025.webp\",\"width\":722,\"height\":1024,\"caption\":\"Dys : Guide pour la formation musicale\"},{\"@type\":\"BreadcrumbList\",\"@id\":\"https:\\\/\\\/dhalmann.fr\\\/music\\\/en\\\/produit\\\/dys-guide-pour-la-formation-musicale\\\/#breadcrumb\",\"itemListElement\":[{\"@type\":\"ListItem\",\"position\":1,\"name\":\"Home\",\"item\":\"https:\\\/\\\/dhalmann.fr\\\/music\\\/en\\\/\"},{\"@type\":\"ListItem\",\"position\":2,\"name\":\"Shop\",\"item\":\"https:\\\/\\\/dhalmann.fr\\\/music\\\/en\\\/shop\\\/\"},{\"@type\":\"ListItem\",\"position\":3,\"name\":\"DYS : Guide pour la Formation Musicale\"}]},{\"@type\":\"WebSite\",\"@id\":\"https:\\\/\\\/dhalmann.fr\\\/music\\\/en\\\/#website\",\"url\":\"https:\\\/\\\/dhalmann.fr\\\/music\\\/en\\\/\",\"name\":\"Editions Fran\u00e7ois Dhalmann\",\"description\":\"Partitions musicales des Editions Dhalmann pour tous les instruments - Percussion, piano, cordes, vents, ensemble, orchestre et bien plus\",\"publisher\":{\"@id\":\"https:\\\/\\\/dhalmann.fr\\\/music\\\/en\\\/#organization\"},\"alternateName\":\"Dhalmann\",\"potentialAction\":[{\"@type\":\"SearchAction\",\"target\":{\"@type\":\"EntryPoint\",\"urlTemplate\":\"https:\\\/\\\/dhalmann.fr\\\/music\\\/en\\\/?s={search_term_string}\"},\"query-input\":{\"@type\":\"PropertyValueSpecification\",\"valueRequired\":true,\"valueName\":\"search_term_string\"}}],\"inLanguage\":\"en-US\"},{\"@type\":\"Organization\",\"@id\":\"https:\\\/\\\/dhalmann.fr\\\/music\\\/en\\\/#organization\",\"name\":\"Editions Francois Dhalmann\",\"alternateName\":\"Dhalmann\",\"url\":\"https:\\\/\\\/dhalmann.fr\\\/music\\\/en\\\/\",\"logo\":{\"@type\":\"ImageObject\",\"inLanguage\":\"en-US\",\"@id\":\"https:\\\/\\\/dhalmann.fr\\\/music\\\/en\\\/#\\\/schema\\\/logo\\\/image\\\/\",\"url\":\"https:\\\/\\\/dhalmann.fr\\\/music\\\/wp-content\\\/uploads\\\/2021\\\/07\\\/editions-francois-dhalmann-1397749175.jpg\",\"contentUrl\":\"https:\\\/\\\/dhalmann.fr\\\/music\\\/wp-content\\\/uploads\\\/2021\\\/07\\\/editions-francois-dhalmann-1397749175.jpg\",\"width\":559,\"height\":354,\"caption\":\"Editions Francois Dhalmann\"},\"image\":{\"@id\":\"https:\\\/\\\/dhalmann.fr\\\/music\\\/en\\\/#\\\/schema\\\/logo\\\/image\\\/\"},\"sameAs\":[\"https:\\\/\\\/www.facebook.com\\\/EditionsDhalmann\\\/\",\"https:\\\/\\\/x.com\\\/editiondhalmann\",\"https:\\\/\\\/www.youtube.com\\\/channel\\\/UCZdGOJXKqg6ByF1pQloitAg\"]}]}<\/script>\n<!-- \/ Yoast SEO plugin. -->","yoast_head_json":{"title":"DYS : Guide pour la Formation Musicale - Editions Fran\u00e7ois Dhalmann","description":"This guide is primarily intended for music teachers who have students with DYS disorders in their classes.","robots":{"index":"index","follow":"follow","max-snippet":"max-snippet:-1","max-image-preview":"max-image-preview:large","max-video-preview":"max-video-preview:-1"},"canonical":"https:\/\/dhalmann.fr\/music\/en\/produit\/dys-guide-pour-la-formation-musicale\/","og_locale":"en_US","og_type":"article","og_title":"DYS : Guide pour la Formation Musicale - Editions Fran\u00e7ois Dhalmann","og_description":"This guide is primarily intended for music teachers who have students with DYS disorders in their classes.","og_url":"https:\/\/dhalmann.fr\/music\/en\/produit\/dys-guide-pour-la-formation-musicale\/","og_site_name":"Editions Fran\u00e7ois Dhalmann","article_publisher":"https:\/\/www.facebook.com\/EditionsDhalmann\/","article_modified_time":"2026-03-12T16:03:45+00:00","og_image":[{"width":722,"height":1024,"url":"https:\/\/dhalmann.fr\/music\/wp-content\/uploads\/2025\/09\/FD0837_Dys_Guide_LPEM2025.webp","type":"image\/webp"}],"twitter_card":"summary_large_image","twitter_site":"@editiondhalmann","twitter_misc":{"Est. reading time":"1 minute"},"schema":{"@context":"https:\/\/schema.org","@graph":[{"@type":"WebPage","@id":"https:\/\/dhalmann.fr\/music\/en\/produit\/dys-guide-pour-la-formation-musicale\/","url":"https:\/\/dhalmann.fr\/music\/en\/produit\/dys-guide-pour-la-formation-musicale\/","name":"DYS : Guide pour la Formation Musicale - Editions Fran\u00e7ois Dhalmann","isPartOf":{"@id":"https:\/\/dhalmann.fr\/music\/en\/#website"},"primaryImageOfPage":{"@id":"https:\/\/dhalmann.fr\/music\/en\/produit\/dys-guide-pour-la-formation-musicale\/#primaryimage"},"image":{"@id":"https:\/\/dhalmann.fr\/music\/en\/produit\/dys-guide-pour-la-formation-musicale\/#primaryimage"},"thumbnailUrl":"https:\/\/dhalmann.fr\/music\/wp-content\/uploads\/2025\/09\/FD0837_Dys_Guide_LPEM2025.webp","datePublished":"2025-09-26T10:00:12+00:00","dateModified":"2026-03-12T16:03:45+00:00","description":"This guide is primarily intended for music teachers who have students with DYS disorders in their classes.","breadcrumb":{"@id":"https:\/\/dhalmann.fr\/music\/en\/produit\/dys-guide-pour-la-formation-musicale\/#breadcrumb"},"inLanguage":"en-US","potentialAction":[{"@type":"ReadAction","target":["https:\/\/dhalmann.fr\/music\/en\/produit\/dys-guide-pour-la-formation-musicale\/"]}]},{"@type":"ImageObject","inLanguage":"en-US","@id":"https:\/\/dhalmann.fr\/music\/en\/produit\/dys-guide-pour-la-formation-musicale\/#primaryimage","url":"https:\/\/dhalmann.fr\/music\/wp-content\/uploads\/2025\/09\/FD0837_Dys_Guide_LPEM2025.webp","contentUrl":"https:\/\/dhalmann.fr\/music\/wp-content\/uploads\/2025\/09\/FD0837_Dys_Guide_LPEM2025.webp","width":722,"height":1024,"caption":"Dys : Guide pour la formation musicale"},{"@type":"BreadcrumbList","@id":"https:\/\/dhalmann.fr\/music\/en\/produit\/dys-guide-pour-la-formation-musicale\/#breadcrumb","itemListElement":[{"@type":"ListItem","position":1,"name":"Home","item":"https:\/\/dhalmann.fr\/music\/en\/"},{"@type":"ListItem","position":2,"name":"Shop","item":"https:\/\/dhalmann.fr\/music\/en\/shop\/"},{"@type":"ListItem","position":3,"name":"DYS : Guide pour la Formation Musicale"}]},{"@type":"WebSite","@id":"https:\/\/dhalmann.fr\/music\/en\/#website","url":"https:\/\/dhalmann.fr\/music\/en\/","name":"Editions Fran\u00e7ois Dhalmann","description":"Partitions musicales des Editions Dhalmann pour tous les instruments - Percussion, piano, cordes, vents, ensemble, orchestre et bien plus","publisher":{"@id":"https:\/\/dhalmann.fr\/music\/en\/#organization"},"alternateName":"Dhalmann","potentialAction":[{"@type":"SearchAction","target":{"@type":"EntryPoint","urlTemplate":"https:\/\/dhalmann.fr\/music\/en\/?s={search_term_string}"},"query-input":{"@type":"PropertyValueSpecification","valueRequired":true,"valueName":"search_term_string"}}],"inLanguage":"en-US"},{"@type":"Organization","@id":"https:\/\/dhalmann.fr\/music\/en\/#organization","name":"Editions Francois Dhalmann","alternateName":"Dhalmann","url":"https:\/\/dhalmann.fr\/music\/en\/","logo":{"@type":"ImageObject","inLanguage":"en-US","@id":"https:\/\/dhalmann.fr\/music\/en\/#\/schema\/logo\/image\/","url":"https:\/\/dhalmann.fr\/music\/wp-content\/uploads\/2021\/07\/editions-francois-dhalmann-1397749175.jpg","contentUrl":"https:\/\/dhalmann.fr\/music\/wp-content\/uploads\/2021\/07\/editions-francois-dhalmann-1397749175.jpg","width":559,"height":354,"caption":"Editions Francois Dhalmann"},"image":{"@id":"https:\/\/dhalmann.fr\/music\/en\/#\/schema\/logo\/image\/"},"sameAs":["https:\/\/www.facebook.com\/EditionsDhalmann\/","https:\/\/x.com\/editiondhalmann","https:\/\/www.youtube.com\/channel\/UCZdGOJXKqg6ByF1pQloitAg"]}]}},"_links":{"self":[{"href":"https:\/\/dhalmann.fr\/music\/en\/wp-json\/wp\/v2\/product\/12744","targetHints":{"allow":["GET"]}}],"collection":[{"href":"https:\/\/dhalmann.fr\/music\/en\/wp-json\/wp\/v2\/product"}],"about":[{"href":"https:\/\/dhalmann.fr\/music\/en\/wp-json\/wp\/v2\/types\/product"}],"wp:featuredmedia":[{"embeddable":true,"href":"https:\/\/dhalmann.fr\/music\/en\/wp-json\/wp\/v2\/media\/12095"}],"wp:attachment":[{"href":"https:\/\/dhalmann.fr\/music\/en\/wp-json\/wp\/v2\/media?parent=12744"}],"wp:term":[{"taxonomy":"product_brand","embeddable":true,"href":"https:\/\/dhalmann.fr\/music\/en\/wp-json\/wp\/v2\/product_brand?post=12744"},{"taxonomy":"product_cat","embeddable":true,"href":"https:\/\/dhalmann.fr\/music\/en\/wp-json\/wp\/v2\/product_cat?post=12744"},{"taxonomy":"product_tag","embeddable":true,"href":"https:\/\/dhalmann.fr\/music\/en\/wp-json\/wp\/v2\/product_tag?post=12744"}],"curies":[{"name":"wp","href":"https:\/\/api.w.org\/{rel}","templated":true}]}}