{"id":13678,"date":"2024-06-04T16:44:24","date_gmt":"2024-06-04T14:44:24","guid":{"rendered":"https:\/\/dhalmann.fr\/music\/produit\/geburstag-i-ii-iii-bruno-giner\/"},"modified":"2026-05-05T11:30:12","modified_gmt":"2026-05-05T09:30:12","slug":"geburstag-i-ii-iii-bruno-giner","status":"publish","type":"product","link":"https:\/\/dhalmann.fr\/music\/en\/produit\/geburstag-i-ii-iii-bruno-giner\/","title":{"rendered":"Geburstag I, II , III &#8211; Bruno Giner"},"content":{"rendered":"<h2>Geburstag I, II, III &#8211; Bruno Giner<\/h2>\n<p>Three pieces for piano (six hands) &#8211; Easy<\/p>\n<p>Score available in hard copy or for download.<\/p>\n<p>Each piece in these collections for six-hand piano corresponds to an anniversary (<em>Geburstag <\/em>in German). Some of these dates mark public anniversaries, serving as brief tributes to certain composers or artists (Luigi Russolo, John Cage, Erik Satie, Ruzzante). Others commemorate historical events (the proclamation of the Spanish Republic, the ringing of Notre-Dame de Paris\u2019s bells following the November 13 attacks), while still others correspond to private anniversaries.  <\/p>\n<h3><strong><em>Geburstag I, II, III <\/em><\/strong><\/h3>\n<p><em><strong>Geburstag I<\/strong> : 30 avril 1885 <\/em>(Luigi Russolo with accessories) &#8211; 1&#8217;40&#8221;<\/p>\n<p>April 30, 1885, marks the anniversary of Luigi Russolo\u2019s birth. An Italian Futurist, he developed the concept of the art of noise and authored a manifesto of the same name in 1913. The emergence of noise into the musical realm foreshadowed musical worlds inspired by industrial, mechanical, or electrical noises\u2014sounds produced by man-made machines.<br \/>\nThis piece incorporates various sounds produced by the piano (muffled tones, percussion on the wood, guiro-like effects on the black keys, glissandi on the strings, etc.). Two items are required: a plastic object to imitate a guiro and a maraca egg. To avoid overloading the score, the instructions corresponding to the written symbols appear only once.    <\/p>\n<p><em><strong>Geburstag II<\/strong> : 5 septembre 1912 <\/em>(John Cage : prepared piano and two Toys-Piano) &#8211; 1&#8217;35&#8221;<\/p>\n<p>September 5, 1912, marks the anniversary of the birth of John Cage, an American composer, inventor of the prepared piano, and pioneer of toy-piano music.<br \/>\nThis piece must be performed with two toy pianos with at least 18 keys (pianists 1 &amp; 2) and a prepared grand piano (pianist 3).<br \/>\nPreparing the Piano 3<br \/>\nTwo areas are prepared in advance on the grand piano:<br \/>\nArea 1: Place a piece of eraser between the two lowest A#-B strings in the range (muted sound, behind the dampers)<br \/>\nArea 2: Place one (or two) plastic CD cases behind the dampers, between the middle C and A, to achieve a sound similar to that of a harpsichord.<\/p>\n<p><em><strong>Geburstag III<\/strong> : 1<sup>er<\/sup> juillet 1925 <\/em>(Erik Satie) &#8211; 3&#8217;00&#8221;<\/p>\n<p>July 1, 1925, marks the anniversary of Erik Satie\u2019s death. The piece is a \u201cmix\u201d of several distorted quotations from his works: *Pi\u00e8ge de M\u00e9duse*, *Gymnop\u00e9dies*, *Gnossiennes*, *Jack in the Box*, *Vexations*, *Sports et divertissements*&#8230; <\/p>\n<p>&nbsp;<\/p>\n<p><strong><em>Geburstag IV, V, VI<\/em><\/strong><strong> , intermediate<\/strong><\/p>\n<ul>\n<li><em>Geburstag IV : 17 mars 1542 <\/em>(Angelo Beolco alias \u201cRuzzante\u201d : musical) theatre<\/li>\n<li><em>Geburstag V : 14 avril 1931 <\/em>(Spanish republic)<\/li>\n<li><em>Geburstag VI : 28 mai 1966 <\/em>(private anniversary)<\/li>\n<\/ul>\n<p><strong><em> <\/em><\/strong><\/p>\n<p><strong><em>Geburstag VII, VIII, IX<\/em><\/strong><strong>, difficult<\/strong><\/p>\n<ul>\n<li><em>Geburstag VII : 15 novembre 2015 <\/em>(Funeral bell of Notre-Dame)<\/li>\n<li><em>Geburstag VIII : 13 juillet 2019 <\/em>(private anniversary with Toy-Piano)<\/li>\n<li><em>Geburstag IX : 20 octobre 2020 <\/em>(private anniversary)<\/li>\n<\/ul>\n","protected":false},"excerpt":{"rendered":"<h2>Geburstag I, II, III &#8211; Bruno Giner<\/h2>\n<p>Three pieces for piano (six hands) &#8211; Easy<\/p>\n<p>Score available in hard copy or for download.<\/p>\n","protected":false},"featured_media":10629,"template":"","meta":{"ocean_post_layout":"","ocean_both_sidebars_style":"","ocean_both_sidebars_content_width":0,"ocean_both_sidebars_sidebars_width":0,"ocean_sidebar":"0","ocean_second_sidebar":"0","ocean_disable_margins":"enable","ocean_add_body_class":"","ocean_shortcode_before_top_bar":"","ocean_shortcode_after_top_bar":"","ocean_shortcode_before_header":"","ocean_shortcode_after_header":"","ocean_has_shortcode":"","ocean_shortcode_after_title":"","ocean_shortcode_before_footer_widgets":"","ocean_shortcode_after_footer_widgets":"","ocean_shortcode_before_footer_bottom":"","ocean_shortcode_after_footer_bottom":"","ocean_display_top_bar":"default","ocean_display_header":"default","ocean_header_style":"","ocean_center_header_left_menu":"0","ocean_custom_header_template":"0","ocean_custom_logo":0,"ocean_custom_retina_logo":0,"ocean_custom_logo_max_width":0,"ocean_custom_logo_tablet_max_width":0,"ocean_custom_logo_mobile_max_width":0,"ocean_custom_logo_max_height":0,"ocean_custom_logo_tablet_max_height":0,"ocean_custom_logo_mobile_max_height":0,"ocean_header_custom_menu":"0","ocean_menu_typo_font_family":"0","ocean_menu_typo_font_subset":"","ocean_menu_typo_font_size":0,"ocean_menu_typo_font_size_tablet":0,"ocean_menu_typo_font_size_mobile":0,"ocean_menu_typo_font_size_unit":"px","ocean_menu_typo_font_weight":"","ocean_menu_typo_font_weight_tablet":"","ocean_menu_typo_font_weight_mobile":"","ocean_menu_typo_transform":"","ocean_menu_typo_transform_tablet":"","ocean_menu_typo_transform_mobile":"","ocean_menu_typo_line_height":0,"ocean_menu_typo_line_height_tablet":0,"ocean_menu_typo_line_height_mobile":0,"ocean_menu_typo_line_height_unit":"","ocean_menu_typo_spacing":0,"ocean_menu_typo_spacing_tablet":0,"ocean_menu_typo_spacing_mobile":0,"ocean_menu_typo_spacing_unit":"","ocean_menu_link_color":"","ocean_menu_link_color_hover":"","ocean_menu_link_color_active":"","ocean_menu_link_background":"","ocean_menu_link_hover_background":"","ocean_menu_link_active_background":"","ocean_menu_social_links_bg":"","ocean_menu_social_hover_links_bg":"","ocean_menu_social_links_color":"","ocean_menu_social_hover_links_color":"","ocean_disable_title":"default","ocean_disable_heading":"default","ocean_post_title":"","ocean_post_subheading":"","ocean_post_title_style":"","ocean_post_title_background_color":"","ocean_post_title_background":0,"ocean_post_title_bg_image_position":"","ocean_post_title_bg_image_attachment":"","ocean_post_title_bg_image_repeat":"","ocean_post_title_bg_image_size":"","ocean_post_title_height":0,"ocean_post_title_bg_overlay":0.5,"ocean_post_title_bg_overlay_color":"","ocean_disable_breadcrumbs":"default","ocean_breadcrumbs_color":"","ocean_breadcrumbs_separator_color":"","ocean_breadcrumbs_links_color":"","ocean_breadcrumbs_links_hover_color":"","ocean_display_footer_widgets":"default","ocean_display_footer_bottom":"default","ocean_custom_footer_template":"0"},"product_brand":[],"product_cat":[259,356,657,327],"product_tag":[],"class_list":{"0":"post-13678","1":"product","2":"type-product","3":"status-publish","4":"has-post-thumbnail","6":"product_cat-giner-bruno-en","7":"product_cat-keyboards-en","8":"product_cat-piano-six-hands","9":"product_cat-trio-en","10":"pa_difficulte-easy","12":"entry","13":"has-media","15":"first","16":"instock","17":"taxable","18":"shipping-taxable","19":"purchasable","20":"product-type-variable","21":"add-to-wishlist-before_image","22":"has-product-nav","23":"col","24":"span_1_of_4","25":"owp-content-center","26":"owp-thumbs-layout-horizontal","27":"owp-btn-normal","28":"owp-tabs-layout-horizontal"},"yoast_head":"<!-- This site is optimized with the Yoast SEO plugin v27.6 - https:\/\/yoast.com\/product\/yoast-seo-wordpress\/ -->\n<title>Geburstag I, II , III - Bruno Giner - Editions Fran\u00e7ois Dhalmann<\/title>\n<meta name=\"description\" content=\"Trois pieces for six hands piano, easy Sheet music for sale in hard copy or for immediate download\" \/>\n<meta name=\"robots\" content=\"index, follow, max-snippet:-1, max-image-preview:large, max-video-preview:-1\" \/>\n<link rel=\"canonical\" href=\"https:\/\/dhalmann.fr\/music\/en\/produit\/geburstag-i-ii-iii-bruno-giner\/\" \/>\n<meta property=\"og:locale\" content=\"en_US\" \/>\n<meta property=\"og:type\" content=\"article\" \/>\n<meta property=\"og:title\" content=\"Geburstag I, II , III - Bruno Giner - Editions Fran\u00e7ois Dhalmann\" \/>\n<meta property=\"og:description\" content=\"Trois pieces for six hands piano, easy Sheet music for sale in hard copy or for immediate download\" \/>\n<meta property=\"og:url\" content=\"https:\/\/dhalmann.fr\/music\/en\/produit\/geburstag-i-ii-iii-bruno-giner\/\" \/>\n<meta property=\"og:site_name\" content=\"Editions Fran\u00e7ois Dhalmann\" \/>\n<meta property=\"article:publisher\" content=\"https:\/\/www.facebook.com\/EditionsDhalmann\/\" \/>\n<meta property=\"article:modified_time\" content=\"2026-05-05T09:30:12+00:00\" \/>\n<meta property=\"og:image\" content=\"https:\/\/dhalmann.fr\/music\/wp-content\/uploads\/2024\/06\/FD0821_Geburstag_1.webp\" \/>\n\t<meta property=\"og:image:width\" content=\"724\" \/>\n\t<meta property=\"og:image:height\" content=\"1024\" \/>\n\t<meta property=\"og:image:type\" content=\"image\/webp\" \/>\n<meta name=\"twitter:card\" content=\"summary_large_image\" \/>\n<meta name=\"twitter:site\" content=\"@editiondhalmann\" \/>\n<meta name=\"twitter:label1\" content=\"Est. reading time\" \/>\n\t<meta name=\"twitter:data1\" content=\"2 minutes\" \/>\n<script type=\"application\/ld+json\" class=\"yoast-schema-graph\">{\"@context\":\"https:\\\/\\\/schema.org\",\"@graph\":[{\"@type\":\"WebPage\",\"@id\":\"https:\\\/\\\/dhalmann.fr\\\/music\\\/en\\\/produit\\\/geburstag-i-ii-iii-bruno-giner\\\/\",\"url\":\"https:\\\/\\\/dhalmann.fr\\\/music\\\/en\\\/produit\\\/geburstag-i-ii-iii-bruno-giner\\\/\",\"name\":\"Geburstag I, II , III - Bruno Giner - Editions Fran\u00e7ois Dhalmann\",\"isPartOf\":{\"@id\":\"https:\\\/\\\/dhalmann.fr\\\/music\\\/en\\\/#website\"},\"primaryImageOfPage\":{\"@id\":\"https:\\\/\\\/dhalmann.fr\\\/music\\\/en\\\/produit\\\/geburstag-i-ii-iii-bruno-giner\\\/#primaryimage\"},\"image\":{\"@id\":\"https:\\\/\\\/dhalmann.fr\\\/music\\\/en\\\/produit\\\/geburstag-i-ii-iii-bruno-giner\\\/#primaryimage\"},\"thumbnailUrl\":\"https:\\\/\\\/dhalmann.fr\\\/music\\\/wp-content\\\/uploads\\\/2024\\\/06\\\/FD0821_Geburstag_1.webp\",\"datePublished\":\"2024-06-04T14:44:24+00:00\",\"dateModified\":\"2026-05-05T09:30:12+00:00\",\"description\":\"Trois pieces for six hands piano, easy Sheet music for sale in hard copy or for immediate download\",\"breadcrumb\":{\"@id\":\"https:\\\/\\\/dhalmann.fr\\\/music\\\/en\\\/produit\\\/geburstag-i-ii-iii-bruno-giner\\\/#breadcrumb\"},\"inLanguage\":\"en-US\",\"potentialAction\":[{\"@type\":\"ReadAction\",\"target\":[\"https:\\\/\\\/dhalmann.fr\\\/music\\\/en\\\/produit\\\/geburstag-i-ii-iii-bruno-giner\\\/\"]}]},{\"@type\":\"ImageObject\",\"inLanguage\":\"en-US\",\"@id\":\"https:\\\/\\\/dhalmann.fr\\\/music\\\/en\\\/produit\\\/geburstag-i-ii-iii-bruno-giner\\\/#primaryimage\",\"url\":\"https:\\\/\\\/dhalmann.fr\\\/music\\\/wp-content\\\/uploads\\\/2024\\\/06\\\/FD0821_Geburstag_1.webp\",\"contentUrl\":\"https:\\\/\\\/dhalmann.fr\\\/music\\\/wp-content\\\/uploads\\\/2024\\\/06\\\/FD0821_Geburstag_1.webp\",\"width\":724,\"height\":1024,\"caption\":\"Geburstag 1 - Bruno Giner\"},{\"@type\":\"BreadcrumbList\",\"@id\":\"https:\\\/\\\/dhalmann.fr\\\/music\\\/en\\\/produit\\\/geburstag-i-ii-iii-bruno-giner\\\/#breadcrumb\",\"itemListElement\":[{\"@type\":\"ListItem\",\"position\":1,\"name\":\"Home\",\"item\":\"https:\\\/\\\/dhalmann.fr\\\/music\\\/en\\\/\"},{\"@type\":\"ListItem\",\"position\":2,\"name\":\"Shop\",\"item\":\"https:\\\/\\\/dhalmann.fr\\\/music\\\/en\\\/shop\\\/\"},{\"@type\":\"ListItem\",\"position\":3,\"name\":\"Geburstag I, II , III &#8211; Bruno Giner\"}]},{\"@type\":\"WebSite\",\"@id\":\"https:\\\/\\\/dhalmann.fr\\\/music\\\/en\\\/#website\",\"url\":\"https:\\\/\\\/dhalmann.fr\\\/music\\\/en\\\/\",\"name\":\"Editions Fran\u00e7ois Dhalmann\",\"description\":\"Partitions musicales des Editions Dhalmann pour tous les instruments - Percussion, piano, cordes, vents, ensemble, orchestre et bien plus\",\"publisher\":{\"@id\":\"https:\\\/\\\/dhalmann.fr\\\/music\\\/en\\\/#organization\"},\"alternateName\":\"Dhalmann\",\"potentialAction\":[{\"@type\":\"SearchAction\",\"target\":{\"@type\":\"EntryPoint\",\"urlTemplate\":\"https:\\\/\\\/dhalmann.fr\\\/music\\\/en\\\/?s={search_term_string}\"},\"query-input\":{\"@type\":\"PropertyValueSpecification\",\"valueRequired\":true,\"valueName\":\"search_term_string\"}}],\"inLanguage\":\"en-US\"},{\"@type\":\"Organization\",\"@id\":\"https:\\\/\\\/dhalmann.fr\\\/music\\\/en\\\/#organization\",\"name\":\"Editions Francois Dhalmann\",\"alternateName\":\"Dhalmann\",\"url\":\"https:\\\/\\\/dhalmann.fr\\\/music\\\/en\\\/\",\"logo\":{\"@type\":\"ImageObject\",\"inLanguage\":\"en-US\",\"@id\":\"https:\\\/\\\/dhalmann.fr\\\/music\\\/en\\\/#\\\/schema\\\/logo\\\/image\\\/\",\"url\":\"https:\\\/\\\/dhalmann.fr\\\/music\\\/wp-content\\\/uploads\\\/2021\\\/07\\\/editions-francois-dhalmann-1397749175.jpg\",\"contentUrl\":\"https:\\\/\\\/dhalmann.fr\\\/music\\\/wp-content\\\/uploads\\\/2021\\\/07\\\/editions-francois-dhalmann-1397749175.jpg\",\"width\":559,\"height\":354,\"caption\":\"Editions Francois Dhalmann\"},\"image\":{\"@id\":\"https:\\\/\\\/dhalmann.fr\\\/music\\\/en\\\/#\\\/schema\\\/logo\\\/image\\\/\"},\"sameAs\":[\"https:\\\/\\\/www.facebook.com\\\/EditionsDhalmann\\\/\",\"https:\\\/\\\/x.com\\\/editiondhalmann\",\"https:\\\/\\\/www.youtube.com\\\/channel\\\/UCZdGOJXKqg6ByF1pQloitAg\"]}]}<\/script>\n<!-- \/ Yoast SEO plugin. -->","yoast_head_json":{"title":"Geburstag I, II , III - Bruno Giner - Editions Fran\u00e7ois Dhalmann","description":"Trois pieces for six hands piano, easy Sheet music for sale in hard copy or for immediate download","robots":{"index":"index","follow":"follow","max-snippet":"max-snippet:-1","max-image-preview":"max-image-preview:large","max-video-preview":"max-video-preview:-1"},"canonical":"https:\/\/dhalmann.fr\/music\/en\/produit\/geburstag-i-ii-iii-bruno-giner\/","og_locale":"en_US","og_type":"article","og_title":"Geburstag I, II , III - Bruno Giner - Editions Fran\u00e7ois Dhalmann","og_description":"Trois pieces for six hands piano, easy Sheet music for sale in hard copy or for immediate download","og_url":"https:\/\/dhalmann.fr\/music\/en\/produit\/geburstag-i-ii-iii-bruno-giner\/","og_site_name":"Editions Fran\u00e7ois Dhalmann","article_publisher":"https:\/\/www.facebook.com\/EditionsDhalmann\/","article_modified_time":"2026-05-05T09:30:12+00:00","og_image":[{"width":724,"height":1024,"url":"https:\/\/dhalmann.fr\/music\/wp-content\/uploads\/2024\/06\/FD0821_Geburstag_1.webp","type":"image\/webp"}],"twitter_card":"summary_large_image","twitter_site":"@editiondhalmann","twitter_misc":{"Est. reading time":"2 minutes"},"schema":{"@context":"https:\/\/schema.org","@graph":[{"@type":"WebPage","@id":"https:\/\/dhalmann.fr\/music\/en\/produit\/geburstag-i-ii-iii-bruno-giner\/","url":"https:\/\/dhalmann.fr\/music\/en\/produit\/geburstag-i-ii-iii-bruno-giner\/","name":"Geburstag I, II , III - Bruno Giner - Editions Fran\u00e7ois Dhalmann","isPartOf":{"@id":"https:\/\/dhalmann.fr\/music\/en\/#website"},"primaryImageOfPage":{"@id":"https:\/\/dhalmann.fr\/music\/en\/produit\/geburstag-i-ii-iii-bruno-giner\/#primaryimage"},"image":{"@id":"https:\/\/dhalmann.fr\/music\/en\/produit\/geburstag-i-ii-iii-bruno-giner\/#primaryimage"},"thumbnailUrl":"https:\/\/dhalmann.fr\/music\/wp-content\/uploads\/2024\/06\/FD0821_Geburstag_1.webp","datePublished":"2024-06-04T14:44:24+00:00","dateModified":"2026-05-05T09:30:12+00:00","description":"Trois pieces for six hands piano, easy Sheet music for sale in hard copy or for immediate download","breadcrumb":{"@id":"https:\/\/dhalmann.fr\/music\/en\/produit\/geburstag-i-ii-iii-bruno-giner\/#breadcrumb"},"inLanguage":"en-US","potentialAction":[{"@type":"ReadAction","target":["https:\/\/dhalmann.fr\/music\/en\/produit\/geburstag-i-ii-iii-bruno-giner\/"]}]},{"@type":"ImageObject","inLanguage":"en-US","@id":"https:\/\/dhalmann.fr\/music\/en\/produit\/geburstag-i-ii-iii-bruno-giner\/#primaryimage","url":"https:\/\/dhalmann.fr\/music\/wp-content\/uploads\/2024\/06\/FD0821_Geburstag_1.webp","contentUrl":"https:\/\/dhalmann.fr\/music\/wp-content\/uploads\/2024\/06\/FD0821_Geburstag_1.webp","width":724,"height":1024,"caption":"Geburstag 1 - Bruno Giner"},{"@type":"BreadcrumbList","@id":"https:\/\/dhalmann.fr\/music\/en\/produit\/geburstag-i-ii-iii-bruno-giner\/#breadcrumb","itemListElement":[{"@type":"ListItem","position":1,"name":"Home","item":"https:\/\/dhalmann.fr\/music\/en\/"},{"@type":"ListItem","position":2,"name":"Shop","item":"https:\/\/dhalmann.fr\/music\/en\/shop\/"},{"@type":"ListItem","position":3,"name":"Geburstag I, II , III &#8211; Bruno Giner"}]},{"@type":"WebSite","@id":"https:\/\/dhalmann.fr\/music\/en\/#website","url":"https:\/\/dhalmann.fr\/music\/en\/","name":"Editions Fran\u00e7ois Dhalmann","description":"Partitions musicales des Editions Dhalmann pour tous les instruments - Percussion, piano, cordes, vents, ensemble, orchestre et bien plus","publisher":{"@id":"https:\/\/dhalmann.fr\/music\/en\/#organization"},"alternateName":"Dhalmann","potentialAction":[{"@type":"SearchAction","target":{"@type":"EntryPoint","urlTemplate":"https:\/\/dhalmann.fr\/music\/en\/?s={search_term_string}"},"query-input":{"@type":"PropertyValueSpecification","valueRequired":true,"valueName":"search_term_string"}}],"inLanguage":"en-US"},{"@type":"Organization","@id":"https:\/\/dhalmann.fr\/music\/en\/#organization","name":"Editions Francois Dhalmann","alternateName":"Dhalmann","url":"https:\/\/dhalmann.fr\/music\/en\/","logo":{"@type":"ImageObject","inLanguage":"en-US","@id":"https:\/\/dhalmann.fr\/music\/en\/#\/schema\/logo\/image\/","url":"https:\/\/dhalmann.fr\/music\/wp-content\/uploads\/2021\/07\/editions-francois-dhalmann-1397749175.jpg","contentUrl":"https:\/\/dhalmann.fr\/music\/wp-content\/uploads\/2021\/07\/editions-francois-dhalmann-1397749175.jpg","width":559,"height":354,"caption":"Editions Francois Dhalmann"},"image":{"@id":"https:\/\/dhalmann.fr\/music\/en\/#\/schema\/logo\/image\/"},"sameAs":["https:\/\/www.facebook.com\/EditionsDhalmann\/","https:\/\/x.com\/editiondhalmann","https:\/\/www.youtube.com\/channel\/UCZdGOJXKqg6ByF1pQloitAg"]}]}},"_links":{"self":[{"href":"https:\/\/dhalmann.fr\/music\/en\/wp-json\/wp\/v2\/product\/13678","targetHints":{"allow":["GET"]}}],"collection":[{"href":"https:\/\/dhalmann.fr\/music\/en\/wp-json\/wp\/v2\/product"}],"about":[{"href":"https:\/\/dhalmann.fr\/music\/en\/wp-json\/wp\/v2\/types\/product"}],"wp:featuredmedia":[{"embeddable":true,"href":"https:\/\/dhalmann.fr\/music\/en\/wp-json\/wp\/v2\/media\/10629"}],"wp:attachment":[{"href":"https:\/\/dhalmann.fr\/music\/en\/wp-json\/wp\/v2\/media?parent=13678"}],"wp:term":[{"taxonomy":"product_brand","embeddable":true,"href":"https:\/\/dhalmann.fr\/music\/en\/wp-json\/wp\/v2\/product_brand?post=13678"},{"taxonomy":"product_cat","embeddable":true,"href":"https:\/\/dhalmann.fr\/music\/en\/wp-json\/wp\/v2\/product_cat?post=13678"},{"taxonomy":"product_tag","embeddable":true,"href":"https:\/\/dhalmann.fr\/music\/en\/wp-json\/wp\/v2\/product_tag?post=13678"}],"curies":[{"name":"wp","href":"https:\/\/api.w.org\/{rel}","templated":true}]}}