{"id":3436,"date":"2021-07-20T15:37:24","date_gmt":"2021-07-20T13:37:24","guid":{"rendered":"https:\/\/dhalmann.fr\/music\/product\/thapen-i-ii-et-iii-by-regis-famelart\/"},"modified":"2026-04-01T11:08:02","modified_gmt":"2026-04-01T09:08:02","slug":"thapen-i-ii-et-iii-famelart-regis","status":"publish","type":"product","link":"https:\/\/dhalmann.fr\/music\/en\/produit\/thapen-i-ii-et-iii-famelart-regis\/","title":{"rendered":"Thapen I, II et III by Regis Famelart"},"content":{"rendered":"<h2>Thapen I, II et III by <a href=\"https:\/\/dhalmann.fr\/music\/en\/product-category\/composers\/famelart-regis-en\/\">R\u00e9gis Famelart<\/a><\/h2>\n<h3>Ensembles for at least two percussion keyboards and many more.<\/h3>\n<div id=\"description\" class=\"tab-pane fade in active\" role=\"tabpanel\">\n<div class=\"product-description\">\n<p>In the spirit of American repetitive music, these pieces were created in Valbonne (French Riviera) in May 2011 with twenty-five keyboards.<\/p>\n<p>On the basis of an ostinato, ten cells are linked together but it is up to you to establish the rules of the game. From the simple duo you can multiply the other keyboards at will.<\/p>\n<p>Here are some examples: &#8211; 4 x each reprise &#8211; 7 x each reprise &#8211; from 4 to 7 x each reprise in a random way &#8211; chain the ten cells and come back to cell 1 (mirror) &#8211; make several groups of keyboards (wood, metal&#8230;) etc&#8230;<\/p>\n<p>Each cell corresponds to a specific atmosphere and deals with a technical aspect of playing with two or four sticks: alternate strokes, doubled strokes, double tones, accents, piqu\u00e9s, lourr\u00e9s&#8230;<\/p>\n<p><em>NB<\/em>: The ostinato, if played on the marimba, can be done one octave below. The three versions can be combined and played simultaneously.<\/p>\n<p><strong>Thapen 1<\/strong> : intermediate, 2 mallets ; <strong>Thapen 2<\/strong> : easy, 2 mallets ; <strong>Thapen 3<\/strong> : intermediate-difficult, 4 mallets.<\/p>\n<\/div>\n<\/div>\n","protected":false},"excerpt":{"rendered":"<h3>Ensembles for at least two percussion keyboards and many more.<\/h3>\n","protected":false},"featured_media":3439,"template":"","meta":{"ocean_post_layout":"","ocean_both_sidebars_style":"","ocean_both_sidebars_content_width":0,"ocean_both_sidebars_sidebars_width":0,"ocean_sidebar":"0","ocean_second_sidebar":"0","ocean_disable_margins":"enable","ocean_add_body_class":"","ocean_shortcode_before_top_bar":"","ocean_shortcode_after_top_bar":"","ocean_shortcode_before_header":"","ocean_shortcode_after_header":"","ocean_has_shortcode":"","ocean_shortcode_after_title":"","ocean_shortcode_before_footer_widgets":"","ocean_shortcode_after_footer_widgets":"","ocean_shortcode_before_footer_bottom":"","ocean_shortcode_after_footer_bottom":"","ocean_display_top_bar":"default","ocean_display_header":"default","ocean_header_style":"","ocean_center_header_left_menu":"0","ocean_custom_header_template":"0","ocean_custom_logo":0,"ocean_custom_retina_logo":0,"ocean_custom_logo_max_width":0,"ocean_custom_logo_tablet_max_width":0,"ocean_custom_logo_mobile_max_width":0,"ocean_custom_logo_max_height":0,"ocean_custom_logo_tablet_max_height":0,"ocean_custom_logo_mobile_max_height":0,"ocean_header_custom_menu":"0","ocean_menu_typo_font_family":"0","ocean_menu_typo_font_subset":"","ocean_menu_typo_font_size":0,"ocean_menu_typo_font_size_tablet":0,"ocean_menu_typo_font_size_mobile":0,"ocean_menu_typo_font_size_unit":"px","ocean_menu_typo_font_weight":"","ocean_menu_typo_font_weight_tablet":"","ocean_menu_typo_font_weight_mobile":"","ocean_menu_typo_transform":"","ocean_menu_typo_transform_tablet":"","ocean_menu_typo_transform_mobile":"","ocean_menu_typo_line_height":0,"ocean_menu_typo_line_height_tablet":0,"ocean_menu_typo_line_height_mobile":0,"ocean_menu_typo_line_height_unit":"","ocean_menu_typo_spacing":0,"ocean_menu_typo_spacing_tablet":0,"ocean_menu_typo_spacing_mobile":0,"ocean_menu_typo_spacing_unit":"","ocean_menu_link_color":"","ocean_menu_link_color_hover":"","ocean_menu_link_color_active":"","ocean_menu_link_background":"","ocean_menu_link_hover_background":"","ocean_menu_link_active_background":"","ocean_menu_social_links_bg":"","ocean_menu_social_hover_links_bg":"","ocean_menu_social_links_color":"","ocean_menu_social_hover_links_color":"","ocean_disable_title":"default","ocean_disable_heading":"default","ocean_post_title":"","ocean_post_subheading":"","ocean_post_title_style":"","ocean_post_title_background_color":"","ocean_post_title_background":0,"ocean_post_title_bg_image_position":"","ocean_post_title_bg_image_attachment":"","ocean_post_title_bg_image_repeat":"","ocean_post_title_bg_image_size":"","ocean_post_title_height":0,"ocean_post_title_bg_overlay":0.5,"ocean_post_title_bg_overlay_color":"","ocean_disable_breadcrumbs":"default","ocean_breadcrumbs_color":"","ocean_breadcrumbs_separator_color":"","ocean_breadcrumbs_links_color":"","ocean_breadcrumbs_links_hover_color":"","ocean_display_footer_widgets":"default","ocean_display_footer_bottom":"default","ocean_custom_footer_template":"0"},"product_brand":[],"product_cat":[320,246,321,350,349,354,355],"product_tag":[],"class_list":{"0":"post-3436","1":"product","2":"type-product","3":"status-publish","4":"has-post-thumbnail","6":"product_cat-duo-en","7":"product_cat-famelart-regis-en","8":"product_cat-large-ensemble","9":"product_cat-marimba-en","10":"product_cat-percussion-ensemble","11":"product_cat-vibraphone-en","12":"product_cat-xylophone-en","13":"pa_difficulte-intermediate","15":"entry","16":"has-media","18":"first","19":"instock","20":"taxable","21":"shipping-taxable","22":"purchasable","23":"product-type-variable","24":"add-to-wishlist-before_image","25":"has-product-nav","26":"col","27":"span_1_of_4","28":"owp-content-center","29":"owp-thumbs-layout-horizontal","30":"owp-btn-normal","31":"owp-tabs-layout-horizontal"},"yoast_head":"<!-- This site is optimized with the Yoast SEO plugin v27.5 - https:\/\/yoast.com\/product\/yoast-seo-wordpress\/ -->\n<title>Thapen I, II et III by Regis Famelart - Editions Fran\u00e7ois Dhalmann<\/title>\n<meta name=\"description\" content=\"Partition en vente directe sur le site des Editions Fran\u00e7ois Dhalmann. Partition au format imprim\u00e9 ou en t\u00e9l\u00e9chargement imm\u00e9diat.\" \/>\n<meta name=\"robots\" content=\"index, follow, max-snippet:-1, max-image-preview:large, max-video-preview:-1\" \/>\n<link rel=\"canonical\" href=\"https:\/\/dhalmann.fr\/music\/en\/produit\/thapen-i-ii-et-iii-famelart-regis\/\" \/>\n<meta property=\"og:locale\" content=\"en_US\" \/>\n<meta property=\"og:type\" content=\"article\" \/>\n<meta property=\"og:title\" content=\"Thapen I, II et III by Regis Famelart - Editions Fran\u00e7ois Dhalmann\" \/>\n<meta property=\"og:description\" content=\"Partition en vente directe sur le site des Editions Fran\u00e7ois Dhalmann. Partition au format imprim\u00e9 ou en t\u00e9l\u00e9chargement imm\u00e9diat.\" \/>\n<meta property=\"og:url\" content=\"https:\/\/dhalmann.fr\/music\/en\/produit\/thapen-i-ii-et-iii-famelart-regis\/\" \/>\n<meta property=\"og:site_name\" content=\"Editions Fran\u00e7ois Dhalmann\" \/>\n<meta property=\"article:publisher\" content=\"https:\/\/www.facebook.com\/EditionsDhalmann\/\" \/>\n<meta property=\"article:modified_time\" content=\"2026-04-01T09:08:02+00:00\" \/>\n<meta property=\"og:image\" content=\"https:\/\/dhalmann.fr\/music\/wp-content\/uploads\/2021\/07\/FD0366-thapen.jpg\" \/>\n\t<meta property=\"og:image:width\" content=\"796\" \/>\n\t<meta property=\"og:image:height\" content=\"1126\" \/>\n\t<meta property=\"og:image:type\" content=\"image\/jpeg\" \/>\n<meta name=\"twitter:card\" content=\"summary_large_image\" \/>\n<meta name=\"twitter:site\" content=\"@editiondhalmann\" \/>\n<meta name=\"twitter:label1\" content=\"Est. reading time\" \/>\n\t<meta name=\"twitter:data1\" content=\"1 minute\" \/>\n<script type=\"application\/ld+json\" class=\"yoast-schema-graph\">{\"@context\":\"https:\\\/\\\/schema.org\",\"@graph\":[{\"@type\":\"WebPage\",\"@id\":\"https:\\\/\\\/dhalmann.fr\\\/music\\\/en\\\/produit\\\/thapen-i-ii-et-iii-famelart-regis\\\/\",\"url\":\"https:\\\/\\\/dhalmann.fr\\\/music\\\/en\\\/produit\\\/thapen-i-ii-et-iii-famelart-regis\\\/\",\"name\":\"Thapen I, II et III by Regis Famelart - Editions Fran\u00e7ois Dhalmann\",\"isPartOf\":{\"@id\":\"https:\\\/\\\/dhalmann.fr\\\/music\\\/en\\\/#website\"},\"primaryImageOfPage\":{\"@id\":\"https:\\\/\\\/dhalmann.fr\\\/music\\\/en\\\/produit\\\/thapen-i-ii-et-iii-famelart-regis\\\/#primaryimage\"},\"image\":{\"@id\":\"https:\\\/\\\/dhalmann.fr\\\/music\\\/en\\\/produit\\\/thapen-i-ii-et-iii-famelart-regis\\\/#primaryimage\"},\"thumbnailUrl\":\"https:\\\/\\\/dhalmann.fr\\\/music\\\/wp-content\\\/uploads\\\/2021\\\/07\\\/FD0366-thapen.jpg\",\"datePublished\":\"2021-07-20T13:37:24+00:00\",\"dateModified\":\"2026-04-01T09:08:02+00:00\",\"description\":\"Partition en vente directe sur le site des Editions Fran\u00e7ois Dhalmann. Partition au format imprim\u00e9 ou en t\u00e9l\u00e9chargement imm\u00e9diat.\",\"breadcrumb\":{\"@id\":\"https:\\\/\\\/dhalmann.fr\\\/music\\\/en\\\/produit\\\/thapen-i-ii-et-iii-famelart-regis\\\/#breadcrumb\"},\"inLanguage\":\"en-US\",\"potentialAction\":[{\"@type\":\"ReadAction\",\"target\":[\"https:\\\/\\\/dhalmann.fr\\\/music\\\/en\\\/produit\\\/thapen-i-ii-et-iii-famelart-regis\\\/\"]}]},{\"@type\":\"ImageObject\",\"inLanguage\":\"en-US\",\"@id\":\"https:\\\/\\\/dhalmann.fr\\\/music\\\/en\\\/produit\\\/thapen-i-ii-et-iii-famelart-regis\\\/#primaryimage\",\"url\":\"https:\\\/\\\/dhalmann.fr\\\/music\\\/wp-content\\\/uploads\\\/2021\\\/07\\\/FD0366-thapen.jpg\",\"contentUrl\":\"https:\\\/\\\/dhalmann.fr\\\/music\\\/wp-content\\\/uploads\\\/2021\\\/07\\\/FD0366-thapen.jpg\",\"width\":796,\"height\":1126},{\"@type\":\"BreadcrumbList\",\"@id\":\"https:\\\/\\\/dhalmann.fr\\\/music\\\/en\\\/produit\\\/thapen-i-ii-et-iii-famelart-regis\\\/#breadcrumb\",\"itemListElement\":[{\"@type\":\"ListItem\",\"position\":1,\"name\":\"Home\",\"item\":\"https:\\\/\\\/dhalmann.fr\\\/music\\\/en\\\/\"},{\"@type\":\"ListItem\",\"position\":2,\"name\":\"Shop\",\"item\":\"https:\\\/\\\/dhalmann.fr\\\/music\\\/en\\\/shop\\\/\"},{\"@type\":\"ListItem\",\"position\":3,\"name\":\"Thapen I, II et III by Regis Famelart\"}]},{\"@type\":\"WebSite\",\"@id\":\"https:\\\/\\\/dhalmann.fr\\\/music\\\/en\\\/#website\",\"url\":\"https:\\\/\\\/dhalmann.fr\\\/music\\\/en\\\/\",\"name\":\"Editions Fran\u00e7ois Dhalmann\",\"description\":\"Partitions musicales des Editions Dhalmann pour tous les instruments - Percussion, piano, cordes, vents, ensemble, orchestre et bien plus\",\"publisher\":{\"@id\":\"https:\\\/\\\/dhalmann.fr\\\/music\\\/en\\\/#organization\"},\"alternateName\":\"Dhalmann\",\"potentialAction\":[{\"@type\":\"SearchAction\",\"target\":{\"@type\":\"EntryPoint\",\"urlTemplate\":\"https:\\\/\\\/dhalmann.fr\\\/music\\\/en\\\/?s={search_term_string}\"},\"query-input\":{\"@type\":\"PropertyValueSpecification\",\"valueRequired\":true,\"valueName\":\"search_term_string\"}}],\"inLanguage\":\"en-US\"},{\"@type\":\"Organization\",\"@id\":\"https:\\\/\\\/dhalmann.fr\\\/music\\\/en\\\/#organization\",\"name\":\"Editions Francois Dhalmann\",\"alternateName\":\"Dhalmann\",\"url\":\"https:\\\/\\\/dhalmann.fr\\\/music\\\/en\\\/\",\"logo\":{\"@type\":\"ImageObject\",\"inLanguage\":\"en-US\",\"@id\":\"https:\\\/\\\/dhalmann.fr\\\/music\\\/en\\\/#\\\/schema\\\/logo\\\/image\\\/\",\"url\":\"https:\\\/\\\/dhalmann.fr\\\/music\\\/wp-content\\\/uploads\\\/2021\\\/07\\\/editions-francois-dhalmann-1397749175.jpg\",\"contentUrl\":\"https:\\\/\\\/dhalmann.fr\\\/music\\\/wp-content\\\/uploads\\\/2021\\\/07\\\/editions-francois-dhalmann-1397749175.jpg\",\"width\":559,\"height\":354,\"caption\":\"Editions Francois Dhalmann\"},\"image\":{\"@id\":\"https:\\\/\\\/dhalmann.fr\\\/music\\\/en\\\/#\\\/schema\\\/logo\\\/image\\\/\"},\"sameAs\":[\"https:\\\/\\\/www.facebook.com\\\/EditionsDhalmann\\\/\",\"https:\\\/\\\/x.com\\\/editiondhalmann\",\"https:\\\/\\\/www.youtube.com\\\/channel\\\/UCZdGOJXKqg6ByF1pQloitAg\"]}]}<\/script>\n<!-- \/ Yoast SEO plugin. -->","yoast_head_json":{"title":"Thapen I, II et III by Regis Famelart - Editions Fran\u00e7ois Dhalmann","description":"Partition en vente directe sur le site des Editions Fran\u00e7ois Dhalmann. Partition au format imprim\u00e9 ou en t\u00e9l\u00e9chargement imm\u00e9diat.","robots":{"index":"index","follow":"follow","max-snippet":"max-snippet:-1","max-image-preview":"max-image-preview:large","max-video-preview":"max-video-preview:-1"},"canonical":"https:\/\/dhalmann.fr\/music\/en\/produit\/thapen-i-ii-et-iii-famelart-regis\/","og_locale":"en_US","og_type":"article","og_title":"Thapen I, II et III by Regis Famelart - Editions Fran\u00e7ois Dhalmann","og_description":"Partition en vente directe sur le site des Editions Fran\u00e7ois Dhalmann. Partition au format imprim\u00e9 ou en t\u00e9l\u00e9chargement imm\u00e9diat.","og_url":"https:\/\/dhalmann.fr\/music\/en\/produit\/thapen-i-ii-et-iii-famelart-regis\/","og_site_name":"Editions Fran\u00e7ois Dhalmann","article_publisher":"https:\/\/www.facebook.com\/EditionsDhalmann\/","article_modified_time":"2026-04-01T09:08:02+00:00","og_image":[{"width":796,"height":1126,"url":"https:\/\/dhalmann.fr\/music\/wp-content\/uploads\/2021\/07\/FD0366-thapen.jpg","type":"image\/jpeg"}],"twitter_card":"summary_large_image","twitter_site":"@editiondhalmann","twitter_misc":{"Est. reading time":"1 minute"},"schema":{"@context":"https:\/\/schema.org","@graph":[{"@type":"WebPage","@id":"https:\/\/dhalmann.fr\/music\/en\/produit\/thapen-i-ii-et-iii-famelart-regis\/","url":"https:\/\/dhalmann.fr\/music\/en\/produit\/thapen-i-ii-et-iii-famelart-regis\/","name":"Thapen I, II et III by Regis Famelart - Editions Fran\u00e7ois Dhalmann","isPartOf":{"@id":"https:\/\/dhalmann.fr\/music\/en\/#website"},"primaryImageOfPage":{"@id":"https:\/\/dhalmann.fr\/music\/en\/produit\/thapen-i-ii-et-iii-famelart-regis\/#primaryimage"},"image":{"@id":"https:\/\/dhalmann.fr\/music\/en\/produit\/thapen-i-ii-et-iii-famelart-regis\/#primaryimage"},"thumbnailUrl":"https:\/\/dhalmann.fr\/music\/wp-content\/uploads\/2021\/07\/FD0366-thapen.jpg","datePublished":"2021-07-20T13:37:24+00:00","dateModified":"2026-04-01T09:08:02+00:00","description":"Partition en vente directe sur le site des Editions Fran\u00e7ois Dhalmann. Partition au format imprim\u00e9 ou en t\u00e9l\u00e9chargement imm\u00e9diat.","breadcrumb":{"@id":"https:\/\/dhalmann.fr\/music\/en\/produit\/thapen-i-ii-et-iii-famelart-regis\/#breadcrumb"},"inLanguage":"en-US","potentialAction":[{"@type":"ReadAction","target":["https:\/\/dhalmann.fr\/music\/en\/produit\/thapen-i-ii-et-iii-famelart-regis\/"]}]},{"@type":"ImageObject","inLanguage":"en-US","@id":"https:\/\/dhalmann.fr\/music\/en\/produit\/thapen-i-ii-et-iii-famelart-regis\/#primaryimage","url":"https:\/\/dhalmann.fr\/music\/wp-content\/uploads\/2021\/07\/FD0366-thapen.jpg","contentUrl":"https:\/\/dhalmann.fr\/music\/wp-content\/uploads\/2021\/07\/FD0366-thapen.jpg","width":796,"height":1126},{"@type":"BreadcrumbList","@id":"https:\/\/dhalmann.fr\/music\/en\/produit\/thapen-i-ii-et-iii-famelart-regis\/#breadcrumb","itemListElement":[{"@type":"ListItem","position":1,"name":"Home","item":"https:\/\/dhalmann.fr\/music\/en\/"},{"@type":"ListItem","position":2,"name":"Shop","item":"https:\/\/dhalmann.fr\/music\/en\/shop\/"},{"@type":"ListItem","position":3,"name":"Thapen I, II et III by Regis Famelart"}]},{"@type":"WebSite","@id":"https:\/\/dhalmann.fr\/music\/en\/#website","url":"https:\/\/dhalmann.fr\/music\/en\/","name":"Editions Fran\u00e7ois Dhalmann","description":"Partitions musicales des Editions Dhalmann pour tous les instruments - Percussion, piano, cordes, vents, ensemble, orchestre et bien plus","publisher":{"@id":"https:\/\/dhalmann.fr\/music\/en\/#organization"},"alternateName":"Dhalmann","potentialAction":[{"@type":"SearchAction","target":{"@type":"EntryPoint","urlTemplate":"https:\/\/dhalmann.fr\/music\/en\/?s={search_term_string}"},"query-input":{"@type":"PropertyValueSpecification","valueRequired":true,"valueName":"search_term_string"}}],"inLanguage":"en-US"},{"@type":"Organization","@id":"https:\/\/dhalmann.fr\/music\/en\/#organization","name":"Editions Francois Dhalmann","alternateName":"Dhalmann","url":"https:\/\/dhalmann.fr\/music\/en\/","logo":{"@type":"ImageObject","inLanguage":"en-US","@id":"https:\/\/dhalmann.fr\/music\/en\/#\/schema\/logo\/image\/","url":"https:\/\/dhalmann.fr\/music\/wp-content\/uploads\/2021\/07\/editions-francois-dhalmann-1397749175.jpg","contentUrl":"https:\/\/dhalmann.fr\/music\/wp-content\/uploads\/2021\/07\/editions-francois-dhalmann-1397749175.jpg","width":559,"height":354,"caption":"Editions Francois Dhalmann"},"image":{"@id":"https:\/\/dhalmann.fr\/music\/en\/#\/schema\/logo\/image\/"},"sameAs":["https:\/\/www.facebook.com\/EditionsDhalmann\/","https:\/\/x.com\/editiondhalmann","https:\/\/www.youtube.com\/channel\/UCZdGOJXKqg6ByF1pQloitAg"]}]}},"_links":{"self":[{"href":"https:\/\/dhalmann.fr\/music\/en\/wp-json\/wp\/v2\/product\/3436","targetHints":{"allow":["GET"]}}],"collection":[{"href":"https:\/\/dhalmann.fr\/music\/en\/wp-json\/wp\/v2\/product"}],"about":[{"href":"https:\/\/dhalmann.fr\/music\/en\/wp-json\/wp\/v2\/types\/product"}],"wp:featuredmedia":[{"embeddable":true,"href":"https:\/\/dhalmann.fr\/music\/en\/wp-json\/wp\/v2\/media\/3439"}],"wp:attachment":[{"href":"https:\/\/dhalmann.fr\/music\/en\/wp-json\/wp\/v2\/media?parent=3436"}],"wp:term":[{"taxonomy":"product_brand","embeddable":true,"href":"https:\/\/dhalmann.fr\/music\/en\/wp-json\/wp\/v2\/product_brand?post=3436"},{"taxonomy":"product_cat","embeddable":true,"href":"https:\/\/dhalmann.fr\/music\/en\/wp-json\/wp\/v2\/product_cat?post=3436"},{"taxonomy":"product_tag","embeddable":true,"href":"https:\/\/dhalmann.fr\/music\/en\/wp-json\/wp\/v2\/product_tag?post=3436"}],"curies":[{"name":"wp","href":"https:\/\/api.w.org\/{rel}","templated":true}]}}