{"id":4381,"date":"2021-07-20T15:02:27","date_gmt":"2021-07-20T13:02:27","guid":{"rendered":"https:\/\/dhalmann.fr\/music\/product\/charlie-bruno-giner\/"},"modified":"2023-09-06T11:18:33","modified_gmt":"2023-09-06T09:18:33","slug":"charlie-giner-bruno","status":"publish","type":"product","link":"https:\/\/dhalmann.fr\/music\/en\/produit\/charlie-giner-bruno\/","title":{"rendered":"Charlie &#8211; Bruno Giner"},"content":{"rendered":"<h2>Charlie &#8211; <a href=\"https:\/\/dhalmann.fr\/music\/en\/product-category\/composers\/giner-bruno-en\/\">Bruno Giner<\/a><\/h2>\n<h3>Musical fable based on <strong>&#8220;<a href=\"https:\/\/fr.wikipedia.org\/wiki\/Matin_brun\">Matin brun<\/a>&#8220;<\/strong> by <strong>Franck Pavloff<\/strong>.<\/h3>\n<h3>For soprano voice, clarinet, piano, percussion, violin, cello.<\/h3>\n<h4>Conductor score<\/h4>\n<p><strong>Full score and parts on rental, <a href=\"https:\/\/dhalmann.fr\/music\/en\/contact\/\">contac us<\/a>.<\/strong><\/p>\n<p>* <em>Summary of the action<\/em>: Charlie and his buddy live a period confused by the rise of a totalitarian regime: the Brown State&#8230; * Summary of the action: Charlie and his buddy live a period confused by the rise of a totalitarian regime: the Brown State&#8230; The brown state has arbitrarily decreed to eliminate all cats that are not brown. Some time later, the same is true for dogs, newspapers, publishing houses and libraries. Soon the militia arrests all owners of non-compliant dogs and cats. Nevertheless, Charlie and his friend continue to live in a very ordinary way, between horse races, card games, soccer games and other moments of everyday life. Neither heroes nor bastards. Simply, to avoid trouble, they look away and accept every new constraint.<\/p>\n<p>&#8220;In 2003 I discovered by chance <strong>Matin Brun<\/strong> by <em><strong>Franck Pavloff<\/strong><\/em>, a short novel of a few pages which describes both the rise of a totalitarian regime and the reaction &#8211; or more exactly the absence of reaction &#8211; of the protagonists, namely Charlie and his pal. It is an extremely simple story (almost a children&#8217;s tale), readable in a few minutes and yet capable of generating long hours of reflection&#8230;<\/p>\n<p>Composed for the <strong>Aleph ensemble<\/strong>, <strong>Matin Brun<\/strong> has been transformed into <em><strong>Charlie<\/strong><\/em>, a sort of contemporary musical fable with only one character (Charlie&#8217;s friend) where recitatives, songs, slogans, arias, spoken or sung choruses, collages, quotations, etc. are mixed together.<\/p>\n<p>Deliberately derived from the small operatic forms of the 1920s\/1930s <em><strong>Charlie<\/strong>is an attempt to answer several questions that have been nagging at my ear as much as my mind: how to musically carry a text that makes sense? How to bring together classical and popular music? How to blend the musical language without falling into the old-fashioned or plagiarism? How to manage the atonal-tonal-modal relationship and give it meaning? What is the role of the musicians in a dramaturgy that is not quite musical theater and even less music for the theater? In short, how can one appropriate a certain form of post-modernity when one has been &#8220;nursed &#8221; in the post-war avant-gardes ? \u00bb <strong>Bruno Giner.<\/strong><\/em><\/p>\n<p>Collection &#8221; <em><strong>Carnets du 21e si\u00e8cle<\/strong><\/em>&#8220;, directed by <em><strong>Bruno Giner<\/strong><\/em>.<\/p>\n<p><iframe title=\"YouTube video player\" src=\"https:\/\/www.youtube.com\/embed\/YDcMKLjZVkI\" width=\"480\" height=\"266\" frameborder=\"0\" allowfullscreen=\"allowfullscreen\"><\/iframe><br \/>\n<iframe src=\"https:\/\/www.youtube.com\/embed\/z0TKSFed_Uc\" width=\"480\" height=\"266\" frameborder=\"0\"><\/iframe><\/p>\n","protected":false},"excerpt":{"rendered":"<h3>Musical fable based on <strong> &#8220;Matin brun&#8221;<\/strong> by <strong>Franck Pavloff<\/strong>.<\/h3>\n<h3>For soprano voice, clarinet, piano, percussion, violin, cello.<\/h3>\n<h4>Conductor score<\/h4>\n<p><strong>Full score and parts on rental, <a href=\"https:\/\/dhalmann.fr\/music\/contact\/\">contac us<\/a>.<\/strong><\/p>\n","protected":false},"featured_media":4382,"template":"","meta":{"ocean_post_layout":"","ocean_both_sidebars_style":"","ocean_both_sidebars_content_width":0,"ocean_both_sidebars_sidebars_width":0,"ocean_sidebar":"0","ocean_second_sidebar":"0","ocean_disable_margins":"enable","ocean_add_body_class":"","ocean_shortcode_before_top_bar":"","ocean_shortcode_after_top_bar":"","ocean_shortcode_before_header":"","ocean_shortcode_after_header":"","ocean_has_shortcode":"","ocean_shortcode_after_title":"","ocean_shortcode_before_footer_widgets":"","ocean_shortcode_after_footer_widgets":"","ocean_shortcode_before_footer_bottom":"","ocean_shortcode_after_footer_bottom":"","ocean_display_top_bar":"default","ocean_display_header":"default","ocean_header_style":"","ocean_center_header_left_menu":"0","ocean_custom_header_template":"0","ocean_custom_logo":0,"ocean_custom_retina_logo":0,"ocean_custom_logo_max_width":0,"ocean_custom_logo_tablet_max_width":0,"ocean_custom_logo_mobile_max_width":0,"ocean_custom_logo_max_height":0,"ocean_custom_logo_tablet_max_height":0,"ocean_custom_logo_mobile_max_height":0,"ocean_header_custom_menu":"0","ocean_menu_typo_font_family":"0","ocean_menu_typo_font_subset":"","ocean_menu_typo_font_size":0,"ocean_menu_typo_font_size_tablet":0,"ocean_menu_typo_font_size_mobile":0,"ocean_menu_typo_font_size_unit":"px","ocean_menu_typo_font_weight":"","ocean_menu_typo_font_weight_tablet":"","ocean_menu_typo_font_weight_mobile":"","ocean_menu_typo_transform":"","ocean_menu_typo_transform_tablet":"","ocean_menu_typo_transform_mobile":"","ocean_menu_typo_line_height":0,"ocean_menu_typo_line_height_tablet":0,"ocean_menu_typo_line_height_mobile":0,"ocean_menu_typo_line_height_unit":"","ocean_menu_typo_spacing":0,"ocean_menu_typo_spacing_tablet":0,"ocean_menu_typo_spacing_mobile":0,"ocean_menu_typo_spacing_unit":"","ocean_menu_link_color":"","ocean_menu_link_color_hover":"","ocean_menu_link_color_active":"","ocean_menu_link_background":"","ocean_menu_link_hover_background":"","ocean_menu_link_active_background":"","ocean_menu_social_links_bg":"","ocean_menu_social_hover_links_bg":"","ocean_menu_social_links_color":"","ocean_menu_social_hover_links_color":"","ocean_disable_title":"default","ocean_disable_heading":"default","ocean_post_title":"","ocean_post_subheading":"","ocean_post_title_style":"","ocean_post_title_background_color":"","ocean_post_title_background":0,"ocean_post_title_bg_image_position":"","ocean_post_title_bg_image_attachment":"","ocean_post_title_bg_image_repeat":"","ocean_post_title_bg_image_size":"","ocean_post_title_height":0,"ocean_post_title_bg_overlay":0.5,"ocean_post_title_bg_overlay_color":"","ocean_disable_breadcrumbs":"default","ocean_breadcrumbs_color":"","ocean_breadcrumbs_separator_color":"","ocean_breadcrumbs_links_color":"","ocean_breadcrumbs_links_hover_color":"","ocean_display_footer_widgets":"default","ocean_display_footer_bottom":"default","ocean_custom_footer_template":"0"},"product_brand":[],"product_cat":[343,259],"product_tag":[],"class_list":{"0":"post-4381","1":"product","2":"type-product","3":"status-publish","4":"has-post-thumbnail","6":"product_cat-chamber-music","7":"product_cat-giner-bruno-en","8":"pa_difficulte-difficult","10":"entry","11":"has-media","13":"first","14":"instock","15":"taxable","16":"shipping-taxable","17":"purchasable","18":"product-type-simple","19":"add-to-wishlist-before_image","20":"has-product-nav","21":"col","22":"span_1_of_4","23":"owp-content-center","24":"owp-thumbs-layout-horizontal","25":"owp-btn-normal","26":"owp-tabs-layout-horizontal"},"yoast_head":"<!-- This site is optimized with the Yoast SEO plugin v27.5 - https:\/\/yoast.com\/product\/yoast-seo-wordpress\/ -->\n<title>Charlie - Bruno Giner - Editions Fran\u00e7ois Dhalmann<\/title>\n<meta name=\"description\" content=\"Partition en vente directe sur le site des Editions Fran\u00e7ois Dhalmann. Partition au format imprim\u00e9 ou en t\u00e9l\u00e9chargement imm\u00e9diat.\" \/>\n<meta name=\"robots\" content=\"index, follow, max-snippet:-1, max-image-preview:large, max-video-preview:-1\" \/>\n<link rel=\"canonical\" href=\"https:\/\/dhalmann.fr\/music\/en\/produit\/charlie-giner-bruno\/\" \/>\n<meta property=\"og:locale\" content=\"en_US\" \/>\n<meta property=\"og:type\" content=\"article\" \/>\n<meta property=\"og:title\" content=\"Charlie - Bruno Giner - Editions Fran\u00e7ois Dhalmann\" \/>\n<meta property=\"og:description\" content=\"Partition en vente directe sur le site des Editions Fran\u00e7ois Dhalmann. Partition au format imprim\u00e9 ou en t\u00e9l\u00e9chargement imm\u00e9diat.\" \/>\n<meta property=\"og:url\" content=\"https:\/\/dhalmann.fr\/music\/en\/produit\/charlie-giner-bruno\/\" \/>\n<meta property=\"og:site_name\" content=\"Editions Fran\u00e7ois Dhalmann\" \/>\n<meta property=\"article:publisher\" content=\"https:\/\/www.facebook.com\/EditionsDhalmann\/\" \/>\n<meta property=\"article:modified_time\" content=\"2023-09-06T09:18:33+00:00\" \/>\n<meta property=\"og:image\" content=\"https:\/\/dhalmann.fr\/music\/wp-content\/uploads\/2021\/07\/FD0120-charlie.jpg\" \/>\n\t<meta property=\"og:image:width\" content=\"797\" \/>\n\t<meta property=\"og:image:height\" content=\"1127\" \/>\n\t<meta property=\"og:image:type\" content=\"image\/jpeg\" \/>\n<meta name=\"twitter:card\" content=\"summary_large_image\" \/>\n<meta name=\"twitter:site\" content=\"@editiondhalmann\" \/>\n<meta name=\"twitter:label1\" content=\"Est. reading time\" \/>\n\t<meta name=\"twitter:data1\" content=\"2 minutes\" \/>\n<script type=\"application\/ld+json\" class=\"yoast-schema-graph\">{\"@context\":\"https:\\\/\\\/schema.org\",\"@graph\":[{\"@type\":\"WebPage\",\"@id\":\"https:\\\/\\\/dhalmann.fr\\\/music\\\/en\\\/produit\\\/charlie-giner-bruno\\\/\",\"url\":\"https:\\\/\\\/dhalmann.fr\\\/music\\\/en\\\/produit\\\/charlie-giner-bruno\\\/\",\"name\":\"Charlie - Bruno Giner - Editions Fran\u00e7ois Dhalmann\",\"isPartOf\":{\"@id\":\"https:\\\/\\\/dhalmann.fr\\\/music\\\/en\\\/#website\"},\"primaryImageOfPage\":{\"@id\":\"https:\\\/\\\/dhalmann.fr\\\/music\\\/en\\\/produit\\\/charlie-giner-bruno\\\/#primaryimage\"},\"image\":{\"@id\":\"https:\\\/\\\/dhalmann.fr\\\/music\\\/en\\\/produit\\\/charlie-giner-bruno\\\/#primaryimage\"},\"thumbnailUrl\":\"https:\\\/\\\/dhalmann.fr\\\/music\\\/wp-content\\\/uploads\\\/2021\\\/07\\\/FD0120-charlie.jpg\",\"datePublished\":\"2021-07-20T13:02:27+00:00\",\"dateModified\":\"2023-09-06T09:18:33+00:00\",\"description\":\"Partition en vente directe sur le site des Editions Fran\u00e7ois Dhalmann. Partition au format imprim\u00e9 ou en t\u00e9l\u00e9chargement imm\u00e9diat.\",\"breadcrumb\":{\"@id\":\"https:\\\/\\\/dhalmann.fr\\\/music\\\/en\\\/produit\\\/charlie-giner-bruno\\\/#breadcrumb\"},\"inLanguage\":\"en-US\",\"potentialAction\":[{\"@type\":\"ReadAction\",\"target\":[\"https:\\\/\\\/dhalmann.fr\\\/music\\\/en\\\/produit\\\/charlie-giner-bruno\\\/\"]}]},{\"@type\":\"ImageObject\",\"inLanguage\":\"en-US\",\"@id\":\"https:\\\/\\\/dhalmann.fr\\\/music\\\/en\\\/produit\\\/charlie-giner-bruno\\\/#primaryimage\",\"url\":\"https:\\\/\\\/dhalmann.fr\\\/music\\\/wp-content\\\/uploads\\\/2021\\\/07\\\/FD0120-charlie.jpg\",\"contentUrl\":\"https:\\\/\\\/dhalmann.fr\\\/music\\\/wp-content\\\/uploads\\\/2021\\\/07\\\/FD0120-charlie.jpg\",\"width\":797,\"height\":1127,\"caption\":\"Charlie\"},{\"@type\":\"BreadcrumbList\",\"@id\":\"https:\\\/\\\/dhalmann.fr\\\/music\\\/en\\\/produit\\\/charlie-giner-bruno\\\/#breadcrumb\",\"itemListElement\":[{\"@type\":\"ListItem\",\"position\":1,\"name\":\"Home\",\"item\":\"https:\\\/\\\/dhalmann.fr\\\/music\\\/en\\\/\"},{\"@type\":\"ListItem\",\"position\":2,\"name\":\"Shop\",\"item\":\"https:\\\/\\\/dhalmann.fr\\\/music\\\/en\\\/shop\\\/\"},{\"@type\":\"ListItem\",\"position\":3,\"name\":\"Charlie &#8211; Bruno Giner\"}]},{\"@type\":\"WebSite\",\"@id\":\"https:\\\/\\\/dhalmann.fr\\\/music\\\/en\\\/#website\",\"url\":\"https:\\\/\\\/dhalmann.fr\\\/music\\\/en\\\/\",\"name\":\"Editions Fran\u00e7ois Dhalmann\",\"description\":\"Partitions musicales des Editions Dhalmann pour tous les instruments - Percussion, piano, cordes, vents, ensemble, orchestre et bien plus\",\"publisher\":{\"@id\":\"https:\\\/\\\/dhalmann.fr\\\/music\\\/en\\\/#organization\"},\"alternateName\":\"Dhalmann\",\"potentialAction\":[{\"@type\":\"SearchAction\",\"target\":{\"@type\":\"EntryPoint\",\"urlTemplate\":\"https:\\\/\\\/dhalmann.fr\\\/music\\\/en\\\/?s={search_term_string}\"},\"query-input\":{\"@type\":\"PropertyValueSpecification\",\"valueRequired\":true,\"valueName\":\"search_term_string\"}}],\"inLanguage\":\"en-US\"},{\"@type\":\"Organization\",\"@id\":\"https:\\\/\\\/dhalmann.fr\\\/music\\\/en\\\/#organization\",\"name\":\"Editions Francois Dhalmann\",\"alternateName\":\"Dhalmann\",\"url\":\"https:\\\/\\\/dhalmann.fr\\\/music\\\/en\\\/\",\"logo\":{\"@type\":\"ImageObject\",\"inLanguage\":\"en-US\",\"@id\":\"https:\\\/\\\/dhalmann.fr\\\/music\\\/en\\\/#\\\/schema\\\/logo\\\/image\\\/\",\"url\":\"https:\\\/\\\/dhalmann.fr\\\/music\\\/wp-content\\\/uploads\\\/2021\\\/07\\\/editions-francois-dhalmann-1397749175.jpg\",\"contentUrl\":\"https:\\\/\\\/dhalmann.fr\\\/music\\\/wp-content\\\/uploads\\\/2021\\\/07\\\/editions-francois-dhalmann-1397749175.jpg\",\"width\":559,\"height\":354,\"caption\":\"Editions Francois Dhalmann\"},\"image\":{\"@id\":\"https:\\\/\\\/dhalmann.fr\\\/music\\\/en\\\/#\\\/schema\\\/logo\\\/image\\\/\"},\"sameAs\":[\"https:\\\/\\\/www.facebook.com\\\/EditionsDhalmann\\\/\",\"https:\\\/\\\/x.com\\\/editiondhalmann\",\"https:\\\/\\\/www.youtube.com\\\/channel\\\/UCZdGOJXKqg6ByF1pQloitAg\"]}]}<\/script>\n<!-- \/ Yoast SEO plugin. -->","yoast_head_json":{"title":"Charlie - Bruno Giner - Editions Fran\u00e7ois Dhalmann","description":"Partition en vente directe sur le site des Editions Fran\u00e7ois Dhalmann. Partition au format imprim\u00e9 ou en t\u00e9l\u00e9chargement imm\u00e9diat.","robots":{"index":"index","follow":"follow","max-snippet":"max-snippet:-1","max-image-preview":"max-image-preview:large","max-video-preview":"max-video-preview:-1"},"canonical":"https:\/\/dhalmann.fr\/music\/en\/produit\/charlie-giner-bruno\/","og_locale":"en_US","og_type":"article","og_title":"Charlie - Bruno Giner - Editions Fran\u00e7ois Dhalmann","og_description":"Partition en vente directe sur le site des Editions Fran\u00e7ois Dhalmann. Partition au format imprim\u00e9 ou en t\u00e9l\u00e9chargement imm\u00e9diat.","og_url":"https:\/\/dhalmann.fr\/music\/en\/produit\/charlie-giner-bruno\/","og_site_name":"Editions Fran\u00e7ois Dhalmann","article_publisher":"https:\/\/www.facebook.com\/EditionsDhalmann\/","article_modified_time":"2023-09-06T09:18:33+00:00","og_image":[{"width":797,"height":1127,"url":"https:\/\/dhalmann.fr\/music\/wp-content\/uploads\/2021\/07\/FD0120-charlie.jpg","type":"image\/jpeg"}],"twitter_card":"summary_large_image","twitter_site":"@editiondhalmann","twitter_misc":{"Est. reading time":"2 minutes"},"schema":{"@context":"https:\/\/schema.org","@graph":[{"@type":"WebPage","@id":"https:\/\/dhalmann.fr\/music\/en\/produit\/charlie-giner-bruno\/","url":"https:\/\/dhalmann.fr\/music\/en\/produit\/charlie-giner-bruno\/","name":"Charlie - Bruno Giner - Editions Fran\u00e7ois Dhalmann","isPartOf":{"@id":"https:\/\/dhalmann.fr\/music\/en\/#website"},"primaryImageOfPage":{"@id":"https:\/\/dhalmann.fr\/music\/en\/produit\/charlie-giner-bruno\/#primaryimage"},"image":{"@id":"https:\/\/dhalmann.fr\/music\/en\/produit\/charlie-giner-bruno\/#primaryimage"},"thumbnailUrl":"https:\/\/dhalmann.fr\/music\/wp-content\/uploads\/2021\/07\/FD0120-charlie.jpg","datePublished":"2021-07-20T13:02:27+00:00","dateModified":"2023-09-06T09:18:33+00:00","description":"Partition en vente directe sur le site des Editions Fran\u00e7ois Dhalmann. Partition au format imprim\u00e9 ou en t\u00e9l\u00e9chargement imm\u00e9diat.","breadcrumb":{"@id":"https:\/\/dhalmann.fr\/music\/en\/produit\/charlie-giner-bruno\/#breadcrumb"},"inLanguage":"en-US","potentialAction":[{"@type":"ReadAction","target":["https:\/\/dhalmann.fr\/music\/en\/produit\/charlie-giner-bruno\/"]}]},{"@type":"ImageObject","inLanguage":"en-US","@id":"https:\/\/dhalmann.fr\/music\/en\/produit\/charlie-giner-bruno\/#primaryimage","url":"https:\/\/dhalmann.fr\/music\/wp-content\/uploads\/2021\/07\/FD0120-charlie.jpg","contentUrl":"https:\/\/dhalmann.fr\/music\/wp-content\/uploads\/2021\/07\/FD0120-charlie.jpg","width":797,"height":1127,"caption":"Charlie"},{"@type":"BreadcrumbList","@id":"https:\/\/dhalmann.fr\/music\/en\/produit\/charlie-giner-bruno\/#breadcrumb","itemListElement":[{"@type":"ListItem","position":1,"name":"Home","item":"https:\/\/dhalmann.fr\/music\/en\/"},{"@type":"ListItem","position":2,"name":"Shop","item":"https:\/\/dhalmann.fr\/music\/en\/shop\/"},{"@type":"ListItem","position":3,"name":"Charlie &#8211; Bruno Giner"}]},{"@type":"WebSite","@id":"https:\/\/dhalmann.fr\/music\/en\/#website","url":"https:\/\/dhalmann.fr\/music\/en\/","name":"Editions Fran\u00e7ois Dhalmann","description":"Partitions musicales des Editions Dhalmann pour tous les instruments - Percussion, piano, cordes, vents, ensemble, orchestre et bien plus","publisher":{"@id":"https:\/\/dhalmann.fr\/music\/en\/#organization"},"alternateName":"Dhalmann","potentialAction":[{"@type":"SearchAction","target":{"@type":"EntryPoint","urlTemplate":"https:\/\/dhalmann.fr\/music\/en\/?s={search_term_string}"},"query-input":{"@type":"PropertyValueSpecification","valueRequired":true,"valueName":"search_term_string"}}],"inLanguage":"en-US"},{"@type":"Organization","@id":"https:\/\/dhalmann.fr\/music\/en\/#organization","name":"Editions Francois Dhalmann","alternateName":"Dhalmann","url":"https:\/\/dhalmann.fr\/music\/en\/","logo":{"@type":"ImageObject","inLanguage":"en-US","@id":"https:\/\/dhalmann.fr\/music\/en\/#\/schema\/logo\/image\/","url":"https:\/\/dhalmann.fr\/music\/wp-content\/uploads\/2021\/07\/editions-francois-dhalmann-1397749175.jpg","contentUrl":"https:\/\/dhalmann.fr\/music\/wp-content\/uploads\/2021\/07\/editions-francois-dhalmann-1397749175.jpg","width":559,"height":354,"caption":"Editions Francois Dhalmann"},"image":{"@id":"https:\/\/dhalmann.fr\/music\/en\/#\/schema\/logo\/image\/"},"sameAs":["https:\/\/www.facebook.com\/EditionsDhalmann\/","https:\/\/x.com\/editiondhalmann","https:\/\/www.youtube.com\/channel\/UCZdGOJXKqg6ByF1pQloitAg"]}]}},"_links":{"self":[{"href":"https:\/\/dhalmann.fr\/music\/en\/wp-json\/wp\/v2\/product\/4381","targetHints":{"allow":["GET"]}}],"collection":[{"href":"https:\/\/dhalmann.fr\/music\/en\/wp-json\/wp\/v2\/product"}],"about":[{"href":"https:\/\/dhalmann.fr\/music\/en\/wp-json\/wp\/v2\/types\/product"}],"wp:featuredmedia":[{"embeddable":true,"href":"https:\/\/dhalmann.fr\/music\/en\/wp-json\/wp\/v2\/media\/4382"}],"wp:attachment":[{"href":"https:\/\/dhalmann.fr\/music\/en\/wp-json\/wp\/v2\/media?parent=4381"}],"wp:term":[{"taxonomy":"product_brand","embeddable":true,"href":"https:\/\/dhalmann.fr\/music\/en\/wp-json\/wp\/v2\/product_brand?post=4381"},{"taxonomy":"product_cat","embeddable":true,"href":"https:\/\/dhalmann.fr\/music\/en\/wp-json\/wp\/v2\/product_cat?post=4381"},{"taxonomy":"product_tag","embeddable":true,"href":"https:\/\/dhalmann.fr\/music\/en\/wp-json\/wp\/v2\/product_tag?post=4381"}],"curies":[{"name":"wp","href":"https:\/\/api.w.org\/{rel}","templated":true}]}}