{"id":5708,"date":"2021-07-19T15:52:25","date_gmt":"2021-07-19T13:52:25","guid":{"rendered":"https:\/\/dhalmann.fr\/music\/product\/utage-aiko-miyamoto\/"},"modified":"2023-09-08T16:59:34","modified_gmt":"2023-09-08T14:59:34","slug":"utage-miyamoto-aiko","status":"publish","type":"product","link":"https:\/\/dhalmann.fr\/music\/en\/produit\/utage-miyamoto-aiko\/","title":{"rendered":"Utage &#8211; A\u00efko Miyamoto"},"content":{"rendered":"<h2>Utage &#8211; <a href=\"https:\/\/dhalmann.fr\/music\/product-category\/auteurs\/miyamoto-aiko\/\">A\u00efko Miyamoto<\/a><\/h2>\n<h3>Sheet music for xylophone or marimba.<\/h3>\n<p>For intermediate player<\/p>\n<div id=\"description\" class=\"tab-pane fade in active\" role=\"tabpanel\">\n<div class=\"product-description\">\n<p>&#8220;In Japan, a &#8220;<strong>Utage<\/strong>&#8221; is a group of friends who get together to have a party.<\/p>\n<p>This evening everything is allowed, we sing and dance, we have fun.<\/p>\n<p>In this work I wanted to tell a &#8220;Utage&#8221;: a Japanese song is sung, followed by a fast and accentuated dance, becoming, in the excitement of the party, completely disorganized.<\/p>\n<p>It is a small humorous piece, to be played without moderation! &#8221; <em><strong>A\u00efko Miyamoto.<\/strong><\/em><\/p>\n<p><em><strong>Duration <\/strong><\/em>: circa 2&#8217;30<\/p>\n<p><audio controls=\"controls\"><source src=\"https:\/\/www.dhalmann.fr\/sonsefd\/FD0074_01.mp3\" type=\"audio\/mpeg\"><\/source><\/audio><\/p>\n<\/div>\n<\/div>\n","protected":false},"excerpt":{"rendered":"<h3>Sheet music for xylophone or marimba.<\/h3>\n","protected":false},"featured_media":1096,"template":"","meta":{"ocean_post_layout":"","ocean_both_sidebars_style":"","ocean_both_sidebars_content_width":0,"ocean_both_sidebars_sidebars_width":0,"ocean_sidebar":"0","ocean_second_sidebar":"0","ocean_disable_margins":"enable","ocean_add_body_class":"","ocean_shortcode_before_top_bar":"","ocean_shortcode_after_top_bar":"","ocean_shortcode_before_header":"","ocean_shortcode_after_header":"","ocean_has_shortcode":"","ocean_shortcode_after_title":"","ocean_shortcode_before_footer_widgets":"","ocean_shortcode_after_footer_widgets":"","ocean_shortcode_before_footer_bottom":"","ocean_shortcode_after_footer_bottom":"","ocean_display_top_bar":"default","ocean_display_header":"default","ocean_header_style":"","ocean_center_header_left_menu":"0","ocean_custom_header_template":"0","ocean_custom_logo":0,"ocean_custom_retina_logo":0,"ocean_custom_logo_max_width":0,"ocean_custom_logo_tablet_max_width":0,"ocean_custom_logo_mobile_max_width":0,"ocean_custom_logo_max_height":0,"ocean_custom_logo_tablet_max_height":0,"ocean_custom_logo_mobile_max_height":0,"ocean_header_custom_menu":"0","ocean_menu_typo_font_family":"0","ocean_menu_typo_font_subset":"","ocean_menu_typo_font_size":0,"ocean_menu_typo_font_size_tablet":0,"ocean_menu_typo_font_size_mobile":0,"ocean_menu_typo_font_size_unit":"px","ocean_menu_typo_font_weight":"","ocean_menu_typo_font_weight_tablet":"","ocean_menu_typo_font_weight_mobile":"","ocean_menu_typo_transform":"","ocean_menu_typo_transform_tablet":"","ocean_menu_typo_transform_mobile":"","ocean_menu_typo_line_height":0,"ocean_menu_typo_line_height_tablet":0,"ocean_menu_typo_line_height_mobile":0,"ocean_menu_typo_line_height_unit":"","ocean_menu_typo_spacing":0,"ocean_menu_typo_spacing_tablet":0,"ocean_menu_typo_spacing_mobile":0,"ocean_menu_typo_spacing_unit":"","ocean_menu_link_color":"","ocean_menu_link_color_hover":"","ocean_menu_link_color_active":"","ocean_menu_link_background":"","ocean_menu_link_hover_background":"","ocean_menu_link_active_background":"","ocean_menu_social_links_bg":"","ocean_menu_social_hover_links_bg":"","ocean_menu_social_links_color":"","ocean_menu_social_hover_links_color":"","ocean_disable_title":"default","ocean_disable_heading":"default","ocean_post_title":"","ocean_post_subheading":"","ocean_post_title_style":"","ocean_post_title_background_color":"","ocean_post_title_background":0,"ocean_post_title_bg_image_position":"","ocean_post_title_bg_image_attachment":"","ocean_post_title_bg_image_repeat":"","ocean_post_title_bg_image_size":"","ocean_post_title_height":0,"ocean_post_title_bg_overlay":0.5,"ocean_post_title_bg_overlay_color":"","ocean_disable_breadcrumbs":"default","ocean_breadcrumbs_color":"","ocean_breadcrumbs_separator_color":"","ocean_breadcrumbs_links_color":"","ocean_breadcrumbs_links_hover_color":"","ocean_display_footer_widgets":"default","ocean_display_footer_bottom":"default","ocean_custom_footer_template":"0"},"product_brand":[],"product_cat":[281,219,536,355],"product_tag":[],"class_list":{"0":"post-5708","1":"product","2":"type-product","3":"status-publish","4":"has-post-thumbnail","6":"product_cat-miyamoto-aiko-en","7":"product_cat-solo-en","8":"product_cat-women-composers","9":"product_cat-xylophone-en","10":"pa_difficulte-intermediate","12":"entry","13":"has-media","15":"first","16":"instock","17":"taxable","18":"shipping-taxable","19":"purchasable","20":"product-type-variable","21":"add-to-wishlist-before_image","22":"has-product-nav","23":"col","24":"span_1_of_4","25":"owp-content-center","26":"owp-thumbs-layout-horizontal","27":"owp-btn-normal","28":"owp-tabs-layout-horizontal"},"yoast_head":"<!-- This site is optimized with the Yoast SEO plugin v27.5 - https:\/\/yoast.com\/product\/yoast-seo-wordpress\/ -->\n<title>Utage - A\u00efko Miyamoto - Editions Fran\u00e7ois Dhalmann<\/title>\n<meta name=\"description\" content=\"Partition en vente directe sur le site des Editions Fran\u00e7ois Dhalmann. Partition au format imprim\u00e9 ou en t\u00e9l\u00e9chargement imm\u00e9diat.\" \/>\n<meta name=\"robots\" content=\"index, follow, max-snippet:-1, max-image-preview:large, max-video-preview:-1\" \/>\n<link rel=\"canonical\" href=\"https:\/\/dhalmann.fr\/music\/en\/produit\/utage-miyamoto-aiko\/\" \/>\n<meta property=\"og:locale\" content=\"en_US\" \/>\n<meta property=\"og:type\" content=\"article\" \/>\n<meta property=\"og:title\" content=\"Utage - A\u00efko Miyamoto - Editions Fran\u00e7ois Dhalmann\" \/>\n<meta property=\"og:description\" content=\"Partition en vente directe sur le site des Editions Fran\u00e7ois Dhalmann. Partition au format imprim\u00e9 ou en t\u00e9l\u00e9chargement imm\u00e9diat.\" \/>\n<meta property=\"og:url\" content=\"https:\/\/dhalmann.fr\/music\/en\/produit\/utage-miyamoto-aiko\/\" \/>\n<meta property=\"og:site_name\" content=\"Editions Fran\u00e7ois Dhalmann\" \/>\n<meta property=\"article:publisher\" content=\"https:\/\/www.facebook.com\/EditionsDhalmann\/\" \/>\n<meta property=\"article:modified_time\" content=\"2023-09-08T14:59:34+00:00\" \/>\n<meta property=\"og:image\" content=\"https:\/\/dhalmann.fr\/music\/wp-content\/uploads\/2021\/07\/FD0074-utage.jpg\" \/>\n\t<meta property=\"og:image:width\" content=\"399\" \/>\n\t<meta property=\"og:image:height\" content=\"559\" \/>\n\t<meta property=\"og:image:type\" content=\"image\/jpeg\" \/>\n<meta name=\"twitter:card\" content=\"summary_large_image\" \/>\n<meta name=\"twitter:site\" content=\"@editiondhalmann\" \/>\n<script type=\"application\/ld+json\" class=\"yoast-schema-graph\">{\"@context\":\"https:\\\/\\\/schema.org\",\"@graph\":[{\"@type\":\"WebPage\",\"@id\":\"https:\\\/\\\/dhalmann.fr\\\/music\\\/en\\\/produit\\\/utage-miyamoto-aiko\\\/\",\"url\":\"https:\\\/\\\/dhalmann.fr\\\/music\\\/en\\\/produit\\\/utage-miyamoto-aiko\\\/\",\"name\":\"Utage - A\u00efko Miyamoto - Editions Fran\u00e7ois Dhalmann\",\"isPartOf\":{\"@id\":\"https:\\\/\\\/dhalmann.fr\\\/music\\\/en\\\/#website\"},\"primaryImageOfPage\":{\"@id\":\"https:\\\/\\\/dhalmann.fr\\\/music\\\/en\\\/produit\\\/utage-miyamoto-aiko\\\/#primaryimage\"},\"image\":{\"@id\":\"https:\\\/\\\/dhalmann.fr\\\/music\\\/en\\\/produit\\\/utage-miyamoto-aiko\\\/#primaryimage\"},\"thumbnailUrl\":\"https:\\\/\\\/dhalmann.fr\\\/music\\\/wp-content\\\/uploads\\\/2021\\\/07\\\/FD0074-utage.jpg\",\"datePublished\":\"2021-07-19T13:52:25+00:00\",\"dateModified\":\"2023-09-08T14:59:34+00:00\",\"description\":\"Partition en vente directe sur le site des Editions Fran\u00e7ois Dhalmann. Partition au format imprim\u00e9 ou en t\u00e9l\u00e9chargement imm\u00e9diat.\",\"breadcrumb\":{\"@id\":\"https:\\\/\\\/dhalmann.fr\\\/music\\\/en\\\/produit\\\/utage-miyamoto-aiko\\\/#breadcrumb\"},\"inLanguage\":\"en-US\",\"potentialAction\":[{\"@type\":\"ReadAction\",\"target\":[\"https:\\\/\\\/dhalmann.fr\\\/music\\\/en\\\/produit\\\/utage-miyamoto-aiko\\\/\"]}]},{\"@type\":\"ImageObject\",\"inLanguage\":\"en-US\",\"@id\":\"https:\\\/\\\/dhalmann.fr\\\/music\\\/en\\\/produit\\\/utage-miyamoto-aiko\\\/#primaryimage\",\"url\":\"https:\\\/\\\/dhalmann.fr\\\/music\\\/wp-content\\\/uploads\\\/2021\\\/07\\\/FD0074-utage.jpg\",\"contentUrl\":\"https:\\\/\\\/dhalmann.fr\\\/music\\\/wp-content\\\/uploads\\\/2021\\\/07\\\/FD0074-utage.jpg\",\"width\":399,\"height\":559},{\"@type\":\"BreadcrumbList\",\"@id\":\"https:\\\/\\\/dhalmann.fr\\\/music\\\/en\\\/produit\\\/utage-miyamoto-aiko\\\/#breadcrumb\",\"itemListElement\":[{\"@type\":\"ListItem\",\"position\":1,\"name\":\"Home\",\"item\":\"https:\\\/\\\/dhalmann.fr\\\/music\\\/en\\\/\"},{\"@type\":\"ListItem\",\"position\":2,\"name\":\"Shop\",\"item\":\"https:\\\/\\\/dhalmann.fr\\\/music\\\/en\\\/shop\\\/\"},{\"@type\":\"ListItem\",\"position\":3,\"name\":\"Utage &#8211; A\u00efko Miyamoto\"}]},{\"@type\":\"WebSite\",\"@id\":\"https:\\\/\\\/dhalmann.fr\\\/music\\\/en\\\/#website\",\"url\":\"https:\\\/\\\/dhalmann.fr\\\/music\\\/en\\\/\",\"name\":\"Editions Fran\u00e7ois Dhalmann\",\"description\":\"Partitions musicales des Editions Dhalmann pour tous les instruments - Percussion, piano, cordes, vents, ensemble, orchestre et bien plus\",\"publisher\":{\"@id\":\"https:\\\/\\\/dhalmann.fr\\\/music\\\/en\\\/#organization\"},\"alternateName\":\"Dhalmann\",\"potentialAction\":[{\"@type\":\"SearchAction\",\"target\":{\"@type\":\"EntryPoint\",\"urlTemplate\":\"https:\\\/\\\/dhalmann.fr\\\/music\\\/en\\\/?s={search_term_string}\"},\"query-input\":{\"@type\":\"PropertyValueSpecification\",\"valueRequired\":true,\"valueName\":\"search_term_string\"}}],\"inLanguage\":\"en-US\"},{\"@type\":\"Organization\",\"@id\":\"https:\\\/\\\/dhalmann.fr\\\/music\\\/en\\\/#organization\",\"name\":\"Editions Francois Dhalmann\",\"alternateName\":\"Dhalmann\",\"url\":\"https:\\\/\\\/dhalmann.fr\\\/music\\\/en\\\/\",\"logo\":{\"@type\":\"ImageObject\",\"inLanguage\":\"en-US\",\"@id\":\"https:\\\/\\\/dhalmann.fr\\\/music\\\/en\\\/#\\\/schema\\\/logo\\\/image\\\/\",\"url\":\"https:\\\/\\\/dhalmann.fr\\\/music\\\/wp-content\\\/uploads\\\/2021\\\/07\\\/editions-francois-dhalmann-1397749175.jpg\",\"contentUrl\":\"https:\\\/\\\/dhalmann.fr\\\/music\\\/wp-content\\\/uploads\\\/2021\\\/07\\\/editions-francois-dhalmann-1397749175.jpg\",\"width\":559,\"height\":354,\"caption\":\"Editions Francois Dhalmann\"},\"image\":{\"@id\":\"https:\\\/\\\/dhalmann.fr\\\/music\\\/en\\\/#\\\/schema\\\/logo\\\/image\\\/\"},\"sameAs\":[\"https:\\\/\\\/www.facebook.com\\\/EditionsDhalmann\\\/\",\"https:\\\/\\\/x.com\\\/editiondhalmann\",\"https:\\\/\\\/www.youtube.com\\\/channel\\\/UCZdGOJXKqg6ByF1pQloitAg\"]}]}<\/script>\n<!-- \/ Yoast SEO plugin. -->","yoast_head_json":{"title":"Utage - A\u00efko Miyamoto - Editions Fran\u00e7ois Dhalmann","description":"Partition en vente directe sur le site des Editions Fran\u00e7ois Dhalmann. Partition au format imprim\u00e9 ou en t\u00e9l\u00e9chargement imm\u00e9diat.","robots":{"index":"index","follow":"follow","max-snippet":"max-snippet:-1","max-image-preview":"max-image-preview:large","max-video-preview":"max-video-preview:-1"},"canonical":"https:\/\/dhalmann.fr\/music\/en\/produit\/utage-miyamoto-aiko\/","og_locale":"en_US","og_type":"article","og_title":"Utage - A\u00efko Miyamoto - Editions Fran\u00e7ois Dhalmann","og_description":"Partition en vente directe sur le site des Editions Fran\u00e7ois Dhalmann. Partition au format imprim\u00e9 ou en t\u00e9l\u00e9chargement imm\u00e9diat.","og_url":"https:\/\/dhalmann.fr\/music\/en\/produit\/utage-miyamoto-aiko\/","og_site_name":"Editions Fran\u00e7ois Dhalmann","article_publisher":"https:\/\/www.facebook.com\/EditionsDhalmann\/","article_modified_time":"2023-09-08T14:59:34+00:00","og_image":[{"width":399,"height":559,"url":"https:\/\/dhalmann.fr\/music\/wp-content\/uploads\/2021\/07\/FD0074-utage.jpg","type":"image\/jpeg"}],"twitter_card":"summary_large_image","twitter_site":"@editiondhalmann","schema":{"@context":"https:\/\/schema.org","@graph":[{"@type":"WebPage","@id":"https:\/\/dhalmann.fr\/music\/en\/produit\/utage-miyamoto-aiko\/","url":"https:\/\/dhalmann.fr\/music\/en\/produit\/utage-miyamoto-aiko\/","name":"Utage - A\u00efko Miyamoto - Editions Fran\u00e7ois Dhalmann","isPartOf":{"@id":"https:\/\/dhalmann.fr\/music\/en\/#website"},"primaryImageOfPage":{"@id":"https:\/\/dhalmann.fr\/music\/en\/produit\/utage-miyamoto-aiko\/#primaryimage"},"image":{"@id":"https:\/\/dhalmann.fr\/music\/en\/produit\/utage-miyamoto-aiko\/#primaryimage"},"thumbnailUrl":"https:\/\/dhalmann.fr\/music\/wp-content\/uploads\/2021\/07\/FD0074-utage.jpg","datePublished":"2021-07-19T13:52:25+00:00","dateModified":"2023-09-08T14:59:34+00:00","description":"Partition en vente directe sur le site des Editions Fran\u00e7ois Dhalmann. Partition au format imprim\u00e9 ou en t\u00e9l\u00e9chargement imm\u00e9diat.","breadcrumb":{"@id":"https:\/\/dhalmann.fr\/music\/en\/produit\/utage-miyamoto-aiko\/#breadcrumb"},"inLanguage":"en-US","potentialAction":[{"@type":"ReadAction","target":["https:\/\/dhalmann.fr\/music\/en\/produit\/utage-miyamoto-aiko\/"]}]},{"@type":"ImageObject","inLanguage":"en-US","@id":"https:\/\/dhalmann.fr\/music\/en\/produit\/utage-miyamoto-aiko\/#primaryimage","url":"https:\/\/dhalmann.fr\/music\/wp-content\/uploads\/2021\/07\/FD0074-utage.jpg","contentUrl":"https:\/\/dhalmann.fr\/music\/wp-content\/uploads\/2021\/07\/FD0074-utage.jpg","width":399,"height":559},{"@type":"BreadcrumbList","@id":"https:\/\/dhalmann.fr\/music\/en\/produit\/utage-miyamoto-aiko\/#breadcrumb","itemListElement":[{"@type":"ListItem","position":1,"name":"Home","item":"https:\/\/dhalmann.fr\/music\/en\/"},{"@type":"ListItem","position":2,"name":"Shop","item":"https:\/\/dhalmann.fr\/music\/en\/shop\/"},{"@type":"ListItem","position":3,"name":"Utage &#8211; A\u00efko Miyamoto"}]},{"@type":"WebSite","@id":"https:\/\/dhalmann.fr\/music\/en\/#website","url":"https:\/\/dhalmann.fr\/music\/en\/","name":"Editions Fran\u00e7ois Dhalmann","description":"Partitions musicales des Editions Dhalmann pour tous les instruments - Percussion, piano, cordes, vents, ensemble, orchestre et bien plus","publisher":{"@id":"https:\/\/dhalmann.fr\/music\/en\/#organization"},"alternateName":"Dhalmann","potentialAction":[{"@type":"SearchAction","target":{"@type":"EntryPoint","urlTemplate":"https:\/\/dhalmann.fr\/music\/en\/?s={search_term_string}"},"query-input":{"@type":"PropertyValueSpecification","valueRequired":true,"valueName":"search_term_string"}}],"inLanguage":"en-US"},{"@type":"Organization","@id":"https:\/\/dhalmann.fr\/music\/en\/#organization","name":"Editions Francois Dhalmann","alternateName":"Dhalmann","url":"https:\/\/dhalmann.fr\/music\/en\/","logo":{"@type":"ImageObject","inLanguage":"en-US","@id":"https:\/\/dhalmann.fr\/music\/en\/#\/schema\/logo\/image\/","url":"https:\/\/dhalmann.fr\/music\/wp-content\/uploads\/2021\/07\/editions-francois-dhalmann-1397749175.jpg","contentUrl":"https:\/\/dhalmann.fr\/music\/wp-content\/uploads\/2021\/07\/editions-francois-dhalmann-1397749175.jpg","width":559,"height":354,"caption":"Editions Francois Dhalmann"},"image":{"@id":"https:\/\/dhalmann.fr\/music\/en\/#\/schema\/logo\/image\/"},"sameAs":["https:\/\/www.facebook.com\/EditionsDhalmann\/","https:\/\/x.com\/editiondhalmann","https:\/\/www.youtube.com\/channel\/UCZdGOJXKqg6ByF1pQloitAg"]}]}},"_links":{"self":[{"href":"https:\/\/dhalmann.fr\/music\/en\/wp-json\/wp\/v2\/product\/5708","targetHints":{"allow":["GET"]}}],"collection":[{"href":"https:\/\/dhalmann.fr\/music\/en\/wp-json\/wp\/v2\/product"}],"about":[{"href":"https:\/\/dhalmann.fr\/music\/en\/wp-json\/wp\/v2\/types\/product"}],"wp:featuredmedia":[{"embeddable":true,"href":"https:\/\/dhalmann.fr\/music\/en\/wp-json\/wp\/v2\/media\/1096"}],"wp:attachment":[{"href":"https:\/\/dhalmann.fr\/music\/en\/wp-json\/wp\/v2\/media?parent=5708"}],"wp:term":[{"taxonomy":"product_brand","embeddable":true,"href":"https:\/\/dhalmann.fr\/music\/en\/wp-json\/wp\/v2\/product_brand?post=5708"},{"taxonomy":"product_cat","embeddable":true,"href":"https:\/\/dhalmann.fr\/music\/en\/wp-json\/wp\/v2\/product_cat?post=5708"},{"taxonomy":"product_tag","embeddable":true,"href":"https:\/\/dhalmann.fr\/music\/en\/wp-json\/wp\/v2\/product_tag?post=5708"}],"curies":[{"name":"wp","href":"https:\/\/api.w.org\/{rel}","templated":true}]}}