{"id":7311,"date":"2021-09-09T11:46:15","date_gmt":"2021-09-09T09:46:15","guid":{"rendered":"https:\/\/dhalmann.fr\/music\/product\/lumieres-cendrees-alain-louvier\/"},"modified":"2026-04-17T15:47:22","modified_gmt":"2026-04-17T13:47:22","slug":"lumieres-cendrees-alain-louvier","status":"publish","type":"product","link":"https:\/\/dhalmann.fr\/music\/en\/produit\/lumieres-cendrees-alain-louvier\/","title":{"rendered":"Lumi\u00e8res Cendr\u00e9es &#8211; Alain Louvier"},"content":{"rendered":"<h2>Lumi\u00e8res Cendr\u00e9es &#8211; <a href=\"https:\/\/dhalmann.fr\/music\/en\/product-category\/composers\/louvier-alain-en\/\">Alain Louvier<\/a><\/h2>\n<h2>Chamber music for 15 players<\/h2>\n<p>Premiere by the Ensemble Orchestral Contemporain on July 29, 2021, Festival Messiaen.<\/p>\n<p>Orchestra score and parts in digital version on sale.<\/p>\n<p>Orchestra score and parts in printed version for hire. <a href=\"https:\/\/dhalmann.fr\/music\/en\/contact\/\">Contact us<\/a><\/p>\n<p><strong>Author&#8217;s note<\/strong><\/p>\n<p>Written at the request of Bruno Mantovani for the Ensemble Orchestral Contemporain, Lumi\u00e8res Cendr\u00e9es takes up most of my research, deepened since the 1970s, first of all a personal micro-tonal language based on modal scales in quarter tones.<\/p>\n<p>With time, a need for synthesis appears little by little, clearly expressed in this work. But Lumi\u00e8res Cendr\u00e9es also has an autobiographical aspect, as the dedication attests:<\/p>\n<p>.<em>. to all the people who have illuminated my life and are now only ashes&#8230;<\/em><\/p>\n<p>Beyond the allusion to the Moon, ash-colored, but discreetly illuminated by the Earth (astronomical sense of ashen light), this title, in the plural, will evoke the wonder of a child musician, or later dazzlements, forever imprinted in my memory.<br \/>\nI did not personally know all these beings-become-ashes&#8230;some of them passed on to me their knowledge, their science, their sounds&#8230;with others of these beings, I lived.<br \/>\nMany of them enlightened me, very young, with their music, their thoughts, their poetry.<br \/>\nThus Beethoven willingly lent me three notes to begin my entry into Nature&#8230; and very quickly, adding a sharp, I met Bartok, Grieg, Couperin or Janacek, depending on the wind direction&#8230;<\/p>\n<p><em>\u2026 \u00e9veil\u2026.d\u2019impressions agr\u00e9ables\u2026en arrivant \u00e0 la campagne\u2026ramages secrets\u2026<\/em>. (ces mots, ces courtes phrases, \u00e9maillant la partition, sont destin\u00e9es \u00e0 \u00e9clairer la po\u00e9tique, donc l\u2019interpr\u00e9tation) Les 24 quarts de ton arrivent assez vite dans le paysage, avec un alphabet personnel les reliant aux 26 lettres\u2026 Voil\u00e0 pour le code secret\u2026.d\u2019autres phrases sont plus explicites, \u00e9voquant des \u00e9pisodes pr\u00e9cis :<\/p>\n<p><em>&#8230;Rome, bird-mystery&#8230;.fugue in flashes&#8230;ancient birds&#8230;iridescent light&#8230;wandering ladders&#8230; &#8230;illuminated narrative&#8230;Licht&#8230;light&#8230;luce&#8230;.lux&#8230;Liebe&#8230;the seven colors of the rising sun&#8230;<\/em><\/p>\n<p>La lumi\u00e8re, pr\u00e9sente dans beaucoup de mes titres, rev\u00eat ici des couleurs changeantes, comme la s\u00e9duction pr\u00e9c\u00e8de le gris-cendre qui la recouvre.<br \/>\nHommage aux \u00ab accords-couleurs \u00bb de mon ma\u00eetre Messiaen, que j\u2019ose iriser de mon mode imparfait (entre majeur et mineur) ; celui de Canto di Natale (1976), ou d\u2019Anneaux de Lumi\u00e8re (1983) o\u00f9 tr\u00f4nent deux pianos d\u00e9cal\u00e9s d\u2019un quart de ton, dispos\u00e9s comme un grand insecte. Unknown light until then, diffracting to infinity the resonances of the keyboards&#8230; total illumination that I still feel&#8230; follies campanaries&#8230;<\/p>\n<p><em>  &#8230;. glare&#8230;rings of light&#8230;fusion&#8230;light spectrum&#8230;dust of ants&#8230;<\/em><\/p>\n<p>Coming from the heights and the depths, a Song of Ashes emerges and meanders in the middle of furtive, accelerated, agglomerated, desperate plainsongs&#8230; secretly transforming the ancestral Latin into an improbable melody&#8230;<br \/>\n<em>\u2026 chant des Cendres\u2026libera me Domine\u2026cris ultimes\u2026nuage de cendres\u2026<\/em><br \/>\nEnfin la harpe, jusqu\u2019alors presque muette, descend comme une caresse, puis avec puissance, accord\u00e9e en temp\u00e9rament hepta\u00efque, ne gardant de l\u2019orchestre que le LA\u2026 cette \u00e9galit\u00e9 parfaite entre les sept notes annonce une nouvelle musique :<br \/>\n <em> \u2026draperies hepta\u00efques\u2026victimae paschalis laudes\u2026\u00c4ase mors et vita\u2026vents de cendres\u2026<\/em><br \/>\nMusique du futur, plus sereine, qui bannit alt\u00e9rations et dissonances, dont les m\u00e9lodies \u00e9tranges s\u2019unissent au souffle des cendres effa\u00e7ant le pass\u00e9<\/p>\n<p><em>&#8230;intimate letters&#8230;memento regina cancricans&#8230;<\/em><\/p>\n<p>The Ashes alone will understand.<\/p>\n<p>&nbsp;<\/p>\n","protected":false},"excerpt":{"rendered":"<h2>Chamber music for 15 players<\/h2>\n<p>Orchestra score and parts in digital version on sale.<\/p>\n<p>Orchestra score and parts in printed version for hire. <a href=\"https:\/\/dhalmann.fr\/music\/en\/contact\/\">Contact us<\/a><\/p>\n","protected":false},"featured_media":7303,"template":"","meta":{"ocean_post_layout":"","ocean_both_sidebars_style":"","ocean_both_sidebars_content_width":0,"ocean_both_sidebars_sidebars_width":0,"ocean_sidebar":"0","ocean_second_sidebar":"0","ocean_disable_margins":"enable","ocean_add_body_class":"","ocean_shortcode_before_top_bar":"","ocean_shortcode_after_top_bar":"","ocean_shortcode_before_header":"","ocean_shortcode_after_header":"","ocean_has_shortcode":"","ocean_shortcode_after_title":"","ocean_shortcode_before_footer_widgets":"","ocean_shortcode_after_footer_widgets":"","ocean_shortcode_before_footer_bottom":"","ocean_shortcode_after_footer_bottom":"","ocean_display_top_bar":"default","ocean_display_header":"default","ocean_header_style":"","ocean_center_header_left_menu":"0","ocean_custom_header_template":"0","ocean_custom_logo":0,"ocean_custom_retina_logo":0,"ocean_custom_logo_max_width":0,"ocean_custom_logo_tablet_max_width":0,"ocean_custom_logo_mobile_max_width":0,"ocean_custom_logo_max_height":0,"ocean_custom_logo_tablet_max_height":0,"ocean_custom_logo_mobile_max_height":0,"ocean_header_custom_menu":"0","ocean_menu_typo_font_family":"0","ocean_menu_typo_font_subset":"","ocean_menu_typo_font_size":0,"ocean_menu_typo_font_size_tablet":0,"ocean_menu_typo_font_size_mobile":0,"ocean_menu_typo_font_size_unit":"px","ocean_menu_typo_font_weight":"","ocean_menu_typo_font_weight_tablet":"","ocean_menu_typo_font_weight_mobile":"","ocean_menu_typo_transform":"","ocean_menu_typo_transform_tablet":"","ocean_menu_typo_transform_mobile":"","ocean_menu_typo_line_height":0,"ocean_menu_typo_line_height_tablet":0,"ocean_menu_typo_line_height_mobile":0,"ocean_menu_typo_line_height_unit":"","ocean_menu_typo_spacing":0,"ocean_menu_typo_spacing_tablet":0,"ocean_menu_typo_spacing_mobile":0,"ocean_menu_typo_spacing_unit":"","ocean_menu_link_color":"","ocean_menu_link_color_hover":"","ocean_menu_link_color_active":"","ocean_menu_link_background":"","ocean_menu_link_hover_background":"","ocean_menu_link_active_background":"","ocean_menu_social_links_bg":"","ocean_menu_social_hover_links_bg":"","ocean_menu_social_links_color":"","ocean_menu_social_hover_links_color":"","ocean_disable_title":"default","ocean_disable_heading":"default","ocean_post_title":"","ocean_post_subheading":"","ocean_post_title_style":"","ocean_post_title_background_color":"","ocean_post_title_background":0,"ocean_post_title_bg_image_position":"","ocean_post_title_bg_image_attachment":"","ocean_post_title_bg_image_repeat":"","ocean_post_title_bg_image_size":"","ocean_post_title_height":0,"ocean_post_title_bg_overlay":0.5,"ocean_post_title_bg_overlay_color":"","ocean_disable_breadcrumbs":"default","ocean_breadcrumbs_color":"","ocean_breadcrumbs_separator_color":"","ocean_breadcrumbs_links_color":"","ocean_breadcrumbs_links_hover_color":"","ocean_display_footer_widgets":"default","ocean_display_footer_bottom":"default","ocean_custom_footer_template":"0"},"product_brand":[],"product_cat":[343,321,276],"product_tag":[],"class_list":{"0":"post-7311","1":"product","2":"type-product","3":"status-publish","4":"has-post-thumbnail","6":"product_cat-chamber-music","7":"product_cat-large-ensemble","8":"product_cat-louvier-alain-en","9":"pa_difficulte-difficult","11":"entry","12":"has-media","14":"first","15":"instock","16":"downloadable","17":"virtual","18":"taxable","19":"purchasable","20":"product-type-simple","21":"add-to-wishlist-before_image","22":"has-product-nav","23":"col","24":"span_1_of_4","25":"owp-content-center","26":"owp-thumbs-layout-horizontal","27":"owp-btn-normal","28":"owp-tabs-layout-horizontal"},"yoast_head":"<!-- This site is optimized with the Yoast SEO plugin v27.5 - https:\/\/yoast.com\/product\/yoast-seo-wordpress\/ -->\n<title>Lumi\u00e8res Cendr\u00e9es - Alain Louvier - Editions Fran\u00e7ois Dhalmann<\/title>\n<meta name=\"description\" content=\"Partition en vente directe sur le site des Editions Fran\u00e7ois Dhalmann. Partition au format imprim\u00e9 ou en t\u00e9l\u00e9chargement imm\u00e9diat.\" \/>\n<meta name=\"robots\" content=\"index, follow, max-snippet:-1, max-image-preview:large, max-video-preview:-1\" \/>\n<link rel=\"canonical\" href=\"https:\/\/dhalmann.fr\/music\/en\/produit\/lumieres-cendrees-alain-louvier\/\" \/>\n<meta property=\"og:locale\" content=\"en_US\" \/>\n<meta property=\"og:type\" content=\"article\" \/>\n<meta property=\"og:title\" content=\"Lumi\u00e8res Cendr\u00e9es - Alain Louvier - Editions Fran\u00e7ois Dhalmann\" \/>\n<meta property=\"og:description\" content=\"Partition en vente directe sur le site des Editions Fran\u00e7ois Dhalmann. Partition au format imprim\u00e9 ou en t\u00e9l\u00e9chargement imm\u00e9diat.\" \/>\n<meta property=\"og:url\" content=\"https:\/\/dhalmann.fr\/music\/en\/produit\/lumieres-cendrees-alain-louvier\/\" \/>\n<meta property=\"og:site_name\" content=\"Editions Fran\u00e7ois Dhalmann\" \/>\n<meta property=\"article:publisher\" content=\"https:\/\/www.facebook.com\/EditionsDhalmann\/\" \/>\n<meta property=\"article:modified_time\" content=\"2026-04-17T13:47:22+00:00\" \/>\n<meta property=\"og:image\" content=\"https:\/\/dhalmann.fr\/music\/wp-content\/uploads\/2021\/09\/FD0764_Lumieres_cendrees.jpg\" \/>\n\t<meta property=\"og:image:width\" content=\"724\" \/>\n\t<meta property=\"og:image:height\" content=\"1024\" \/>\n\t<meta property=\"og:image:type\" content=\"image\/jpeg\" \/>\n<meta name=\"twitter:card\" content=\"summary_large_image\" \/>\n<meta name=\"twitter:site\" content=\"@editiondhalmann\" \/>\n<meta name=\"twitter:label1\" content=\"Est. reading time\" \/>\n\t<meta name=\"twitter:data1\" content=\"3 minutes\" \/>\n<script type=\"application\/ld+json\" class=\"yoast-schema-graph\">{\"@context\":\"https:\\\/\\\/schema.org\",\"@graph\":[{\"@type\":\"WebPage\",\"@id\":\"https:\\\/\\\/dhalmann.fr\\\/music\\\/en\\\/produit\\\/lumieres-cendrees-alain-louvier\\\/\",\"url\":\"https:\\\/\\\/dhalmann.fr\\\/music\\\/en\\\/produit\\\/lumieres-cendrees-alain-louvier\\\/\",\"name\":\"Lumi\u00e8res Cendr\u00e9es - Alain Louvier - Editions Fran\u00e7ois Dhalmann\",\"isPartOf\":{\"@id\":\"https:\\\/\\\/dhalmann.fr\\\/music\\\/en\\\/#website\"},\"primaryImageOfPage\":{\"@id\":\"https:\\\/\\\/dhalmann.fr\\\/music\\\/en\\\/produit\\\/lumieres-cendrees-alain-louvier\\\/#primaryimage\"},\"image\":{\"@id\":\"https:\\\/\\\/dhalmann.fr\\\/music\\\/en\\\/produit\\\/lumieres-cendrees-alain-louvier\\\/#primaryimage\"},\"thumbnailUrl\":\"https:\\\/\\\/dhalmann.fr\\\/music\\\/wp-content\\\/uploads\\\/2021\\\/09\\\/FD0764_Lumieres_cendrees.jpg\",\"datePublished\":\"2021-09-09T09:46:15+00:00\",\"dateModified\":\"2026-04-17T13:47:22+00:00\",\"description\":\"Partition en vente directe sur le site des Editions Fran\u00e7ois Dhalmann. Partition au format imprim\u00e9 ou en t\u00e9l\u00e9chargement imm\u00e9diat.\",\"breadcrumb\":{\"@id\":\"https:\\\/\\\/dhalmann.fr\\\/music\\\/en\\\/produit\\\/lumieres-cendrees-alain-louvier\\\/#breadcrumb\"},\"inLanguage\":\"en-US\",\"potentialAction\":[{\"@type\":\"ReadAction\",\"target\":[\"https:\\\/\\\/dhalmann.fr\\\/music\\\/en\\\/produit\\\/lumieres-cendrees-alain-louvier\\\/\"]}]},{\"@type\":\"ImageObject\",\"inLanguage\":\"en-US\",\"@id\":\"https:\\\/\\\/dhalmann.fr\\\/music\\\/en\\\/produit\\\/lumieres-cendrees-alain-louvier\\\/#primaryimage\",\"url\":\"https:\\\/\\\/dhalmann.fr\\\/music\\\/wp-content\\\/uploads\\\/2021\\\/09\\\/FD0764_Lumieres_cendrees.jpg\",\"contentUrl\":\"https:\\\/\\\/dhalmann.fr\\\/music\\\/wp-content\\\/uploads\\\/2021\\\/09\\\/FD0764_Lumieres_cendrees.jpg\",\"width\":724,\"height\":1024,\"caption\":\"Lumi\u00e8res Cendr\u00e9es\"},{\"@type\":\"BreadcrumbList\",\"@id\":\"https:\\\/\\\/dhalmann.fr\\\/music\\\/en\\\/produit\\\/lumieres-cendrees-alain-louvier\\\/#breadcrumb\",\"itemListElement\":[{\"@type\":\"ListItem\",\"position\":1,\"name\":\"Home\",\"item\":\"https:\\\/\\\/dhalmann.fr\\\/music\\\/en\\\/\"},{\"@type\":\"ListItem\",\"position\":2,\"name\":\"Shop\",\"item\":\"https:\\\/\\\/dhalmann.fr\\\/music\\\/en\\\/shop\\\/\"},{\"@type\":\"ListItem\",\"position\":3,\"name\":\"Lumi\u00e8res Cendr\u00e9es &#8211; Alain Louvier\"}]},{\"@type\":\"WebSite\",\"@id\":\"https:\\\/\\\/dhalmann.fr\\\/music\\\/en\\\/#website\",\"url\":\"https:\\\/\\\/dhalmann.fr\\\/music\\\/en\\\/\",\"name\":\"Editions Fran\u00e7ois Dhalmann\",\"description\":\"Partitions musicales des Editions Dhalmann pour tous les instruments - Percussion, piano, cordes, vents, ensemble, orchestre et bien plus\",\"publisher\":{\"@id\":\"https:\\\/\\\/dhalmann.fr\\\/music\\\/en\\\/#organization\"},\"alternateName\":\"Dhalmann\",\"potentialAction\":[{\"@type\":\"SearchAction\",\"target\":{\"@type\":\"EntryPoint\",\"urlTemplate\":\"https:\\\/\\\/dhalmann.fr\\\/music\\\/en\\\/?s={search_term_string}\"},\"query-input\":{\"@type\":\"PropertyValueSpecification\",\"valueRequired\":true,\"valueName\":\"search_term_string\"}}],\"inLanguage\":\"en-US\"},{\"@type\":\"Organization\",\"@id\":\"https:\\\/\\\/dhalmann.fr\\\/music\\\/en\\\/#organization\",\"name\":\"Editions Francois Dhalmann\",\"alternateName\":\"Dhalmann\",\"url\":\"https:\\\/\\\/dhalmann.fr\\\/music\\\/en\\\/\",\"logo\":{\"@type\":\"ImageObject\",\"inLanguage\":\"en-US\",\"@id\":\"https:\\\/\\\/dhalmann.fr\\\/music\\\/en\\\/#\\\/schema\\\/logo\\\/image\\\/\",\"url\":\"https:\\\/\\\/dhalmann.fr\\\/music\\\/wp-content\\\/uploads\\\/2021\\\/07\\\/editions-francois-dhalmann-1397749175.jpg\",\"contentUrl\":\"https:\\\/\\\/dhalmann.fr\\\/music\\\/wp-content\\\/uploads\\\/2021\\\/07\\\/editions-francois-dhalmann-1397749175.jpg\",\"width\":559,\"height\":354,\"caption\":\"Editions Francois Dhalmann\"},\"image\":{\"@id\":\"https:\\\/\\\/dhalmann.fr\\\/music\\\/en\\\/#\\\/schema\\\/logo\\\/image\\\/\"},\"sameAs\":[\"https:\\\/\\\/www.facebook.com\\\/EditionsDhalmann\\\/\",\"https:\\\/\\\/x.com\\\/editiondhalmann\",\"https:\\\/\\\/www.youtube.com\\\/channel\\\/UCZdGOJXKqg6ByF1pQloitAg\"]}]}<\/script>\n<!-- \/ Yoast SEO plugin. -->","yoast_head_json":{"title":"Lumi\u00e8res Cendr\u00e9es - Alain Louvier - Editions Fran\u00e7ois Dhalmann","description":"Partition en vente directe sur le site des Editions Fran\u00e7ois Dhalmann. Partition au format imprim\u00e9 ou en t\u00e9l\u00e9chargement imm\u00e9diat.","robots":{"index":"index","follow":"follow","max-snippet":"max-snippet:-1","max-image-preview":"max-image-preview:large","max-video-preview":"max-video-preview:-1"},"canonical":"https:\/\/dhalmann.fr\/music\/en\/produit\/lumieres-cendrees-alain-louvier\/","og_locale":"en_US","og_type":"article","og_title":"Lumi\u00e8res Cendr\u00e9es - Alain Louvier - Editions Fran\u00e7ois Dhalmann","og_description":"Partition en vente directe sur le site des Editions Fran\u00e7ois Dhalmann. Partition au format imprim\u00e9 ou en t\u00e9l\u00e9chargement imm\u00e9diat.","og_url":"https:\/\/dhalmann.fr\/music\/en\/produit\/lumieres-cendrees-alain-louvier\/","og_site_name":"Editions Fran\u00e7ois Dhalmann","article_publisher":"https:\/\/www.facebook.com\/EditionsDhalmann\/","article_modified_time":"2026-04-17T13:47:22+00:00","og_image":[{"width":724,"height":1024,"url":"https:\/\/dhalmann.fr\/music\/wp-content\/uploads\/2021\/09\/FD0764_Lumieres_cendrees.jpg","type":"image\/jpeg"}],"twitter_card":"summary_large_image","twitter_site":"@editiondhalmann","twitter_misc":{"Est. reading time":"3 minutes"},"schema":{"@context":"https:\/\/schema.org","@graph":[{"@type":"WebPage","@id":"https:\/\/dhalmann.fr\/music\/en\/produit\/lumieres-cendrees-alain-louvier\/","url":"https:\/\/dhalmann.fr\/music\/en\/produit\/lumieres-cendrees-alain-louvier\/","name":"Lumi\u00e8res Cendr\u00e9es - Alain Louvier - Editions Fran\u00e7ois Dhalmann","isPartOf":{"@id":"https:\/\/dhalmann.fr\/music\/en\/#website"},"primaryImageOfPage":{"@id":"https:\/\/dhalmann.fr\/music\/en\/produit\/lumieres-cendrees-alain-louvier\/#primaryimage"},"image":{"@id":"https:\/\/dhalmann.fr\/music\/en\/produit\/lumieres-cendrees-alain-louvier\/#primaryimage"},"thumbnailUrl":"https:\/\/dhalmann.fr\/music\/wp-content\/uploads\/2021\/09\/FD0764_Lumieres_cendrees.jpg","datePublished":"2021-09-09T09:46:15+00:00","dateModified":"2026-04-17T13:47:22+00:00","description":"Partition en vente directe sur le site des Editions Fran\u00e7ois Dhalmann. Partition au format imprim\u00e9 ou en t\u00e9l\u00e9chargement imm\u00e9diat.","breadcrumb":{"@id":"https:\/\/dhalmann.fr\/music\/en\/produit\/lumieres-cendrees-alain-louvier\/#breadcrumb"},"inLanguage":"en-US","potentialAction":[{"@type":"ReadAction","target":["https:\/\/dhalmann.fr\/music\/en\/produit\/lumieres-cendrees-alain-louvier\/"]}]},{"@type":"ImageObject","inLanguage":"en-US","@id":"https:\/\/dhalmann.fr\/music\/en\/produit\/lumieres-cendrees-alain-louvier\/#primaryimage","url":"https:\/\/dhalmann.fr\/music\/wp-content\/uploads\/2021\/09\/FD0764_Lumieres_cendrees.jpg","contentUrl":"https:\/\/dhalmann.fr\/music\/wp-content\/uploads\/2021\/09\/FD0764_Lumieres_cendrees.jpg","width":724,"height":1024,"caption":"Lumi\u00e8res Cendr\u00e9es"},{"@type":"BreadcrumbList","@id":"https:\/\/dhalmann.fr\/music\/en\/produit\/lumieres-cendrees-alain-louvier\/#breadcrumb","itemListElement":[{"@type":"ListItem","position":1,"name":"Home","item":"https:\/\/dhalmann.fr\/music\/en\/"},{"@type":"ListItem","position":2,"name":"Shop","item":"https:\/\/dhalmann.fr\/music\/en\/shop\/"},{"@type":"ListItem","position":3,"name":"Lumi\u00e8res Cendr\u00e9es &#8211; Alain Louvier"}]},{"@type":"WebSite","@id":"https:\/\/dhalmann.fr\/music\/en\/#website","url":"https:\/\/dhalmann.fr\/music\/en\/","name":"Editions Fran\u00e7ois Dhalmann","description":"Partitions musicales des Editions Dhalmann pour tous les instruments - Percussion, piano, cordes, vents, ensemble, orchestre et bien plus","publisher":{"@id":"https:\/\/dhalmann.fr\/music\/en\/#organization"},"alternateName":"Dhalmann","potentialAction":[{"@type":"SearchAction","target":{"@type":"EntryPoint","urlTemplate":"https:\/\/dhalmann.fr\/music\/en\/?s={search_term_string}"},"query-input":{"@type":"PropertyValueSpecification","valueRequired":true,"valueName":"search_term_string"}}],"inLanguage":"en-US"},{"@type":"Organization","@id":"https:\/\/dhalmann.fr\/music\/en\/#organization","name":"Editions Francois Dhalmann","alternateName":"Dhalmann","url":"https:\/\/dhalmann.fr\/music\/en\/","logo":{"@type":"ImageObject","inLanguage":"en-US","@id":"https:\/\/dhalmann.fr\/music\/en\/#\/schema\/logo\/image\/","url":"https:\/\/dhalmann.fr\/music\/wp-content\/uploads\/2021\/07\/editions-francois-dhalmann-1397749175.jpg","contentUrl":"https:\/\/dhalmann.fr\/music\/wp-content\/uploads\/2021\/07\/editions-francois-dhalmann-1397749175.jpg","width":559,"height":354,"caption":"Editions Francois Dhalmann"},"image":{"@id":"https:\/\/dhalmann.fr\/music\/en\/#\/schema\/logo\/image\/"},"sameAs":["https:\/\/www.facebook.com\/EditionsDhalmann\/","https:\/\/x.com\/editiondhalmann","https:\/\/www.youtube.com\/channel\/UCZdGOJXKqg6ByF1pQloitAg"]}]}},"_links":{"self":[{"href":"https:\/\/dhalmann.fr\/music\/en\/wp-json\/wp\/v2\/product\/7311","targetHints":{"allow":["GET"]}}],"collection":[{"href":"https:\/\/dhalmann.fr\/music\/en\/wp-json\/wp\/v2\/product"}],"about":[{"href":"https:\/\/dhalmann.fr\/music\/en\/wp-json\/wp\/v2\/types\/product"}],"wp:featuredmedia":[{"embeddable":true,"href":"https:\/\/dhalmann.fr\/music\/en\/wp-json\/wp\/v2\/media\/7303"}],"wp:attachment":[{"href":"https:\/\/dhalmann.fr\/music\/en\/wp-json\/wp\/v2\/media?parent=7311"}],"wp:term":[{"taxonomy":"product_brand","embeddable":true,"href":"https:\/\/dhalmann.fr\/music\/en\/wp-json\/wp\/v2\/product_brand?post=7311"},{"taxonomy":"product_cat","embeddable":true,"href":"https:\/\/dhalmann.fr\/music\/en\/wp-json\/wp\/v2\/product_cat?post=7311"},{"taxonomy":"product_tag","embeddable":true,"href":"https:\/\/dhalmann.fr\/music\/en\/wp-json\/wp\/v2\/product_tag?post=7311"}],"curies":[{"name":"wp","href":"https:\/\/api.w.org\/{rel}","templated":true}]}}