{"id":9648,"date":"2023-09-12T15:17:34","date_gmt":"2023-09-12T13:17:34","guid":{"rendered":"https:\/\/dhalmann.fr\/music\/?post_type=product&#038;p=9648"},"modified":"2026-02-13T11:42:36","modified_gmt":"2026-02-13T09:42:36","slug":"mdr-5-pieces-pour-piano-laurent-jacquier","status":"publish","type":"product","link":"https:\/\/dhalmann.fr\/music\/en\/produit\/mdr-5-pieces-pour-piano-laurent-jacquier\/","title":{"rendered":"MDR, 5 pi\u00e8ces pour piano &#8211; Laurent Jacquier"},"content":{"rendered":"<h2>MDR, 5 pi\u00e8ces pour piano &#8211; <a href=\"https:\/\/dhalmann.fr\/music\/product-category\/auteurs\/jacquier-laurent\/\">Laurent Jacquier<\/a><\/h2>\n<p>5 pi\u00e8ces pour piano pour la fin de premier cycle, d\u00e9but du second<\/p>\n<p><strong>MdR<\/strong><\/p>\n<audio class=\"wp-audio-shortcode\" id=\"audio-9648-1\" preload=\"none\" style=\"width: 100%;\" controls=\"controls\"><source type=\"audio\/mpeg\" src=\"https:\/\/dhalmann.fr\/music\/wp-content\/uploads\/2023\/09\/MDR_Laurent_Jacquier_Extrait.mp3?_=1\" \/><a href=\"https:\/\/dhalmann.fr\/music\/wp-content\/uploads\/2023\/09\/MDR_Laurent_Jacquier_Extrait.mp3\">https:\/\/dhalmann.fr\/music\/wp-content\/uploads\/2023\/09\/MDR_Laurent_Jacquier_Extrait.mp3<\/a><\/audio>\n<p>Tr\u00e8s humoristique \u00ab MdR \u00bb alterne diff\u00e9rentes cellules musicales comme autant de personnages d&#8217;un th\u00e9\u00e2tre imaginaire. Ce caract\u00e8re sera obtenu par le travail de la rythmique et du phras\u00e9 ainsi que par la vivacit\u00e9 des doigts pour le staccato.<br \/>\nOn pr\u00eatera une attention particuli\u00e8re \u00e0 l&#8217;ind\u00e9pendance des mains (notamment mesures 16 \u00e0 19 et 30 \u00e0 37) afin de rendre le contraste entre la rythmique main gauche et la m\u00e9lodie legato main droite.<\/p>\n<p><em>Fin de 1er cycle<\/em><\/p>\n<p><strong>7 \u00e0 8<\/strong><\/p>\n<audio class=\"wp-audio-shortcode\" id=\"audio-9648-2\" preload=\"none\" style=\"width: 100%;\" controls=\"controls\"><source type=\"audio\/mpeg\" src=\"https:\/\/dhalmann.fr\/music\/wp-content\/uploads\/2023\/09\/7a8_Laurent_Jacquier_extrait.mp3?_=2\" \/><a href=\"https:\/\/dhalmann.fr\/music\/wp-content\/uploads\/2023\/09\/7a8_Laurent_Jacquier_extrait.mp3\">https:\/\/dhalmann.fr\/music\/wp-content\/uploads\/2023\/09\/7a8_Laurent_Jacquier_extrait.mp3<\/a><\/audio>\n<p>De forme ABA&#8217; cette pi\u00e8ce permet d&#8217;aborder de mani\u00e8re ludique la mesure \u00e0 7\/8.<br \/>\nElle pr\u00e9sente 2 caract\u00e8res diff\u00e9rents et fortement contrast\u00e9s.<br \/>\nLa partie A, d\u2019influence plut\u00f4t \u00ab jazzy \u00bb est essentiellement rythmique.<br \/>\nLe travail des d\u00e9placements sera important notamment pour que les claquements de mains soient bien en place.<br \/>\nLa conduite du chant, pour la partie centrale tr\u00e8s expressive, demandera une attention particuli\u00e8re.<\/p>\n<p><em>Fin de 1er cycle<\/em><\/p>\n<p><strong>Valse Dorienne<\/strong><\/p>\n<audio class=\"wp-audio-shortcode\" id=\"audio-9648-3\" preload=\"none\" style=\"width: 100%;\" controls=\"controls\"><source type=\"audio\/mpeg\" src=\"https:\/\/dhalmann.fr\/music\/wp-content\/uploads\/2023\/09\/Valse_dorienne_Laurent_Jacquier_extrait.mp3?_=3\" \/><a href=\"https:\/\/dhalmann.fr\/music\/wp-content\/uploads\/2023\/09\/Valse_dorienne_Laurent_Jacquier_extrait.mp3\">https:\/\/dhalmann.fr\/music\/wp-content\/uploads\/2023\/09\/Valse_dorienne_Laurent_Jacquier_extrait.mp3<\/a><\/audio>\n<p>\u00c9crite en mode dorien (mode de r\u00e9), cette valse permet \u00e0 l&#8217;\u00e9l\u00e8ve de se familiariser avec la couleur particuli\u00e8re de ce mode.<br \/>\nOn cherchera la fluidit\u00e9 tout au long de la pi\u00e8ce, malgr\u00e9 certaines difficult\u00e9s (3ces, 6te, 8ve \u00e0 la main droite), et en pensant le balancement de la main gauche \u00e0 la mesure. Dans la partie centrale, tr\u00e8s color\u00e9e, on s&#8217;attardera sur le travail des arp\u00e8ges de la main gauche.<\/p>\n<p><em>D\u00e9but 2e cycle<\/em><\/p>\n<p><strong>Circ\u00e9<\/strong><\/p>\n<audio class=\"wp-audio-shortcode\" id=\"audio-9648-4\" preload=\"none\" style=\"width: 100%;\" controls=\"controls\"><source type=\"audio\/mpeg\" src=\"https:\/\/dhalmann.fr\/music\/wp-content\/uploads\/2023\/09\/Circe_Laurent_Jacquier_extrait.mp3?_=4\" \/><a href=\"https:\/\/dhalmann.fr\/music\/wp-content\/uploads\/2023\/09\/Circe_Laurent_Jacquier_extrait.mp3\">https:\/\/dhalmann.fr\/music\/wp-content\/uploads\/2023\/09\/Circe_Laurent_Jacquier_extrait.mp3<\/a><\/audio>\n<p>A l&#8217;image de la d\u00e9esse, cette pi\u00e8ce demande une atmosph\u00e8re myst\u00e9rieuse et envo\u00fbtante. Un toucher d\u00e9licat et un travail de la sonorit\u00e9 et des timbres aidera \u00e0 rendre cette ambiance.<br \/>\nLes doubles notes \u00e0 la main droite ainsi que les d\u00e9placements demanderont une attention particuli\u00e8re.<\/p>\n<p><em>Milieu 2e cycle<\/em><\/p>\n<p><strong>Tango Dingo<\/strong><\/p>\n<audio class=\"wp-audio-shortcode\" id=\"audio-9648-5\" preload=\"none\" style=\"width: 100%;\" controls=\"controls\"><source type=\"audio\/mpeg\" src=\"https:\/\/dhalmann.fr\/music\/wp-content\/uploads\/2023\/09\/Tango_Dingo_Laurent_Jacquier_extrait.mp3?_=5\" \/><a href=\"https:\/\/dhalmann.fr\/music\/wp-content\/uploads\/2023\/09\/Tango_Dingo_Laurent_Jacquier_extrait.mp3\">https:\/\/dhalmann.fr\/music\/wp-content\/uploads\/2023\/09\/Tango_Dingo_Laurent_Jacquier_extrait.mp3<\/a><\/audio>\n<p>Pi\u00e8ce de caract\u00e8re, ce tango est compos\u00e9e de 2 parties contrast\u00e9es. La partie centrale demandera \u00e0 \u00eatre bien chant\u00e9e afin de rendre le caract\u00e8re nostalgique.<br \/>\nL&#8217;accentuation est importante afin de rendre le caract\u00e8re \u00ab extraverti \u00bb de la premi\u00e8re partie.<br \/>\nOn notera les 2 mani\u00e8res d&#8217;articuler la mesure \u00e0 4\/4 : d&#8217;abord avec 4 noires (et accent sur la derni\u00e8re) puis 3+3+2 mesures 20 \u00e0 26.<br \/>\nIl faudra ma\u00eetriser les d\u00e9placements afin d&#8217;obtenir la vivacit\u00e9 et la l\u00e9g\u00e8ret\u00e9 n\u00e9cessaires \u00e0 l&#8217;interpr\u00e9tation de ce Tango Dingo.<\/p>\n<p><em>Milieu 2e cycle<\/em><\/p>\n<p>Partition disponible au format imprim\u00e9 ou en t\u00e9l\u00e9chargement imm\u00e9diat.<\/p>\n","protected":false},"excerpt":{"rendered":"<h2>MDR, 5 pi\u00e8ces pour piano &#8211; Laurent Jacquier<\/h2>\n<p>5 pi\u00e8ces pour piano pour la fin de premier cycle, d\u00e9but du second<\/p>\n","protected":false},"featured_media":9705,"template":"","meta":{"ocean_post_layout":"","ocean_both_sidebars_style":"","ocean_both_sidebars_content_width":0,"ocean_both_sidebars_sidebars_width":0,"ocean_sidebar":"0","ocean_second_sidebar":"0","ocean_disable_margins":"enable","ocean_add_body_class":"","ocean_shortcode_before_top_bar":"","ocean_shortcode_after_top_bar":"","ocean_shortcode_before_header":"","ocean_shortcode_after_header":"","ocean_has_shortcode":"","ocean_shortcode_after_title":"","ocean_shortcode_before_footer_widgets":"","ocean_shortcode_after_footer_widgets":"","ocean_shortcode_before_footer_bottom":"","ocean_shortcode_after_footer_bottom":"","ocean_display_top_bar":"default","ocean_display_header":"default","ocean_header_style":"","ocean_center_header_left_menu":"0","ocean_custom_header_template":"0","ocean_custom_logo":0,"ocean_custom_retina_logo":0,"ocean_custom_logo_max_width":0,"ocean_custom_logo_tablet_max_width":0,"ocean_custom_logo_mobile_max_width":0,"ocean_custom_logo_max_height":0,"ocean_custom_logo_tablet_max_height":0,"ocean_custom_logo_mobile_max_height":0,"ocean_header_custom_menu":"0","ocean_menu_typo_font_family":"0","ocean_menu_typo_font_subset":"","ocean_menu_typo_font_size":0,"ocean_menu_typo_font_size_tablet":0,"ocean_menu_typo_font_size_mobile":0,"ocean_menu_typo_font_size_unit":"px","ocean_menu_typo_font_weight":"","ocean_menu_typo_font_weight_tablet":"","ocean_menu_typo_font_weight_mobile":"","ocean_menu_typo_transform":"","ocean_menu_typo_transform_tablet":"","ocean_menu_typo_transform_mobile":"","ocean_menu_typo_line_height":0,"ocean_menu_typo_line_height_tablet":0,"ocean_menu_typo_line_height_mobile":0,"ocean_menu_typo_line_height_unit":"","ocean_menu_typo_spacing":0,"ocean_menu_typo_spacing_tablet":0,"ocean_menu_typo_spacing_mobile":0,"ocean_menu_typo_spacing_unit":"","ocean_menu_link_color":"","ocean_menu_link_color_hover":"","ocean_menu_link_color_active":"","ocean_menu_link_background":"","ocean_menu_link_hover_background":"","ocean_menu_link_active_background":"","ocean_menu_social_links_bg":"","ocean_menu_social_hover_links_bg":"","ocean_menu_social_links_color":"","ocean_menu_social_hover_links_color":"","ocean_disable_title":"default","ocean_disable_heading":"default","ocean_post_title":"","ocean_post_subheading":"","ocean_post_title_style":"","ocean_post_title_background_color":"","ocean_post_title_background":0,"ocean_post_title_bg_image_position":"","ocean_post_title_bg_image_attachment":"","ocean_post_title_bg_image_repeat":"","ocean_post_title_bg_image_size":"","ocean_post_title_height":0,"ocean_post_title_bg_overlay":0.5,"ocean_post_title_bg_overlay_color":"","ocean_disable_breadcrumbs":"default","ocean_breadcrumbs_color":"","ocean_breadcrumbs_separator_color":"","ocean_breadcrumbs_links_color":"","ocean_breadcrumbs_links_hover_color":"","ocean_display_footer_widgets":"default","ocean_display_footer_bottom":"default","ocean_custom_footer_template":"0"},"product_brand":[610],"product_cat":[151,74,669,176],"product_tag":[],"class_list":{"0":"post-9648","1":"product","2":"type-product","3":"status-publish","4":"has-post-thumbnail","6":"product_brand-editions-francois-dhalmann","7":"product_cat-claviers","8":"product_cat-jacquier-laurent","9":"product_cat-piano","10":"product_cat-solo","11":"pa_difficulte-intermediaire","13":"entry","14":"has-media","16":"first","17":"instock","18":"taxable","19":"shipping-taxable","20":"purchasable","21":"product-type-variable","22":"add-to-wishlist-before_image","23":"has-product-nav","24":"col","25":"span_1_of_4","26":"owp-content-center","27":"owp-thumbs-layout-horizontal","28":"owp-btn-normal","29":"owp-tabs-layout-horizontal"},"yoast_head":"<!-- This site is optimized with the Yoast SEO plugin v27.5 - https:\/\/yoast.com\/product\/yoast-seo-wordpress\/ -->\n<title>MDR, 5 pi\u00e8ces pour piano - Laurent Jacquier - Editions Fran\u00e7ois Dhalmann<\/title>\n<meta name=\"description\" content=\"Partition en vente directe sur le site des Editions Fran\u00e7ois Dhalmann. Partition au format imprim\u00e9 ou en t\u00e9l\u00e9chargement imm\u00e9diat.\" \/>\n<meta name=\"robots\" content=\"index, follow, max-snippet:-1, max-image-preview:large, max-video-preview:-1\" \/>\n<link rel=\"canonical\" href=\"https:\/\/dhalmann.fr\/music\/en\/produit\/mdr-5-pieces-pour-piano-laurent-jacquier\/\" \/>\n<meta property=\"og:locale\" content=\"en_US\" \/>\n<meta property=\"og:type\" content=\"article\" \/>\n<meta property=\"og:title\" content=\"MDR, 5 pi\u00e8ces pour piano - Laurent Jacquier - Editions Fran\u00e7ois Dhalmann\" \/>\n<meta property=\"og:description\" content=\"Partition en vente directe sur le site des Editions Fran\u00e7ois Dhalmann. Partition au format imprim\u00e9 ou en t\u00e9l\u00e9chargement imm\u00e9diat.\" \/>\n<meta property=\"og:url\" content=\"https:\/\/dhalmann.fr\/music\/en\/produit\/mdr-5-pieces-pour-piano-laurent-jacquier\/\" \/>\n<meta property=\"og:site_name\" content=\"Editions Fran\u00e7ois Dhalmann\" \/>\n<meta property=\"article:publisher\" content=\"https:\/\/www.facebook.com\/EditionsDhalmann\/\" \/>\n<meta property=\"article:modified_time\" content=\"2026-02-13T09:42:36+00:00\" \/>\n<meta property=\"og:image\" content=\"https:\/\/dhalmann.fr\/music\/wp-content\/uploads\/2023\/09\/FD0807_MDR-1.webp\" \/>\n\t<meta property=\"og:image:width\" content=\"724\" \/>\n\t<meta property=\"og:image:height\" content=\"1024\" \/>\n\t<meta property=\"og:image:type\" content=\"image\/webp\" \/>\n<meta name=\"twitter:card\" content=\"summary_large_image\" \/>\n<meta name=\"twitter:site\" content=\"@editiondhalmann\" \/>\n<meta name=\"twitter:label1\" content=\"Est. reading time\" \/>\n\t<meta name=\"twitter:data1\" content=\"2 minutes\" \/>\n<script type=\"application\/ld+json\" class=\"yoast-schema-graph\">{\"@context\":\"https:\\\/\\\/schema.org\",\"@graph\":[{\"@type\":\"WebPage\",\"@id\":\"https:\\\/\\\/dhalmann.fr\\\/music\\\/en\\\/produit\\\/mdr-5-pieces-pour-piano-laurent-jacquier\\\/\",\"url\":\"https:\\\/\\\/dhalmann.fr\\\/music\\\/en\\\/produit\\\/mdr-5-pieces-pour-piano-laurent-jacquier\\\/\",\"name\":\"MDR, 5 pi\u00e8ces pour piano - Laurent Jacquier - Editions Fran\u00e7ois Dhalmann\",\"isPartOf\":{\"@id\":\"https:\\\/\\\/dhalmann.fr\\\/music\\\/en\\\/#website\"},\"primaryImageOfPage\":{\"@id\":\"https:\\\/\\\/dhalmann.fr\\\/music\\\/en\\\/produit\\\/mdr-5-pieces-pour-piano-laurent-jacquier\\\/#primaryimage\"},\"image\":{\"@id\":\"https:\\\/\\\/dhalmann.fr\\\/music\\\/en\\\/produit\\\/mdr-5-pieces-pour-piano-laurent-jacquier\\\/#primaryimage\"},\"thumbnailUrl\":\"https:\\\/\\\/dhalmann.fr\\\/music\\\/wp-content\\\/uploads\\\/2023\\\/09\\\/FD0807_MDR-1.webp\",\"datePublished\":\"2023-09-12T13:17:34+00:00\",\"dateModified\":\"2026-02-13T09:42:36+00:00\",\"description\":\"Partition en vente directe sur le site des Editions Fran\u00e7ois Dhalmann. Partition au format imprim\u00e9 ou en t\u00e9l\u00e9chargement imm\u00e9diat.\",\"breadcrumb\":{\"@id\":\"https:\\\/\\\/dhalmann.fr\\\/music\\\/en\\\/produit\\\/mdr-5-pieces-pour-piano-laurent-jacquier\\\/#breadcrumb\"},\"inLanguage\":\"en-US\",\"potentialAction\":[{\"@type\":\"ReadAction\",\"target\":[\"https:\\\/\\\/dhalmann.fr\\\/music\\\/en\\\/produit\\\/mdr-5-pieces-pour-piano-laurent-jacquier\\\/\"]}]},{\"@type\":\"ImageObject\",\"inLanguage\":\"en-US\",\"@id\":\"https:\\\/\\\/dhalmann.fr\\\/music\\\/en\\\/produit\\\/mdr-5-pieces-pour-piano-laurent-jacquier\\\/#primaryimage\",\"url\":\"https:\\\/\\\/dhalmann.fr\\\/music\\\/wp-content\\\/uploads\\\/2023\\\/09\\\/FD0807_MDR-1.webp\",\"contentUrl\":\"https:\\\/\\\/dhalmann.fr\\\/music\\\/wp-content\\\/uploads\\\/2023\\\/09\\\/FD0807_MDR-1.webp\",\"width\":724,\"height\":1024,\"caption\":\"MDR, 5 pi\u00e8ces pour piano de Laurent Jacquier\"},{\"@type\":\"BreadcrumbList\",\"@id\":\"https:\\\/\\\/dhalmann.fr\\\/music\\\/en\\\/produit\\\/mdr-5-pieces-pour-piano-laurent-jacquier\\\/#breadcrumb\",\"itemListElement\":[{\"@type\":\"ListItem\",\"position\":1,\"name\":\"Home\",\"item\":\"https:\\\/\\\/dhalmann.fr\\\/music\\\/en\\\/\"},{\"@type\":\"ListItem\",\"position\":2,\"name\":\"Shop\",\"item\":\"https:\\\/\\\/dhalmann.fr\\\/music\\\/en\\\/shop\\\/\"},{\"@type\":\"ListItem\",\"position\":3,\"name\":\"MDR, 5 pi\u00e8ces pour piano &#8211; Laurent Jacquier\"}]},{\"@type\":\"WebSite\",\"@id\":\"https:\\\/\\\/dhalmann.fr\\\/music\\\/en\\\/#website\",\"url\":\"https:\\\/\\\/dhalmann.fr\\\/music\\\/en\\\/\",\"name\":\"Editions Fran\u00e7ois Dhalmann\",\"description\":\"Partitions musicales des Editions Dhalmann pour tous les instruments - Percussion, piano, cordes, vents, ensemble, orchestre et bien plus\",\"publisher\":{\"@id\":\"https:\\\/\\\/dhalmann.fr\\\/music\\\/en\\\/#organization\"},\"alternateName\":\"Dhalmann\",\"potentialAction\":[{\"@type\":\"SearchAction\",\"target\":{\"@type\":\"EntryPoint\",\"urlTemplate\":\"https:\\\/\\\/dhalmann.fr\\\/music\\\/en\\\/?s={search_term_string}\"},\"query-input\":{\"@type\":\"PropertyValueSpecification\",\"valueRequired\":true,\"valueName\":\"search_term_string\"}}],\"inLanguage\":\"en-US\"},{\"@type\":\"Organization\",\"@id\":\"https:\\\/\\\/dhalmann.fr\\\/music\\\/en\\\/#organization\",\"name\":\"Editions Francois Dhalmann\",\"alternateName\":\"Dhalmann\",\"url\":\"https:\\\/\\\/dhalmann.fr\\\/music\\\/en\\\/\",\"logo\":{\"@type\":\"ImageObject\",\"inLanguage\":\"en-US\",\"@id\":\"https:\\\/\\\/dhalmann.fr\\\/music\\\/en\\\/#\\\/schema\\\/logo\\\/image\\\/\",\"url\":\"https:\\\/\\\/dhalmann.fr\\\/music\\\/wp-content\\\/uploads\\\/2021\\\/07\\\/editions-francois-dhalmann-1397749175.jpg\",\"contentUrl\":\"https:\\\/\\\/dhalmann.fr\\\/music\\\/wp-content\\\/uploads\\\/2021\\\/07\\\/editions-francois-dhalmann-1397749175.jpg\",\"width\":559,\"height\":354,\"caption\":\"Editions Francois Dhalmann\"},\"image\":{\"@id\":\"https:\\\/\\\/dhalmann.fr\\\/music\\\/en\\\/#\\\/schema\\\/logo\\\/image\\\/\"},\"sameAs\":[\"https:\\\/\\\/www.facebook.com\\\/EditionsDhalmann\\\/\",\"https:\\\/\\\/x.com\\\/editiondhalmann\",\"https:\\\/\\\/www.youtube.com\\\/channel\\\/UCZdGOJXKqg6ByF1pQloitAg\"]}]}<\/script>\n<!-- \/ Yoast SEO plugin. -->","yoast_head_json":{"title":"MDR, 5 pi\u00e8ces pour piano - Laurent Jacquier - Editions Fran\u00e7ois Dhalmann","description":"Partition en vente directe sur le site des Editions Fran\u00e7ois Dhalmann. Partition au format imprim\u00e9 ou en t\u00e9l\u00e9chargement imm\u00e9diat.","robots":{"index":"index","follow":"follow","max-snippet":"max-snippet:-1","max-image-preview":"max-image-preview:large","max-video-preview":"max-video-preview:-1"},"canonical":"https:\/\/dhalmann.fr\/music\/en\/produit\/mdr-5-pieces-pour-piano-laurent-jacquier\/","og_locale":"en_US","og_type":"article","og_title":"MDR, 5 pi\u00e8ces pour piano - Laurent Jacquier - Editions Fran\u00e7ois Dhalmann","og_description":"Partition en vente directe sur le site des Editions Fran\u00e7ois Dhalmann. Partition au format imprim\u00e9 ou en t\u00e9l\u00e9chargement imm\u00e9diat.","og_url":"https:\/\/dhalmann.fr\/music\/en\/produit\/mdr-5-pieces-pour-piano-laurent-jacquier\/","og_site_name":"Editions Fran\u00e7ois Dhalmann","article_publisher":"https:\/\/www.facebook.com\/EditionsDhalmann\/","article_modified_time":"2026-02-13T09:42:36+00:00","og_image":[{"width":724,"height":1024,"url":"https:\/\/dhalmann.fr\/music\/wp-content\/uploads\/2023\/09\/FD0807_MDR-1.webp","type":"image\/webp"}],"twitter_card":"summary_large_image","twitter_site":"@editiondhalmann","twitter_misc":{"Est. reading time":"2 minutes"},"schema":{"@context":"https:\/\/schema.org","@graph":[{"@type":"WebPage","@id":"https:\/\/dhalmann.fr\/music\/en\/produit\/mdr-5-pieces-pour-piano-laurent-jacquier\/","url":"https:\/\/dhalmann.fr\/music\/en\/produit\/mdr-5-pieces-pour-piano-laurent-jacquier\/","name":"MDR, 5 pi\u00e8ces pour piano - Laurent Jacquier - Editions Fran\u00e7ois Dhalmann","isPartOf":{"@id":"https:\/\/dhalmann.fr\/music\/en\/#website"},"primaryImageOfPage":{"@id":"https:\/\/dhalmann.fr\/music\/en\/produit\/mdr-5-pieces-pour-piano-laurent-jacquier\/#primaryimage"},"image":{"@id":"https:\/\/dhalmann.fr\/music\/en\/produit\/mdr-5-pieces-pour-piano-laurent-jacquier\/#primaryimage"},"thumbnailUrl":"https:\/\/dhalmann.fr\/music\/wp-content\/uploads\/2023\/09\/FD0807_MDR-1.webp","datePublished":"2023-09-12T13:17:34+00:00","dateModified":"2026-02-13T09:42:36+00:00","description":"Partition en vente directe sur le site des Editions Fran\u00e7ois Dhalmann. Partition au format imprim\u00e9 ou en t\u00e9l\u00e9chargement imm\u00e9diat.","breadcrumb":{"@id":"https:\/\/dhalmann.fr\/music\/en\/produit\/mdr-5-pieces-pour-piano-laurent-jacquier\/#breadcrumb"},"inLanguage":"en-US","potentialAction":[{"@type":"ReadAction","target":["https:\/\/dhalmann.fr\/music\/en\/produit\/mdr-5-pieces-pour-piano-laurent-jacquier\/"]}]},{"@type":"ImageObject","inLanguage":"en-US","@id":"https:\/\/dhalmann.fr\/music\/en\/produit\/mdr-5-pieces-pour-piano-laurent-jacquier\/#primaryimage","url":"https:\/\/dhalmann.fr\/music\/wp-content\/uploads\/2023\/09\/FD0807_MDR-1.webp","contentUrl":"https:\/\/dhalmann.fr\/music\/wp-content\/uploads\/2023\/09\/FD0807_MDR-1.webp","width":724,"height":1024,"caption":"MDR, 5 pi\u00e8ces pour piano de Laurent Jacquier"},{"@type":"BreadcrumbList","@id":"https:\/\/dhalmann.fr\/music\/en\/produit\/mdr-5-pieces-pour-piano-laurent-jacquier\/#breadcrumb","itemListElement":[{"@type":"ListItem","position":1,"name":"Home","item":"https:\/\/dhalmann.fr\/music\/en\/"},{"@type":"ListItem","position":2,"name":"Shop","item":"https:\/\/dhalmann.fr\/music\/en\/shop\/"},{"@type":"ListItem","position":3,"name":"MDR, 5 pi\u00e8ces pour piano &#8211; Laurent Jacquier"}]},{"@type":"WebSite","@id":"https:\/\/dhalmann.fr\/music\/en\/#website","url":"https:\/\/dhalmann.fr\/music\/en\/","name":"Editions Fran\u00e7ois Dhalmann","description":"Partitions musicales des Editions Dhalmann pour tous les instruments - Percussion, piano, cordes, vents, ensemble, orchestre et bien plus","publisher":{"@id":"https:\/\/dhalmann.fr\/music\/en\/#organization"},"alternateName":"Dhalmann","potentialAction":[{"@type":"SearchAction","target":{"@type":"EntryPoint","urlTemplate":"https:\/\/dhalmann.fr\/music\/en\/?s={search_term_string}"},"query-input":{"@type":"PropertyValueSpecification","valueRequired":true,"valueName":"search_term_string"}}],"inLanguage":"en-US"},{"@type":"Organization","@id":"https:\/\/dhalmann.fr\/music\/en\/#organization","name":"Editions Francois Dhalmann","alternateName":"Dhalmann","url":"https:\/\/dhalmann.fr\/music\/en\/","logo":{"@type":"ImageObject","inLanguage":"en-US","@id":"https:\/\/dhalmann.fr\/music\/en\/#\/schema\/logo\/image\/","url":"https:\/\/dhalmann.fr\/music\/wp-content\/uploads\/2021\/07\/editions-francois-dhalmann-1397749175.jpg","contentUrl":"https:\/\/dhalmann.fr\/music\/wp-content\/uploads\/2021\/07\/editions-francois-dhalmann-1397749175.jpg","width":559,"height":354,"caption":"Editions Francois Dhalmann"},"image":{"@id":"https:\/\/dhalmann.fr\/music\/en\/#\/schema\/logo\/image\/"},"sameAs":["https:\/\/www.facebook.com\/EditionsDhalmann\/","https:\/\/x.com\/editiondhalmann","https:\/\/www.youtube.com\/channel\/UCZdGOJXKqg6ByF1pQloitAg"]}]}},"_links":{"self":[{"href":"https:\/\/dhalmann.fr\/music\/en\/wp-json\/wp\/v2\/product\/9648","targetHints":{"allow":["GET"]}}],"collection":[{"href":"https:\/\/dhalmann.fr\/music\/en\/wp-json\/wp\/v2\/product"}],"about":[{"href":"https:\/\/dhalmann.fr\/music\/en\/wp-json\/wp\/v2\/types\/product"}],"wp:featuredmedia":[{"embeddable":true,"href":"https:\/\/dhalmann.fr\/music\/en\/wp-json\/wp\/v2\/media\/9705"}],"wp:attachment":[{"href":"https:\/\/dhalmann.fr\/music\/en\/wp-json\/wp\/v2\/media?parent=9648"}],"wp:term":[{"taxonomy":"product_brand","embeddable":true,"href":"https:\/\/dhalmann.fr\/music\/en\/wp-json\/wp\/v2\/product_brand?post=9648"},{"taxonomy":"product_cat","embeddable":true,"href":"https:\/\/dhalmann.fr\/music\/en\/wp-json\/wp\/v2\/product_cat?post=9648"},{"taxonomy":"product_tag","embeddable":true,"href":"https:\/\/dhalmann.fr\/music\/en\/wp-json\/wp\/v2\/product_tag?post=9648"}],"curies":[{"name":"wp","href":"https:\/\/api.w.org\/{rel}","templated":true}]}}