{"id":9767,"date":"2023-09-29T16:30:00","date_gmt":"2023-09-29T14:30:00","guid":{"rendered":"https:\/\/dhalmann.fr\/music\/?post_type=product&#038;p=9767"},"modified":"2026-02-13T11:42:14","modified_gmt":"2026-02-13T09:42:14","slug":"trois-pieces-pour-piano-laurent-jacquier","status":"publish","type":"product","link":"https:\/\/dhalmann.fr\/music\/en\/produit\/trois-pieces-pour-piano-laurent-jacquier\/","title":{"rendered":"Trois pi\u00e8ces pour piano &#8211; Laurent Jacquier"},"content":{"rendered":"<h2>Trois pi\u00e8ces pour piano &#8211; <a href=\"https:\/\/dhalmann.fr\/music\/product-category\/auteurs\/jacquier-laurent\/\">Laurent Jacquier<\/a><\/h2>\n<p>Recueil de 3 pi\u00e8ces pour piano pour le cycle 3, disponible au format imprim\u00e9 ou en t\u00e9l\u00e9chargement imm\u00e9diat.<\/p>\n<p><strong>&#8220;A&#8221; :<\/strong><\/p>\n<p>Apr\u00e8s un introduction percussive autour de la note \u00ab\u00a0la\u00a0\u00bb (A en notation anglo-saxonne), Un th\u00e8me beaucoup plus lyrique appara\u00eet. Il est construit sur les notes qui forment le nom d&#8217; A G N E S (la, sol, sol, mi, mi). La douceur de la m\u00e9lodie vient contraster avec l&#8217;introduction, et sa couleur harmonique rappelle un peu les ballades de jazz. Au centre de \u00ab\u00a0A\u00a0\u00bb on retrouve le th\u00e8me vari\u00e9 dans un arrangement plus rythmique et presque rock, apr\u00e8s une partie staccato bas\u00e9e sur une pulsation irr\u00e9guli\u00e8re (4+3+3).<\/p>\n<p>Pour finir le th\u00e8me reviendra dans sa pr\u00e9sentation originale avant de terminer par une courte coda.<\/p>\n<p>Les contrastes et les diff\u00e9rents caract\u00e8res sont importants dans cette musique et permettent au piano de montrer ses diff\u00e9rentes facettes (tant\u00f4t instrument \u00e0 percussion, tant\u00f4t instrument rock et tant\u00f4t tr\u00e8s m\u00e9lodique et romantique).<\/p>\n<audio class=\"wp-audio-shortcode\" id=\"audio-9767-1\" preload=\"none\" style=\"width: 100%;\" controls=\"controls\"><source type=\"audio\/mpeg\" src=\"https:\/\/dhalmann.fr\/music\/wp-content\/uploads\/2023\/09\/A-Laurent-Jacquier-extrait.mp3?_=1\" \/><a href=\"https:\/\/dhalmann.fr\/music\/wp-content\/uploads\/2023\/09\/A-Laurent-Jacquier-extrait.mp3\">https:\/\/dhalmann.fr\/music\/wp-content\/uploads\/2023\/09\/A-Laurent-Jacquier-extrait.mp3<\/a><\/audio>\n<p>&nbsp;<\/p>\n<p><strong>Traces\u00a0:<\/strong><\/p>\n<p>Dans cette pi\u00e8ce lente, un balancement lancinant bas\u00e9 sur 2 accords (FaM et SolbM) jou\u00e9 par la main gauche accompagne une vocalise tr\u00e8s douce et presque intime qui para\u00eet flotter dans l&#8217;air. L\u2019ambigu\u00eft\u00e9 des harmonies et le rythme r\u00e9gulier de son accompagnement conf\u00e8re \u00e0 cette pi\u00e8ce un caract\u00e8re particulier o\u00f9 se m\u00eale recueillement et lyrisme.<\/p>\n<p>Comme des traces laiss\u00e9es dans le sable, la musique s&#8217;\u00e9vanouira aussi discr\u00e8tement qu&#8217;elle est apparue.<\/p>\n<audio class=\"wp-audio-shortcode\" id=\"audio-9767-2\" preload=\"none\" style=\"width: 100%;\" controls=\"controls\"><source type=\"audio\/mpeg\" src=\"https:\/\/dhalmann.fr\/music\/wp-content\/uploads\/2023\/09\/Traces-extrait.mp3?_=2\" \/><a href=\"https:\/\/dhalmann.fr\/music\/wp-content\/uploads\/2023\/09\/Traces-extrait.mp3\">https:\/\/dhalmann.fr\/music\/wp-content\/uploads\/2023\/09\/Traces-extrait.mp3<\/a><\/audio>\n<p>&nbsp;<\/p>\n<p><strong>Staccatomaniak\u00a0:<\/strong><\/p>\n<p>Comme un clin d&#8217;\u0153il \u00e0 Ligeti et au principe de ses \u00ab\u00a0Musica Ricercata\u00a0\u00bb, cette pi\u00e8ce est organis\u00e9e autour d&#8217;une \u00e9chelle de 6 notes (do, r\u00e9b, mi, fa#, la, sib) . 5\u00a0 notes formeront un ostinato \u00e0 la main gauche et la 6\u00e8 viendra s&#8217;ajouter pour donner naissance \u00e0 l&#8217;\u00e9l\u00e9ment th\u00e9matique, th\u00e8me qui sera r\u00e9guli\u00e8rement interrompu par des notes jou\u00e9es fortissimo.<\/p>\n<p>On peut penser cette pi\u00e8ce comme une \u00e9tude sur le staccato et les intensit\u00e9s, aussi on veillera \u00e0 bien respecter les contrastes de nuances entre l&#8217;ostinato staccato et tr\u00e8s piano et la puissance des notes qui viennent l&#8217;interrompre.<\/p>\n<p>Ces s\u00e9quences seront articul\u00e9es autour de 2 sections plus lentes et tr\u00e8s legato qui viendront adoucir le caract\u00e8re agit\u00e9 de la pi\u00e8ce.<\/p>\n<p>Pour finir la th\u00e9matique sera r\u00e9expos\u00e9e en mouvement contraire puis on retrouvera l&#8217;ostinato dans l&#8217;aigu et le th\u00e8me dans le grave.<\/p>\n<audio class=\"wp-audio-shortcode\" id=\"audio-9767-3\" preload=\"none\" style=\"width: 100%;\" controls=\"controls\"><source type=\"audio\/mpeg\" src=\"https:\/\/dhalmann.fr\/music\/wp-content\/uploads\/2023\/09\/Staccatomaniak-Extrait.mp3?_=3\" \/><a href=\"https:\/\/dhalmann.fr\/music\/wp-content\/uploads\/2023\/09\/Staccatomaniak-Extrait.mp3\">https:\/\/dhalmann.fr\/music\/wp-content\/uploads\/2023\/09\/Staccatomaniak-Extrait.mp3<\/a><\/audio>\n<p>&nbsp;<\/p>\n<p>&nbsp;<\/p>\n<p>Si ces 3 pi\u00e8ces sont ind\u00e9pendantes les unes des autres, on pourra aussi les penser comme une sonate en 3 mouvement et les interpr\u00e9ter comme un tout.<\/p>\n<p>&nbsp;<\/p>\n","protected":false},"excerpt":{"rendered":"<h2>Trois pi\u00e8ces pour piano &#8211; <a href=\"https:\/\/dhalmann.fr\/music\/product-category\/auteurs\/jacquier-laurent\/\">Laurent Jacquier<\/a><\/h2>\n<p>Recueil de 3 pi\u00e8ces pour piano pour le cycle 3, disponible au format imprim\u00e9 ou en t\u00e9l\u00e9chargement imm\u00e9diat.<\/p>\n","protected":false},"featured_media":9776,"template":"","meta":{"ocean_post_layout":"","ocean_both_sidebars_style":"","ocean_both_sidebars_content_width":0,"ocean_both_sidebars_sidebars_width":0,"ocean_sidebar":"0","ocean_second_sidebar":"0","ocean_disable_margins":"enable","ocean_add_body_class":"","ocean_shortcode_before_top_bar":"","ocean_shortcode_after_top_bar":"","ocean_shortcode_before_header":"","ocean_shortcode_after_header":"","ocean_has_shortcode":"","ocean_shortcode_after_title":"","ocean_shortcode_before_footer_widgets":"","ocean_shortcode_after_footer_widgets":"","ocean_shortcode_before_footer_bottom":"","ocean_shortcode_after_footer_bottom":"","ocean_display_top_bar":"default","ocean_display_header":"default","ocean_header_style":"","ocean_center_header_left_menu":"0","ocean_custom_header_template":"0","ocean_custom_logo":0,"ocean_custom_retina_logo":0,"ocean_custom_logo_max_width":0,"ocean_custom_logo_tablet_max_width":0,"ocean_custom_logo_mobile_max_width":0,"ocean_custom_logo_max_height":0,"ocean_custom_logo_tablet_max_height":0,"ocean_custom_logo_mobile_max_height":0,"ocean_header_custom_menu":"0","ocean_menu_typo_font_family":"0","ocean_menu_typo_font_subset":"","ocean_menu_typo_font_size":0,"ocean_menu_typo_font_size_tablet":0,"ocean_menu_typo_font_size_mobile":0,"ocean_menu_typo_font_size_unit":"px","ocean_menu_typo_font_weight":"","ocean_menu_typo_font_weight_tablet":"","ocean_menu_typo_font_weight_mobile":"","ocean_menu_typo_transform":"","ocean_menu_typo_transform_tablet":"","ocean_menu_typo_transform_mobile":"","ocean_menu_typo_line_height":0,"ocean_menu_typo_line_height_tablet":0,"ocean_menu_typo_line_height_mobile":0,"ocean_menu_typo_line_height_unit":"","ocean_menu_typo_spacing":0,"ocean_menu_typo_spacing_tablet":0,"ocean_menu_typo_spacing_mobile":0,"ocean_menu_typo_spacing_unit":"","ocean_menu_link_color":"","ocean_menu_link_color_hover":"","ocean_menu_link_color_active":"","ocean_menu_link_background":"","ocean_menu_link_hover_background":"","ocean_menu_link_active_background":"","ocean_menu_social_links_bg":"","ocean_menu_social_hover_links_bg":"","ocean_menu_social_links_color":"","ocean_menu_social_hover_links_color":"","ocean_disable_title":"default","ocean_disable_heading":"default","ocean_post_title":"","ocean_post_subheading":"","ocean_post_title_style":"","ocean_post_title_background_color":"","ocean_post_title_background":0,"ocean_post_title_bg_image_position":"","ocean_post_title_bg_image_attachment":"","ocean_post_title_bg_image_repeat":"","ocean_post_title_bg_image_size":"","ocean_post_title_height":0,"ocean_post_title_bg_overlay":0.5,"ocean_post_title_bg_overlay_color":"","ocean_disable_breadcrumbs":"default","ocean_breadcrumbs_color":"","ocean_breadcrumbs_separator_color":"","ocean_breadcrumbs_links_color":"","ocean_breadcrumbs_links_hover_color":"","ocean_display_footer_widgets":"default","ocean_display_footer_bottom":"default","ocean_custom_footer_template":"0"},"product_brand":[610],"product_cat":[151,74,669,176],"product_tag":[],"class_list":{"0":"post-9767","1":"product","2":"type-product","3":"status-publish","4":"has-post-thumbnail","6":"product_brand-editions-francois-dhalmann","7":"product_cat-claviers","8":"product_cat-jacquier-laurent","9":"product_cat-piano","10":"product_cat-solo","11":"pa_difficulte-difficile","13":"entry","14":"has-media","16":"first","17":"instock","18":"taxable","19":"shipping-taxable","20":"purchasable","21":"product-type-variable","22":"add-to-wishlist-before_image","23":"has-product-nav","24":"col","25":"span_1_of_4","26":"owp-content-center","27":"owp-thumbs-layout-horizontal","28":"owp-btn-normal","29":"owp-tabs-layout-horizontal"},"yoast_head":"<!-- This site is optimized with the Yoast SEO plugin v27.5 - https:\/\/yoast.com\/product\/yoast-seo-wordpress\/ -->\n<title>Trois pi\u00e8ces pour piano - Laurent Jacquier - Editions Fran\u00e7ois Dhalmann<\/title>\n<meta name=\"description\" content=\"Partition en vente directe sur le site des Editions Fran\u00e7ois Dhalmann. Partition au format imprim\u00e9 ou en t\u00e9l\u00e9chargement imm\u00e9diat.\" \/>\n<meta name=\"robots\" content=\"index, follow, max-snippet:-1, max-image-preview:large, max-video-preview:-1\" \/>\n<link rel=\"canonical\" href=\"https:\/\/dhalmann.fr\/music\/en\/produit\/trois-pieces-pour-piano-laurent-jacquier\/\" \/>\n<meta property=\"og:locale\" content=\"en_US\" \/>\n<meta property=\"og:type\" content=\"article\" \/>\n<meta property=\"og:title\" content=\"Trois pi\u00e8ces pour piano - Laurent Jacquier - Editions Fran\u00e7ois Dhalmann\" \/>\n<meta property=\"og:description\" content=\"Partition en vente directe sur le site des Editions Fran\u00e7ois Dhalmann. Partition au format imprim\u00e9 ou en t\u00e9l\u00e9chargement imm\u00e9diat.\" \/>\n<meta property=\"og:url\" content=\"https:\/\/dhalmann.fr\/music\/en\/produit\/trois-pieces-pour-piano-laurent-jacquier\/\" \/>\n<meta property=\"og:site_name\" content=\"Editions Fran\u00e7ois Dhalmann\" \/>\n<meta property=\"article:publisher\" content=\"https:\/\/www.facebook.com\/EditionsDhalmann\/\" \/>\n<meta property=\"article:modified_time\" content=\"2026-02-13T09:42:14+00:00\" \/>\n<meta property=\"og:image\" content=\"https:\/\/dhalmann.fr\/music\/wp-content\/uploads\/2023\/09\/FD0808_3piece_piano_cycle3.webp\" \/>\n\t<meta property=\"og:image:width\" content=\"724\" \/>\n\t<meta property=\"og:image:height\" content=\"1024\" \/>\n\t<meta property=\"og:image:type\" content=\"image\/webp\" \/>\n<meta name=\"twitter:card\" content=\"summary_large_image\" \/>\n<meta name=\"twitter:site\" content=\"@editiondhalmann\" \/>\n<meta name=\"twitter:label1\" content=\"Est. reading time\" \/>\n\t<meta name=\"twitter:data1\" content=\"2 minutes\" \/>\n<script type=\"application\/ld+json\" class=\"yoast-schema-graph\">{\"@context\":\"https:\\\/\\\/schema.org\",\"@graph\":[{\"@type\":\"WebPage\",\"@id\":\"https:\\\/\\\/dhalmann.fr\\\/music\\\/en\\\/produit\\\/trois-pieces-pour-piano-laurent-jacquier\\\/\",\"url\":\"https:\\\/\\\/dhalmann.fr\\\/music\\\/en\\\/produit\\\/trois-pieces-pour-piano-laurent-jacquier\\\/\",\"name\":\"Trois pi\u00e8ces pour piano - Laurent Jacquier - Editions Fran\u00e7ois Dhalmann\",\"isPartOf\":{\"@id\":\"https:\\\/\\\/dhalmann.fr\\\/music\\\/en\\\/#website\"},\"primaryImageOfPage\":{\"@id\":\"https:\\\/\\\/dhalmann.fr\\\/music\\\/en\\\/produit\\\/trois-pieces-pour-piano-laurent-jacquier\\\/#primaryimage\"},\"image\":{\"@id\":\"https:\\\/\\\/dhalmann.fr\\\/music\\\/en\\\/produit\\\/trois-pieces-pour-piano-laurent-jacquier\\\/#primaryimage\"},\"thumbnailUrl\":\"https:\\\/\\\/dhalmann.fr\\\/music\\\/wp-content\\\/uploads\\\/2023\\\/09\\\/FD0808_3piece_piano_cycle3.webp\",\"datePublished\":\"2023-09-29T14:30:00+00:00\",\"dateModified\":\"2026-02-13T09:42:14+00:00\",\"description\":\"Partition en vente directe sur le site des Editions Fran\u00e7ois Dhalmann. Partition au format imprim\u00e9 ou en t\u00e9l\u00e9chargement imm\u00e9diat.\",\"breadcrumb\":{\"@id\":\"https:\\\/\\\/dhalmann.fr\\\/music\\\/en\\\/produit\\\/trois-pieces-pour-piano-laurent-jacquier\\\/#breadcrumb\"},\"inLanguage\":\"en-US\",\"potentialAction\":[{\"@type\":\"ReadAction\",\"target\":[\"https:\\\/\\\/dhalmann.fr\\\/music\\\/en\\\/produit\\\/trois-pieces-pour-piano-laurent-jacquier\\\/\"]}]},{\"@type\":\"ImageObject\",\"inLanguage\":\"en-US\",\"@id\":\"https:\\\/\\\/dhalmann.fr\\\/music\\\/en\\\/produit\\\/trois-pieces-pour-piano-laurent-jacquier\\\/#primaryimage\",\"url\":\"https:\\\/\\\/dhalmann.fr\\\/music\\\/wp-content\\\/uploads\\\/2023\\\/09\\\/FD0808_3piece_piano_cycle3.webp\",\"contentUrl\":\"https:\\\/\\\/dhalmann.fr\\\/music\\\/wp-content\\\/uploads\\\/2023\\\/09\\\/FD0808_3piece_piano_cycle3.webp\",\"width\":724,\"height\":1024,\"caption\":\"Trois pi\u00e8ces pour piano - Laurent Jacquier\"},{\"@type\":\"BreadcrumbList\",\"@id\":\"https:\\\/\\\/dhalmann.fr\\\/music\\\/en\\\/produit\\\/trois-pieces-pour-piano-laurent-jacquier\\\/#breadcrumb\",\"itemListElement\":[{\"@type\":\"ListItem\",\"position\":1,\"name\":\"Home\",\"item\":\"https:\\\/\\\/dhalmann.fr\\\/music\\\/en\\\/\"},{\"@type\":\"ListItem\",\"position\":2,\"name\":\"Shop\",\"item\":\"https:\\\/\\\/dhalmann.fr\\\/music\\\/en\\\/shop\\\/\"},{\"@type\":\"ListItem\",\"position\":3,\"name\":\"Trois pi\u00e8ces pour piano &#8211; Laurent Jacquier\"}]},{\"@type\":\"WebSite\",\"@id\":\"https:\\\/\\\/dhalmann.fr\\\/music\\\/en\\\/#website\",\"url\":\"https:\\\/\\\/dhalmann.fr\\\/music\\\/en\\\/\",\"name\":\"Editions Fran\u00e7ois Dhalmann\",\"description\":\"Partitions musicales des Editions Dhalmann pour tous les instruments - Percussion, piano, cordes, vents, ensemble, orchestre et bien plus\",\"publisher\":{\"@id\":\"https:\\\/\\\/dhalmann.fr\\\/music\\\/en\\\/#organization\"},\"alternateName\":\"Dhalmann\",\"potentialAction\":[{\"@type\":\"SearchAction\",\"target\":{\"@type\":\"EntryPoint\",\"urlTemplate\":\"https:\\\/\\\/dhalmann.fr\\\/music\\\/en\\\/?s={search_term_string}\"},\"query-input\":{\"@type\":\"PropertyValueSpecification\",\"valueRequired\":true,\"valueName\":\"search_term_string\"}}],\"inLanguage\":\"en-US\"},{\"@type\":\"Organization\",\"@id\":\"https:\\\/\\\/dhalmann.fr\\\/music\\\/en\\\/#organization\",\"name\":\"Editions Francois Dhalmann\",\"alternateName\":\"Dhalmann\",\"url\":\"https:\\\/\\\/dhalmann.fr\\\/music\\\/en\\\/\",\"logo\":{\"@type\":\"ImageObject\",\"inLanguage\":\"en-US\",\"@id\":\"https:\\\/\\\/dhalmann.fr\\\/music\\\/en\\\/#\\\/schema\\\/logo\\\/image\\\/\",\"url\":\"https:\\\/\\\/dhalmann.fr\\\/music\\\/wp-content\\\/uploads\\\/2021\\\/07\\\/editions-francois-dhalmann-1397749175.jpg\",\"contentUrl\":\"https:\\\/\\\/dhalmann.fr\\\/music\\\/wp-content\\\/uploads\\\/2021\\\/07\\\/editions-francois-dhalmann-1397749175.jpg\",\"width\":559,\"height\":354,\"caption\":\"Editions Francois Dhalmann\"},\"image\":{\"@id\":\"https:\\\/\\\/dhalmann.fr\\\/music\\\/en\\\/#\\\/schema\\\/logo\\\/image\\\/\"},\"sameAs\":[\"https:\\\/\\\/www.facebook.com\\\/EditionsDhalmann\\\/\",\"https:\\\/\\\/x.com\\\/editiondhalmann\",\"https:\\\/\\\/www.youtube.com\\\/channel\\\/UCZdGOJXKqg6ByF1pQloitAg\"]}]}<\/script>\n<!-- \/ Yoast SEO plugin. -->","yoast_head_json":{"title":"Trois pi\u00e8ces pour piano - Laurent Jacquier - Editions Fran\u00e7ois Dhalmann","description":"Partition en vente directe sur le site des Editions Fran\u00e7ois Dhalmann. Partition au format imprim\u00e9 ou en t\u00e9l\u00e9chargement imm\u00e9diat.","robots":{"index":"index","follow":"follow","max-snippet":"max-snippet:-1","max-image-preview":"max-image-preview:large","max-video-preview":"max-video-preview:-1"},"canonical":"https:\/\/dhalmann.fr\/music\/en\/produit\/trois-pieces-pour-piano-laurent-jacquier\/","og_locale":"en_US","og_type":"article","og_title":"Trois pi\u00e8ces pour piano - Laurent Jacquier - Editions Fran\u00e7ois Dhalmann","og_description":"Partition en vente directe sur le site des Editions Fran\u00e7ois Dhalmann. Partition au format imprim\u00e9 ou en t\u00e9l\u00e9chargement imm\u00e9diat.","og_url":"https:\/\/dhalmann.fr\/music\/en\/produit\/trois-pieces-pour-piano-laurent-jacquier\/","og_site_name":"Editions Fran\u00e7ois Dhalmann","article_publisher":"https:\/\/www.facebook.com\/EditionsDhalmann\/","article_modified_time":"2026-02-13T09:42:14+00:00","og_image":[{"width":724,"height":1024,"url":"https:\/\/dhalmann.fr\/music\/wp-content\/uploads\/2023\/09\/FD0808_3piece_piano_cycle3.webp","type":"image\/webp"}],"twitter_card":"summary_large_image","twitter_site":"@editiondhalmann","twitter_misc":{"Est. reading time":"2 minutes"},"schema":{"@context":"https:\/\/schema.org","@graph":[{"@type":"WebPage","@id":"https:\/\/dhalmann.fr\/music\/en\/produit\/trois-pieces-pour-piano-laurent-jacquier\/","url":"https:\/\/dhalmann.fr\/music\/en\/produit\/trois-pieces-pour-piano-laurent-jacquier\/","name":"Trois pi\u00e8ces pour piano - Laurent Jacquier - Editions Fran\u00e7ois Dhalmann","isPartOf":{"@id":"https:\/\/dhalmann.fr\/music\/en\/#website"},"primaryImageOfPage":{"@id":"https:\/\/dhalmann.fr\/music\/en\/produit\/trois-pieces-pour-piano-laurent-jacquier\/#primaryimage"},"image":{"@id":"https:\/\/dhalmann.fr\/music\/en\/produit\/trois-pieces-pour-piano-laurent-jacquier\/#primaryimage"},"thumbnailUrl":"https:\/\/dhalmann.fr\/music\/wp-content\/uploads\/2023\/09\/FD0808_3piece_piano_cycle3.webp","datePublished":"2023-09-29T14:30:00+00:00","dateModified":"2026-02-13T09:42:14+00:00","description":"Partition en vente directe sur le site des Editions Fran\u00e7ois Dhalmann. Partition au format imprim\u00e9 ou en t\u00e9l\u00e9chargement imm\u00e9diat.","breadcrumb":{"@id":"https:\/\/dhalmann.fr\/music\/en\/produit\/trois-pieces-pour-piano-laurent-jacquier\/#breadcrumb"},"inLanguage":"en-US","potentialAction":[{"@type":"ReadAction","target":["https:\/\/dhalmann.fr\/music\/en\/produit\/trois-pieces-pour-piano-laurent-jacquier\/"]}]},{"@type":"ImageObject","inLanguage":"en-US","@id":"https:\/\/dhalmann.fr\/music\/en\/produit\/trois-pieces-pour-piano-laurent-jacquier\/#primaryimage","url":"https:\/\/dhalmann.fr\/music\/wp-content\/uploads\/2023\/09\/FD0808_3piece_piano_cycle3.webp","contentUrl":"https:\/\/dhalmann.fr\/music\/wp-content\/uploads\/2023\/09\/FD0808_3piece_piano_cycle3.webp","width":724,"height":1024,"caption":"Trois pi\u00e8ces pour piano - Laurent Jacquier"},{"@type":"BreadcrumbList","@id":"https:\/\/dhalmann.fr\/music\/en\/produit\/trois-pieces-pour-piano-laurent-jacquier\/#breadcrumb","itemListElement":[{"@type":"ListItem","position":1,"name":"Home","item":"https:\/\/dhalmann.fr\/music\/en\/"},{"@type":"ListItem","position":2,"name":"Shop","item":"https:\/\/dhalmann.fr\/music\/en\/shop\/"},{"@type":"ListItem","position":3,"name":"Trois pi\u00e8ces pour piano &#8211; Laurent Jacquier"}]},{"@type":"WebSite","@id":"https:\/\/dhalmann.fr\/music\/en\/#website","url":"https:\/\/dhalmann.fr\/music\/en\/","name":"Editions Fran\u00e7ois Dhalmann","description":"Partitions musicales des Editions Dhalmann pour tous les instruments - Percussion, piano, cordes, vents, ensemble, orchestre et bien plus","publisher":{"@id":"https:\/\/dhalmann.fr\/music\/en\/#organization"},"alternateName":"Dhalmann","potentialAction":[{"@type":"SearchAction","target":{"@type":"EntryPoint","urlTemplate":"https:\/\/dhalmann.fr\/music\/en\/?s={search_term_string}"},"query-input":{"@type":"PropertyValueSpecification","valueRequired":true,"valueName":"search_term_string"}}],"inLanguage":"en-US"},{"@type":"Organization","@id":"https:\/\/dhalmann.fr\/music\/en\/#organization","name":"Editions Francois Dhalmann","alternateName":"Dhalmann","url":"https:\/\/dhalmann.fr\/music\/en\/","logo":{"@type":"ImageObject","inLanguage":"en-US","@id":"https:\/\/dhalmann.fr\/music\/en\/#\/schema\/logo\/image\/","url":"https:\/\/dhalmann.fr\/music\/wp-content\/uploads\/2021\/07\/editions-francois-dhalmann-1397749175.jpg","contentUrl":"https:\/\/dhalmann.fr\/music\/wp-content\/uploads\/2021\/07\/editions-francois-dhalmann-1397749175.jpg","width":559,"height":354,"caption":"Editions Francois Dhalmann"},"image":{"@id":"https:\/\/dhalmann.fr\/music\/en\/#\/schema\/logo\/image\/"},"sameAs":["https:\/\/www.facebook.com\/EditionsDhalmann\/","https:\/\/x.com\/editiondhalmann","https:\/\/www.youtube.com\/channel\/UCZdGOJXKqg6ByF1pQloitAg"]}]}},"_links":{"self":[{"href":"https:\/\/dhalmann.fr\/music\/en\/wp-json\/wp\/v2\/product\/9767","targetHints":{"allow":["GET"]}}],"collection":[{"href":"https:\/\/dhalmann.fr\/music\/en\/wp-json\/wp\/v2\/product"}],"about":[{"href":"https:\/\/dhalmann.fr\/music\/en\/wp-json\/wp\/v2\/types\/product"}],"wp:featuredmedia":[{"embeddable":true,"href":"https:\/\/dhalmann.fr\/music\/en\/wp-json\/wp\/v2\/media\/9776"}],"wp:attachment":[{"href":"https:\/\/dhalmann.fr\/music\/en\/wp-json\/wp\/v2\/media?parent=9767"}],"wp:term":[{"taxonomy":"product_brand","embeddable":true,"href":"https:\/\/dhalmann.fr\/music\/en\/wp-json\/wp\/v2\/product_brand?post=9767"},{"taxonomy":"product_cat","embeddable":true,"href":"https:\/\/dhalmann.fr\/music\/en\/wp-json\/wp\/v2\/product_cat?post=9767"},{"taxonomy":"product_tag","embeddable":true,"href":"https:\/\/dhalmann.fr\/music\/en\/wp-json\/wp\/v2\/product_tag?post=9767"}],"curies":[{"name":"wp","href":"https:\/\/api.w.org\/{rel}","templated":true}]}}