{"id":9984,"date":"2023-10-17T18:07:03","date_gmt":"2023-10-17T16:07:03","guid":{"rendered":"https:\/\/dhalmann.fr\/music\/produit\/quatre-facons-de-decrire-le-rock-bruno-giner\/"},"modified":"2026-04-01T11:17:52","modified_gmt":"2026-04-01T09:17:52","slug":"quatre-facons-de-decrire-le-rock-bruno-giner","status":"publish","type":"product","link":"https:\/\/dhalmann.fr\/music\/en\/produit\/quatre-facons-de-decrire-le-rock-bruno-giner\/","title":{"rendered":"Quatre fa\u00e7ons de d\u00e9crire le rock &#8211; Bruno Giner"},"content":{"rendered":"<h2>Quatre fa\u00e7ons de d\u00e9crire le rock &#8211; <a href=\"https:\/\/dhalmann.fr\/music\/en\/product-category\/composers\/giner-bruno-en\/\">Bruno Giner<\/a><\/h2>\n<p>Score for plucked instruments orchestra. Full score and parts.<\/p>\n<p><u>Instruments: <\/u><\/p>\n<p>Mandolines 1, 2 &amp; 3<\/p>\n<p>Mandoles 1 &amp; 2<\/p>\n<p>Mandoloncelle<\/p>\n<p>Guitar 1, 2, 3 &amp; 4<\/p>\n<p>Doublebass<\/p>\n<p>The title of the work is an allusion to German composer Hanns Eisler&#8217;s exile work <em>Quatorze mani\u00e8res de d\u00e9crire la pluie<\/em> (Fourteen Ways of Describing Rain). In four movements, the piece draws its inspiration not from the rain, but from the rock culture of the 1970s and 80s, in an attempt to revisit various facets of this popular musical expression and identify some of its archetypes: form, rhythm, energy, sound distortion, harmonic stability&#8230;<\/p>\n<ul>\n<li><em>Electric Rhapsodie<\/em>: this first movement is based mainly on energy and distorted sound.<\/li>\n<li><em>Gypsy Rock<\/em>: in a mixed style, this is a kind of ostinato built on a traditional rock bass superimposed on an overall gypsy rumba rhythm. A few vocal onomatopoeias punctuate this movement, like an allusion to the different drum cymbals (ride, crash and hi-hat).<\/li>\n<li><em>Nathalie&#8217;s Ballad Forever<\/em>: a more intimate piece (8 solo instruments), this is a kind of blues in the pure ballad tradition.<\/li>\n<li><em>Funky-jazz<\/em>: freely inspired by jazz-rock, the starting rhythm (double bass and muffled guitars) is the rewriting of a drum set. The rhythm underlying the entire movement is very funky: rhythm, energy and virtuosity are the keys.<\/li>\n<\/ul>\n<p><iframe title=\"deezer-widget\" src=\"https:\/\/widget.deezer.com\/widget\/dark\/track\/2137721307\" width=\"100%\" height=\"150\" frameborder=\"0\"><\/iframe><\/p>\n","protected":false},"excerpt":{"rendered":"<h2>Quatre fa\u00e7ons de d\u00e9crire le rock &#8211; <a href=\"https:\/\/dhalmann.fr\/music\/en\/product-category\/composers\/giner-bruno-en\/\">Bruno Giner<\/a><\/h2>\n<p>Score for plucked instruments orchestra. Full score and parts.<\/p>\n","protected":false},"featured_media":9974,"template":"","meta":{"ocean_post_layout":"","ocean_both_sidebars_style":"","ocean_both_sidebars_content_width":0,"ocean_both_sidebars_sidebars_width":0,"ocean_sidebar":"0","ocean_second_sidebar":"0","ocean_disable_margins":"enable","ocean_add_body_class":"","ocean_shortcode_before_top_bar":"","ocean_shortcode_after_top_bar":"","ocean_shortcode_before_header":"","ocean_shortcode_after_header":"","ocean_has_shortcode":"","ocean_shortcode_after_title":"","ocean_shortcode_before_footer_widgets":"","ocean_shortcode_after_footer_widgets":"","ocean_shortcode_before_footer_bottom":"","ocean_shortcode_after_footer_bottom":"","ocean_display_top_bar":"default","ocean_display_header":"default","ocean_header_style":"","ocean_center_header_left_menu":"0","ocean_custom_header_template":"0","ocean_custom_logo":0,"ocean_custom_retina_logo":0,"ocean_custom_logo_max_width":0,"ocean_custom_logo_tablet_max_width":0,"ocean_custom_logo_mobile_max_width":0,"ocean_custom_logo_max_height":0,"ocean_custom_logo_tablet_max_height":0,"ocean_custom_logo_mobile_max_height":0,"ocean_header_custom_menu":"0","ocean_menu_typo_font_family":"0","ocean_menu_typo_font_subset":"","ocean_menu_typo_font_size":0,"ocean_menu_typo_font_size_tablet":0,"ocean_menu_typo_font_size_mobile":0,"ocean_menu_typo_font_size_unit":"px","ocean_menu_typo_font_weight":"","ocean_menu_typo_font_weight_tablet":"","ocean_menu_typo_font_weight_mobile":"","ocean_menu_typo_transform":"","ocean_menu_typo_transform_tablet":"","ocean_menu_typo_transform_mobile":"","ocean_menu_typo_line_height":0,"ocean_menu_typo_line_height_tablet":0,"ocean_menu_typo_line_height_mobile":0,"ocean_menu_typo_line_height_unit":"","ocean_menu_typo_spacing":0,"ocean_menu_typo_spacing_tablet":0,"ocean_menu_typo_spacing_mobile":0,"ocean_menu_typo_spacing_unit":"","ocean_menu_link_color":"","ocean_menu_link_color_hover":"","ocean_menu_link_color_active":"","ocean_menu_link_background":"","ocean_menu_link_hover_background":"","ocean_menu_link_active_background":"","ocean_menu_social_links_bg":"","ocean_menu_social_hover_links_bg":"","ocean_menu_social_links_color":"","ocean_menu_social_hover_links_color":"","ocean_disable_title":"default","ocean_disable_heading":"default","ocean_post_title":"","ocean_post_subheading":"","ocean_post_title_style":"","ocean_post_title_background_color":"","ocean_post_title_background":0,"ocean_post_title_bg_image_position":"","ocean_post_title_bg_image_attachment":"","ocean_post_title_bg_image_repeat":"","ocean_post_title_bg_image_size":"","ocean_post_title_height":0,"ocean_post_title_bg_overlay":0.5,"ocean_post_title_bg_overlay_color":"","ocean_disable_breadcrumbs":"default","ocean_breadcrumbs_color":"","ocean_breadcrumbs_separator_color":"","ocean_breadcrumbs_links_color":"","ocean_breadcrumbs_links_hover_color":"","ocean_display_footer_widgets":"default","ocean_display_footer_bottom":"default","ocean_custom_footer_template":"0"},"product_brand":[],"product_cat":[259,338,321,625,344,646],"product_tag":[],"class_list":{"0":"post-9984","1":"product","2":"type-product","3":"status-publish","4":"has-post-thumbnail","6":"product_cat-giner-bruno-en","7":"product_cat-guitar","8":"product_cat-large-ensemble","9":"product_cat-mandoline-en","10":"product_cat-orchestra","11":"product_cat-plucked-string-orchestra","12":"pa_difficulte-difficult","14":"entry","15":"has-media","17":"first","18":"instock","19":"taxable","20":"shipping-taxable","21":"purchasable","22":"product-type-variable","23":"add-to-wishlist-before_image","24":"has-product-nav","25":"col","26":"span_1_of_4","27":"owp-content-center","28":"owp-thumbs-layout-horizontal","29":"owp-btn-normal","30":"owp-tabs-layout-horizontal"},"yoast_head":"<!-- This site is optimized with the Yoast SEO plugin v27.5 - https:\/\/yoast.com\/product\/yoast-seo-wordpress\/ -->\n<title>Quatre fa\u00e7ons de d\u00e9crire le rock - Bruno Giner - Editions Fran\u00e7ois Dhalmann<\/title>\n<meta name=\"description\" content=\"Contemporary score for plucked orchestra in 4 movements: Electric Rhapsody, Gypsy Rock, Nathalie&#039;s Ballad Forever, Funky-Jazz.\" \/>\n<meta name=\"robots\" content=\"index, follow, max-snippet:-1, max-image-preview:large, max-video-preview:-1\" \/>\n<link rel=\"canonical\" href=\"https:\/\/dhalmann.fr\/music\/en\/produit\/quatre-facons-de-decrire-le-rock-bruno-giner\/\" \/>\n<meta property=\"og:locale\" content=\"en_US\" \/>\n<meta property=\"og:type\" content=\"article\" \/>\n<meta property=\"og:title\" content=\"Quatre fa\u00e7ons de d\u00e9crire le rock - Bruno Giner - Editions Fran\u00e7ois Dhalmann\" \/>\n<meta property=\"og:description\" content=\"Contemporary score for plucked orchestra in 4 movements: Electric Rhapsody, Gypsy Rock, Nathalie&#039;s Ballad Forever, Funky-Jazz.\" \/>\n<meta property=\"og:url\" content=\"https:\/\/dhalmann.fr\/music\/en\/produit\/quatre-facons-de-decrire-le-rock-bruno-giner\/\" \/>\n<meta property=\"og:site_name\" content=\"Editions Fran\u00e7ois Dhalmann\" \/>\n<meta property=\"article:publisher\" content=\"https:\/\/www.facebook.com\/EditionsDhalmann\/\" \/>\n<meta property=\"article:modified_time\" content=\"2026-04-01T09:17:52+00:00\" \/>\n<meta property=\"og:image\" content=\"https:\/\/dhalmann.fr\/music\/wp-content\/uploads\/2023\/10\/FD0799_Quatre_facons.webp\" \/>\n\t<meta property=\"og:image:width\" content=\"724\" \/>\n\t<meta property=\"og:image:height\" content=\"1024\" \/>\n\t<meta property=\"og:image:type\" content=\"image\/webp\" \/>\n<meta name=\"twitter:card\" content=\"summary_large_image\" \/>\n<meta name=\"twitter:site\" content=\"@editiondhalmann\" \/>\n<meta name=\"twitter:label1\" content=\"Est. reading time\" \/>\n\t<meta name=\"twitter:data1\" content=\"1 minute\" \/>\n<script type=\"application\/ld+json\" class=\"yoast-schema-graph\">{\"@context\":\"https:\\\/\\\/schema.org\",\"@graph\":[{\"@type\":\"WebPage\",\"@id\":\"https:\\\/\\\/dhalmann.fr\\\/music\\\/en\\\/produit\\\/quatre-facons-de-decrire-le-rock-bruno-giner\\\/\",\"url\":\"https:\\\/\\\/dhalmann.fr\\\/music\\\/en\\\/produit\\\/quatre-facons-de-decrire-le-rock-bruno-giner\\\/\",\"name\":\"Quatre fa\u00e7ons de d\u00e9crire le rock - Bruno Giner - Editions Fran\u00e7ois Dhalmann\",\"isPartOf\":{\"@id\":\"https:\\\/\\\/dhalmann.fr\\\/music\\\/en\\\/#website\"},\"primaryImageOfPage\":{\"@id\":\"https:\\\/\\\/dhalmann.fr\\\/music\\\/en\\\/produit\\\/quatre-facons-de-decrire-le-rock-bruno-giner\\\/#primaryimage\"},\"image\":{\"@id\":\"https:\\\/\\\/dhalmann.fr\\\/music\\\/en\\\/produit\\\/quatre-facons-de-decrire-le-rock-bruno-giner\\\/#primaryimage\"},\"thumbnailUrl\":\"https:\\\/\\\/dhalmann.fr\\\/music\\\/wp-content\\\/uploads\\\/2023\\\/10\\\/FD0799_Quatre_facons.webp\",\"datePublished\":\"2023-10-17T16:07:03+00:00\",\"dateModified\":\"2026-04-01T09:17:52+00:00\",\"description\":\"Contemporary score for plucked orchestra in 4 movements: Electric Rhapsody, Gypsy Rock, Nathalie's Ballad Forever, Funky-Jazz.\",\"breadcrumb\":{\"@id\":\"https:\\\/\\\/dhalmann.fr\\\/music\\\/en\\\/produit\\\/quatre-facons-de-decrire-le-rock-bruno-giner\\\/#breadcrumb\"},\"inLanguage\":\"en-US\",\"potentialAction\":[{\"@type\":\"ReadAction\",\"target\":[\"https:\\\/\\\/dhalmann.fr\\\/music\\\/en\\\/produit\\\/quatre-facons-de-decrire-le-rock-bruno-giner\\\/\"]}]},{\"@type\":\"ImageObject\",\"inLanguage\":\"en-US\",\"@id\":\"https:\\\/\\\/dhalmann.fr\\\/music\\\/en\\\/produit\\\/quatre-facons-de-decrire-le-rock-bruno-giner\\\/#primaryimage\",\"url\":\"https:\\\/\\\/dhalmann.fr\\\/music\\\/wp-content\\\/uploads\\\/2023\\\/10\\\/FD0799_Quatre_facons.webp\",\"contentUrl\":\"https:\\\/\\\/dhalmann.fr\\\/music\\\/wp-content\\\/uploads\\\/2023\\\/10\\\/FD0799_Quatre_facons.webp\",\"width\":724,\"height\":1024,\"caption\":\"Quatre fa\u00e7ons de d\u00e9crire le rock\"},{\"@type\":\"BreadcrumbList\",\"@id\":\"https:\\\/\\\/dhalmann.fr\\\/music\\\/en\\\/produit\\\/quatre-facons-de-decrire-le-rock-bruno-giner\\\/#breadcrumb\",\"itemListElement\":[{\"@type\":\"ListItem\",\"position\":1,\"name\":\"Home\",\"item\":\"https:\\\/\\\/dhalmann.fr\\\/music\\\/en\\\/\"},{\"@type\":\"ListItem\",\"position\":2,\"name\":\"Shop\",\"item\":\"https:\\\/\\\/dhalmann.fr\\\/music\\\/en\\\/shop\\\/\"},{\"@type\":\"ListItem\",\"position\":3,\"name\":\"Quatre fa\u00e7ons de d\u00e9crire le rock &#8211; Bruno Giner\"}]},{\"@type\":\"WebSite\",\"@id\":\"https:\\\/\\\/dhalmann.fr\\\/music\\\/en\\\/#website\",\"url\":\"https:\\\/\\\/dhalmann.fr\\\/music\\\/en\\\/\",\"name\":\"Editions Fran\u00e7ois Dhalmann\",\"description\":\"Partitions musicales des Editions Dhalmann pour tous les instruments - Percussion, piano, cordes, vents, ensemble, orchestre et bien plus\",\"publisher\":{\"@id\":\"https:\\\/\\\/dhalmann.fr\\\/music\\\/en\\\/#organization\"},\"alternateName\":\"Dhalmann\",\"potentialAction\":[{\"@type\":\"SearchAction\",\"target\":{\"@type\":\"EntryPoint\",\"urlTemplate\":\"https:\\\/\\\/dhalmann.fr\\\/music\\\/en\\\/?s={search_term_string}\"},\"query-input\":{\"@type\":\"PropertyValueSpecification\",\"valueRequired\":true,\"valueName\":\"search_term_string\"}}],\"inLanguage\":\"en-US\"},{\"@type\":\"Organization\",\"@id\":\"https:\\\/\\\/dhalmann.fr\\\/music\\\/en\\\/#organization\",\"name\":\"Editions Francois Dhalmann\",\"alternateName\":\"Dhalmann\",\"url\":\"https:\\\/\\\/dhalmann.fr\\\/music\\\/en\\\/\",\"logo\":{\"@type\":\"ImageObject\",\"inLanguage\":\"en-US\",\"@id\":\"https:\\\/\\\/dhalmann.fr\\\/music\\\/en\\\/#\\\/schema\\\/logo\\\/image\\\/\",\"url\":\"https:\\\/\\\/dhalmann.fr\\\/music\\\/wp-content\\\/uploads\\\/2021\\\/07\\\/editions-francois-dhalmann-1397749175.jpg\",\"contentUrl\":\"https:\\\/\\\/dhalmann.fr\\\/music\\\/wp-content\\\/uploads\\\/2021\\\/07\\\/editions-francois-dhalmann-1397749175.jpg\",\"width\":559,\"height\":354,\"caption\":\"Editions Francois Dhalmann\"},\"image\":{\"@id\":\"https:\\\/\\\/dhalmann.fr\\\/music\\\/en\\\/#\\\/schema\\\/logo\\\/image\\\/\"},\"sameAs\":[\"https:\\\/\\\/www.facebook.com\\\/EditionsDhalmann\\\/\",\"https:\\\/\\\/x.com\\\/editiondhalmann\",\"https:\\\/\\\/www.youtube.com\\\/channel\\\/UCZdGOJXKqg6ByF1pQloitAg\"]}]}<\/script>\n<!-- \/ Yoast SEO plugin. -->","yoast_head_json":{"title":"Quatre fa\u00e7ons de d\u00e9crire le rock - Bruno Giner - Editions Fran\u00e7ois Dhalmann","description":"Contemporary score for plucked orchestra in 4 movements: Electric Rhapsody, Gypsy Rock, Nathalie's Ballad Forever, Funky-Jazz.","robots":{"index":"index","follow":"follow","max-snippet":"max-snippet:-1","max-image-preview":"max-image-preview:large","max-video-preview":"max-video-preview:-1"},"canonical":"https:\/\/dhalmann.fr\/music\/en\/produit\/quatre-facons-de-decrire-le-rock-bruno-giner\/","og_locale":"en_US","og_type":"article","og_title":"Quatre fa\u00e7ons de d\u00e9crire le rock - Bruno Giner - Editions Fran\u00e7ois Dhalmann","og_description":"Contemporary score for plucked orchestra in 4 movements: Electric Rhapsody, Gypsy Rock, Nathalie's Ballad Forever, Funky-Jazz.","og_url":"https:\/\/dhalmann.fr\/music\/en\/produit\/quatre-facons-de-decrire-le-rock-bruno-giner\/","og_site_name":"Editions Fran\u00e7ois Dhalmann","article_publisher":"https:\/\/www.facebook.com\/EditionsDhalmann\/","article_modified_time":"2026-04-01T09:17:52+00:00","og_image":[{"width":724,"height":1024,"url":"https:\/\/dhalmann.fr\/music\/wp-content\/uploads\/2023\/10\/FD0799_Quatre_facons.webp","type":"image\/webp"}],"twitter_card":"summary_large_image","twitter_site":"@editiondhalmann","twitter_misc":{"Est. reading time":"1 minute"},"schema":{"@context":"https:\/\/schema.org","@graph":[{"@type":"WebPage","@id":"https:\/\/dhalmann.fr\/music\/en\/produit\/quatre-facons-de-decrire-le-rock-bruno-giner\/","url":"https:\/\/dhalmann.fr\/music\/en\/produit\/quatre-facons-de-decrire-le-rock-bruno-giner\/","name":"Quatre fa\u00e7ons de d\u00e9crire le rock - Bruno Giner - Editions Fran\u00e7ois Dhalmann","isPartOf":{"@id":"https:\/\/dhalmann.fr\/music\/en\/#website"},"primaryImageOfPage":{"@id":"https:\/\/dhalmann.fr\/music\/en\/produit\/quatre-facons-de-decrire-le-rock-bruno-giner\/#primaryimage"},"image":{"@id":"https:\/\/dhalmann.fr\/music\/en\/produit\/quatre-facons-de-decrire-le-rock-bruno-giner\/#primaryimage"},"thumbnailUrl":"https:\/\/dhalmann.fr\/music\/wp-content\/uploads\/2023\/10\/FD0799_Quatre_facons.webp","datePublished":"2023-10-17T16:07:03+00:00","dateModified":"2026-04-01T09:17:52+00:00","description":"Contemporary score for plucked orchestra in 4 movements: Electric Rhapsody, Gypsy Rock, Nathalie's Ballad Forever, Funky-Jazz.","breadcrumb":{"@id":"https:\/\/dhalmann.fr\/music\/en\/produit\/quatre-facons-de-decrire-le-rock-bruno-giner\/#breadcrumb"},"inLanguage":"en-US","potentialAction":[{"@type":"ReadAction","target":["https:\/\/dhalmann.fr\/music\/en\/produit\/quatre-facons-de-decrire-le-rock-bruno-giner\/"]}]},{"@type":"ImageObject","inLanguage":"en-US","@id":"https:\/\/dhalmann.fr\/music\/en\/produit\/quatre-facons-de-decrire-le-rock-bruno-giner\/#primaryimage","url":"https:\/\/dhalmann.fr\/music\/wp-content\/uploads\/2023\/10\/FD0799_Quatre_facons.webp","contentUrl":"https:\/\/dhalmann.fr\/music\/wp-content\/uploads\/2023\/10\/FD0799_Quatre_facons.webp","width":724,"height":1024,"caption":"Quatre fa\u00e7ons de d\u00e9crire le rock"},{"@type":"BreadcrumbList","@id":"https:\/\/dhalmann.fr\/music\/en\/produit\/quatre-facons-de-decrire-le-rock-bruno-giner\/#breadcrumb","itemListElement":[{"@type":"ListItem","position":1,"name":"Home","item":"https:\/\/dhalmann.fr\/music\/en\/"},{"@type":"ListItem","position":2,"name":"Shop","item":"https:\/\/dhalmann.fr\/music\/en\/shop\/"},{"@type":"ListItem","position":3,"name":"Quatre fa\u00e7ons de d\u00e9crire le rock &#8211; Bruno Giner"}]},{"@type":"WebSite","@id":"https:\/\/dhalmann.fr\/music\/en\/#website","url":"https:\/\/dhalmann.fr\/music\/en\/","name":"Editions Fran\u00e7ois Dhalmann","description":"Partitions musicales des Editions Dhalmann pour tous les instruments - Percussion, piano, cordes, vents, ensemble, orchestre et bien plus","publisher":{"@id":"https:\/\/dhalmann.fr\/music\/en\/#organization"},"alternateName":"Dhalmann","potentialAction":[{"@type":"SearchAction","target":{"@type":"EntryPoint","urlTemplate":"https:\/\/dhalmann.fr\/music\/en\/?s={search_term_string}"},"query-input":{"@type":"PropertyValueSpecification","valueRequired":true,"valueName":"search_term_string"}}],"inLanguage":"en-US"},{"@type":"Organization","@id":"https:\/\/dhalmann.fr\/music\/en\/#organization","name":"Editions Francois Dhalmann","alternateName":"Dhalmann","url":"https:\/\/dhalmann.fr\/music\/en\/","logo":{"@type":"ImageObject","inLanguage":"en-US","@id":"https:\/\/dhalmann.fr\/music\/en\/#\/schema\/logo\/image\/","url":"https:\/\/dhalmann.fr\/music\/wp-content\/uploads\/2021\/07\/editions-francois-dhalmann-1397749175.jpg","contentUrl":"https:\/\/dhalmann.fr\/music\/wp-content\/uploads\/2021\/07\/editions-francois-dhalmann-1397749175.jpg","width":559,"height":354,"caption":"Editions Francois Dhalmann"},"image":{"@id":"https:\/\/dhalmann.fr\/music\/en\/#\/schema\/logo\/image\/"},"sameAs":["https:\/\/www.facebook.com\/EditionsDhalmann\/","https:\/\/x.com\/editiondhalmann","https:\/\/www.youtube.com\/channel\/UCZdGOJXKqg6ByF1pQloitAg"]}]}},"_links":{"self":[{"href":"https:\/\/dhalmann.fr\/music\/en\/wp-json\/wp\/v2\/product\/9984","targetHints":{"allow":["GET"]}}],"collection":[{"href":"https:\/\/dhalmann.fr\/music\/en\/wp-json\/wp\/v2\/product"}],"about":[{"href":"https:\/\/dhalmann.fr\/music\/en\/wp-json\/wp\/v2\/types\/product"}],"wp:featuredmedia":[{"embeddable":true,"href":"https:\/\/dhalmann.fr\/music\/en\/wp-json\/wp\/v2\/media\/9974"}],"wp:attachment":[{"href":"https:\/\/dhalmann.fr\/music\/en\/wp-json\/wp\/v2\/media?parent=9984"}],"wp:term":[{"taxonomy":"product_brand","embeddable":true,"href":"https:\/\/dhalmann.fr\/music\/en\/wp-json\/wp\/v2\/product_brand?post=9984"},{"taxonomy":"product_cat","embeddable":true,"href":"https:\/\/dhalmann.fr\/music\/en\/wp-json\/wp\/v2\/product_cat?post=9984"},{"taxonomy":"product_tag","embeddable":true,"href":"https:\/\/dhalmann.fr\/music\/en\/wp-json\/wp\/v2\/product_tag?post=9984"}],"curies":[{"name":"wp","href":"https:\/\/api.w.org\/{rel}","templated":true}]}}