{"id":2895,"date":"2021-08-07T12:37:49","date_gmt":"2021-08-07T10:37:49","guid":{"rendered":"https:\/\/dhalmann.fr\/music\/?page_id=2895"},"modified":"2025-03-22T19:18:57","modified_gmt":"2025-03-22T17:18:57","slug":"faq","status":"publish","type":"page","link":"https:\/\/dhalmann.fr\/music\/faq\/","title":{"rendered":"F.A.Q"},"content":{"rendered":"\n<h2 class=\"wp-block-heading\"><strong>Questions Fr\u00e9quentes<\/strong><\/h2>\n\n\n\n<p><strong>Qu\u2019est-ce que les partitions num\u00e9riques&nbsp;?<\/strong><\/p>\n\n\n\n<p>Les partitions au format num\u00e9riques sont t\u00e9l\u00e9chargeables au format pdf et peuvent \u00eatre imprim\u00e9es et visualis\u00e9es sur tous vos appareils en utilisant le lecteur Acrobat Reader.<\/p>\n\n\n\n<p><strong>O\u00f9 se trouve mon mot de passe pour ouvrir mon fichier&nbsp;?<\/strong><\/p>\n\n\n\n<p><strong>C\u2019est votre adresse email<\/strong>, celle que vous aurez renseign\u00e9e dans votre panier.<\/p>\n\n\n\n<p><strong>Comment acheter une partition en t\u00e9l\u00e9chargement&nbsp;?<\/strong><\/p>\n\n\n\n<p>Choisir l\u2019option \u00ab&nbsp;en t\u00e9l\u00e9chargement&nbsp;\u00bb, renseignez vos coordonn\u00e9es dans le panier d\u2019achat et effectuez votre r\u00e8glement.<\/p>\n\n\n\n<p>D\u00e8s votre paiement valid\u00e9, un \u00e9cran de confirmation s\u2019affichera et vous pourrez t\u00e9l\u00e9charger imm\u00e9diatement vos partitions. Vous recevrez \u00e9galement un email de confirmation avec les liens de t\u00e9l\u00e9chargement.<\/p>\n\n\n\n<p>Votre adresse email sera le mot de passe pour ouvrir vos fichiers.<\/p>\n\n\n\n<p>Vous disposez de trois essais et de 30 jours pour t\u00e9l\u00e9charger votre commande.<\/p>\n\n\n\n<p><strong>Est-ce que je peux utiliser les partitions num\u00e9riques pour un examen ou un concert&nbsp;?<\/strong><\/p>\n\n\n\n<p>Oui. Les partitions sont marqu\u00e9es avec votre nom, adresse email et date d\u2019achat prouvant que c\u2019est votre original.<\/p>\n","protected":false},"excerpt":{"rendered":"<p>Questions Fr\u00e9quentes Qu\u2019est-ce que les partitions num\u00e9riques&nbsp;? Les partitions au format num\u00e9riques sont t\u00e9l\u00e9chargeables au format pdf et peuvent \u00eatre imprim\u00e9es et visualis\u00e9es sur tous vos appareils en utilisant le lecteur Acrobat Reader. O\u00f9 se trouve mon mot de passe pour ouvrir mon fichier&nbsp;? C\u2019est votre adresse email, celle que vous aurez renseign\u00e9e dans votre [&hellip;]<\/p>\n","protected":false},"author":1,"featured_media":0,"parent":0,"menu_order":0,"comment_status":"closed","ping_status":"closed","template":"","meta":{"ocean_post_layout":"","ocean_both_sidebars_style":"","ocean_both_sidebars_content_width":0,"ocean_both_sidebars_sidebars_width":0,"ocean_sidebar":"woo_sidebar","ocean_second_sidebar":"0","ocean_disable_margins":"enable","ocean_add_body_class":"","ocean_shortcode_before_top_bar":"","ocean_shortcode_after_top_bar":"","ocean_shortcode_before_header":"","ocean_shortcode_after_header":"","ocean_has_shortcode":"","ocean_shortcode_after_title":"","ocean_shortcode_before_footer_widgets":"","ocean_shortcode_after_footer_widgets":"","ocean_shortcode_before_footer_bottom":"","ocean_shortcode_after_footer_bottom":"","ocean_display_top_bar":"default","ocean_display_header":"default","ocean_header_style":"","ocean_center_header_left_menu":"0","ocean_custom_header_template":"0","ocean_custom_logo":0,"ocean_custom_retina_logo":0,"ocean_custom_logo_max_width":0,"ocean_custom_logo_tablet_max_width":0,"ocean_custom_logo_mobile_max_width":0,"ocean_custom_logo_max_height":0,"ocean_custom_logo_tablet_max_height":0,"ocean_custom_logo_mobile_max_height":0,"ocean_header_custom_menu":"0","ocean_menu_typo_font_family":"0","ocean_menu_typo_font_subset":"","ocean_menu_typo_font_size":0,"ocean_menu_typo_font_size_tablet":0,"ocean_menu_typo_font_size_mobile":0,"ocean_menu_typo_font_size_unit":"px","ocean_menu_typo_font_weight":"","ocean_menu_typo_font_weight_tablet":"","ocean_menu_typo_font_weight_mobile":"","ocean_menu_typo_transform":"","ocean_menu_typo_transform_tablet":"","ocean_menu_typo_transform_mobile":"","ocean_menu_typo_line_height":0,"ocean_menu_typo_line_height_tablet":0,"ocean_menu_typo_line_height_mobile":0,"ocean_menu_typo_line_height_unit":"","ocean_menu_typo_spacing":0,"ocean_menu_typo_spacing_tablet":0,"ocean_menu_typo_spacing_mobile":0,"ocean_menu_typo_spacing_unit":"","ocean_menu_link_color":"","ocean_menu_link_color_hover":"","ocean_menu_link_color_active":"","ocean_menu_link_background":"","ocean_menu_link_hover_background":"","ocean_menu_link_active_background":"","ocean_menu_social_links_bg":"","ocean_menu_social_hover_links_bg":"","ocean_menu_social_links_color":"","ocean_menu_social_hover_links_color":"","ocean_disable_title":"default","ocean_disable_heading":"default","ocean_post_title":"","ocean_post_subheading":"","ocean_post_title_style":"","ocean_post_title_background_color":"","ocean_post_title_background":0,"ocean_post_title_bg_image_position":"","ocean_post_title_bg_image_attachment":"","ocean_post_title_bg_image_repeat":"","ocean_post_title_bg_image_size":"","ocean_post_title_height":0,"ocean_post_title_bg_overlay":0.5,"ocean_post_title_bg_overlay_color":"","ocean_disable_breadcrumbs":"default","ocean_breadcrumbs_color":"","ocean_breadcrumbs_separator_color":"","ocean_breadcrumbs_links_color":"","ocean_breadcrumbs_links_hover_color":"","ocean_display_footer_widgets":"default","ocean_display_footer_bottom":"default","ocean_custom_footer_template":"0","footnotes":""},"class_list":["post-2895","page","type-page","status-publish","hentry","entry","owp-thumbs-layout-horizontal","owp-btn-normal","owp-tabs-layout-horizontal","has-no-thumbnails","has-product-nav"],"yoast_head":"<!-- This site is optimized with the Yoast SEO plugin v27.5 - https:\/\/yoast.com\/product\/yoast-seo-wordpress\/ -->\n<title>F.A.Q - Editions Fran\u00e7ois Dhalmann<\/title>\n<meta name=\"robots\" content=\"noindex, nofollow\" \/>\n<meta property=\"og:locale\" content=\"fr_FR\" \/>\n<meta property=\"og:type\" content=\"article\" \/>\n<meta property=\"og:title\" content=\"F.A.Q - Editions Fran\u00e7ois Dhalmann\" \/>\n<meta property=\"og:description\" content=\"Questions Fr\u00e9quentes Qu\u2019est-ce que les partitions num\u00e9riques&nbsp;? Les partitions au format num\u00e9riques sont t\u00e9l\u00e9chargeables au format pdf et peuvent \u00eatre imprim\u00e9es et visualis\u00e9es sur tous vos appareils en utilisant le lecteur Acrobat Reader. O\u00f9 se trouve mon mot de passe pour ouvrir mon fichier&nbsp;? C\u2019est votre adresse email, celle que vous aurez renseign\u00e9e dans votre [&hellip;]\" \/>\n<meta property=\"og:url\" content=\"https:\/\/dhalmann.fr\/music\/faq\/\" \/>\n<meta property=\"og:site_name\" content=\"Editions Fran\u00e7ois Dhalmann\" \/>\n<meta property=\"article:publisher\" content=\"https:\/\/www.facebook.com\/EditionsDhalmann\/\" \/>\n<meta property=\"article:modified_time\" content=\"2025-03-22T17:18:57+00:00\" \/>\n<meta name=\"twitter:card\" content=\"summary_large_image\" \/>\n<meta name=\"twitter:site\" content=\"@editiondhalmann\" \/>\n<meta name=\"twitter:label1\" content=\"Dur\u00e9e de lecture estim\u00e9e\" \/>\n\t<meta name=\"twitter:data1\" content=\"1 minute\" \/>\n<script type=\"application\/ld+json\" class=\"yoast-schema-graph\">{\"@context\":\"https:\\\/\\\/schema.org\",\"@graph\":[{\"@type\":\"WebPage\",\"@id\":\"https:\\\/\\\/dhalmann.fr\\\/music\\\/faq\\\/\",\"url\":\"https:\\\/\\\/dhalmann.fr\\\/music\\\/faq\\\/\",\"name\":\"F.A.Q - Editions Fran\u00e7ois Dhalmann\",\"isPartOf\":{\"@id\":\"https:\\\/\\\/dhalmann.fr\\\/music\\\/#website\"},\"datePublished\":\"2021-08-07T10:37:49+00:00\",\"dateModified\":\"2025-03-22T17:18:57+00:00\",\"breadcrumb\":{\"@id\":\"https:\\\/\\\/dhalmann.fr\\\/music\\\/faq\\\/#breadcrumb\"},\"inLanguage\":\"fr-FR\",\"potentialAction\":[{\"@type\":\"ReadAction\",\"target\":[\"https:\\\/\\\/dhalmann.fr\\\/music\\\/faq\\\/\"]}]},{\"@type\":\"BreadcrumbList\",\"@id\":\"https:\\\/\\\/dhalmann.fr\\\/music\\\/faq\\\/#breadcrumb\",\"itemListElement\":[{\"@type\":\"ListItem\",\"position\":1,\"name\":\"Home\",\"item\":\"https:\\\/\\\/dhalmann.fr\\\/music\\\/\"},{\"@type\":\"ListItem\",\"position\":2,\"name\":\"F.A.Q\"}]},{\"@type\":\"WebSite\",\"@id\":\"https:\\\/\\\/dhalmann.fr\\\/music\\\/#website\",\"url\":\"https:\\\/\\\/dhalmann.fr\\\/music\\\/\",\"name\":\"Editions Fran\u00e7ois Dhalmann\",\"description\":\"Partitions musicales des Editions Dhalmann pour tous les instruments - Percussion, piano, cordes, vents, ensemble, orchestre et bien plus\",\"publisher\":{\"@id\":\"https:\\\/\\\/dhalmann.fr\\\/music\\\/#organization\"},\"alternateName\":\"Dhalmann\",\"potentialAction\":[{\"@type\":\"SearchAction\",\"target\":{\"@type\":\"EntryPoint\",\"urlTemplate\":\"https:\\\/\\\/dhalmann.fr\\\/music\\\/?s={search_term_string}\"},\"query-input\":{\"@type\":\"PropertyValueSpecification\",\"valueRequired\":true,\"valueName\":\"search_term_string\"}}],\"inLanguage\":\"fr-FR\"},{\"@type\":\"Organization\",\"@id\":\"https:\\\/\\\/dhalmann.fr\\\/music\\\/#organization\",\"name\":\"Editions Francois Dhalmann\",\"alternateName\":\"Dhalmann\",\"url\":\"https:\\\/\\\/dhalmann.fr\\\/music\\\/\",\"logo\":{\"@type\":\"ImageObject\",\"inLanguage\":\"fr-FR\",\"@id\":\"https:\\\/\\\/dhalmann.fr\\\/music\\\/#\\\/schema\\\/logo\\\/image\\\/\",\"url\":\"https:\\\/\\\/dhalmann.fr\\\/music\\\/wp-content\\\/uploads\\\/2021\\\/07\\\/editions-francois-dhalmann-1397749175.jpg\",\"contentUrl\":\"https:\\\/\\\/dhalmann.fr\\\/music\\\/wp-content\\\/uploads\\\/2021\\\/07\\\/editions-francois-dhalmann-1397749175.jpg\",\"width\":559,\"height\":354,\"caption\":\"Editions Francois Dhalmann\"},\"image\":{\"@id\":\"https:\\\/\\\/dhalmann.fr\\\/music\\\/#\\\/schema\\\/logo\\\/image\\\/\"},\"sameAs\":[\"https:\\\/\\\/www.facebook.com\\\/EditionsDhalmann\\\/\",\"https:\\\/\\\/x.com\\\/editiondhalmann\",\"https:\\\/\\\/www.youtube.com\\\/channel\\\/UCZdGOJXKqg6ByF1pQloitAg\"]}]}<\/script>\n<!-- \/ Yoast SEO plugin. -->","yoast_head_json":{"title":"F.A.Q - Editions Fran\u00e7ois Dhalmann","robots":{"index":"noindex","follow":"nofollow"},"og_locale":"fr_FR","og_type":"article","og_title":"F.A.Q - Editions Fran\u00e7ois Dhalmann","og_description":"Questions Fr\u00e9quentes Qu\u2019est-ce que les partitions num\u00e9riques&nbsp;? Les partitions au format num\u00e9riques sont t\u00e9l\u00e9chargeables au format pdf et peuvent \u00eatre imprim\u00e9es et visualis\u00e9es sur tous vos appareils en utilisant le lecteur Acrobat Reader. O\u00f9 se trouve mon mot de passe pour ouvrir mon fichier&nbsp;? C\u2019est votre adresse email, celle que vous aurez renseign\u00e9e dans votre [&hellip;]","og_url":"https:\/\/dhalmann.fr\/music\/faq\/","og_site_name":"Editions Fran\u00e7ois Dhalmann","article_publisher":"https:\/\/www.facebook.com\/EditionsDhalmann\/","article_modified_time":"2025-03-22T17:18:57+00:00","twitter_card":"summary_large_image","twitter_site":"@editiondhalmann","twitter_misc":{"Dur\u00e9e de lecture estim\u00e9e":"1 minute"},"schema":{"@context":"https:\/\/schema.org","@graph":[{"@type":"WebPage","@id":"https:\/\/dhalmann.fr\/music\/faq\/","url":"https:\/\/dhalmann.fr\/music\/faq\/","name":"F.A.Q - Editions Fran\u00e7ois Dhalmann","isPartOf":{"@id":"https:\/\/dhalmann.fr\/music\/#website"},"datePublished":"2021-08-07T10:37:49+00:00","dateModified":"2025-03-22T17:18:57+00:00","breadcrumb":{"@id":"https:\/\/dhalmann.fr\/music\/faq\/#breadcrumb"},"inLanguage":"fr-FR","potentialAction":[{"@type":"ReadAction","target":["https:\/\/dhalmann.fr\/music\/faq\/"]}]},{"@type":"BreadcrumbList","@id":"https:\/\/dhalmann.fr\/music\/faq\/#breadcrumb","itemListElement":[{"@type":"ListItem","position":1,"name":"Home","item":"https:\/\/dhalmann.fr\/music\/"},{"@type":"ListItem","position":2,"name":"F.A.Q"}]},{"@type":"WebSite","@id":"https:\/\/dhalmann.fr\/music\/#website","url":"https:\/\/dhalmann.fr\/music\/","name":"Editions Fran\u00e7ois Dhalmann","description":"Partitions musicales des Editions Dhalmann pour tous les instruments - Percussion, piano, cordes, vents, ensemble, orchestre et bien plus","publisher":{"@id":"https:\/\/dhalmann.fr\/music\/#organization"},"alternateName":"Dhalmann","potentialAction":[{"@type":"SearchAction","target":{"@type":"EntryPoint","urlTemplate":"https:\/\/dhalmann.fr\/music\/?s={search_term_string}"},"query-input":{"@type":"PropertyValueSpecification","valueRequired":true,"valueName":"search_term_string"}}],"inLanguage":"fr-FR"},{"@type":"Organization","@id":"https:\/\/dhalmann.fr\/music\/#organization","name":"Editions Francois Dhalmann","alternateName":"Dhalmann","url":"https:\/\/dhalmann.fr\/music\/","logo":{"@type":"ImageObject","inLanguage":"fr-FR","@id":"https:\/\/dhalmann.fr\/music\/#\/schema\/logo\/image\/","url":"https:\/\/dhalmann.fr\/music\/wp-content\/uploads\/2021\/07\/editions-francois-dhalmann-1397749175.jpg","contentUrl":"https:\/\/dhalmann.fr\/music\/wp-content\/uploads\/2021\/07\/editions-francois-dhalmann-1397749175.jpg","width":559,"height":354,"caption":"Editions Francois Dhalmann"},"image":{"@id":"https:\/\/dhalmann.fr\/music\/#\/schema\/logo\/image\/"},"sameAs":["https:\/\/www.facebook.com\/EditionsDhalmann\/","https:\/\/x.com\/editiondhalmann","https:\/\/www.youtube.com\/channel\/UCZdGOJXKqg6ByF1pQloitAg"]}]}},"_links":{"self":[{"href":"https:\/\/dhalmann.fr\/music\/wp-json\/wp\/v2\/pages\/2895","targetHints":{"allow":["GET"]}}],"collection":[{"href":"https:\/\/dhalmann.fr\/music\/wp-json\/wp\/v2\/pages"}],"about":[{"href":"https:\/\/dhalmann.fr\/music\/wp-json\/wp\/v2\/types\/page"}],"author":[{"embeddable":true,"href":"https:\/\/dhalmann.fr\/music\/wp-json\/wp\/v2\/users\/1"}],"replies":[{"embeddable":true,"href":"https:\/\/dhalmann.fr\/music\/wp-json\/wp\/v2\/comments?post=2895"}],"version-history":[{"count":2,"href":"https:\/\/dhalmann.fr\/music\/wp-json\/wp\/v2\/pages\/2895\/revisions"}],"predecessor-version":[{"id":11489,"href":"https:\/\/dhalmann.fr\/music\/wp-json\/wp\/v2\/pages\/2895\/revisions\/11489"}],"wp:attachment":[{"href":"https:\/\/dhalmann.fr\/music\/wp-json\/wp\/v2\/media?parent=2895"}],"curies":[{"name":"wp","href":"https:\/\/api.w.org\/{rel}","templated":true}]}}