{"id":2903,"date":"2021-08-07T13:10:42","date_gmt":"2021-08-07T11:10:42","guid":{"rendered":"https:\/\/dhalmann.fr\/music\/?page_id=2903"},"modified":"2024-04-09T10:47:20","modified_gmt":"2024-04-09T08:47:20","slug":"livraison","status":"publish","type":"page","link":"https:\/\/dhalmann.fr\/music\/livraison\/","title":{"rendered":"Livraison"},"content":{"rendered":"\n<p><strong>Nous proc\u00e9dons aux exp\u00e9ditions des partitions imprim\u00e9es mais les d\u00e9lais de livraisons peuvent \u00eatre allong\u00e9s suivant les situations locales cons\u00e9cutives \u00e0 la pand\u00e9mie. Privil\u00e9giez les partitions en t\u00e9l\u00e9chargement pour vos commandes.<\/strong><\/p>\n\n\n\n<p><strong>Exp\u00e9dition de votre colis et mesures pour limiter les \u00e9missions de gaz \u00e0 effet de serre.<\/strong><\/p>\n\n\n\n<p>Les exp\u00e9ditions de partitions imprim\u00e9es sont regroup\u00e9es un jour dans la semaine, en g\u00e9n\u00e9ral le mardi ou le mercredi. En fonction de votre date de commande les d\u00e9lais de livraisons peuvent \u00eatre de 48 h \u00e0 10 jours.<\/p>\n\n\n\n<p>Les colis&nbsp; sont exp\u00e9di\u00e9s par la poste en colissimo avec un num\u00e9ro de suivi et remis avec ou sans signature, \u00e0 domicile ou en point retrait, selon votre choix. Le point retrait est le mode le plus \u00e9conomique.<\/p>\n\n\n\n<p>Les frais d&#8217;exp\u00e9dition incluent les frais de pr\u00e9paration et d&#8217;emballage ainsi que les frais de port. Les frais de pr\u00e9paration sont fixes, tandis que les frais de transport varient selon le poids total du colis. Le montant final des frais de port sera affich\u00e9 \u00e0 la finalisation de votre panier, apr\u00e8s la saisie de votre adresse.<\/p>\n\n\n\n<p>Nous vous recommandons de regrouper tous vos articles dans une seule commande. Nous ne pouvons regrouper deux commandes plac\u00e9es s\u00e9par\u00e9ment et des frais d&#8217;exp\u00e9dition s&#8217;appliquent \u00e0 chacune d&#8217;entre elles. Votre colis est exp\u00e9di\u00e9 \u00e0 vos propres risques, mais une attention particuli\u00e8re est port\u00e9e aux emballages.<br><br>Les dimensions des emballages sont appropri\u00e9es et vos articles sont correctement prot\u00e9g\u00e9s.<\/p>\n\n\n\n<h2 class=\"wp-block-heading\"><strong>T\u00e9l\u00e9chargement<\/strong><\/h2>\n\n\n\n<p>Les partitions en t\u00e9l\u00e9chargement sont disponibles imm\u00e9diatement apr\u00e8s le paiement et la finalisation de votre commande.<\/p>\n\n\n\n<p>Vous faites l\u2019\u00e9conomie des frais de port et ne rajoutez pas aux \u00e9missions de gaz \u00e0 effet de serre g\u00e9n\u00e9r\u00e9s pour l\u2019alimentation \u00e9lectrique et le fonctionnement de ce site internet, celles qui seront g\u00e9n\u00e9r\u00e9s pour le transport et la livraison des partitions imprim\u00e9es.<\/p>\n","protected":false},"excerpt":{"rendered":"<p>Nous proc\u00e9dons aux exp\u00e9ditions des partitions imprim\u00e9es mais les d\u00e9lais de livraisons peuvent \u00eatre allong\u00e9s suivant les situations locales cons\u00e9cutives \u00e0 la pand\u00e9mie. Privil\u00e9giez les partitions en t\u00e9l\u00e9chargement pour vos commandes. Exp\u00e9dition de votre colis et mesures pour limiter les \u00e9missions de gaz \u00e0 effet de serre. Les exp\u00e9ditions de partitions imprim\u00e9es sont regroup\u00e9es un [&hellip;]<\/p>\n","protected":false},"author":1,"featured_media":0,"parent":0,"menu_order":0,"comment_status":"closed","ping_status":"closed","template":"","meta":{"ocean_post_layout":"","ocean_both_sidebars_style":"","ocean_both_sidebars_content_width":0,"ocean_both_sidebars_sidebars_width":0,"ocean_sidebar":"0","ocean_second_sidebar":"0","ocean_disable_margins":"enable","ocean_add_body_class":"","ocean_shortcode_before_top_bar":"","ocean_shortcode_after_top_bar":"","ocean_shortcode_before_header":"","ocean_shortcode_after_header":"","ocean_has_shortcode":"","ocean_shortcode_after_title":"","ocean_shortcode_before_footer_widgets":"","ocean_shortcode_after_footer_widgets":"","ocean_shortcode_before_footer_bottom":"","ocean_shortcode_after_footer_bottom":"","ocean_display_top_bar":"default","ocean_display_header":"default","ocean_header_style":"","ocean_center_header_left_menu":"0","ocean_custom_header_template":"0","ocean_custom_logo":0,"ocean_custom_retina_logo":0,"ocean_custom_logo_max_width":0,"ocean_custom_logo_tablet_max_width":0,"ocean_custom_logo_mobile_max_width":0,"ocean_custom_logo_max_height":0,"ocean_custom_logo_tablet_max_height":0,"ocean_custom_logo_mobile_max_height":0,"ocean_header_custom_menu":"0","ocean_menu_typo_font_family":"0","ocean_menu_typo_font_subset":"","ocean_menu_typo_font_size":0,"ocean_menu_typo_font_size_tablet":0,"ocean_menu_typo_font_size_mobile":0,"ocean_menu_typo_font_size_unit":"px","ocean_menu_typo_font_weight":"","ocean_menu_typo_font_weight_tablet":"","ocean_menu_typo_font_weight_mobile":"","ocean_menu_typo_transform":"","ocean_menu_typo_transform_tablet":"","ocean_menu_typo_transform_mobile":"","ocean_menu_typo_line_height":0,"ocean_menu_typo_line_height_tablet":0,"ocean_menu_typo_line_height_mobile":0,"ocean_menu_typo_line_height_unit":"","ocean_menu_typo_spacing":0,"ocean_menu_typo_spacing_tablet":0,"ocean_menu_typo_spacing_mobile":0,"ocean_menu_typo_spacing_unit":"","ocean_menu_link_color":"","ocean_menu_link_color_hover":"","ocean_menu_link_color_active":"","ocean_menu_link_background":"","ocean_menu_link_hover_background":"","ocean_menu_link_active_background":"","ocean_menu_social_links_bg":"","ocean_menu_social_hover_links_bg":"","ocean_menu_social_links_color":"","ocean_menu_social_hover_links_color":"","ocean_disable_title":"default","ocean_disable_heading":"default","ocean_post_title":"","ocean_post_subheading":"","ocean_post_title_style":"","ocean_post_title_background_color":"","ocean_post_title_background":0,"ocean_post_title_bg_image_position":"","ocean_post_title_bg_image_attachment":"","ocean_post_title_bg_image_repeat":"","ocean_post_title_bg_image_size":"","ocean_post_title_height":0,"ocean_post_title_bg_overlay":0.5,"ocean_post_title_bg_overlay_color":"","ocean_disable_breadcrumbs":"default","ocean_breadcrumbs_color":"","ocean_breadcrumbs_separator_color":"","ocean_breadcrumbs_links_color":"","ocean_breadcrumbs_links_hover_color":"","ocean_display_footer_widgets":"default","ocean_display_footer_bottom":"default","ocean_custom_footer_template":"0","footnotes":""},"class_list":["post-2903","page","type-page","status-publish","hentry","entry","owp-thumbs-layout-horizontal","owp-btn-normal","owp-tabs-layout-horizontal","has-no-thumbnails","has-product-nav"],"yoast_head":"<!-- This site is optimized with the Yoast SEO plugin v27.5 - https:\/\/yoast.com\/product\/yoast-seo-wordpress\/ -->\n<title>Livraison - Editions Fran\u00e7ois Dhalmann<\/title>\n<meta name=\"description\" content=\"Avec le t\u00e9l\u00e9chargement vous faites l\u2019\u00e9conomie des frais de port et ne rajoutez pas aux \u00e9missions de gaz \u00e0 effet de serre g\u00e9n\u00e9r\u00e9s pour l\u2019alimentation \u00e9lectrique et le fonctionnement de ce site internet, celles qui seront g\u00e9n\u00e9r\u00e9s\" \/>\n<meta name=\"robots\" content=\"index, follow, max-snippet:-1, max-image-preview:large, max-video-preview:-1\" \/>\n<link rel=\"canonical\" href=\"https:\/\/dhalmann.fr\/music\/livraison\/\" \/>\n<meta property=\"og:locale\" content=\"fr_FR\" \/>\n<meta property=\"og:type\" content=\"article\" \/>\n<meta property=\"og:title\" content=\"Livraison - Editions Fran\u00e7ois Dhalmann\" \/>\n<meta property=\"og:description\" content=\"Avec le t\u00e9l\u00e9chargement vous faites l\u2019\u00e9conomie des frais de port et ne rajoutez pas aux \u00e9missions de gaz \u00e0 effet de serre g\u00e9n\u00e9r\u00e9s pour l\u2019alimentation \u00e9lectrique et le fonctionnement de ce site internet, celles qui seront g\u00e9n\u00e9r\u00e9s\" \/>\n<meta property=\"og:url\" content=\"https:\/\/dhalmann.fr\/music\/livraison\/\" \/>\n<meta property=\"og:site_name\" content=\"Editions Fran\u00e7ois Dhalmann\" \/>\n<meta property=\"article:publisher\" content=\"https:\/\/www.facebook.com\/EditionsDhalmann\/\" \/>\n<meta property=\"article:modified_time\" content=\"2024-04-09T08:47:20+00:00\" \/>\n<meta name=\"twitter:card\" content=\"summary_large_image\" \/>\n<meta name=\"twitter:site\" content=\"@editiondhalmann\" \/>\n<meta name=\"twitter:label1\" content=\"Dur\u00e9e de lecture estim\u00e9e\" \/>\n\t<meta name=\"twitter:data1\" content=\"2 minutes\" \/>\n<script type=\"application\/ld+json\" class=\"yoast-schema-graph\">{\"@context\":\"https:\\\/\\\/schema.org\",\"@graph\":[{\"@type\":\"WebPage\",\"@id\":\"https:\\\/\\\/dhalmann.fr\\\/music\\\/livraison\\\/\",\"url\":\"https:\\\/\\\/dhalmann.fr\\\/music\\\/livraison\\\/\",\"name\":\"Livraison - Editions Fran\u00e7ois Dhalmann\",\"isPartOf\":{\"@id\":\"https:\\\/\\\/dhalmann.fr\\\/music\\\/#website\"},\"datePublished\":\"2021-08-07T11:10:42+00:00\",\"dateModified\":\"2024-04-09T08:47:20+00:00\",\"description\":\"Avec le t\u00e9l\u00e9chargement vous faites l\u2019\u00e9conomie des frais de port et ne rajoutez pas aux \u00e9missions de gaz \u00e0 effet de serre g\u00e9n\u00e9r\u00e9s pour l\u2019alimentation \u00e9lectrique et le fonctionnement de ce site internet, celles qui seront g\u00e9n\u00e9r\u00e9s\",\"breadcrumb\":{\"@id\":\"https:\\\/\\\/dhalmann.fr\\\/music\\\/livraison\\\/#breadcrumb\"},\"inLanguage\":\"fr-FR\",\"potentialAction\":[{\"@type\":\"ReadAction\",\"target\":[\"https:\\\/\\\/dhalmann.fr\\\/music\\\/livraison\\\/\"]}]},{\"@type\":\"BreadcrumbList\",\"@id\":\"https:\\\/\\\/dhalmann.fr\\\/music\\\/livraison\\\/#breadcrumb\",\"itemListElement\":[{\"@type\":\"ListItem\",\"position\":1,\"name\":\"Home\",\"item\":\"https:\\\/\\\/dhalmann.fr\\\/music\\\/\"},{\"@type\":\"ListItem\",\"position\":2,\"name\":\"Livraison\"}]},{\"@type\":\"WebSite\",\"@id\":\"https:\\\/\\\/dhalmann.fr\\\/music\\\/#website\",\"url\":\"https:\\\/\\\/dhalmann.fr\\\/music\\\/\",\"name\":\"Editions Fran\u00e7ois Dhalmann\",\"description\":\"Partitions musicales des Editions Dhalmann pour tous les instruments - Percussion, piano, cordes, vents, ensemble, orchestre et bien plus\",\"publisher\":{\"@id\":\"https:\\\/\\\/dhalmann.fr\\\/music\\\/#organization\"},\"alternateName\":\"Dhalmann\",\"potentialAction\":[{\"@type\":\"SearchAction\",\"target\":{\"@type\":\"EntryPoint\",\"urlTemplate\":\"https:\\\/\\\/dhalmann.fr\\\/music\\\/?s={search_term_string}\"},\"query-input\":{\"@type\":\"PropertyValueSpecification\",\"valueRequired\":true,\"valueName\":\"search_term_string\"}}],\"inLanguage\":\"fr-FR\"},{\"@type\":\"Organization\",\"@id\":\"https:\\\/\\\/dhalmann.fr\\\/music\\\/#organization\",\"name\":\"Editions Francois Dhalmann\",\"alternateName\":\"Dhalmann\",\"url\":\"https:\\\/\\\/dhalmann.fr\\\/music\\\/\",\"logo\":{\"@type\":\"ImageObject\",\"inLanguage\":\"fr-FR\",\"@id\":\"https:\\\/\\\/dhalmann.fr\\\/music\\\/#\\\/schema\\\/logo\\\/image\\\/\",\"url\":\"https:\\\/\\\/dhalmann.fr\\\/music\\\/wp-content\\\/uploads\\\/2021\\\/07\\\/editions-francois-dhalmann-1397749175.jpg\",\"contentUrl\":\"https:\\\/\\\/dhalmann.fr\\\/music\\\/wp-content\\\/uploads\\\/2021\\\/07\\\/editions-francois-dhalmann-1397749175.jpg\",\"width\":559,\"height\":354,\"caption\":\"Editions Francois Dhalmann\"},\"image\":{\"@id\":\"https:\\\/\\\/dhalmann.fr\\\/music\\\/#\\\/schema\\\/logo\\\/image\\\/\"},\"sameAs\":[\"https:\\\/\\\/www.facebook.com\\\/EditionsDhalmann\\\/\",\"https:\\\/\\\/x.com\\\/editiondhalmann\",\"https:\\\/\\\/www.youtube.com\\\/channel\\\/UCZdGOJXKqg6ByF1pQloitAg\"]}]}<\/script>\n<!-- \/ Yoast SEO plugin. -->","yoast_head_json":{"title":"Livraison - Editions Fran\u00e7ois Dhalmann","description":"Avec le t\u00e9l\u00e9chargement vous faites l\u2019\u00e9conomie des frais de port et ne rajoutez pas aux \u00e9missions de gaz \u00e0 effet de serre g\u00e9n\u00e9r\u00e9s pour l\u2019alimentation \u00e9lectrique et le fonctionnement de ce site internet, celles qui seront g\u00e9n\u00e9r\u00e9s","robots":{"index":"index","follow":"follow","max-snippet":"max-snippet:-1","max-image-preview":"max-image-preview:large","max-video-preview":"max-video-preview:-1"},"canonical":"https:\/\/dhalmann.fr\/music\/livraison\/","og_locale":"fr_FR","og_type":"article","og_title":"Livraison - Editions Fran\u00e7ois Dhalmann","og_description":"Avec le t\u00e9l\u00e9chargement vous faites l\u2019\u00e9conomie des frais de port et ne rajoutez pas aux \u00e9missions de gaz \u00e0 effet de serre g\u00e9n\u00e9r\u00e9s pour l\u2019alimentation \u00e9lectrique et le fonctionnement de ce site internet, celles qui seront g\u00e9n\u00e9r\u00e9s","og_url":"https:\/\/dhalmann.fr\/music\/livraison\/","og_site_name":"Editions Fran\u00e7ois Dhalmann","article_publisher":"https:\/\/www.facebook.com\/EditionsDhalmann\/","article_modified_time":"2024-04-09T08:47:20+00:00","twitter_card":"summary_large_image","twitter_site":"@editiondhalmann","twitter_misc":{"Dur\u00e9e de lecture estim\u00e9e":"2 minutes"},"schema":{"@context":"https:\/\/schema.org","@graph":[{"@type":"WebPage","@id":"https:\/\/dhalmann.fr\/music\/livraison\/","url":"https:\/\/dhalmann.fr\/music\/livraison\/","name":"Livraison - Editions Fran\u00e7ois Dhalmann","isPartOf":{"@id":"https:\/\/dhalmann.fr\/music\/#website"},"datePublished":"2021-08-07T11:10:42+00:00","dateModified":"2024-04-09T08:47:20+00:00","description":"Avec le t\u00e9l\u00e9chargement vous faites l\u2019\u00e9conomie des frais de port et ne rajoutez pas aux \u00e9missions de gaz \u00e0 effet de serre g\u00e9n\u00e9r\u00e9s pour l\u2019alimentation \u00e9lectrique et le fonctionnement de ce site internet, celles qui seront g\u00e9n\u00e9r\u00e9s","breadcrumb":{"@id":"https:\/\/dhalmann.fr\/music\/livraison\/#breadcrumb"},"inLanguage":"fr-FR","potentialAction":[{"@type":"ReadAction","target":["https:\/\/dhalmann.fr\/music\/livraison\/"]}]},{"@type":"BreadcrumbList","@id":"https:\/\/dhalmann.fr\/music\/livraison\/#breadcrumb","itemListElement":[{"@type":"ListItem","position":1,"name":"Home","item":"https:\/\/dhalmann.fr\/music\/"},{"@type":"ListItem","position":2,"name":"Livraison"}]},{"@type":"WebSite","@id":"https:\/\/dhalmann.fr\/music\/#website","url":"https:\/\/dhalmann.fr\/music\/","name":"Editions Fran\u00e7ois Dhalmann","description":"Partitions musicales des Editions Dhalmann pour tous les instruments - Percussion, piano, cordes, vents, ensemble, orchestre et bien plus","publisher":{"@id":"https:\/\/dhalmann.fr\/music\/#organization"},"alternateName":"Dhalmann","potentialAction":[{"@type":"SearchAction","target":{"@type":"EntryPoint","urlTemplate":"https:\/\/dhalmann.fr\/music\/?s={search_term_string}"},"query-input":{"@type":"PropertyValueSpecification","valueRequired":true,"valueName":"search_term_string"}}],"inLanguage":"fr-FR"},{"@type":"Organization","@id":"https:\/\/dhalmann.fr\/music\/#organization","name":"Editions Francois Dhalmann","alternateName":"Dhalmann","url":"https:\/\/dhalmann.fr\/music\/","logo":{"@type":"ImageObject","inLanguage":"fr-FR","@id":"https:\/\/dhalmann.fr\/music\/#\/schema\/logo\/image\/","url":"https:\/\/dhalmann.fr\/music\/wp-content\/uploads\/2021\/07\/editions-francois-dhalmann-1397749175.jpg","contentUrl":"https:\/\/dhalmann.fr\/music\/wp-content\/uploads\/2021\/07\/editions-francois-dhalmann-1397749175.jpg","width":559,"height":354,"caption":"Editions Francois Dhalmann"},"image":{"@id":"https:\/\/dhalmann.fr\/music\/#\/schema\/logo\/image\/"},"sameAs":["https:\/\/www.facebook.com\/EditionsDhalmann\/","https:\/\/x.com\/editiondhalmann","https:\/\/www.youtube.com\/channel\/UCZdGOJXKqg6ByF1pQloitAg"]}]}},"_links":{"self":[{"href":"https:\/\/dhalmann.fr\/music\/wp-json\/wp\/v2\/pages\/2903","targetHints":{"allow":["GET"]}}],"collection":[{"href":"https:\/\/dhalmann.fr\/music\/wp-json\/wp\/v2\/pages"}],"about":[{"href":"https:\/\/dhalmann.fr\/music\/wp-json\/wp\/v2\/types\/page"}],"author":[{"embeddable":true,"href":"https:\/\/dhalmann.fr\/music\/wp-json\/wp\/v2\/users\/1"}],"replies":[{"embeddable":true,"href":"https:\/\/dhalmann.fr\/music\/wp-json\/wp\/v2\/comments?post=2903"}],"version-history":[{"count":2,"href":"https:\/\/dhalmann.fr\/music\/wp-json\/wp\/v2\/pages\/2903\/revisions"}],"predecessor-version":[{"id":10545,"href":"https:\/\/dhalmann.fr\/music\/wp-json\/wp\/v2\/pages\/2903\/revisions\/10545"}],"wp:attachment":[{"href":"https:\/\/dhalmann.fr\/music\/wp-json\/wp\/v2\/media?parent=2903"}],"curies":[{"name":"wp","href":"https:\/\/api.w.org\/{rel}","templated":true}]}}