{"id":2914,"date":"2021-08-07T13:38:33","date_gmt":"2021-08-07T11:38:33","guid":{"rendered":"https:\/\/dhalmann.fr\/music\/?page_id=2914"},"modified":"2023-12-19T16:14:34","modified_gmt":"2023-12-19T14:14:34","slug":"mentions-legales","status":"publish","type":"page","link":"https:\/\/dhalmann.fr\/music\/mentions-legales\/","title":{"rendered":"Mentions L\u00e9gales et Conditions g\u00e9n\u00e9rales d&#8217;utilisation"},"content":{"rendered":"\n<p>\u00ab&nbsp;Les informations recueillies font l\u2019objet d\u2019un traitement informatique destin\u00e9 au traitement des commandes. Les destinataires des donn\u00e9es sont les Editions Fran\u00e7ois Dhalmann&#8221; <\/p>\n\n\n\n<p>Conform\u00e9ment au R\u00e8glement G\u00e9n\u00e9ral de la Protection des Donn\u00e9es en vigueur dans l&#8217;Union Europ\u00e9enne, vous b\u00e9n\u00e9ficiez d\u2019un droit d\u2019acc\u00e8s et de rectification aux informations qui vous concernent, que vous pouvez exercer en vous adressant \u00e0 Editions Fran\u00e7ois Dhalmann, 39 chemin de Terron, 06200 Nice<\/p>\n\n\n\n<p><strong>Propri\u00e9t\u00e9 intellectuelle.<\/strong><br>Tous les \u00e9l\u00e9ments du site de Editions Fran\u00e7ois Dhalmann sont et restent la propri\u00e9t\u00e9 intellectuelle et exclusive de Editions Fran\u00e7ois Dhalmann ou de ses ayants droits.<br>Personne n&#8217;est autoris\u00e9 \u00e0 reproduire, exploiter, rediffuser, ou utiliser \u00e0 quelque titre que ce soit, m\u00eame partiellement, des \u00e9l\u00e9ments du site qu&#8217;ils soient logiciels, visuels ou sonores.<\/p>\n\n\n\n<p>La structure du Site ainsi que l\u2019ensemble des contenus diffus\u00e9s sur le Site sont prot\u00e9g\u00e9s par la l\u00e9gislation relative \u00e0 la propri\u00e9t\u00e9 intellectuelle.<br>Les photographies, illustrations, dessins ou tout autre graphique, documents, les signes, signaux, \u00e9crits, images, sons ou messages de toute nature figurant sur le Site (ci-apr\u00e8s \u00ab les Contenus \u00bb) ne peuvent faire l\u2019objet d\u2019aucune reproduction ou repr\u00e9sentation sans l\u2019autorisation pr\u00e9alable expresse et \u00e9crite de Editions Fran\u00e7ois Dhalmann.<\/p>\n\n\n\n<p><strong>Politique de fouille de textes et de donn\u00e9es<\/strong><\/p>\n\n\n\n<p>Les Editions Fran\u00e7ois Dhalmann  s\u2019opposent \u00e0 toutes op\u00e9rations de moissonnage et de fouille de textes et de donn\u00e9es au sens de l\u2019article L. 122-5-3 du code de la propri\u00e9t\u00e9 intellectuelle.<br>Cette opposition couvre l\u2019ensemble du Site et des Contenus auxquels il donne acc\u00e8s.<br>Toutes op\u00e9rations de moissonnage et de fouille de textes et de donn\u00e9es visant le Site et ses Contenus, y compris par des dispositifs de collecte automatis\u00e9e de donn\u00e9es constituent donc des actes de contrefa\u00e7on sauf obtention d\u2019un accord sp\u00e9cifique formellement exprim\u00e9 des Editions Fran\u00e7ois Dhalmann.<br>L\u2019article R. 122-28 du code de la propri\u00e9t\u00e9 intellectuelle pr\u00e9cisant que l&#8217;opposition mentionn\u00e9e au III de l&#8217;article L. 122-5-3 peut \u00eatre exprim\u00e9e par tout moyen, y compris par le recours \u00e0 des conditions g\u00e9n\u00e9rales d&#8217;utilisation d&#8217;un site internet ou d&#8217;un service, l\u2019absence de metadonn\u00e9es associ\u00e9es au Site, r\u00e9pertoires du Site, Contenus du Site est sans incidence sur l\u2019exercice du droit d\u2019opposition exprim\u00e9 par les pr\u00e9sentes conditions g\u00e9n\u00e9rales d\u2019utilisation.<\/p>\n","protected":false},"excerpt":{"rendered":"<p>\u00ab&nbsp;Les informations recueillies font l\u2019objet d\u2019un traitement informatique destin\u00e9 au traitement des commandes. Les destinataires des donn\u00e9es sont les Editions Fran\u00e7ois Dhalmann&#8221; Conform\u00e9ment au R\u00e8glement G\u00e9n\u00e9ral de la Protection des Donn\u00e9es en vigueur dans l&#8217;Union Europ\u00e9enne, vous b\u00e9n\u00e9ficiez d\u2019un droit d\u2019acc\u00e8s et de rectification aux informations qui vous concernent, que vous pouvez exercer en vous [&hellip;]<\/p>\n","protected":false},"author":1,"featured_media":0,"parent":0,"menu_order":0,"comment_status":"closed","ping_status":"closed","template":"","meta":{"ocean_post_layout":"","ocean_both_sidebars_style":"","ocean_both_sidebars_content_width":0,"ocean_both_sidebars_sidebars_width":0,"ocean_sidebar":"0","ocean_second_sidebar":"0","ocean_disable_margins":"enable","ocean_add_body_class":"","ocean_shortcode_before_top_bar":"","ocean_shortcode_after_top_bar":"","ocean_shortcode_before_header":"","ocean_shortcode_after_header":"","ocean_has_shortcode":"","ocean_shortcode_after_title":"","ocean_shortcode_before_footer_widgets":"","ocean_shortcode_after_footer_widgets":"","ocean_shortcode_before_footer_bottom":"","ocean_shortcode_after_footer_bottom":"","ocean_display_top_bar":"default","ocean_display_header":"default","ocean_header_style":"","ocean_center_header_left_menu":"0","ocean_custom_header_template":"0","ocean_custom_logo":0,"ocean_custom_retina_logo":0,"ocean_custom_logo_max_width":0,"ocean_custom_logo_tablet_max_width":0,"ocean_custom_logo_mobile_max_width":0,"ocean_custom_logo_max_height":0,"ocean_custom_logo_tablet_max_height":0,"ocean_custom_logo_mobile_max_height":0,"ocean_header_custom_menu":"0","ocean_menu_typo_font_family":"0","ocean_menu_typo_font_subset":"","ocean_menu_typo_font_size":0,"ocean_menu_typo_font_size_tablet":0,"ocean_menu_typo_font_size_mobile":0,"ocean_menu_typo_font_size_unit":"px","ocean_menu_typo_font_weight":"","ocean_menu_typo_font_weight_tablet":"","ocean_menu_typo_font_weight_mobile":"","ocean_menu_typo_transform":"","ocean_menu_typo_transform_tablet":"","ocean_menu_typo_transform_mobile":"","ocean_menu_typo_line_height":0,"ocean_menu_typo_line_height_tablet":0,"ocean_menu_typo_line_height_mobile":0,"ocean_menu_typo_line_height_unit":"","ocean_menu_typo_spacing":0,"ocean_menu_typo_spacing_tablet":0,"ocean_menu_typo_spacing_mobile":0,"ocean_menu_typo_spacing_unit":"","ocean_menu_link_color":"","ocean_menu_link_color_hover":"","ocean_menu_link_color_active":"","ocean_menu_link_background":"","ocean_menu_link_hover_background":"","ocean_menu_link_active_background":"","ocean_menu_social_links_bg":"","ocean_menu_social_hover_links_bg":"","ocean_menu_social_links_color":"","ocean_menu_social_hover_links_color":"","ocean_disable_title":"default","ocean_disable_heading":"default","ocean_post_title":"","ocean_post_subheading":"","ocean_post_title_style":"","ocean_post_title_background_color":"","ocean_post_title_background":0,"ocean_post_title_bg_image_position":"","ocean_post_title_bg_image_attachment":"","ocean_post_title_bg_image_repeat":"","ocean_post_title_bg_image_size":"","ocean_post_title_height":0,"ocean_post_title_bg_overlay":0.5,"ocean_post_title_bg_overlay_color":"","ocean_disable_breadcrumbs":"default","ocean_breadcrumbs_color":"","ocean_breadcrumbs_separator_color":"","ocean_breadcrumbs_links_color":"","ocean_breadcrumbs_links_hover_color":"","ocean_display_footer_widgets":"default","ocean_display_footer_bottom":"default","ocean_custom_footer_template":"0","footnotes":""},"class_list":["post-2914","page","type-page","status-publish","hentry","entry","owp-thumbs-layout-horizontal","owp-btn-normal","owp-tabs-layout-horizontal","has-no-thumbnails","has-product-nav"],"yoast_head":"<!-- This site is optimized with the Yoast SEO plugin v27.5 - https:\/\/yoast.com\/product\/yoast-seo-wordpress\/ -->\n<title>Mentions L\u00e9gales et Conditions g\u00e9n\u00e9rales d&#039;utilisation - Editions Fran\u00e7ois Dhalmann<\/title>\n<meta name=\"robots\" content=\"noindex, nofollow\" \/>\n<meta property=\"og:locale\" content=\"fr_FR\" \/>\n<meta property=\"og:type\" content=\"article\" \/>\n<meta property=\"og:title\" content=\"Mentions L\u00e9gales et Conditions g\u00e9n\u00e9rales d&#039;utilisation - Editions Fran\u00e7ois Dhalmann\" \/>\n<meta property=\"og:description\" content=\"\u00ab&nbsp;Les informations recueillies font l\u2019objet d\u2019un traitement informatique destin\u00e9 au traitement des commandes. Les destinataires des donn\u00e9es sont les Editions Fran\u00e7ois Dhalmann&#8221; Conform\u00e9ment au R\u00e8glement G\u00e9n\u00e9ral de la Protection des Donn\u00e9es en vigueur dans l&#8217;Union Europ\u00e9enne, vous b\u00e9n\u00e9ficiez d\u2019un droit d\u2019acc\u00e8s et de rectification aux informations qui vous concernent, que vous pouvez exercer en vous [&hellip;]\" \/>\n<meta property=\"og:url\" content=\"https:\/\/dhalmann.fr\/music\/mentions-legales\/\" \/>\n<meta property=\"og:site_name\" content=\"Editions Fran\u00e7ois Dhalmann\" \/>\n<meta property=\"article:publisher\" content=\"https:\/\/www.facebook.com\/EditionsDhalmann\/\" \/>\n<meta property=\"article:modified_time\" content=\"2023-12-19T14:14:34+00:00\" \/>\n<meta name=\"twitter:card\" content=\"summary_large_image\" \/>\n<meta name=\"twitter:site\" content=\"@editiondhalmann\" \/>\n<meta name=\"twitter:label1\" content=\"Dur\u00e9e de lecture estim\u00e9e\" \/>\n\t<meta name=\"twitter:data1\" content=\"1 minute\" \/>\n<script type=\"application\/ld+json\" class=\"yoast-schema-graph\">{\"@context\":\"https:\\\/\\\/schema.org\",\"@graph\":[{\"@type\":\"WebPage\",\"@id\":\"https:\\\/\\\/dhalmann.fr\\\/music\\\/mentions-legales\\\/\",\"url\":\"https:\\\/\\\/dhalmann.fr\\\/music\\\/mentions-legales\\\/\",\"name\":\"Mentions L\u00e9gales et Conditions g\u00e9n\u00e9rales d'utilisation - Editions Fran\u00e7ois Dhalmann\",\"isPartOf\":{\"@id\":\"https:\\\/\\\/dhalmann.fr\\\/music\\\/#website\"},\"datePublished\":\"2021-08-07T11:38:33+00:00\",\"dateModified\":\"2023-12-19T14:14:34+00:00\",\"breadcrumb\":{\"@id\":\"https:\\\/\\\/dhalmann.fr\\\/music\\\/mentions-legales\\\/#breadcrumb\"},\"inLanguage\":\"fr-FR\",\"potentialAction\":[{\"@type\":\"ReadAction\",\"target\":[\"https:\\\/\\\/dhalmann.fr\\\/music\\\/mentions-legales\\\/\"]}]},{\"@type\":\"BreadcrumbList\",\"@id\":\"https:\\\/\\\/dhalmann.fr\\\/music\\\/mentions-legales\\\/#breadcrumb\",\"itemListElement\":[{\"@type\":\"ListItem\",\"position\":1,\"name\":\"Home\",\"item\":\"https:\\\/\\\/dhalmann.fr\\\/music\\\/\"},{\"@type\":\"ListItem\",\"position\":2,\"name\":\"Mentions L\u00e9gales et Conditions g\u00e9n\u00e9rales d&#8217;utilisation\"}]},{\"@type\":\"WebSite\",\"@id\":\"https:\\\/\\\/dhalmann.fr\\\/music\\\/#website\",\"url\":\"https:\\\/\\\/dhalmann.fr\\\/music\\\/\",\"name\":\"Editions Fran\u00e7ois Dhalmann\",\"description\":\"Partitions musicales des Editions Dhalmann pour tous les instruments - Percussion, piano, cordes, vents, ensemble, orchestre et bien plus\",\"publisher\":{\"@id\":\"https:\\\/\\\/dhalmann.fr\\\/music\\\/#organization\"},\"alternateName\":\"Dhalmann\",\"potentialAction\":[{\"@type\":\"SearchAction\",\"target\":{\"@type\":\"EntryPoint\",\"urlTemplate\":\"https:\\\/\\\/dhalmann.fr\\\/music\\\/?s={search_term_string}\"},\"query-input\":{\"@type\":\"PropertyValueSpecification\",\"valueRequired\":true,\"valueName\":\"search_term_string\"}}],\"inLanguage\":\"fr-FR\"},{\"@type\":\"Organization\",\"@id\":\"https:\\\/\\\/dhalmann.fr\\\/music\\\/#organization\",\"name\":\"Editions Francois Dhalmann\",\"alternateName\":\"Dhalmann\",\"url\":\"https:\\\/\\\/dhalmann.fr\\\/music\\\/\",\"logo\":{\"@type\":\"ImageObject\",\"inLanguage\":\"fr-FR\",\"@id\":\"https:\\\/\\\/dhalmann.fr\\\/music\\\/#\\\/schema\\\/logo\\\/image\\\/\",\"url\":\"https:\\\/\\\/dhalmann.fr\\\/music\\\/wp-content\\\/uploads\\\/2021\\\/07\\\/editions-francois-dhalmann-1397749175.jpg\",\"contentUrl\":\"https:\\\/\\\/dhalmann.fr\\\/music\\\/wp-content\\\/uploads\\\/2021\\\/07\\\/editions-francois-dhalmann-1397749175.jpg\",\"width\":559,\"height\":354,\"caption\":\"Editions Francois Dhalmann\"},\"image\":{\"@id\":\"https:\\\/\\\/dhalmann.fr\\\/music\\\/#\\\/schema\\\/logo\\\/image\\\/\"},\"sameAs\":[\"https:\\\/\\\/www.facebook.com\\\/EditionsDhalmann\\\/\",\"https:\\\/\\\/x.com\\\/editiondhalmann\",\"https:\\\/\\\/www.youtube.com\\\/channel\\\/UCZdGOJXKqg6ByF1pQloitAg\"]}]}<\/script>\n<!-- \/ Yoast SEO plugin. -->","yoast_head_json":{"title":"Mentions L\u00e9gales et Conditions g\u00e9n\u00e9rales d'utilisation - Editions Fran\u00e7ois Dhalmann","robots":{"index":"noindex","follow":"nofollow"},"og_locale":"fr_FR","og_type":"article","og_title":"Mentions L\u00e9gales et Conditions g\u00e9n\u00e9rales d'utilisation - Editions Fran\u00e7ois Dhalmann","og_description":"\u00ab&nbsp;Les informations recueillies font l\u2019objet d\u2019un traitement informatique destin\u00e9 au traitement des commandes. Les destinataires des donn\u00e9es sont les Editions Fran\u00e7ois Dhalmann&#8221; Conform\u00e9ment au R\u00e8glement G\u00e9n\u00e9ral de la Protection des Donn\u00e9es en vigueur dans l&#8217;Union Europ\u00e9enne, vous b\u00e9n\u00e9ficiez d\u2019un droit d\u2019acc\u00e8s et de rectification aux informations qui vous concernent, que vous pouvez exercer en vous [&hellip;]","og_url":"https:\/\/dhalmann.fr\/music\/mentions-legales\/","og_site_name":"Editions Fran\u00e7ois Dhalmann","article_publisher":"https:\/\/www.facebook.com\/EditionsDhalmann\/","article_modified_time":"2023-12-19T14:14:34+00:00","twitter_card":"summary_large_image","twitter_site":"@editiondhalmann","twitter_misc":{"Dur\u00e9e de lecture estim\u00e9e":"1 minute"},"schema":{"@context":"https:\/\/schema.org","@graph":[{"@type":"WebPage","@id":"https:\/\/dhalmann.fr\/music\/mentions-legales\/","url":"https:\/\/dhalmann.fr\/music\/mentions-legales\/","name":"Mentions L\u00e9gales et Conditions g\u00e9n\u00e9rales d'utilisation - Editions Fran\u00e7ois Dhalmann","isPartOf":{"@id":"https:\/\/dhalmann.fr\/music\/#website"},"datePublished":"2021-08-07T11:38:33+00:00","dateModified":"2023-12-19T14:14:34+00:00","breadcrumb":{"@id":"https:\/\/dhalmann.fr\/music\/mentions-legales\/#breadcrumb"},"inLanguage":"fr-FR","potentialAction":[{"@type":"ReadAction","target":["https:\/\/dhalmann.fr\/music\/mentions-legales\/"]}]},{"@type":"BreadcrumbList","@id":"https:\/\/dhalmann.fr\/music\/mentions-legales\/#breadcrumb","itemListElement":[{"@type":"ListItem","position":1,"name":"Home","item":"https:\/\/dhalmann.fr\/music\/"},{"@type":"ListItem","position":2,"name":"Mentions L\u00e9gales et Conditions g\u00e9n\u00e9rales d&#8217;utilisation"}]},{"@type":"WebSite","@id":"https:\/\/dhalmann.fr\/music\/#website","url":"https:\/\/dhalmann.fr\/music\/","name":"Editions Fran\u00e7ois Dhalmann","description":"Partitions musicales des Editions Dhalmann pour tous les instruments - Percussion, piano, cordes, vents, ensemble, orchestre et bien plus","publisher":{"@id":"https:\/\/dhalmann.fr\/music\/#organization"},"alternateName":"Dhalmann","potentialAction":[{"@type":"SearchAction","target":{"@type":"EntryPoint","urlTemplate":"https:\/\/dhalmann.fr\/music\/?s={search_term_string}"},"query-input":{"@type":"PropertyValueSpecification","valueRequired":true,"valueName":"search_term_string"}}],"inLanguage":"fr-FR"},{"@type":"Organization","@id":"https:\/\/dhalmann.fr\/music\/#organization","name":"Editions Francois Dhalmann","alternateName":"Dhalmann","url":"https:\/\/dhalmann.fr\/music\/","logo":{"@type":"ImageObject","inLanguage":"fr-FR","@id":"https:\/\/dhalmann.fr\/music\/#\/schema\/logo\/image\/","url":"https:\/\/dhalmann.fr\/music\/wp-content\/uploads\/2021\/07\/editions-francois-dhalmann-1397749175.jpg","contentUrl":"https:\/\/dhalmann.fr\/music\/wp-content\/uploads\/2021\/07\/editions-francois-dhalmann-1397749175.jpg","width":559,"height":354,"caption":"Editions Francois Dhalmann"},"image":{"@id":"https:\/\/dhalmann.fr\/music\/#\/schema\/logo\/image\/"},"sameAs":["https:\/\/www.facebook.com\/EditionsDhalmann\/","https:\/\/x.com\/editiondhalmann","https:\/\/www.youtube.com\/channel\/UCZdGOJXKqg6ByF1pQloitAg"]}]}},"_links":{"self":[{"href":"https:\/\/dhalmann.fr\/music\/wp-json\/wp\/v2\/pages\/2914","targetHints":{"allow":["GET"]}}],"collection":[{"href":"https:\/\/dhalmann.fr\/music\/wp-json\/wp\/v2\/pages"}],"about":[{"href":"https:\/\/dhalmann.fr\/music\/wp-json\/wp\/v2\/types\/page"}],"author":[{"embeddable":true,"href":"https:\/\/dhalmann.fr\/music\/wp-json\/wp\/v2\/users\/1"}],"replies":[{"embeddable":true,"href":"https:\/\/dhalmann.fr\/music\/wp-json\/wp\/v2\/comments?post=2914"}],"version-history":[{"count":4,"href":"https:\/\/dhalmann.fr\/music\/wp-json\/wp\/v2\/pages\/2914\/revisions"}],"predecessor-version":[{"id":10146,"href":"https:\/\/dhalmann.fr\/music\/wp-json\/wp\/v2\/pages\/2914\/revisions\/10146"}],"wp:attachment":[{"href":"https:\/\/dhalmann.fr\/music\/wp-json\/wp\/v2\/media?parent=2914"}],"curies":[{"name":"wp","href":"https:\/\/api.w.org\/{rel}","templated":true}]}}