{"id":1197,"date":"2021-07-26T17:17:29","date_gmt":"2021-07-26T15:17:29","guid":{"rendered":"https:\/\/dhalmann.fr\/music\/?post_type=product&#038;p=1197"},"modified":"2026-03-19T16:16:37","modified_gmt":"2026-03-19T14:16:37","slug":"the-universe-double-concerto-deux-marimbas-et-orchestre-symphonique-albert-ludwig","status":"publish","type":"product","link":"https:\/\/dhalmann.fr\/music\/produit\/the-universe-double-concerto-deux-marimbas-et-orchestre-symphonique-albert-ludwig\/","title":{"rendered":"The Universe. Double concerto pour deux marimbas et orchestre symphonique &#8211; Ludwig Albert"},"content":{"rendered":"<h2>The Universe de <a href=\"https:\/\/dhalmann.fr\/music\/product-category\/auteurs\/albert-ludwig\/\">Ludwig Albert<\/a>.<\/h2>\n<p>Double concerto pour deux marimbas et orchestre symphonique<\/p>\n<p>Le Double Concerto pour Marimbas et Orchestre de Ludwig Albert, intitul\u00e9 &#8220;<strong>The Universe<\/strong>&#8220;, est une \u0153uvre saisissante et \u00e9blouissante qui met en valeur les capacit\u00e9s expressives et rythmiques exceptionnelles des marimbas.<\/p>\n<p>L&#8217;\u0153uvre se compose de trois mouvements, chacun offrant une exp\u00e9rience musicale unique. Le premier mouvement est rapide et \u00e9nergique, avec des rythmes complexes et des m\u00e9lodies ent\u00eatantes qui mettent en valeur la virtuosit\u00e9 des solistes. Le deuxi\u00e8me mouvement est plus lyrique et introspectif, avec des passages de marimba d\u00e9licats et \u00e9mouvants qui soulignent la beaut\u00e9 sonore de l&#8217;instrument. Le dernier mouvement est un tourbillon de rythmes et de sons, avec une cadence finale \u00e9poustouflante qui met en valeur les prouesses techniques des solistes.<\/p>\n<p>Cette composition est remarquable pour son m\u00e9lange unique de styles musicaux, allant de la musique classique occidentale \u00e0 la musique populaire et traditionnelle africaine et sud-am\u00e9ricaine. Les solistes de marimbas sont au centre de l&#8217;\u0153uvre, avec des parties solistes complexes et des passages de duo exigeants qui demandent une grande virtuosit\u00e9 et une synchronisation parfaite.<\/p>\n<p>&#8220;<strong>The Universe<\/strong>&#8221; est une \u0153uvre qui offre une exp\u00e9rience musicale riche et stimulante pour l&#8217;ensemble de l&#8217;orchestre et le public, avec des textures sonores complexes, des rythmes captivants et des m\u00e9lodies envo\u00fbtantes. Cette pi\u00e8ce est une excellente option pour un orchestre \u00e0 la recherche d&#8217;un d\u00e9fi technique et artistique, ainsi que d&#8217;une pi\u00e8ce captivante pour le public.<\/p>\n<p>Mat\u00e9riel complet Conducteur et parties s\u00e9par\u00e9es. Picc.2.2.2.1.-3.2.2.1-Mrb-Timp.Perc.(2)-Crd.<\/p>\n<p>Partition en vente en t\u00e9l\u00e9chargement imm\u00e9diat. Mat\u00e9riel imprim\u00e9 en location, contactez nous : <a href=\"https:\/\/dhalmann.fr\/music\/contact\/\">contact<\/a><\/p>\n<blockquote><p>La partition est \u00e9galement disponible \u00e0 la vente dans les versions suivantes :<br \/>\n&#8211; <a href=\"https:\/\/dhalmann.fr\/music\/produit\/the-universe-double-concerto-pour-deux-marimbas-piano-reduction-albert-ludwig\/\">R\u00e9duction piano pour deux marimbas et piano<\/a><br \/>\n&#8211; <a href=\"https:\/\/dhalmann.fr\/music\/produit\/the-universe-double-concerto-pour-deux-marimbas-et-orchestre-a-cordes-ludwig-albert\/\">Pour deux marimbas et orchestre \u00e0 cordes<\/a><br \/>\n&#8211; <a href=\"https:\/\/dhalmann.fr\/music\/produit\/the-universe-double-concerto-pour-deux-marimbas-et-orchestre-a-vents-ludwig-albert\/\">Pour deux marimbas et orchestre \u00e0 vents<\/a><\/p><\/blockquote>\n<p>&nbsp;<\/p>\n<p>&nbsp;<\/p>\n","protected":false},"excerpt":{"rendered":"<h2>The Universe de <a href=\"https:\/\/dhalmann.fr\/music\/product-category\/auteurs\/albert-ludwig\/\">Ludwig Albert<\/a>.<\/h2>\n<p>Double concerto pour deux marimbas et orchestre symphonique<\/p>\n<p>Mat\u00e9riel complet Conducteur et parties s\u00e9par\u00e9es. Picc.2.2.2.1.-3.2.2.1-Mrb-Timp.Perc.(2)-Crd.<\/p>\n<p>Partition en vente en t\u00e9l\u00e9chargement imm\u00e9diat. Mat\u00e9riel imprim\u00e9 en location<\/p>\n","protected":false},"featured_media":1203,"template":"","meta":{"ocean_post_layout":"","ocean_both_sidebars_style":"","ocean_both_sidebars_content_width":0,"ocean_both_sidebars_sidebars_width":0,"ocean_sidebar":"0","ocean_second_sidebar":"0","ocean_disable_margins":"enable","ocean_add_body_class":"","ocean_shortcode_before_top_bar":"","ocean_shortcode_after_top_bar":"","ocean_shortcode_before_header":"","ocean_shortcode_after_header":"","ocean_has_shortcode":"","ocean_shortcode_after_title":"","ocean_shortcode_before_footer_widgets":"","ocean_shortcode_after_footer_widgets":"","ocean_shortcode_before_footer_bottom":"","ocean_shortcode_after_footer_bottom":"","ocean_display_top_bar":"default","ocean_display_header":"default","ocean_header_style":"","ocean_center_header_left_menu":"0","ocean_custom_header_template":"0","ocean_custom_logo":0,"ocean_custom_retina_logo":0,"ocean_custom_logo_max_width":0,"ocean_custom_logo_tablet_max_width":0,"ocean_custom_logo_mobile_max_width":0,"ocean_custom_logo_max_height":0,"ocean_custom_logo_tablet_max_height":0,"ocean_custom_logo_mobile_max_height":0,"ocean_header_custom_menu":"0","ocean_menu_typo_font_family":"0","ocean_menu_typo_font_subset":"","ocean_menu_typo_font_size":0,"ocean_menu_typo_font_size_tablet":0,"ocean_menu_typo_font_size_mobile":0,"ocean_menu_typo_font_size_unit":"px","ocean_menu_typo_font_weight":"","ocean_menu_typo_font_weight_tablet":"","ocean_menu_typo_font_weight_mobile":"","ocean_menu_typo_transform":"","ocean_menu_typo_transform_tablet":"","ocean_menu_typo_transform_mobile":"","ocean_menu_typo_line_height":0,"ocean_menu_typo_line_height_tablet":0,"ocean_menu_typo_line_height_mobile":0,"ocean_menu_typo_line_height_unit":"","ocean_menu_typo_spacing":0,"ocean_menu_typo_spacing_tablet":0,"ocean_menu_typo_spacing_mobile":0,"ocean_menu_typo_spacing_unit":"","ocean_menu_link_color":"","ocean_menu_link_color_hover":"","ocean_menu_link_color_active":"","ocean_menu_link_background":"","ocean_menu_link_hover_background":"","ocean_menu_link_active_background":"","ocean_menu_social_links_bg":"","ocean_menu_social_hover_links_bg":"","ocean_menu_social_links_color":"","ocean_menu_social_hover_links_color":"","ocean_disable_title":"default","ocean_disable_heading":"default","ocean_post_title":"","ocean_post_subheading":"","ocean_post_title_style":"","ocean_post_title_background_color":"","ocean_post_title_background":0,"ocean_post_title_bg_image_position":"","ocean_post_title_bg_image_attachment":"","ocean_post_title_bg_image_repeat":"","ocean_post_title_bg_image_size":"","ocean_post_title_height":0,"ocean_post_title_bg_overlay":0.5,"ocean_post_title_bg_overlay_color":"","ocean_disable_breadcrumbs":"default","ocean_breadcrumbs_color":"","ocean_breadcrumbs_separator_color":"","ocean_breadcrumbs_links_color":"","ocean_breadcrumbs_links_hover_color":"","ocean_display_footer_widgets":"default","ocean_display_footer_bottom":"default","ocean_custom_footer_template":"0"},"product_brand":[610],"product_cat":[108,184,143,138],"product_tag":[],"class_list":{"0":"post-1197","1":"product","2":"type-product","3":"status-publish","4":"has-post-thumbnail","6":"product_brand-editions-francois-dhalmann","7":"product_cat-albert-ludwig","8":"product_cat-concerto","9":"product_cat-marimba","10":"product_cat-orchestre-symphonique","11":"pa_difficulte-difficile","13":"entry","14":"has-media","16":"first","17":"instock","18":"taxable","19":"shipping-taxable","20":"purchasable","21":"product-type-variable","22":"add-to-wishlist-before_image","23":"has-product-nav","24":"col","25":"span_1_of_4","26":"owp-content-center","27":"owp-thumbs-layout-horizontal","28":"owp-btn-normal","29":"owp-tabs-layout-horizontal"},"yoast_head":"<!-- This site is optimized with the Yoast SEO plugin v27.5 - https:\/\/yoast.com\/product\/yoast-seo-wordpress\/ -->\n<title>The Universe. Double concerto pour deux marimbas et orchestre symphonique - Ludwig Albert - Editions Fran\u00e7ois Dhalmann<\/title>\n<meta name=\"description\" content=\"Partition pour marimba et orchestre symphonique en vente directe sur le site des Editions Fran\u00e7ois Dhalmann. Partition en vente au format imprim\u00e9 ou en t\u00e9l\u00e9chargement imm\u00e9diat.\" \/>\n<meta name=\"robots\" content=\"index, follow, max-snippet:-1, max-image-preview:large, max-video-preview:-1\" \/>\n<link rel=\"canonical\" href=\"https:\/\/dhalmann.fr\/music\/produit\/the-universe-double-concerto-deux-marimbas-et-orchestre-symphonique-albert-ludwig\/\" \/>\n<meta property=\"og:locale\" content=\"fr_FR\" \/>\n<meta property=\"og:type\" content=\"article\" \/>\n<meta property=\"og:title\" content=\"The Universe. Double concerto pour deux marimbas et orchestre symphonique - Ludwig Albert - Editions Fran\u00e7ois Dhalmann\" \/>\n<meta property=\"og:description\" content=\"Partition pour marimba et orchestre symphonique en vente directe sur le site des Editions Fran\u00e7ois Dhalmann. Partition en vente au format imprim\u00e9 ou en t\u00e9l\u00e9chargement imm\u00e9diat.\" \/>\n<meta property=\"og:url\" content=\"https:\/\/dhalmann.fr\/music\/produit\/the-universe-double-concerto-deux-marimbas-et-orchestre-symphonique-albert-ludwig\/\" \/>\n<meta property=\"og:site_name\" content=\"Editions Fran\u00e7ois Dhalmann\" \/>\n<meta property=\"article:publisher\" content=\"https:\/\/www.facebook.com\/EditionsDhalmann\/\" \/>\n<meta property=\"article:modified_time\" content=\"2026-03-19T14:16:37+00:00\" \/>\n<meta property=\"og:image\" content=\"https:\/\/dhalmann.fr\/music\/wp-content\/uploads\/2021\/07\/FD0405sye_Universe_symphonic.jpg\" \/>\n\t<meta property=\"og:image:width\" content=\"905\" \/>\n\t<meta property=\"og:image:height\" content=\"1280\" \/>\n\t<meta property=\"og:image:type\" content=\"image\/jpeg\" \/>\n<meta name=\"twitter:card\" content=\"summary_large_image\" \/>\n<meta name=\"twitter:site\" content=\"@editiondhalmann\" \/>\n<meta name=\"twitter:label1\" content=\"Dur\u00e9e de lecture estim\u00e9e\" \/>\n\t<meta name=\"twitter:data1\" content=\"1 minute\" \/>\n<script type=\"application\/ld+json\" class=\"yoast-schema-graph\">{\"@context\":\"https:\\\/\\\/schema.org\",\"@graph\":[{\"@type\":\"WebPage\",\"@id\":\"https:\\\/\\\/dhalmann.fr\\\/music\\\/produit\\\/the-universe-double-concerto-deux-marimbas-et-orchestre-symphonique-albert-ludwig\\\/\",\"url\":\"https:\\\/\\\/dhalmann.fr\\\/music\\\/produit\\\/the-universe-double-concerto-deux-marimbas-et-orchestre-symphonique-albert-ludwig\\\/\",\"name\":\"The Universe. Double concerto pour deux marimbas et orchestre symphonique - Ludwig Albert - Editions Fran\u00e7ois Dhalmann\",\"isPartOf\":{\"@id\":\"https:\\\/\\\/dhalmann.fr\\\/music\\\/#website\"},\"primaryImageOfPage\":{\"@id\":\"https:\\\/\\\/dhalmann.fr\\\/music\\\/produit\\\/the-universe-double-concerto-deux-marimbas-et-orchestre-symphonique-albert-ludwig\\\/#primaryimage\"},\"image\":{\"@id\":\"https:\\\/\\\/dhalmann.fr\\\/music\\\/produit\\\/the-universe-double-concerto-deux-marimbas-et-orchestre-symphonique-albert-ludwig\\\/#primaryimage\"},\"thumbnailUrl\":\"https:\\\/\\\/dhalmann.fr\\\/music\\\/wp-content\\\/uploads\\\/2021\\\/07\\\/FD0405sye_Universe_symphonic.jpg\",\"datePublished\":\"2021-07-26T15:17:29+00:00\",\"dateModified\":\"2026-03-19T14:16:37+00:00\",\"description\":\"Partition pour marimba et orchestre symphonique en vente directe sur le site des Editions Fran\u00e7ois Dhalmann. Partition en vente au format imprim\u00e9 ou en t\u00e9l\u00e9chargement imm\u00e9diat.\",\"breadcrumb\":{\"@id\":\"https:\\\/\\\/dhalmann.fr\\\/music\\\/produit\\\/the-universe-double-concerto-deux-marimbas-et-orchestre-symphonique-albert-ludwig\\\/#breadcrumb\"},\"inLanguage\":\"fr-FR\",\"potentialAction\":[{\"@type\":\"ReadAction\",\"target\":[\"https:\\\/\\\/dhalmann.fr\\\/music\\\/produit\\\/the-universe-double-concerto-deux-marimbas-et-orchestre-symphonique-albert-ludwig\\\/\"]}]},{\"@type\":\"ImageObject\",\"inLanguage\":\"fr-FR\",\"@id\":\"https:\\\/\\\/dhalmann.fr\\\/music\\\/produit\\\/the-universe-double-concerto-deux-marimbas-et-orchestre-symphonique-albert-ludwig\\\/#primaryimage\",\"url\":\"https:\\\/\\\/dhalmann.fr\\\/music\\\/wp-content\\\/uploads\\\/2021\\\/07\\\/FD0405sye_Universe_symphonic.jpg\",\"contentUrl\":\"https:\\\/\\\/dhalmann.fr\\\/music\\\/wp-content\\\/uploads\\\/2021\\\/07\\\/FD0405sye_Universe_symphonic.jpg\",\"width\":905,\"height\":1280,\"caption\":\"The Universe\"},{\"@type\":\"BreadcrumbList\",\"@id\":\"https:\\\/\\\/dhalmann.fr\\\/music\\\/produit\\\/the-universe-double-concerto-deux-marimbas-et-orchestre-symphonique-albert-ludwig\\\/#breadcrumb\",\"itemListElement\":[{\"@type\":\"ListItem\",\"position\":1,\"name\":\"Home\",\"item\":\"https:\\\/\\\/dhalmann.fr\\\/music\\\/\"},{\"@type\":\"ListItem\",\"position\":2,\"name\":\"Boutique\",\"item\":\"https:\\\/\\\/dhalmann.fr\\\/music\\\/boutique\\\/\"},{\"@type\":\"ListItem\",\"position\":3,\"name\":\"The Universe. Double concerto pour deux marimbas et orchestre symphonique &#8211; Ludwig Albert\"}]},{\"@type\":\"WebSite\",\"@id\":\"https:\\\/\\\/dhalmann.fr\\\/music\\\/#website\",\"url\":\"https:\\\/\\\/dhalmann.fr\\\/music\\\/\",\"name\":\"Editions Fran\u00e7ois Dhalmann\",\"description\":\"Partitions musicales des Editions Dhalmann pour tous les instruments - Percussion, piano, cordes, vents, ensemble, orchestre et bien plus\",\"publisher\":{\"@id\":\"https:\\\/\\\/dhalmann.fr\\\/music\\\/#organization\"},\"alternateName\":\"Dhalmann\",\"potentialAction\":[{\"@type\":\"SearchAction\",\"target\":{\"@type\":\"EntryPoint\",\"urlTemplate\":\"https:\\\/\\\/dhalmann.fr\\\/music\\\/?s={search_term_string}\"},\"query-input\":{\"@type\":\"PropertyValueSpecification\",\"valueRequired\":true,\"valueName\":\"search_term_string\"}}],\"inLanguage\":\"fr-FR\"},{\"@type\":\"Organization\",\"@id\":\"https:\\\/\\\/dhalmann.fr\\\/music\\\/#organization\",\"name\":\"Editions Francois Dhalmann\",\"alternateName\":\"Dhalmann\",\"url\":\"https:\\\/\\\/dhalmann.fr\\\/music\\\/\",\"logo\":{\"@type\":\"ImageObject\",\"inLanguage\":\"fr-FR\",\"@id\":\"https:\\\/\\\/dhalmann.fr\\\/music\\\/#\\\/schema\\\/logo\\\/image\\\/\",\"url\":\"https:\\\/\\\/dhalmann.fr\\\/music\\\/wp-content\\\/uploads\\\/2021\\\/07\\\/editions-francois-dhalmann-1397749175.jpg\",\"contentUrl\":\"https:\\\/\\\/dhalmann.fr\\\/music\\\/wp-content\\\/uploads\\\/2021\\\/07\\\/editions-francois-dhalmann-1397749175.jpg\",\"width\":559,\"height\":354,\"caption\":\"Editions Francois Dhalmann\"},\"image\":{\"@id\":\"https:\\\/\\\/dhalmann.fr\\\/music\\\/#\\\/schema\\\/logo\\\/image\\\/\"},\"sameAs\":[\"https:\\\/\\\/www.facebook.com\\\/EditionsDhalmann\\\/\",\"https:\\\/\\\/x.com\\\/editiondhalmann\",\"https:\\\/\\\/www.youtube.com\\\/channel\\\/UCZdGOJXKqg6ByF1pQloitAg\"]}]}<\/script>\n<!-- \/ Yoast SEO plugin. -->","yoast_head_json":{"title":"The Universe. Double concerto pour deux marimbas et orchestre symphonique - Ludwig Albert - Editions Fran\u00e7ois Dhalmann","description":"Partition pour marimba et orchestre symphonique en vente directe sur le site des Editions Fran\u00e7ois Dhalmann. Partition en vente au format imprim\u00e9 ou en t\u00e9l\u00e9chargement imm\u00e9diat.","robots":{"index":"index","follow":"follow","max-snippet":"max-snippet:-1","max-image-preview":"max-image-preview:large","max-video-preview":"max-video-preview:-1"},"canonical":"https:\/\/dhalmann.fr\/music\/produit\/the-universe-double-concerto-deux-marimbas-et-orchestre-symphonique-albert-ludwig\/","og_locale":"fr_FR","og_type":"article","og_title":"The Universe. Double concerto pour deux marimbas et orchestre symphonique - Ludwig Albert - Editions Fran\u00e7ois Dhalmann","og_description":"Partition pour marimba et orchestre symphonique en vente directe sur le site des Editions Fran\u00e7ois Dhalmann. Partition en vente au format imprim\u00e9 ou en t\u00e9l\u00e9chargement imm\u00e9diat.","og_url":"https:\/\/dhalmann.fr\/music\/produit\/the-universe-double-concerto-deux-marimbas-et-orchestre-symphonique-albert-ludwig\/","og_site_name":"Editions Fran\u00e7ois Dhalmann","article_publisher":"https:\/\/www.facebook.com\/EditionsDhalmann\/","article_modified_time":"2026-03-19T14:16:37+00:00","og_image":[{"width":905,"height":1280,"url":"https:\/\/dhalmann.fr\/music\/wp-content\/uploads\/2021\/07\/FD0405sye_Universe_symphonic.jpg","type":"image\/jpeg"}],"twitter_card":"summary_large_image","twitter_site":"@editiondhalmann","twitter_misc":{"Dur\u00e9e de lecture estim\u00e9e":"1 minute"},"schema":{"@context":"https:\/\/schema.org","@graph":[{"@type":"WebPage","@id":"https:\/\/dhalmann.fr\/music\/produit\/the-universe-double-concerto-deux-marimbas-et-orchestre-symphonique-albert-ludwig\/","url":"https:\/\/dhalmann.fr\/music\/produit\/the-universe-double-concerto-deux-marimbas-et-orchestre-symphonique-albert-ludwig\/","name":"The Universe. Double concerto pour deux marimbas et orchestre symphonique - Ludwig Albert - Editions Fran\u00e7ois Dhalmann","isPartOf":{"@id":"https:\/\/dhalmann.fr\/music\/#website"},"primaryImageOfPage":{"@id":"https:\/\/dhalmann.fr\/music\/produit\/the-universe-double-concerto-deux-marimbas-et-orchestre-symphonique-albert-ludwig\/#primaryimage"},"image":{"@id":"https:\/\/dhalmann.fr\/music\/produit\/the-universe-double-concerto-deux-marimbas-et-orchestre-symphonique-albert-ludwig\/#primaryimage"},"thumbnailUrl":"https:\/\/dhalmann.fr\/music\/wp-content\/uploads\/2021\/07\/FD0405sye_Universe_symphonic.jpg","datePublished":"2021-07-26T15:17:29+00:00","dateModified":"2026-03-19T14:16:37+00:00","description":"Partition pour marimba et orchestre symphonique en vente directe sur le site des Editions Fran\u00e7ois Dhalmann. Partition en vente au format imprim\u00e9 ou en t\u00e9l\u00e9chargement imm\u00e9diat.","breadcrumb":{"@id":"https:\/\/dhalmann.fr\/music\/produit\/the-universe-double-concerto-deux-marimbas-et-orchestre-symphonique-albert-ludwig\/#breadcrumb"},"inLanguage":"fr-FR","potentialAction":[{"@type":"ReadAction","target":["https:\/\/dhalmann.fr\/music\/produit\/the-universe-double-concerto-deux-marimbas-et-orchestre-symphonique-albert-ludwig\/"]}]},{"@type":"ImageObject","inLanguage":"fr-FR","@id":"https:\/\/dhalmann.fr\/music\/produit\/the-universe-double-concerto-deux-marimbas-et-orchestre-symphonique-albert-ludwig\/#primaryimage","url":"https:\/\/dhalmann.fr\/music\/wp-content\/uploads\/2021\/07\/FD0405sye_Universe_symphonic.jpg","contentUrl":"https:\/\/dhalmann.fr\/music\/wp-content\/uploads\/2021\/07\/FD0405sye_Universe_symphonic.jpg","width":905,"height":1280,"caption":"The Universe"},{"@type":"BreadcrumbList","@id":"https:\/\/dhalmann.fr\/music\/produit\/the-universe-double-concerto-deux-marimbas-et-orchestre-symphonique-albert-ludwig\/#breadcrumb","itemListElement":[{"@type":"ListItem","position":1,"name":"Home","item":"https:\/\/dhalmann.fr\/music\/"},{"@type":"ListItem","position":2,"name":"Boutique","item":"https:\/\/dhalmann.fr\/music\/boutique\/"},{"@type":"ListItem","position":3,"name":"The Universe. Double concerto pour deux marimbas et orchestre symphonique &#8211; Ludwig Albert"}]},{"@type":"WebSite","@id":"https:\/\/dhalmann.fr\/music\/#website","url":"https:\/\/dhalmann.fr\/music\/","name":"Editions Fran\u00e7ois Dhalmann","description":"Partitions musicales des Editions Dhalmann pour tous les instruments - Percussion, piano, cordes, vents, ensemble, orchestre et bien plus","publisher":{"@id":"https:\/\/dhalmann.fr\/music\/#organization"},"alternateName":"Dhalmann","potentialAction":[{"@type":"SearchAction","target":{"@type":"EntryPoint","urlTemplate":"https:\/\/dhalmann.fr\/music\/?s={search_term_string}"},"query-input":{"@type":"PropertyValueSpecification","valueRequired":true,"valueName":"search_term_string"}}],"inLanguage":"fr-FR"},{"@type":"Organization","@id":"https:\/\/dhalmann.fr\/music\/#organization","name":"Editions Francois Dhalmann","alternateName":"Dhalmann","url":"https:\/\/dhalmann.fr\/music\/","logo":{"@type":"ImageObject","inLanguage":"fr-FR","@id":"https:\/\/dhalmann.fr\/music\/#\/schema\/logo\/image\/","url":"https:\/\/dhalmann.fr\/music\/wp-content\/uploads\/2021\/07\/editions-francois-dhalmann-1397749175.jpg","contentUrl":"https:\/\/dhalmann.fr\/music\/wp-content\/uploads\/2021\/07\/editions-francois-dhalmann-1397749175.jpg","width":559,"height":354,"caption":"Editions Francois Dhalmann"},"image":{"@id":"https:\/\/dhalmann.fr\/music\/#\/schema\/logo\/image\/"},"sameAs":["https:\/\/www.facebook.com\/EditionsDhalmann\/","https:\/\/x.com\/editiondhalmann","https:\/\/www.youtube.com\/channel\/UCZdGOJXKqg6ByF1pQloitAg"]}]}},"_links":{"self":[{"href":"https:\/\/dhalmann.fr\/music\/wp-json\/wp\/v2\/product\/1197","targetHints":{"allow":["GET"]}}],"collection":[{"href":"https:\/\/dhalmann.fr\/music\/wp-json\/wp\/v2\/product"}],"about":[{"href":"https:\/\/dhalmann.fr\/music\/wp-json\/wp\/v2\/types\/product"}],"wp:featuredmedia":[{"embeddable":true,"href":"https:\/\/dhalmann.fr\/music\/wp-json\/wp\/v2\/media\/1203"}],"wp:attachment":[{"href":"https:\/\/dhalmann.fr\/music\/wp-json\/wp\/v2\/media?parent=1197"}],"wp:term":[{"taxonomy":"product_brand","embeddable":true,"href":"https:\/\/dhalmann.fr\/music\/wp-json\/wp\/v2\/product_brand?post=1197"},{"taxonomy":"product_cat","embeddable":true,"href":"https:\/\/dhalmann.fr\/music\/wp-json\/wp\/v2\/product_cat?post=1197"},{"taxonomy":"product_tag","embeddable":true,"href":"https:\/\/dhalmann.fr\/music\/wp-json\/wp\/v2\/product_tag?post=1197"}],"curies":[{"name":"wp","href":"https:\/\/api.w.org\/{rel}","templated":true}]}}