{"id":1241,"date":"2020-07-27T16:15:07","date_gmt":"2020-07-27T14:15:07","guid":{"rendered":"https:\/\/dhalmann.fr\/music\/?post_type=product&#038;p=1241"},"modified":"2023-01-27T16:56:37","modified_gmt":"2023-01-27T14:56:37","slug":"le-jazz-facilement-de-michael-alizon-fichiers-audios","status":"publish","type":"product","link":"https:\/\/dhalmann.fr\/music\/produit\/le-jazz-facilement-de-michael-alizon-fichiers-audios\/","title":{"rendered":"Le Jazz facilement de Michael Alizon, fichiers audios"},"content":{"rendered":"<p>A jouer en streaming ou t\u00e9l\u00e9charger gratuitement avec le code imprim\u00e9 sur la partition.<\/p>\n<p>&nbsp;<\/p>\n<p>1 <audio controls=\"controls\"><source src=\"https:\/\/www.dhalmann.fr\/sonsefd\/lejazz\/01 Piste 1.mp3\" type=\"audio\/mpeg\" \/>Track 1<\/audio><\/p>\n<p>2 <audio controls=\"controls\"><source src=\"https:\/\/www.dhalmann.fr\/sonsefd\/lejazz\/02 Piste 2.mp3\" type=\"audio\/mpeg\" \/>Track 2<\/audio><\/p>\n<p>3 <audio controls=\"controls\"><source src=\"https:\/\/www.dhalmann.fr\/sonsefd\/lejazz\/03 Piste 3.mp3\" type=\"audio\/mpeg\" \/>Track 3<\/audio><\/p>\n<p>4 <audio controls=\"controls\"><source src=\"https:\/\/www.dhalmann.fr\/sonsefd\/lejazz\/04 Piste 4.mp3\" type=\"audio\/mpeg\" \/>Track 4<\/audio><\/p>\n<p>5 <audio controls=\"controls\"><source src=\"https:\/\/www.dhalmann.fr\/sonsefd\/lejazz\/05 Piste 5.mp3\" type=\"audio\/mpeg\" \/>Track 5<\/audio><\/p>\n<p>6 <audio controls=\"controls\"><source src=\"https:\/\/www.dhalmann.fr\/sonsefd\/lejazz\/06 Piste 6.mp3\" type=\"audio\/mpeg\" \/>Track 6<\/audio><\/p>\n<p>7 <audio controls=\"controls\"><source src=\"https:\/\/www.dhalmann.fr\/sonsefd\/lejazz\/07 Piste 7.mp3\" type=\"audio\/mpeg\" \/>Track 7<\/audio><\/p>\n<p>8 <audio controls=\"controls\"><source src=\"https:\/\/www.dhalmann.fr\/sonsefd\/lejazz\/08 Piste 8.mp3\" type=\"audio\/mpeg\" \/>Track 8<\/audio><\/p>\n<p>9 <audio controls=\"controls\"><source src=\"https:\/\/www.dhalmann.fr\/sonsefd\/lejazz\/09 Piste 9.mp3\" type=\"audio\/mpeg\" \/>Track 9<\/audio><\/p>\n<p>10 <audio controls=\"controls\"><source src=\"https:\/\/www.dhalmann.fr\/sonsefd\/lejazz\/10 Piste 10.mp3\" type=\"audio\/mpeg\" \/>Track 10<\/audio><\/p>\n<p>11 <audio controls=\"controls\"><source src=\"https:\/\/www.dhalmann.fr\/sonsefd\/lejazz\/11 Piste 11.mp3\" type=\"audio\/mpeg\" \/>Track 11<\/audio><\/p>\n<p>12 <audio controls=\"controls\"><source src=\"https:\/\/www.dhalmann.fr\/sonsefd\/lejazz\/12 Piste 12.mp3\" type=\"audio\/mpeg\" \/>Track 12<\/audio><\/p>\n<p>13 <audio controls=\"controls\"><source src=\"https:\/\/www.dhalmann.fr\/sonsefd\/lejazz\/13 Piste 13.mp3\" type=\"audio\/mpeg\" \/>Track 13<\/audio><\/p>\n<p>14 <audio controls=\"controls\"><source src=\"https:\/\/www.dhalmann.fr\/sonsefd\/lejazz\/14 Piste 14.mp3\" type=\"audio\/mpeg\" \/>Track 14<\/audio><\/p>\n<p>15 <audio controls=\"controls\"><source src=\"https:\/\/www.dhalmann.fr\/sonsefd\/lejazz\/15 Piste 15.mp3\" type=\"audio\/mpeg\" \/>Track 15<\/audio><\/p>\n<p>16 <audio controls=\"controls\"><source src=\"https:\/\/www.dhalmann.fr\/sonsefd\/lejazz\/16 Piste 16.mp3\" type=\"audio\/mpeg\" \/>Track 16<\/audio><\/p>\n<p>17 <audio controls=\"controls\"><source src=\"https:\/\/www.dhalmann.fr\/sonsefd\/lejazz\/17 Piste 17.mp3\" type=\"audio\/mpeg\" \/>Track 17<\/audio><\/p>\n<p>18 <audio controls=\"controls\"><source src=\"https:\/\/www.dhalmann.fr\/sonsefd\/lejazz\/18 Piste 18.mp3\" type=\"audio\/mpeg\" \/>Track 18<\/audio><\/p>\n<p>19 <audio controls=\"controls\"><source src=\"https:\/\/www.dhalmann.fr\/sonsefd\/lejazz\/19 Piste 19.mp3\" type=\"audio\/mpeg\" \/>Track 19<\/audio><\/p>\n<p>20 <audio controls=\"controls\"><source src=\"https:\/\/www.dhalmann.fr\/sonsefd\/lejazz\/20 Piste 20.mp3\" type=\"audio\/mpeg\" \/>Track 20<\/audio><\/p>\n<p>21 <audio controls=\"controls\"><source src=\"https:\/\/www.dhalmann.fr\/sonsefd\/lejazz\/21 Piste 21.mp3\" type=\"audio\/mpeg\" \/>Track 21<\/audio><\/p>\n<p>22 <audio controls=\"controls\"><source src=\"https:\/\/www.dhalmann.fr\/sonsefd\/lejazz\/22 Piste 22.mp3\" type=\"audio\/mpeg\" \/>Track 22<\/audio><\/p>\n<p>23 <audio controls=\"controls\"><source src=\"https:\/\/www.dhalmann.fr\/sonsefd\/lejazz\/23 Piste 23.mp3\" type=\"audio\/mpeg\" \/>Track 23<\/audio><\/p>\n<p>24 <audio controls=\"controls\"><source src=\"https:\/\/www.dhalmann.fr\/sonsefd\/lejazz\/24 Piste 24.mp3\" type=\"audio\/mpeg\" \/>Track 24<\/audio><\/p>\n<p>25 <audio controls=\"controls\"><source src=\"https:\/\/www.dhalmann.fr\/sonsefd\/lejazz\/25 Piste 25.mp3\" type=\"audio\/mpeg\" \/>Track 25<\/audio><\/p>\n<p>26 <audio controls=\"controls\"><source src=\"https:\/\/www.dhalmann.fr\/sonsefd\/lejazz\/26 Piste 26.mp3\" type=\"audio\/mpeg\" \/>Track 26<\/audio><\/p>\n<p>27 <audio controls=\"controls\"><source src=\"https:\/\/www.dhalmann.fr\/sonsefd\/lejazz\/27 Piste 27.mp3\" type=\"audio\/mpeg\" \/>Track 27<\/audio><\/p>\n<p>28 <audio controls=\"controls\"><source src=\"https:\/\/www.dhalmann.fr\/sonsefd\/lejazz\/28 Piste 28.mp3\" type=\"audio\/mpeg\" \/>Track 28<\/audio><\/p>\n<p>29 <audio controls=\"controls\"><source src=\"https:\/\/www.dhalmann.fr\/sonsefd\/lejazz\/29 Piste 29.mp3\" type=\"audio\/mpeg\" \/>Track 29<\/audio><\/p>\n<p>30 <audio controls=\"controls\"><source src=\"https:\/\/www.dhalmann.fr\/sonsefd\/lejazz\/30 Piste 30.mp3\" type=\"audio\/mpeg\" \/>Track 30<\/audio><\/p>\n<p>31 <audio controls=\"controls\"><source src=\"https:\/\/www.dhalmann.fr\/sonsefd\/lejazz\/31 Piste 31.mp3\" type=\"audio\/mpeg\" \/>Track 31<\/audio><\/p>\n<p>32 <audio controls=\"controls\"><source src=\"https:\/\/www.dhalmann.fr\/sonsefd\/lejazz\/32 Piste 32.mp3\" type=\"audio\/mpeg\" \/>Track 32<\/audio><\/p>\n<p>33 <audio controls=\"controls\"><source src=\"https:\/\/www.dhalmann.fr\/sonsefd\/lejazz\/33 Piste 33.mp3\" type=\"audio\/mpeg\" \/>Track 33<\/audio><\/p>\n<p>34 <audio controls=\"controls\"><source src=\"https:\/\/www.dhalmann.fr\/sonsefd\/lejazz\/34 Piste 34.mp3\" type=\"audio\/mpeg\" \/>Track 34<\/audio><\/p>\n","protected":false},"excerpt":{"rendered":"<p>A jouer en streaming ou t\u00e9l\u00e9charger gratuitement avec le code imprim\u00e9 sur la partition. &nbsp; 1 Track 1 2 Track 2 3 Track 3 4 Track 4 5 Track 5 6 Track 6 7 Track 7 8 Track 8 9 Track 9 10 Track 10 11 Track 11 12 Track 12 13 Track 13 14 [&hellip;]<\/p>\n","protected":false},"featured_media":1245,"template":"","meta":{"ocean_post_layout":"","ocean_both_sidebars_style":"","ocean_both_sidebars_content_width":0,"ocean_both_sidebars_sidebars_width":0,"ocean_sidebar":"0","ocean_second_sidebar":"0","ocean_disable_margins":"enable","ocean_add_body_class":"","ocean_shortcode_before_top_bar":"","ocean_shortcode_after_top_bar":"","ocean_shortcode_before_header":"","ocean_shortcode_after_header":"","ocean_has_shortcode":"","ocean_shortcode_after_title":"","ocean_shortcode_before_footer_widgets":"","ocean_shortcode_after_footer_widgets":"","ocean_shortcode_before_footer_bottom":"","ocean_shortcode_after_footer_bottom":"","ocean_display_top_bar":"default","ocean_display_header":"default","ocean_header_style":"","ocean_center_header_left_menu":"0","ocean_custom_header_template":"0","ocean_custom_logo":0,"ocean_custom_retina_logo":0,"ocean_custom_logo_max_width":0,"ocean_custom_logo_tablet_max_width":0,"ocean_custom_logo_mobile_max_width":0,"ocean_custom_logo_max_height":0,"ocean_custom_logo_tablet_max_height":0,"ocean_custom_logo_mobile_max_height":0,"ocean_header_custom_menu":"0","ocean_menu_typo_font_family":"0","ocean_menu_typo_font_subset":"","ocean_menu_typo_font_size":0,"ocean_menu_typo_font_size_tablet":0,"ocean_menu_typo_font_size_mobile":0,"ocean_menu_typo_font_size_unit":"px","ocean_menu_typo_font_weight":"","ocean_menu_typo_font_weight_tablet":"","ocean_menu_typo_font_weight_mobile":"","ocean_menu_typo_transform":"","ocean_menu_typo_transform_tablet":"","ocean_menu_typo_transform_mobile":"","ocean_menu_typo_line_height":0,"ocean_menu_typo_line_height_tablet":0,"ocean_menu_typo_line_height_mobile":0,"ocean_menu_typo_line_height_unit":"","ocean_menu_typo_spacing":0,"ocean_menu_typo_spacing_tablet":0,"ocean_menu_typo_spacing_mobile":0,"ocean_menu_typo_spacing_unit":"","ocean_menu_link_color":"","ocean_menu_link_color_hover":"","ocean_menu_link_color_active":"","ocean_menu_link_background":"","ocean_menu_link_hover_background":"","ocean_menu_link_active_background":"","ocean_menu_social_links_bg":"","ocean_menu_social_hover_links_bg":"","ocean_menu_social_links_color":"","ocean_menu_social_hover_links_color":"","ocean_disable_title":"default","ocean_disable_heading":"default","ocean_post_title":"","ocean_post_subheading":"","ocean_post_title_style":"","ocean_post_title_background_color":"","ocean_post_title_background":0,"ocean_post_title_bg_image_position":"","ocean_post_title_bg_image_attachment":"","ocean_post_title_bg_image_repeat":"","ocean_post_title_bg_image_size":"","ocean_post_title_height":0,"ocean_post_title_bg_overlay":0.5,"ocean_post_title_bg_overlay_color":"","ocean_disable_breadcrumbs":"default","ocean_breadcrumbs_color":"","ocean_breadcrumbs_separator_color":"","ocean_breadcrumbs_links_color":"","ocean_breadcrumbs_links_hover_color":"","ocean_display_footer_widgets":"default","ocean_display_footer_bottom":"default","ocean_custom_footer_template":"0"},"product_brand":[610],"product_cat":[101,174],"product_tag":[],"class_list":{"0":"post-1241","1":"product","2":"type-product","3":"status-publish","4":"has-post-thumbnail","6":"product_brand-editions-francois-dhalmann","7":"product_cat-alizon-michael","8":"product_cat-audio","10":"entry","11":"has-media","13":"first","14":"instock","15":"downloadable","16":"virtual","17":"taxable","18":"purchasable","19":"product-type-simple","20":"add-to-wishlist-before_image","21":"has-product-nav","22":"col","23":"span_1_of_4","24":"owp-content-center","25":"owp-thumbs-layout-horizontal","26":"owp-btn-normal","27":"owp-tabs-layout-horizontal","28":"has-no-thumbnails"},"yoast_head":"<!-- This site is optimized with the Yoast SEO plugin v27.5 - https:\/\/yoast.com\/product\/yoast-seo-wordpress\/ -->\n<title>Le Jazz facilement de Michael Alizon, fichiers audios - Editions Fran\u00e7ois Dhalmann<\/title>\n<meta name=\"description\" content=\"Pistes audio de la M\u00e9thode le Jazz Facilement de Michael Alizon \u00e0 jouer en streaming ou t\u00e9l\u00e9charger\" \/>\n<meta name=\"robots\" content=\"index, follow, max-snippet:-1, max-image-preview:large, max-video-preview:-1\" \/>\n<link rel=\"canonical\" href=\"https:\/\/dhalmann.fr\/music\/produit\/le-jazz-facilement-de-michael-alizon-fichiers-audios\/\" \/>\n<meta property=\"og:locale\" content=\"fr_FR\" \/>\n<meta property=\"og:type\" content=\"article\" \/>\n<meta property=\"og:title\" content=\"Le Jazz facilement de Michael Alizon, fichiers audios - Editions Fran\u00e7ois Dhalmann\" \/>\n<meta property=\"og:description\" content=\"Pistes audio de la M\u00e9thode le Jazz Facilement de Michael Alizon \u00e0 jouer en streaming ou t\u00e9l\u00e9charger\" \/>\n<meta property=\"og:url\" content=\"https:\/\/dhalmann.fr\/music\/produit\/le-jazz-facilement-de-michael-alizon-fichiers-audios\/\" \/>\n<meta property=\"og:site_name\" content=\"Editions Fran\u00e7ois Dhalmann\" \/>\n<meta property=\"article:publisher\" content=\"https:\/\/www.facebook.com\/EditionsDhalmann\/\" \/>\n<meta property=\"article:modified_time\" content=\"2023-01-27T14:56:37+00:00\" \/>\n<meta property=\"og:image\" content=\"https:\/\/dhalmann.fr\/music\/wp-content\/uploads\/2021\/07\/hp3-e1627396743807.png\" \/>\n\t<meta property=\"og:image:width\" content=\"182\" \/>\n\t<meta property=\"og:image:height\" content=\"160\" \/>\n\t<meta property=\"og:image:type\" content=\"image\/png\" \/>\n<meta name=\"twitter:card\" content=\"summary_large_image\" \/>\n<meta name=\"twitter:site\" content=\"@editiondhalmann\" \/>\n<meta name=\"twitter:label1\" content=\"Dur\u00e9e de lecture estim\u00e9e\" \/>\n\t<meta name=\"twitter:data1\" content=\"1 minute\" \/>\n<script type=\"application\/ld+json\" class=\"yoast-schema-graph\">{\"@context\":\"https:\\\/\\\/schema.org\",\"@graph\":[{\"@type\":\"WebPage\",\"@id\":\"https:\\\/\\\/dhalmann.fr\\\/music\\\/produit\\\/le-jazz-facilement-de-michael-alizon-fichiers-audios\\\/\",\"url\":\"https:\\\/\\\/dhalmann.fr\\\/music\\\/produit\\\/le-jazz-facilement-de-michael-alizon-fichiers-audios\\\/\",\"name\":\"Le Jazz facilement de Michael Alizon, fichiers audios - Editions Fran\u00e7ois Dhalmann\",\"isPartOf\":{\"@id\":\"https:\\\/\\\/dhalmann.fr\\\/music\\\/#website\"},\"primaryImageOfPage\":{\"@id\":\"https:\\\/\\\/dhalmann.fr\\\/music\\\/produit\\\/le-jazz-facilement-de-michael-alizon-fichiers-audios\\\/#primaryimage\"},\"image\":{\"@id\":\"https:\\\/\\\/dhalmann.fr\\\/music\\\/produit\\\/le-jazz-facilement-de-michael-alizon-fichiers-audios\\\/#primaryimage\"},\"thumbnailUrl\":\"https:\\\/\\\/dhalmann.fr\\\/music\\\/wp-content\\\/uploads\\\/2021\\\/07\\\/hp3-e1627396743807.png\",\"datePublished\":\"2020-07-27T14:15:07+00:00\",\"dateModified\":\"2023-01-27T14:56:37+00:00\",\"description\":\"Pistes audio de la M\u00e9thode le Jazz Facilement de Michael Alizon \u00e0 jouer en streaming ou t\u00e9l\u00e9charger\",\"breadcrumb\":{\"@id\":\"https:\\\/\\\/dhalmann.fr\\\/music\\\/produit\\\/le-jazz-facilement-de-michael-alizon-fichiers-audios\\\/#breadcrumb\"},\"inLanguage\":\"fr-FR\",\"potentialAction\":[{\"@type\":\"ReadAction\",\"target\":[\"https:\\\/\\\/dhalmann.fr\\\/music\\\/produit\\\/le-jazz-facilement-de-michael-alizon-fichiers-audios\\\/\"]}]},{\"@type\":\"ImageObject\",\"inLanguage\":\"fr-FR\",\"@id\":\"https:\\\/\\\/dhalmann.fr\\\/music\\\/produit\\\/le-jazz-facilement-de-michael-alizon-fichiers-audios\\\/#primaryimage\",\"url\":\"https:\\\/\\\/dhalmann.fr\\\/music\\\/wp-content\\\/uploads\\\/2021\\\/07\\\/hp3-e1627396743807.png\",\"contentUrl\":\"https:\\\/\\\/dhalmann.fr\\\/music\\\/wp-content\\\/uploads\\\/2021\\\/07\\\/hp3-e1627396743807.png\",\"width\":182,\"height\":160,\"caption\":\"Audio tracks\"},{\"@type\":\"BreadcrumbList\",\"@id\":\"https:\\\/\\\/dhalmann.fr\\\/music\\\/produit\\\/le-jazz-facilement-de-michael-alizon-fichiers-audios\\\/#breadcrumb\",\"itemListElement\":[{\"@type\":\"ListItem\",\"position\":1,\"name\":\"Home\",\"item\":\"https:\\\/\\\/dhalmann.fr\\\/music\\\/\"},{\"@type\":\"ListItem\",\"position\":2,\"name\":\"Boutique\",\"item\":\"https:\\\/\\\/dhalmann.fr\\\/music\\\/boutique\\\/\"},{\"@type\":\"ListItem\",\"position\":3,\"name\":\"Le Jazz facilement de Michael Alizon, fichiers audios\"}]},{\"@type\":\"WebSite\",\"@id\":\"https:\\\/\\\/dhalmann.fr\\\/music\\\/#website\",\"url\":\"https:\\\/\\\/dhalmann.fr\\\/music\\\/\",\"name\":\"Editions Fran\u00e7ois Dhalmann\",\"description\":\"Partitions musicales des Editions Dhalmann pour tous les instruments - Percussion, piano, cordes, vents, ensemble, orchestre et bien plus\",\"publisher\":{\"@id\":\"https:\\\/\\\/dhalmann.fr\\\/music\\\/#organization\"},\"alternateName\":\"Dhalmann\",\"potentialAction\":[{\"@type\":\"SearchAction\",\"target\":{\"@type\":\"EntryPoint\",\"urlTemplate\":\"https:\\\/\\\/dhalmann.fr\\\/music\\\/?s={search_term_string}\"},\"query-input\":{\"@type\":\"PropertyValueSpecification\",\"valueRequired\":true,\"valueName\":\"search_term_string\"}}],\"inLanguage\":\"fr-FR\"},{\"@type\":\"Organization\",\"@id\":\"https:\\\/\\\/dhalmann.fr\\\/music\\\/#organization\",\"name\":\"Editions Francois Dhalmann\",\"alternateName\":\"Dhalmann\",\"url\":\"https:\\\/\\\/dhalmann.fr\\\/music\\\/\",\"logo\":{\"@type\":\"ImageObject\",\"inLanguage\":\"fr-FR\",\"@id\":\"https:\\\/\\\/dhalmann.fr\\\/music\\\/#\\\/schema\\\/logo\\\/image\\\/\",\"url\":\"https:\\\/\\\/dhalmann.fr\\\/music\\\/wp-content\\\/uploads\\\/2021\\\/07\\\/editions-francois-dhalmann-1397749175.jpg\",\"contentUrl\":\"https:\\\/\\\/dhalmann.fr\\\/music\\\/wp-content\\\/uploads\\\/2021\\\/07\\\/editions-francois-dhalmann-1397749175.jpg\",\"width\":559,\"height\":354,\"caption\":\"Editions Francois Dhalmann\"},\"image\":{\"@id\":\"https:\\\/\\\/dhalmann.fr\\\/music\\\/#\\\/schema\\\/logo\\\/image\\\/\"},\"sameAs\":[\"https:\\\/\\\/www.facebook.com\\\/EditionsDhalmann\\\/\",\"https:\\\/\\\/x.com\\\/editiondhalmann\",\"https:\\\/\\\/www.youtube.com\\\/channel\\\/UCZdGOJXKqg6ByF1pQloitAg\"]}]}<\/script>\n<!-- \/ Yoast SEO plugin. -->","yoast_head_json":{"title":"Le Jazz facilement de Michael Alizon, fichiers audios - Editions Fran\u00e7ois Dhalmann","description":"Pistes audio de la M\u00e9thode le Jazz Facilement de Michael Alizon \u00e0 jouer en streaming ou t\u00e9l\u00e9charger","robots":{"index":"index","follow":"follow","max-snippet":"max-snippet:-1","max-image-preview":"max-image-preview:large","max-video-preview":"max-video-preview:-1"},"canonical":"https:\/\/dhalmann.fr\/music\/produit\/le-jazz-facilement-de-michael-alizon-fichiers-audios\/","og_locale":"fr_FR","og_type":"article","og_title":"Le Jazz facilement de Michael Alizon, fichiers audios - Editions Fran\u00e7ois Dhalmann","og_description":"Pistes audio de la M\u00e9thode le Jazz Facilement de Michael Alizon \u00e0 jouer en streaming ou t\u00e9l\u00e9charger","og_url":"https:\/\/dhalmann.fr\/music\/produit\/le-jazz-facilement-de-michael-alizon-fichiers-audios\/","og_site_name":"Editions Fran\u00e7ois Dhalmann","article_publisher":"https:\/\/www.facebook.com\/EditionsDhalmann\/","article_modified_time":"2023-01-27T14:56:37+00:00","og_image":[{"width":182,"height":160,"url":"https:\/\/dhalmann.fr\/music\/wp-content\/uploads\/2021\/07\/hp3-e1627396743807.png","type":"image\/png"}],"twitter_card":"summary_large_image","twitter_site":"@editiondhalmann","twitter_misc":{"Dur\u00e9e de lecture estim\u00e9e":"1 minute"},"schema":{"@context":"https:\/\/schema.org","@graph":[{"@type":"WebPage","@id":"https:\/\/dhalmann.fr\/music\/produit\/le-jazz-facilement-de-michael-alizon-fichiers-audios\/","url":"https:\/\/dhalmann.fr\/music\/produit\/le-jazz-facilement-de-michael-alizon-fichiers-audios\/","name":"Le Jazz facilement de Michael Alizon, fichiers audios - Editions Fran\u00e7ois Dhalmann","isPartOf":{"@id":"https:\/\/dhalmann.fr\/music\/#website"},"primaryImageOfPage":{"@id":"https:\/\/dhalmann.fr\/music\/produit\/le-jazz-facilement-de-michael-alizon-fichiers-audios\/#primaryimage"},"image":{"@id":"https:\/\/dhalmann.fr\/music\/produit\/le-jazz-facilement-de-michael-alizon-fichiers-audios\/#primaryimage"},"thumbnailUrl":"https:\/\/dhalmann.fr\/music\/wp-content\/uploads\/2021\/07\/hp3-e1627396743807.png","datePublished":"2020-07-27T14:15:07+00:00","dateModified":"2023-01-27T14:56:37+00:00","description":"Pistes audio de la M\u00e9thode le Jazz Facilement de Michael Alizon \u00e0 jouer en streaming ou t\u00e9l\u00e9charger","breadcrumb":{"@id":"https:\/\/dhalmann.fr\/music\/produit\/le-jazz-facilement-de-michael-alizon-fichiers-audios\/#breadcrumb"},"inLanguage":"fr-FR","potentialAction":[{"@type":"ReadAction","target":["https:\/\/dhalmann.fr\/music\/produit\/le-jazz-facilement-de-michael-alizon-fichiers-audios\/"]}]},{"@type":"ImageObject","inLanguage":"fr-FR","@id":"https:\/\/dhalmann.fr\/music\/produit\/le-jazz-facilement-de-michael-alizon-fichiers-audios\/#primaryimage","url":"https:\/\/dhalmann.fr\/music\/wp-content\/uploads\/2021\/07\/hp3-e1627396743807.png","contentUrl":"https:\/\/dhalmann.fr\/music\/wp-content\/uploads\/2021\/07\/hp3-e1627396743807.png","width":182,"height":160,"caption":"Audio tracks"},{"@type":"BreadcrumbList","@id":"https:\/\/dhalmann.fr\/music\/produit\/le-jazz-facilement-de-michael-alizon-fichiers-audios\/#breadcrumb","itemListElement":[{"@type":"ListItem","position":1,"name":"Home","item":"https:\/\/dhalmann.fr\/music\/"},{"@type":"ListItem","position":2,"name":"Boutique","item":"https:\/\/dhalmann.fr\/music\/boutique\/"},{"@type":"ListItem","position":3,"name":"Le Jazz facilement de Michael Alizon, fichiers audios"}]},{"@type":"WebSite","@id":"https:\/\/dhalmann.fr\/music\/#website","url":"https:\/\/dhalmann.fr\/music\/","name":"Editions Fran\u00e7ois Dhalmann","description":"Partitions musicales des Editions Dhalmann pour tous les instruments - Percussion, piano, cordes, vents, ensemble, orchestre et bien plus","publisher":{"@id":"https:\/\/dhalmann.fr\/music\/#organization"},"alternateName":"Dhalmann","potentialAction":[{"@type":"SearchAction","target":{"@type":"EntryPoint","urlTemplate":"https:\/\/dhalmann.fr\/music\/?s={search_term_string}"},"query-input":{"@type":"PropertyValueSpecification","valueRequired":true,"valueName":"search_term_string"}}],"inLanguage":"fr-FR"},{"@type":"Organization","@id":"https:\/\/dhalmann.fr\/music\/#organization","name":"Editions Francois Dhalmann","alternateName":"Dhalmann","url":"https:\/\/dhalmann.fr\/music\/","logo":{"@type":"ImageObject","inLanguage":"fr-FR","@id":"https:\/\/dhalmann.fr\/music\/#\/schema\/logo\/image\/","url":"https:\/\/dhalmann.fr\/music\/wp-content\/uploads\/2021\/07\/editions-francois-dhalmann-1397749175.jpg","contentUrl":"https:\/\/dhalmann.fr\/music\/wp-content\/uploads\/2021\/07\/editions-francois-dhalmann-1397749175.jpg","width":559,"height":354,"caption":"Editions Francois Dhalmann"},"image":{"@id":"https:\/\/dhalmann.fr\/music\/#\/schema\/logo\/image\/"},"sameAs":["https:\/\/www.facebook.com\/EditionsDhalmann\/","https:\/\/x.com\/editiondhalmann","https:\/\/www.youtube.com\/channel\/UCZdGOJXKqg6ByF1pQloitAg"]}]}},"_links":{"self":[{"href":"https:\/\/dhalmann.fr\/music\/wp-json\/wp\/v2\/product\/1241","targetHints":{"allow":["GET"]}}],"collection":[{"href":"https:\/\/dhalmann.fr\/music\/wp-json\/wp\/v2\/product"}],"about":[{"href":"https:\/\/dhalmann.fr\/music\/wp-json\/wp\/v2\/types\/product"}],"wp:featuredmedia":[{"embeddable":true,"href":"https:\/\/dhalmann.fr\/music\/wp-json\/wp\/v2\/media\/1245"}],"wp:attachment":[{"href":"https:\/\/dhalmann.fr\/music\/wp-json\/wp\/v2\/media?parent=1241"}],"wp:term":[{"taxonomy":"product_brand","embeddable":true,"href":"https:\/\/dhalmann.fr\/music\/wp-json\/wp\/v2\/product_brand?post=1241"},{"taxonomy":"product_cat","embeddable":true,"href":"https:\/\/dhalmann.fr\/music\/wp-json\/wp\/v2\/product_cat?post=1241"},{"taxonomy":"product_tag","embeddable":true,"href":"https:\/\/dhalmann.fr\/music\/wp-json\/wp\/v2\/product_tag?post=1241"}],"curies":[{"name":"wp","href":"https:\/\/api.w.org\/{rel}","templated":true}]}}