{"id":482,"date":"2021-07-20T15:25:44","date_gmt":"2021-07-20T13:25:44","guid":{"rendered":"https:\/\/dhalmann.fr\/music\/?post_type=product&#038;p=482"},"modified":"2026-03-16T17:30:40","modified_gmt":"2026-03-16T15:30:40","slug":"le-jazz-facilement-michael-alizon","status":"publish","type":"product","link":"https:\/\/dhalmann.fr\/music\/produit\/le-jazz-facilement-michael-alizon\/","title":{"rendered":"Le jazz facilement &#8211; Michael Alizon"},"content":{"rendered":"<h2>Le jazz facilement de <a href=\"https:\/\/dhalmann.fr\/music\/product-category\/auteurs\/alizon-michael\/\">Michael Alizon<\/a><\/h2>\n<h3>M\u00e9thode d&#8217;initiation au jazz et \u00e0 l&#8217;improvisation pour saxophone et instruments \u00e0 vent.<\/h3>\n<p>64 pages avec pistes audio en t\u00e9l\u00e9chargement ou en \u00e9coute directe. Texte fran\u00e7ais et anglais.<\/p>\n<p>T\u00e9l\u00e9chargement gratuit des pistes audio avec le code coupon imprim\u00e9 sur la m\u00e9thode : <a href=\"https:\/\/dhalmann.fr\/music\/checkout\/?add-to-cart=1241\">T\u00e9l\u00e9charger les pistes audio<\/a><\/p>\n<p><em>Si vous commandez la m\u00e9thode au format papier le lien de t\u00e9l\u00e9chargement des fichiers audios sera dans votre email de confirmation de commande.<\/em><\/p>\n<p>ou <a href=\"https:\/\/dhalmann.fr\/music\/produit\/le-jazz-facilement-de-michael-alizon-fichiers-audios\/\">jouer en direct<\/a><\/p>\n<p>Jazzman et improvisateur reconnu,\u00a0<a href=\"http:\/\/www.michaelalizon.com\" target=\"_blank\" rel=\"noopener\">Michael Alizon<\/a> enseigne le jazz et le saxophone au Conservatoire de Strasbourg.<br \/>\nHabitu\u00e9 \u00e0 la \u00ab bascule \u00bb entre techniques classique et jazz, il d\u00e9veloppe une m\u00e9thode qui\u00a0 s\u2019adresse aux petits niveaux comme aux musiciens confirm\u00e9s.<br \/>\nL\u2019apprentissage y est basique, structur\u00e9 et progressif et elle permet d\u2019int\u00e9grer facilement et de mani\u00e8re r\u00e9guli\u00e8re des notions de jazz et d\u2019improvisation.<br \/>\nLes exercices, exemples et morceaux sont \u00e9crits en Ut, Mib et Sib pour s\u2019adapter \u00e0 tous instruments.<\/p>\n<p>64 pages avec pistes audio en t\u00e9l\u00e9chargement. Texte fran\u00e7ais et anglais.<\/p>\n<p><em>&#8220;Michael ALIZON, propose depuis plusieurs ann\u00e9es un remarquable travail d\u2019initiation au jazz pour les \u00e9tudiants du conservatoire de Strasbourg. Il fait partie de ces rares p\u00e9dagogues qui arrivent \u00e0 \u00e9clairer de fa\u00e7on \u00e9vidente le langage improvis\u00e9 pour le mettre \u00e0 la port\u00e9e de tous.Ce nouvel ouvrage, clair et progressif, permettra \u00e0 tous de b\u00e9n\u00e9ficier ainsi des conseils avis\u00e9s de cet excellent jazzman.&#8221;<\/em> <strong>Philippe GEISS<\/strong>, professeur de saxophone au Conservatoire de Strasbourg.<\/p>\n<p><em>&#8220;Michael ALIZON propose une m\u00e9thode originale qui va de suite \u00e0 l&#8217;essentiel. Il invite tous les instrumentistes \u00e0 s&#8217;initier au jazz \u00e0 la source, pour le plaisir autant que pour une exploration plus approfondie&#8230;&#8221;<\/em> <strong>Jean-Marc FOLTZ<\/strong>, professeur de clarinette et de musiques improvis\u00e9es au Conservatoire de Strasbourg.<\/p>\n<p><iframe src=\"\/\/www.youtube.com\/embed\/gYN6SZ1nd60?feature=player_embedded\" width=\"480\" height=\"360\" frameborder=\"0\" allowfullscreen=\"allowfullscreen\"><\/iframe><\/p>\n<p>&nbsp;<\/p>\n","protected":false},"excerpt":{"rendered":"<h2>Le jazz facilement de <a href=\"https:\/\/dhalmann.fr\/music\/product-category\/auteurs\/alizon-michael\/\">Michael Alizon<\/a><\/h2>\n<h3>M\u00e9thode d&#8217;initiation au jazz et \u00e0 l&#8217;improvisation pour saxophone et instruments \u00e0 vent.<\/h3>\n<p>64 pages avec pistes audio en t\u00e9l\u00e9chargement ou en \u00e9coute directe. Texte fran\u00e7ais et anglais.<\/p>\n<p>T\u00e9l\u00e9chargement gratuit des pistes audio avec le code coupon imprim\u00e9 sur la m\u00e9thode : <a href=\"https:\/\/dhalmann.fr\/music\/checkout\/?add-to-cart=1241\">T\u00e9l\u00e9charger les pistes audio<\/a><\/p>\n<p><em>Si vous commandez la m\u00e9thode au format papier le lien de t\u00e9l\u00e9chargement des fichiers audios sera dans votre email de confirmation de commande.<\/em><\/p>\n<p>ou <a href=\"https:\/\/dhalmann.fr\/music\/produit\/le-jazz-facilement-de-michael-alizon-fichiers-audios\/\">jouer en direct<\/a><\/p>\n","protected":false},"featured_media":511,"template":"","meta":{"ocean_post_layout":"","ocean_both_sidebars_style":"","ocean_both_sidebars_content_width":0,"ocean_both_sidebars_sidebars_width":0,"ocean_sidebar":"0","ocean_second_sidebar":"0","ocean_disable_margins":"enable","ocean_add_body_class":"","ocean_shortcode_before_top_bar":"","ocean_shortcode_after_top_bar":"","ocean_shortcode_before_header":"","ocean_shortcode_after_header":"","ocean_has_shortcode":"","ocean_shortcode_after_title":"","ocean_shortcode_before_footer_widgets":"","ocean_shortcode_after_footer_widgets":"","ocean_shortcode_before_footer_bottom":"","ocean_shortcode_after_footer_bottom":"","ocean_display_top_bar":"default","ocean_display_header":"default","ocean_header_style":"","ocean_center_header_left_menu":"0","ocean_custom_header_template":"0","ocean_custom_logo":0,"ocean_custom_retina_logo":0,"ocean_custom_logo_max_width":0,"ocean_custom_logo_tablet_max_width":0,"ocean_custom_logo_mobile_max_width":0,"ocean_custom_logo_max_height":0,"ocean_custom_logo_tablet_max_height":0,"ocean_custom_logo_mobile_max_height":0,"ocean_header_custom_menu":"0","ocean_menu_typo_font_family":"0","ocean_menu_typo_font_subset":"","ocean_menu_typo_font_size":0,"ocean_menu_typo_font_size_tablet":0,"ocean_menu_typo_font_size_mobile":0,"ocean_menu_typo_font_size_unit":"px","ocean_menu_typo_font_weight":"","ocean_menu_typo_font_weight_tablet":"","ocean_menu_typo_font_weight_mobile":"","ocean_menu_typo_transform":"","ocean_menu_typo_transform_tablet":"","ocean_menu_typo_transform_mobile":"","ocean_menu_typo_line_height":0,"ocean_menu_typo_line_height_tablet":0,"ocean_menu_typo_line_height_mobile":0,"ocean_menu_typo_line_height_unit":"","ocean_menu_typo_spacing":0,"ocean_menu_typo_spacing_tablet":0,"ocean_menu_typo_spacing_mobile":0,"ocean_menu_typo_spacing_unit":"","ocean_menu_link_color":"","ocean_menu_link_color_hover":"","ocean_menu_link_color_active":"","ocean_menu_link_background":"","ocean_menu_link_hover_background":"","ocean_menu_link_active_background":"","ocean_menu_social_links_bg":"","ocean_menu_social_hover_links_bg":"","ocean_menu_social_links_color":"","ocean_menu_social_hover_links_color":"","ocean_disable_title":"default","ocean_disable_heading":"default","ocean_post_title":"","ocean_post_subheading":"","ocean_post_title_style":"","ocean_post_title_background_color":"","ocean_post_title_background":0,"ocean_post_title_bg_image_position":"","ocean_post_title_bg_image_attachment":"","ocean_post_title_bg_image_repeat":"","ocean_post_title_bg_image_size":"","ocean_post_title_height":0,"ocean_post_title_bg_overlay":0.5,"ocean_post_title_bg_overlay_color":"","ocean_disable_breadcrumbs":"default","ocean_breadcrumbs_color":"","ocean_breadcrumbs_separator_color":"","ocean_breadcrumbs_links_color":"","ocean_breadcrumbs_links_hover_color":"","ocean_display_footer_widgets":"default","ocean_display_footer_bottom":"default","ocean_custom_footer_template":"0"},"product_brand":[610],"product_cat":[101,169],"product_tag":[],"class_list":{"0":"post-482","1":"product","2":"type-product","3":"status-publish","4":"has-post-thumbnail","6":"product_brand-editions-francois-dhalmann","7":"product_cat-alizon-michael","8":"product_cat-saxophone","9":"pa_difficulte-intermediaire","11":"entry","12":"has-media","14":"first","15":"instock","16":"taxable","17":"shipping-taxable","18":"purchasable","19":"product-type-variable","20":"add-to-wishlist-before_image","21":"has-product-nav","22":"col","23":"span_1_of_4","24":"owp-content-center","25":"owp-thumbs-layout-horizontal","26":"owp-btn-normal","27":"owp-tabs-layout-horizontal"},"yoast_head":"<!-- This site is optimized with the Yoast SEO plugin v27.5 - https:\/\/yoast.com\/product\/yoast-seo-wordpress\/ -->\n<title>Le jazz facilement - Michael Alizon - Editions Fran\u00e7ois Dhalmann<\/title>\n<meta name=\"description\" content=\"M\u00e9thode de saxophone jazz en vente directe sur le site des Editions Fran\u00e7ois Dhalmann. M\u00e9thode au format imprim\u00e9 ou en t\u00e9l\u00e9chargement imm\u00e9diat.\" \/>\n<meta name=\"robots\" content=\"index, follow, max-snippet:-1, max-image-preview:large, max-video-preview:-1\" \/>\n<link rel=\"canonical\" href=\"https:\/\/dhalmann.fr\/music\/produit\/le-jazz-facilement-michael-alizon\/\" \/>\n<meta property=\"og:locale\" content=\"fr_FR\" \/>\n<meta property=\"og:type\" content=\"article\" \/>\n<meta property=\"og:title\" content=\"Le jazz facilement - Michael Alizon - Editions Fran\u00e7ois Dhalmann\" \/>\n<meta property=\"og:description\" content=\"M\u00e9thode de saxophone jazz en vente directe sur le site des Editions Fran\u00e7ois Dhalmann. M\u00e9thode au format imprim\u00e9 ou en t\u00e9l\u00e9chargement imm\u00e9diat.\" \/>\n<meta property=\"og:url\" content=\"https:\/\/dhalmann.fr\/music\/produit\/le-jazz-facilement-michael-alizon\/\" \/>\n<meta property=\"og:site_name\" content=\"Editions Fran\u00e7ois Dhalmann\" \/>\n<meta property=\"article:publisher\" content=\"https:\/\/www.facebook.com\/EditionsDhalmann\/\" \/>\n<meta property=\"article:modified_time\" content=\"2026-03-16T15:30:40+00:00\" \/>\n<meta property=\"og:image\" content=\"https:\/\/dhalmann.fr\/music\/wp-content\/uploads\/2021\/07\/FD0281-le-jazz-facilement.jpg\" \/>\n\t<meta property=\"og:image:width\" content=\"910\" \/>\n\t<meta property=\"og:image:height\" content=\"1280\" \/>\n\t<meta property=\"og:image:type\" content=\"image\/jpeg\" \/>\n<meta name=\"twitter:card\" content=\"summary_large_image\" \/>\n<meta name=\"twitter:site\" content=\"@editiondhalmann\" \/>\n<meta name=\"twitter:label1\" content=\"Dur\u00e9e de lecture estim\u00e9e\" \/>\n\t<meta name=\"twitter:data1\" content=\"2 minutes\" \/>\n<script type=\"application\/ld+json\" class=\"yoast-schema-graph\">{\"@context\":\"https:\\\/\\\/schema.org\",\"@graph\":[{\"@type\":\"WebPage\",\"@id\":\"https:\\\/\\\/dhalmann.fr\\\/music\\\/produit\\\/le-jazz-facilement-michael-alizon\\\/\",\"url\":\"https:\\\/\\\/dhalmann.fr\\\/music\\\/produit\\\/le-jazz-facilement-michael-alizon\\\/\",\"name\":\"Le jazz facilement - Michael Alizon - Editions Fran\u00e7ois Dhalmann\",\"isPartOf\":{\"@id\":\"https:\\\/\\\/dhalmann.fr\\\/music\\\/#website\"},\"primaryImageOfPage\":{\"@id\":\"https:\\\/\\\/dhalmann.fr\\\/music\\\/produit\\\/le-jazz-facilement-michael-alizon\\\/#primaryimage\"},\"image\":{\"@id\":\"https:\\\/\\\/dhalmann.fr\\\/music\\\/produit\\\/le-jazz-facilement-michael-alizon\\\/#primaryimage\"},\"thumbnailUrl\":\"https:\\\/\\\/dhalmann.fr\\\/music\\\/wp-content\\\/uploads\\\/2021\\\/07\\\/FD0281-le-jazz-facilement.jpg\",\"datePublished\":\"2021-07-20T13:25:44+00:00\",\"dateModified\":\"2026-03-16T15:30:40+00:00\",\"description\":\"M\u00e9thode de saxophone jazz en vente directe sur le site des Editions Fran\u00e7ois Dhalmann. M\u00e9thode au format imprim\u00e9 ou en t\u00e9l\u00e9chargement imm\u00e9diat.\",\"breadcrumb\":{\"@id\":\"https:\\\/\\\/dhalmann.fr\\\/music\\\/produit\\\/le-jazz-facilement-michael-alizon\\\/#breadcrumb\"},\"inLanguage\":\"fr-FR\",\"potentialAction\":[{\"@type\":\"ReadAction\",\"target\":[\"https:\\\/\\\/dhalmann.fr\\\/music\\\/produit\\\/le-jazz-facilement-michael-alizon\\\/\"]}]},{\"@type\":\"ImageObject\",\"inLanguage\":\"fr-FR\",\"@id\":\"https:\\\/\\\/dhalmann.fr\\\/music\\\/produit\\\/le-jazz-facilement-michael-alizon\\\/#primaryimage\",\"url\":\"https:\\\/\\\/dhalmann.fr\\\/music\\\/wp-content\\\/uploads\\\/2021\\\/07\\\/FD0281-le-jazz-facilement.jpg\",\"contentUrl\":\"https:\\\/\\\/dhalmann.fr\\\/music\\\/wp-content\\\/uploads\\\/2021\\\/07\\\/FD0281-le-jazz-facilement.jpg\",\"width\":910,\"height\":1280},{\"@type\":\"BreadcrumbList\",\"@id\":\"https:\\\/\\\/dhalmann.fr\\\/music\\\/produit\\\/le-jazz-facilement-michael-alizon\\\/#breadcrumb\",\"itemListElement\":[{\"@type\":\"ListItem\",\"position\":1,\"name\":\"Home\",\"item\":\"https:\\\/\\\/dhalmann.fr\\\/music\\\/\"},{\"@type\":\"ListItem\",\"position\":2,\"name\":\"Boutique\",\"item\":\"https:\\\/\\\/dhalmann.fr\\\/music\\\/boutique\\\/\"},{\"@type\":\"ListItem\",\"position\":3,\"name\":\"Le jazz facilement &#8211; Michael Alizon\"}]},{\"@type\":\"WebSite\",\"@id\":\"https:\\\/\\\/dhalmann.fr\\\/music\\\/#website\",\"url\":\"https:\\\/\\\/dhalmann.fr\\\/music\\\/\",\"name\":\"Editions Fran\u00e7ois Dhalmann\",\"description\":\"Partitions musicales des Editions Dhalmann pour tous les instruments - Percussion, piano, cordes, vents, ensemble, orchestre et bien plus\",\"publisher\":{\"@id\":\"https:\\\/\\\/dhalmann.fr\\\/music\\\/#organization\"},\"alternateName\":\"Dhalmann\",\"potentialAction\":[{\"@type\":\"SearchAction\",\"target\":{\"@type\":\"EntryPoint\",\"urlTemplate\":\"https:\\\/\\\/dhalmann.fr\\\/music\\\/?s={search_term_string}\"},\"query-input\":{\"@type\":\"PropertyValueSpecification\",\"valueRequired\":true,\"valueName\":\"search_term_string\"}}],\"inLanguage\":\"fr-FR\"},{\"@type\":\"Organization\",\"@id\":\"https:\\\/\\\/dhalmann.fr\\\/music\\\/#organization\",\"name\":\"Editions Francois Dhalmann\",\"alternateName\":\"Dhalmann\",\"url\":\"https:\\\/\\\/dhalmann.fr\\\/music\\\/\",\"logo\":{\"@type\":\"ImageObject\",\"inLanguage\":\"fr-FR\",\"@id\":\"https:\\\/\\\/dhalmann.fr\\\/music\\\/#\\\/schema\\\/logo\\\/image\\\/\",\"url\":\"https:\\\/\\\/dhalmann.fr\\\/music\\\/wp-content\\\/uploads\\\/2021\\\/07\\\/editions-francois-dhalmann-1397749175.jpg\",\"contentUrl\":\"https:\\\/\\\/dhalmann.fr\\\/music\\\/wp-content\\\/uploads\\\/2021\\\/07\\\/editions-francois-dhalmann-1397749175.jpg\",\"width\":559,\"height\":354,\"caption\":\"Editions Francois Dhalmann\"},\"image\":{\"@id\":\"https:\\\/\\\/dhalmann.fr\\\/music\\\/#\\\/schema\\\/logo\\\/image\\\/\"},\"sameAs\":[\"https:\\\/\\\/www.facebook.com\\\/EditionsDhalmann\\\/\",\"https:\\\/\\\/x.com\\\/editiondhalmann\",\"https:\\\/\\\/www.youtube.com\\\/channel\\\/UCZdGOJXKqg6ByF1pQloitAg\"]}]}<\/script>\n<!-- \/ Yoast SEO plugin. -->","yoast_head_json":{"title":"Le jazz facilement - Michael Alizon - Editions Fran\u00e7ois Dhalmann","description":"M\u00e9thode de saxophone jazz en vente directe sur le site des Editions Fran\u00e7ois Dhalmann. M\u00e9thode au format imprim\u00e9 ou en t\u00e9l\u00e9chargement imm\u00e9diat.","robots":{"index":"index","follow":"follow","max-snippet":"max-snippet:-1","max-image-preview":"max-image-preview:large","max-video-preview":"max-video-preview:-1"},"canonical":"https:\/\/dhalmann.fr\/music\/produit\/le-jazz-facilement-michael-alizon\/","og_locale":"fr_FR","og_type":"article","og_title":"Le jazz facilement - Michael Alizon - Editions Fran\u00e7ois Dhalmann","og_description":"M\u00e9thode de saxophone jazz en vente directe sur le site des Editions Fran\u00e7ois Dhalmann. M\u00e9thode au format imprim\u00e9 ou en t\u00e9l\u00e9chargement imm\u00e9diat.","og_url":"https:\/\/dhalmann.fr\/music\/produit\/le-jazz-facilement-michael-alizon\/","og_site_name":"Editions Fran\u00e7ois Dhalmann","article_publisher":"https:\/\/www.facebook.com\/EditionsDhalmann\/","article_modified_time":"2026-03-16T15:30:40+00:00","og_image":[{"width":910,"height":1280,"url":"https:\/\/dhalmann.fr\/music\/wp-content\/uploads\/2021\/07\/FD0281-le-jazz-facilement.jpg","type":"image\/jpeg"}],"twitter_card":"summary_large_image","twitter_site":"@editiondhalmann","twitter_misc":{"Dur\u00e9e de lecture estim\u00e9e":"2 minutes"},"schema":{"@context":"https:\/\/schema.org","@graph":[{"@type":"WebPage","@id":"https:\/\/dhalmann.fr\/music\/produit\/le-jazz-facilement-michael-alizon\/","url":"https:\/\/dhalmann.fr\/music\/produit\/le-jazz-facilement-michael-alizon\/","name":"Le jazz facilement - Michael Alizon - Editions Fran\u00e7ois Dhalmann","isPartOf":{"@id":"https:\/\/dhalmann.fr\/music\/#website"},"primaryImageOfPage":{"@id":"https:\/\/dhalmann.fr\/music\/produit\/le-jazz-facilement-michael-alizon\/#primaryimage"},"image":{"@id":"https:\/\/dhalmann.fr\/music\/produit\/le-jazz-facilement-michael-alizon\/#primaryimage"},"thumbnailUrl":"https:\/\/dhalmann.fr\/music\/wp-content\/uploads\/2021\/07\/FD0281-le-jazz-facilement.jpg","datePublished":"2021-07-20T13:25:44+00:00","dateModified":"2026-03-16T15:30:40+00:00","description":"M\u00e9thode de saxophone jazz en vente directe sur le site des Editions Fran\u00e7ois Dhalmann. M\u00e9thode au format imprim\u00e9 ou en t\u00e9l\u00e9chargement imm\u00e9diat.","breadcrumb":{"@id":"https:\/\/dhalmann.fr\/music\/produit\/le-jazz-facilement-michael-alizon\/#breadcrumb"},"inLanguage":"fr-FR","potentialAction":[{"@type":"ReadAction","target":["https:\/\/dhalmann.fr\/music\/produit\/le-jazz-facilement-michael-alizon\/"]}]},{"@type":"ImageObject","inLanguage":"fr-FR","@id":"https:\/\/dhalmann.fr\/music\/produit\/le-jazz-facilement-michael-alizon\/#primaryimage","url":"https:\/\/dhalmann.fr\/music\/wp-content\/uploads\/2021\/07\/FD0281-le-jazz-facilement.jpg","contentUrl":"https:\/\/dhalmann.fr\/music\/wp-content\/uploads\/2021\/07\/FD0281-le-jazz-facilement.jpg","width":910,"height":1280},{"@type":"BreadcrumbList","@id":"https:\/\/dhalmann.fr\/music\/produit\/le-jazz-facilement-michael-alizon\/#breadcrumb","itemListElement":[{"@type":"ListItem","position":1,"name":"Home","item":"https:\/\/dhalmann.fr\/music\/"},{"@type":"ListItem","position":2,"name":"Boutique","item":"https:\/\/dhalmann.fr\/music\/boutique\/"},{"@type":"ListItem","position":3,"name":"Le jazz facilement &#8211; Michael Alizon"}]},{"@type":"WebSite","@id":"https:\/\/dhalmann.fr\/music\/#website","url":"https:\/\/dhalmann.fr\/music\/","name":"Editions Fran\u00e7ois Dhalmann","description":"Partitions musicales des Editions Dhalmann pour tous les instruments - Percussion, piano, cordes, vents, ensemble, orchestre et bien plus","publisher":{"@id":"https:\/\/dhalmann.fr\/music\/#organization"},"alternateName":"Dhalmann","potentialAction":[{"@type":"SearchAction","target":{"@type":"EntryPoint","urlTemplate":"https:\/\/dhalmann.fr\/music\/?s={search_term_string}"},"query-input":{"@type":"PropertyValueSpecification","valueRequired":true,"valueName":"search_term_string"}}],"inLanguage":"fr-FR"},{"@type":"Organization","@id":"https:\/\/dhalmann.fr\/music\/#organization","name":"Editions Francois Dhalmann","alternateName":"Dhalmann","url":"https:\/\/dhalmann.fr\/music\/","logo":{"@type":"ImageObject","inLanguage":"fr-FR","@id":"https:\/\/dhalmann.fr\/music\/#\/schema\/logo\/image\/","url":"https:\/\/dhalmann.fr\/music\/wp-content\/uploads\/2021\/07\/editions-francois-dhalmann-1397749175.jpg","contentUrl":"https:\/\/dhalmann.fr\/music\/wp-content\/uploads\/2021\/07\/editions-francois-dhalmann-1397749175.jpg","width":559,"height":354,"caption":"Editions Francois Dhalmann"},"image":{"@id":"https:\/\/dhalmann.fr\/music\/#\/schema\/logo\/image\/"},"sameAs":["https:\/\/www.facebook.com\/EditionsDhalmann\/","https:\/\/x.com\/editiondhalmann","https:\/\/www.youtube.com\/channel\/UCZdGOJXKqg6ByF1pQloitAg"]}]}},"_links":{"self":[{"href":"https:\/\/dhalmann.fr\/music\/wp-json\/wp\/v2\/product\/482","targetHints":{"allow":["GET"]}}],"collection":[{"href":"https:\/\/dhalmann.fr\/music\/wp-json\/wp\/v2\/product"}],"about":[{"href":"https:\/\/dhalmann.fr\/music\/wp-json\/wp\/v2\/types\/product"}],"wp:featuredmedia":[{"embeddable":true,"href":"https:\/\/dhalmann.fr\/music\/wp-json\/wp\/v2\/media\/511"}],"wp:attachment":[{"href":"https:\/\/dhalmann.fr\/music\/wp-json\/wp\/v2\/media?parent=482"}],"wp:term":[{"taxonomy":"product_brand","embeddable":true,"href":"https:\/\/dhalmann.fr\/music\/wp-json\/wp\/v2\/product_brand?post=482"},{"taxonomy":"product_cat","embeddable":true,"href":"https:\/\/dhalmann.fr\/music\/wp-json\/wp\/v2\/product_cat?post=482"},{"taxonomy":"product_tag","embeddable":true,"href":"https:\/\/dhalmann.fr\/music\/wp-json\/wp\/v2\/product_tag?post=482"}],"curies":[{"name":"wp","href":"https:\/\/api.w.org\/{rel}","templated":true}]}}