{"id":643,"date":"2021-07-20T15:43:59","date_gmt":"2021-07-20T13:43:59","guid":{"rendered":"https:\/\/dhalmann.fr\/music\/?post_type=product&#038;p=643"},"modified":"2026-03-19T15:51:29","modified_gmt":"2026-03-19T13:51:29","slug":"24-etudes-pour-violon-volume-2-etudes-13-a-24-waechter-robert","status":"publish","type":"product","link":"https:\/\/dhalmann.fr\/music\/produit\/24-etudes-pour-violon-volume-2-etudes-13-a-24-waechter-robert\/","title":{"rendered":"24 \u00e9tudes pour violon. Volume 2. Etudes 13 \u00e0 24. &#8211; Robert Waechter"},"content":{"rendered":"<h2>24 \u00e9tudes pour violon. Volume 2. Etudes 13 \u00e0 24. &#8211; <a href=\"https:\/\/dhalmann.fr\/music\/product-category\/auteurs\/waechter-robert\/\">Robert Waechter<\/a><\/h2>\n<h3>Partition pour <a href=\"https:\/\/dhalmann.fr\/music\/product-category\/instrument\/cordes\/violon\/\">violon<\/a> seul ou avec accompagnement.<\/h3>\n<p>Ces pi\u00e8ces sont destin\u00e9es au violon seul, mais elles peuvent aussi \u00eatre jou\u00e9es en duo.<\/p>\n<p>Soit la deuxi\u00e8me voix renforce le dessin rythmique, soit elle d\u00e9veloppe une ligne m\u00e9lodique. Elle peut \u00eatre adapt\u00e9e (octavier et\/ou ignorer des r\u00e9p\u00e9titions de notes) librement pour n&#8217;importe quel instrument.<\/p>\n<p>Un second violon ou un vibraphone s&#8217;y pr\u00eatent tr\u00e8s bien. Un bon sens du rythme est une condition imp\u00e9rative pour une technique propre et pr\u00e9cise.<\/p>\n<p>Presque toutes ces \u00e9tudes sont \u00e9crites dans des mesures asym\u00e9triques. Le changement quasi permanent de figures binaires et ternaires demande une grande concentration sur la r\u00e9gularit\u00e9 des petites valeurs de notes. Les nuances sont libres.<\/p>\n<p>Un &#8216;5&#8217; comme doigt\u00e9 veut dire extension. X = son sans hauteur d\u00e9finie.<\/p>\n<p>Collection \u201c<strong>Azurythm<\/strong>\u201d, dirig\u00e9e par <em>R\u00e9gis Famelart<\/em>.<\/p>\n<p>Etude 13 : L&#8217;araign\u00e9e m\u00e9ticuleuse<br \/>\nEtude 14 : La taupe ne manquant pas de ferveur<br \/>\nEtude 15 : Le castor obstin\u00e9<br \/>\nEtude 16 : Le chien cultiv\u00e9<br \/>\nEtude 17 : Le papillon \u00e9l\u00e9gant<br \/>\nEtude 18 : Le corbeau nerveux<br \/>\nEtude 19 : Le hibou distingu\u00e9<br \/>\nEtude 20 : La licorne bless\u00e9e<br \/>\nEtude 21 : Le li\u00e8vre bafouillant<br \/>\nEtude 22 : L&#8217;hirondelle aveugle<br \/>\nEtude 23 : Le loup agac\u00e9 par tous les doux r\u00eaveurs<br \/>\nEtude 24 : La biche sentimentale<\/p>\n<p><iframe src=\"https:\/\/www.youtube.com\/embed\/aZJ2Q7MAX7I\" width=\"480\" height=\"266\" frameborder=\"0\"><\/iframe><\/p>\n","protected":false},"excerpt":{"rendered":"<h3>Partition pour violon seul ou avec accompagnement.<\/h3>\n","protected":false},"featured_media":675,"template":"","meta":{"ocean_post_layout":"","ocean_both_sidebars_style":"","ocean_both_sidebars_content_width":0,"ocean_both_sidebars_sidebars_width":0,"ocean_sidebar":"0","ocean_second_sidebar":"0","ocean_disable_margins":"enable","ocean_add_body_class":"","ocean_shortcode_before_top_bar":"","ocean_shortcode_after_top_bar":"","ocean_shortcode_before_header":"","ocean_shortcode_after_header":"","ocean_has_shortcode":"","ocean_shortcode_after_title":"","ocean_shortcode_before_footer_widgets":"","ocean_shortcode_after_footer_widgets":"","ocean_shortcode_before_footer_bottom":"","ocean_shortcode_after_footer_bottom":"","ocean_display_top_bar":"default","ocean_display_header":"default","ocean_header_style":"","ocean_center_header_left_menu":"0","ocean_custom_header_template":"0","ocean_custom_logo":0,"ocean_custom_retina_logo":0,"ocean_custom_logo_max_width":0,"ocean_custom_logo_tablet_max_width":0,"ocean_custom_logo_mobile_max_width":0,"ocean_custom_logo_max_height":0,"ocean_custom_logo_tablet_max_height":0,"ocean_custom_logo_mobile_max_height":0,"ocean_header_custom_menu":"0","ocean_menu_typo_font_family":"0","ocean_menu_typo_font_subset":"","ocean_menu_typo_font_size":0,"ocean_menu_typo_font_size_tablet":0,"ocean_menu_typo_font_size_mobile":0,"ocean_menu_typo_font_size_unit":"px","ocean_menu_typo_font_weight":"","ocean_menu_typo_font_weight_tablet":"","ocean_menu_typo_font_weight_mobile":"","ocean_menu_typo_transform":"","ocean_menu_typo_transform_tablet":"","ocean_menu_typo_transform_mobile":"","ocean_menu_typo_line_height":0,"ocean_menu_typo_line_height_tablet":0,"ocean_menu_typo_line_height_mobile":0,"ocean_menu_typo_line_height_unit":"","ocean_menu_typo_spacing":0,"ocean_menu_typo_spacing_tablet":0,"ocean_menu_typo_spacing_mobile":0,"ocean_menu_typo_spacing_unit":"","ocean_menu_link_color":"","ocean_menu_link_color_hover":"","ocean_menu_link_color_active":"","ocean_menu_link_background":"","ocean_menu_link_hover_background":"","ocean_menu_link_active_background":"","ocean_menu_social_links_bg":"","ocean_menu_social_hover_links_bg":"","ocean_menu_social_links_color":"","ocean_menu_social_hover_links_color":"","ocean_disable_title":"default","ocean_disable_heading":"default","ocean_post_title":"","ocean_post_subheading":"","ocean_post_title_style":"","ocean_post_title_background_color":"","ocean_post_title_background":0,"ocean_post_title_bg_image_position":"","ocean_post_title_bg_image_attachment":"","ocean_post_title_bg_image_repeat":"","ocean_post_title_bg_image_size":"","ocean_post_title_height":0,"ocean_post_title_bg_overlay":0.5,"ocean_post_title_bg_overlay_color":"","ocean_disable_breadcrumbs":"default","ocean_breadcrumbs_color":"","ocean_breadcrumbs_separator_color":"","ocean_breadcrumbs_links_color":"","ocean_breadcrumbs_links_hover_color":"","ocean_display_footer_widgets":"default","ocean_display_footer_bottom":"default","ocean_custom_footer_template":"0"},"product_brand":[610],"product_cat":[176,157,106],"product_tag":[],"class_list":{"0":"post-643","1":"product","2":"type-product","3":"status-publish","4":"has-post-thumbnail","6":"product_brand-editions-francois-dhalmann","7":"product_cat-solo","8":"product_cat-violon","9":"product_cat-waechter-robert","10":"pa_difficulte-difficile","12":"entry","13":"has-media","15":"first","16":"instock","17":"taxable","18":"shipping-taxable","19":"purchasable","20":"product-type-variable","21":"add-to-wishlist-before_image","22":"has-product-nav","23":"col","24":"span_1_of_4","25":"owp-content-center","26":"owp-thumbs-layout-horizontal","27":"owp-btn-normal","28":"owp-tabs-layout-horizontal"},"yoast_head":"<!-- This site is optimized with the Yoast SEO plugin v27.5 - https:\/\/yoast.com\/product\/yoast-seo-wordpress\/ -->\n<title>24 \u00e9tudes pour violon. Volume 2. Etudes 13 \u00e0 24. - Robert Waechter - Editions Fran\u00e7ois Dhalmann<\/title>\n<meta name=\"description\" content=\"Partition en vente directe sur le site des Editions Fran\u00e7ois Dhalmann. Partition au format imprim\u00e9 ou en t\u00e9l\u00e9chargement imm\u00e9diat.\" \/>\n<meta name=\"robots\" content=\"index, follow, max-snippet:-1, max-image-preview:large, max-video-preview:-1\" \/>\n<link rel=\"canonical\" href=\"https:\/\/dhalmann.fr\/music\/produit\/24-etudes-pour-violon-volume-2-etudes-13-a-24-waechter-robert\/\" \/>\n<meta property=\"og:locale\" content=\"fr_FR\" \/>\n<meta property=\"og:type\" content=\"article\" \/>\n<meta property=\"og:title\" content=\"24 \u00e9tudes pour violon. Volume 2. Etudes 13 \u00e0 24. - Robert Waechter - Editions Fran\u00e7ois Dhalmann\" \/>\n<meta property=\"og:description\" content=\"Partition en vente directe sur le site des Editions Fran\u00e7ois Dhalmann. Partition au format imprim\u00e9 ou en t\u00e9l\u00e9chargement imm\u00e9diat.\" \/>\n<meta property=\"og:url\" content=\"https:\/\/dhalmann.fr\/music\/produit\/24-etudes-pour-violon-volume-2-etudes-13-a-24-waechter-robert\/\" \/>\n<meta property=\"og:site_name\" content=\"Editions Fran\u00e7ois Dhalmann\" \/>\n<meta property=\"article:publisher\" content=\"https:\/\/www.facebook.com\/EditionsDhalmann\/\" \/>\n<meta property=\"article:modified_time\" content=\"2026-03-19T13:51:29+00:00\" \/>\n<meta property=\"og:image\" content=\"https:\/\/dhalmann.fr\/music\/wp-content\/uploads\/2021\/07\/FD0395-24-etudes-violon-v2.jpg\" \/>\n\t<meta property=\"og:image:width\" content=\"746\" \/>\n\t<meta property=\"og:image:height\" content=\"1055\" \/>\n\t<meta property=\"og:image:type\" content=\"image\/jpeg\" \/>\n<meta name=\"twitter:card\" content=\"summary_large_image\" \/>\n<meta name=\"twitter:site\" content=\"@editiondhalmann\" \/>\n<meta name=\"twitter:label1\" content=\"Dur\u00e9e de lecture estim\u00e9e\" \/>\n\t<meta name=\"twitter:data1\" content=\"1 minute\" \/>\n<script type=\"application\/ld+json\" class=\"yoast-schema-graph\">{\"@context\":\"https:\\\/\\\/schema.org\",\"@graph\":[{\"@type\":\"WebPage\",\"@id\":\"https:\\\/\\\/dhalmann.fr\\\/music\\\/produit\\\/24-etudes-pour-violon-volume-2-etudes-13-a-24-waechter-robert\\\/\",\"url\":\"https:\\\/\\\/dhalmann.fr\\\/music\\\/produit\\\/24-etudes-pour-violon-volume-2-etudes-13-a-24-waechter-robert\\\/\",\"name\":\"24 \u00e9tudes pour violon. Volume 2. Etudes 13 \u00e0 24. - Robert Waechter - Editions Fran\u00e7ois Dhalmann\",\"isPartOf\":{\"@id\":\"https:\\\/\\\/dhalmann.fr\\\/music\\\/#website\"},\"primaryImageOfPage\":{\"@id\":\"https:\\\/\\\/dhalmann.fr\\\/music\\\/produit\\\/24-etudes-pour-violon-volume-2-etudes-13-a-24-waechter-robert\\\/#primaryimage\"},\"image\":{\"@id\":\"https:\\\/\\\/dhalmann.fr\\\/music\\\/produit\\\/24-etudes-pour-violon-volume-2-etudes-13-a-24-waechter-robert\\\/#primaryimage\"},\"thumbnailUrl\":\"https:\\\/\\\/dhalmann.fr\\\/music\\\/wp-content\\\/uploads\\\/2021\\\/07\\\/FD0395-24-etudes-violon-v2.jpg\",\"datePublished\":\"2021-07-20T13:43:59+00:00\",\"dateModified\":\"2026-03-19T13:51:29+00:00\",\"description\":\"Partition en vente directe sur le site des Editions Fran\u00e7ois Dhalmann. Partition au format imprim\u00e9 ou en t\u00e9l\u00e9chargement imm\u00e9diat.\",\"breadcrumb\":{\"@id\":\"https:\\\/\\\/dhalmann.fr\\\/music\\\/produit\\\/24-etudes-pour-violon-volume-2-etudes-13-a-24-waechter-robert\\\/#breadcrumb\"},\"inLanguage\":\"fr-FR\",\"potentialAction\":[{\"@type\":\"ReadAction\",\"target\":[\"https:\\\/\\\/dhalmann.fr\\\/music\\\/produit\\\/24-etudes-pour-violon-volume-2-etudes-13-a-24-waechter-robert\\\/\"]}]},{\"@type\":\"ImageObject\",\"inLanguage\":\"fr-FR\",\"@id\":\"https:\\\/\\\/dhalmann.fr\\\/music\\\/produit\\\/24-etudes-pour-violon-volume-2-etudes-13-a-24-waechter-robert\\\/#primaryimage\",\"url\":\"https:\\\/\\\/dhalmann.fr\\\/music\\\/wp-content\\\/uploads\\\/2021\\\/07\\\/FD0395-24-etudes-violon-v2.jpg\",\"contentUrl\":\"https:\\\/\\\/dhalmann.fr\\\/music\\\/wp-content\\\/uploads\\\/2021\\\/07\\\/FD0395-24-etudes-violon-v2.jpg\",\"width\":746,\"height\":1055},{\"@type\":\"BreadcrumbList\",\"@id\":\"https:\\\/\\\/dhalmann.fr\\\/music\\\/produit\\\/24-etudes-pour-violon-volume-2-etudes-13-a-24-waechter-robert\\\/#breadcrumb\",\"itemListElement\":[{\"@type\":\"ListItem\",\"position\":1,\"name\":\"Home\",\"item\":\"https:\\\/\\\/dhalmann.fr\\\/music\\\/\"},{\"@type\":\"ListItem\",\"position\":2,\"name\":\"Boutique\",\"item\":\"https:\\\/\\\/dhalmann.fr\\\/music\\\/boutique\\\/\"},{\"@type\":\"ListItem\",\"position\":3,\"name\":\"24 \u00e9tudes pour violon. Volume 2. Etudes 13 \u00e0 24. &#8211; Robert Waechter\"}]},{\"@type\":\"WebSite\",\"@id\":\"https:\\\/\\\/dhalmann.fr\\\/music\\\/#website\",\"url\":\"https:\\\/\\\/dhalmann.fr\\\/music\\\/\",\"name\":\"Editions Fran\u00e7ois Dhalmann\",\"description\":\"Partitions musicales des Editions Dhalmann pour tous les instruments - Percussion, piano, cordes, vents, ensemble, orchestre et bien plus\",\"publisher\":{\"@id\":\"https:\\\/\\\/dhalmann.fr\\\/music\\\/#organization\"},\"alternateName\":\"Dhalmann\",\"potentialAction\":[{\"@type\":\"SearchAction\",\"target\":{\"@type\":\"EntryPoint\",\"urlTemplate\":\"https:\\\/\\\/dhalmann.fr\\\/music\\\/?s={search_term_string}\"},\"query-input\":{\"@type\":\"PropertyValueSpecification\",\"valueRequired\":true,\"valueName\":\"search_term_string\"}}],\"inLanguage\":\"fr-FR\"},{\"@type\":\"Organization\",\"@id\":\"https:\\\/\\\/dhalmann.fr\\\/music\\\/#organization\",\"name\":\"Editions Francois Dhalmann\",\"alternateName\":\"Dhalmann\",\"url\":\"https:\\\/\\\/dhalmann.fr\\\/music\\\/\",\"logo\":{\"@type\":\"ImageObject\",\"inLanguage\":\"fr-FR\",\"@id\":\"https:\\\/\\\/dhalmann.fr\\\/music\\\/#\\\/schema\\\/logo\\\/image\\\/\",\"url\":\"https:\\\/\\\/dhalmann.fr\\\/music\\\/wp-content\\\/uploads\\\/2021\\\/07\\\/editions-francois-dhalmann-1397749175.jpg\",\"contentUrl\":\"https:\\\/\\\/dhalmann.fr\\\/music\\\/wp-content\\\/uploads\\\/2021\\\/07\\\/editions-francois-dhalmann-1397749175.jpg\",\"width\":559,\"height\":354,\"caption\":\"Editions Francois Dhalmann\"},\"image\":{\"@id\":\"https:\\\/\\\/dhalmann.fr\\\/music\\\/#\\\/schema\\\/logo\\\/image\\\/\"},\"sameAs\":[\"https:\\\/\\\/www.facebook.com\\\/EditionsDhalmann\\\/\",\"https:\\\/\\\/x.com\\\/editiondhalmann\",\"https:\\\/\\\/www.youtube.com\\\/channel\\\/UCZdGOJXKqg6ByF1pQloitAg\"]}]}<\/script>\n<!-- \/ Yoast SEO plugin. -->","yoast_head_json":{"title":"24 \u00e9tudes pour violon. Volume 2. Etudes 13 \u00e0 24. - Robert Waechter - Editions Fran\u00e7ois Dhalmann","description":"Partition en vente directe sur le site des Editions Fran\u00e7ois Dhalmann. Partition au format imprim\u00e9 ou en t\u00e9l\u00e9chargement imm\u00e9diat.","robots":{"index":"index","follow":"follow","max-snippet":"max-snippet:-1","max-image-preview":"max-image-preview:large","max-video-preview":"max-video-preview:-1"},"canonical":"https:\/\/dhalmann.fr\/music\/produit\/24-etudes-pour-violon-volume-2-etudes-13-a-24-waechter-robert\/","og_locale":"fr_FR","og_type":"article","og_title":"24 \u00e9tudes pour violon. Volume 2. Etudes 13 \u00e0 24. - Robert Waechter - Editions Fran\u00e7ois Dhalmann","og_description":"Partition en vente directe sur le site des Editions Fran\u00e7ois Dhalmann. Partition au format imprim\u00e9 ou en t\u00e9l\u00e9chargement imm\u00e9diat.","og_url":"https:\/\/dhalmann.fr\/music\/produit\/24-etudes-pour-violon-volume-2-etudes-13-a-24-waechter-robert\/","og_site_name":"Editions Fran\u00e7ois Dhalmann","article_publisher":"https:\/\/www.facebook.com\/EditionsDhalmann\/","article_modified_time":"2026-03-19T13:51:29+00:00","og_image":[{"width":746,"height":1055,"url":"https:\/\/dhalmann.fr\/music\/wp-content\/uploads\/2021\/07\/FD0395-24-etudes-violon-v2.jpg","type":"image\/jpeg"}],"twitter_card":"summary_large_image","twitter_site":"@editiondhalmann","twitter_misc":{"Dur\u00e9e de lecture estim\u00e9e":"1 minute"},"schema":{"@context":"https:\/\/schema.org","@graph":[{"@type":"WebPage","@id":"https:\/\/dhalmann.fr\/music\/produit\/24-etudes-pour-violon-volume-2-etudes-13-a-24-waechter-robert\/","url":"https:\/\/dhalmann.fr\/music\/produit\/24-etudes-pour-violon-volume-2-etudes-13-a-24-waechter-robert\/","name":"24 \u00e9tudes pour violon. Volume 2. Etudes 13 \u00e0 24. - Robert Waechter - Editions Fran\u00e7ois Dhalmann","isPartOf":{"@id":"https:\/\/dhalmann.fr\/music\/#website"},"primaryImageOfPage":{"@id":"https:\/\/dhalmann.fr\/music\/produit\/24-etudes-pour-violon-volume-2-etudes-13-a-24-waechter-robert\/#primaryimage"},"image":{"@id":"https:\/\/dhalmann.fr\/music\/produit\/24-etudes-pour-violon-volume-2-etudes-13-a-24-waechter-robert\/#primaryimage"},"thumbnailUrl":"https:\/\/dhalmann.fr\/music\/wp-content\/uploads\/2021\/07\/FD0395-24-etudes-violon-v2.jpg","datePublished":"2021-07-20T13:43:59+00:00","dateModified":"2026-03-19T13:51:29+00:00","description":"Partition en vente directe sur le site des Editions Fran\u00e7ois Dhalmann. Partition au format imprim\u00e9 ou en t\u00e9l\u00e9chargement imm\u00e9diat.","breadcrumb":{"@id":"https:\/\/dhalmann.fr\/music\/produit\/24-etudes-pour-violon-volume-2-etudes-13-a-24-waechter-robert\/#breadcrumb"},"inLanguage":"fr-FR","potentialAction":[{"@type":"ReadAction","target":["https:\/\/dhalmann.fr\/music\/produit\/24-etudes-pour-violon-volume-2-etudes-13-a-24-waechter-robert\/"]}]},{"@type":"ImageObject","inLanguage":"fr-FR","@id":"https:\/\/dhalmann.fr\/music\/produit\/24-etudes-pour-violon-volume-2-etudes-13-a-24-waechter-robert\/#primaryimage","url":"https:\/\/dhalmann.fr\/music\/wp-content\/uploads\/2021\/07\/FD0395-24-etudes-violon-v2.jpg","contentUrl":"https:\/\/dhalmann.fr\/music\/wp-content\/uploads\/2021\/07\/FD0395-24-etudes-violon-v2.jpg","width":746,"height":1055},{"@type":"BreadcrumbList","@id":"https:\/\/dhalmann.fr\/music\/produit\/24-etudes-pour-violon-volume-2-etudes-13-a-24-waechter-robert\/#breadcrumb","itemListElement":[{"@type":"ListItem","position":1,"name":"Home","item":"https:\/\/dhalmann.fr\/music\/"},{"@type":"ListItem","position":2,"name":"Boutique","item":"https:\/\/dhalmann.fr\/music\/boutique\/"},{"@type":"ListItem","position":3,"name":"24 \u00e9tudes pour violon. Volume 2. Etudes 13 \u00e0 24. &#8211; Robert Waechter"}]},{"@type":"WebSite","@id":"https:\/\/dhalmann.fr\/music\/#website","url":"https:\/\/dhalmann.fr\/music\/","name":"Editions Fran\u00e7ois Dhalmann","description":"Partitions musicales des Editions Dhalmann pour tous les instruments - Percussion, piano, cordes, vents, ensemble, orchestre et bien plus","publisher":{"@id":"https:\/\/dhalmann.fr\/music\/#organization"},"alternateName":"Dhalmann","potentialAction":[{"@type":"SearchAction","target":{"@type":"EntryPoint","urlTemplate":"https:\/\/dhalmann.fr\/music\/?s={search_term_string}"},"query-input":{"@type":"PropertyValueSpecification","valueRequired":true,"valueName":"search_term_string"}}],"inLanguage":"fr-FR"},{"@type":"Organization","@id":"https:\/\/dhalmann.fr\/music\/#organization","name":"Editions Francois Dhalmann","alternateName":"Dhalmann","url":"https:\/\/dhalmann.fr\/music\/","logo":{"@type":"ImageObject","inLanguage":"fr-FR","@id":"https:\/\/dhalmann.fr\/music\/#\/schema\/logo\/image\/","url":"https:\/\/dhalmann.fr\/music\/wp-content\/uploads\/2021\/07\/editions-francois-dhalmann-1397749175.jpg","contentUrl":"https:\/\/dhalmann.fr\/music\/wp-content\/uploads\/2021\/07\/editions-francois-dhalmann-1397749175.jpg","width":559,"height":354,"caption":"Editions Francois Dhalmann"},"image":{"@id":"https:\/\/dhalmann.fr\/music\/#\/schema\/logo\/image\/"},"sameAs":["https:\/\/www.facebook.com\/EditionsDhalmann\/","https:\/\/x.com\/editiondhalmann","https:\/\/www.youtube.com\/channel\/UCZdGOJXKqg6ByF1pQloitAg"]}]}},"_links":{"self":[{"href":"https:\/\/dhalmann.fr\/music\/wp-json\/wp\/v2\/product\/643","targetHints":{"allow":["GET"]}}],"collection":[{"href":"https:\/\/dhalmann.fr\/music\/wp-json\/wp\/v2\/product"}],"about":[{"href":"https:\/\/dhalmann.fr\/music\/wp-json\/wp\/v2\/types\/product"}],"wp:featuredmedia":[{"embeddable":true,"href":"https:\/\/dhalmann.fr\/music\/wp-json\/wp\/v2\/media\/675"}],"wp:attachment":[{"href":"https:\/\/dhalmann.fr\/music\/wp-json\/wp\/v2\/media?parent=643"}],"wp:term":[{"taxonomy":"product_brand","embeddable":true,"href":"https:\/\/dhalmann.fr\/music\/wp-json\/wp\/v2\/product_brand?post=643"},{"taxonomy":"product_cat","embeddable":true,"href":"https:\/\/dhalmann.fr\/music\/wp-json\/wp\/v2\/product_cat?post=643"},{"taxonomy":"product_tag","embeddable":true,"href":"https:\/\/dhalmann.fr\/music\/wp-json\/wp\/v2\/product_tag?post=643"}],"curies":[{"name":"wp","href":"https:\/\/api.w.org\/{rel}","templated":true}]}}