{"id":7941,"date":"2022-03-23T17:31:13","date_gmt":"2022-03-23T15:31:13","guid":{"rendered":"https:\/\/dhalmann.fr\/music\/?post_type=product&#038;p=7941"},"modified":"2025-09-02T16:05:14","modified_gmt":"2025-09-02T14:05:14","slug":"apprenti-rythmik-erick-pigeard","status":"publish","type":"product","link":"https:\/\/dhalmann.fr\/music\/produit\/apprenti-rythmik-erick-pigeard\/","title":{"rendered":"L&#8217;Apprenti Rythmik &#8211; Erick Pigeard"},"content":{"rendered":"<h2>L&#8217;Apprenti Rythmik &#8211; Erick Pigeard<\/h2>\n<h3>12 pi\u00e8ces avec accompagnement enregistr\u00e9 pour apprendre le rythme \u00e0 la percussion<\/h3>\n<p>Ces 12 pi\u00e8ces s&#8217;adressent principalement aux \u00e9l\u00e8ves des classes de percussion, mais peuvent \u00e9galement int\u00e9resser les classes de Formation Musicale, les parties \u00e0 jouer ne comprenant pas d&#8217;\u00e9l\u00e9ments techniques li\u00e9s \u00e0 la percussion (pas d&#8217;appogiatures, roulements, rebonds, doigt\u00e9s complexes\u2026)<\/p>\n<p>L&#8217;approche est progressive, l\u2019\u00e9l\u00e8ve d\u00e9couvrant une nouvelle figure rythmique \u00e0 chaque morceau. L\u2019id\u00e9e directrice est de pouvoir associer le nouveau rythme \u00e0 une m\u00e9lodie facile \u00e0 m\u00e9moriser.<\/p>\n<p>La dur\u00e9e des pi\u00e8ces est relativement courte (de 50&#8221; \u00e0 3\u201930) et les styles musicaux vari\u00e9s. Les accompagnements enregistr\u00e9s sont r\u00e9alis\u00e9s avec des instruments virtuels et mix\u00e9s au mieux afin de donner le plus de r\u00e9alisme possible. Ils sont disponibles en 3 versions diff\u00e9rentes\u00a0:<\/p>\n<ul>\n<li>tempo normal<\/li>\n<li>tempo lent (80% du tempo normal)<\/li>\n<li>tempo normal sans la partie de l&#8217;\u00e9l\u00e8ve<\/li>\n<\/ul>\n<p>Les pistes audio sont en t\u00e9l\u00e9chargement gratuit\u00a0 : <a href=\"https:\/\/dhalmann.fr\/music\/produit\/apprenti-rythmik-erick-pigeard-fichiers-audio\/\">TELECHARGER<\/a><\/p>\n<p>Si vous commandez le recueil au format papier le lien de t\u00e9l\u00e9chargement des fichiers audios sera dans votre email de confirmation de commande.<br \/>\n<iframe title=\"YouTube video player\" src=\"https:\/\/www.youtube.com\/embed\/PkxJG9hkRzg\" width=\"480\" height=\"266\" frameborder=\"0\" allowfullscreen=\"allowfullscreen\"><\/iframe><\/p>\n<h4>Premi\u00e8re marche. <a href=\"https:\/\/youtu.be\/5OHm4hY7O98\" target=\"_blank\" rel=\"noopener\">Voir la video<\/a><\/h4>\n<audio class=\"wp-audio-shortcode\" id=\"audio-7941-1\" preload=\"none\" style=\"width: 100%;\" controls=\"controls\"><source type=\"audio\/mpeg\" src=\"https:\/\/dhalmann.fr\/music\/wp-content\/uploads\/2022\/03\/01-Premiere-Marchel.mp3?_=1\" \/><a href=\"https:\/\/dhalmann.fr\/music\/wp-content\/uploads\/2022\/03\/01-Premiere-Marchel.mp3\">https:\/\/dhalmann.fr\/music\/wp-content\/uploads\/2022\/03\/01-Premiere-Marchel.mp3<\/a><\/audio>\n<h4>Parade. <a href=\"https:\/\/youtu.be\/gzm_J7F9Lms\" target=\"_blank\" rel=\"noopener\">Voir la video<\/a><\/h4>\n<audio class=\"wp-audio-shortcode\" id=\"audio-7941-2\" preload=\"none\" style=\"width: 100%;\" controls=\"controls\"><source type=\"audio\/mpeg\" src=\"https:\/\/dhalmann.fr\/music\/wp-content\/uploads\/2022\/03\/02-Parade.mp3?_=2\" \/><a href=\"https:\/\/dhalmann.fr\/music\/wp-content\/uploads\/2022\/03\/02-Parade.mp3\">https:\/\/dhalmann.fr\/music\/wp-content\/uploads\/2022\/03\/02-Parade.mp3<\/a><\/audio>\n<h4>Papillon. <a href=\"https:\/\/youtu.be\/_4fP7iXTiAk\" target=\"_blank\" rel=\"noopener\">Voir la video<\/a><\/h4>\n<audio class=\"wp-audio-shortcode\" id=\"audio-7941-3\" preload=\"none\" style=\"width: 100%;\" controls=\"controls\"><source type=\"audio\/mpeg\" src=\"https:\/\/dhalmann.fr\/music\/wp-content\/uploads\/2022\/03\/03-Papillonl.mp3?_=3\" \/><a href=\"https:\/\/dhalmann.fr\/music\/wp-content\/uploads\/2022\/03\/03-Papillonl.mp3\">https:\/\/dhalmann.fr\/music\/wp-content\/uploads\/2022\/03\/03-Papillonl.mp3<\/a><\/audio>\n<h4>Une poule sur un mur. <a href=\"https:\/\/youtu.be\/RKYH7QcgsQY\" target=\"_blank\" rel=\"noopener\">Voir la video<\/a><\/h4>\n<audio class=\"wp-audio-shortcode\" id=\"audio-7941-4\" preload=\"none\" style=\"width: 100%;\" controls=\"controls\"><source type=\"audio\/mpeg\" src=\"https:\/\/dhalmann.fr\/music\/wp-content\/uploads\/2022\/03\/04-Une-poule-sur-un-mur.mp3?_=4\" \/><a href=\"https:\/\/dhalmann.fr\/music\/wp-content\/uploads\/2022\/03\/04-Une-poule-sur-un-mur.mp3\">https:\/\/dhalmann.fr\/music\/wp-content\/uploads\/2022\/03\/04-Une-poule-sur-un-mur.mp3<\/a><\/audio>\n<h4>Le vampire. <a href=\"https:\/\/youtu.be\/yxNsG5rvBJ0\" target=\"_blank\" rel=\"noopener\">Voir la video<\/a><\/h4>\n<audio class=\"wp-audio-shortcode\" id=\"audio-7941-5\" preload=\"none\" style=\"width: 100%;\" controls=\"controls\"><source type=\"audio\/mpeg\" src=\"https:\/\/dhalmann.fr\/music\/wp-content\/uploads\/2022\/03\/05-Le-vampire.mp3?_=5\" \/><a href=\"https:\/\/dhalmann.fr\/music\/wp-content\/uploads\/2022\/03\/05-Le-vampire.mp3\">https:\/\/dhalmann.fr\/music\/wp-content\/uploads\/2022\/03\/05-Le-vampire.mp3<\/a><\/audio>\n<h4>L&#8217;apprenti ternaire. <a href=\"https:\/\/youtu.be\/UIFYOy3iEm0\" target=\"_blank\" rel=\"noopener\">Voir la video<\/a><\/h4>\n<audio class=\"wp-audio-shortcode\" id=\"audio-7941-6\" preload=\"none\" style=\"width: 100%;\" controls=\"controls\"><source type=\"audio\/mpeg\" src=\"https:\/\/dhalmann.fr\/music\/wp-content\/uploads\/2022\/03\/06-Lapprenti-ternaire.mp3?_=6\" \/><a href=\"https:\/\/dhalmann.fr\/music\/wp-content\/uploads\/2022\/03\/06-Lapprenti-ternaire.mp3\">https:\/\/dhalmann.fr\/music\/wp-content\/uploads\/2022\/03\/06-Lapprenti-ternaire.mp3<\/a><\/audio>\n<h4>Big Trap Charly. <a href=\"https:\/\/youtu.be\/20rGn3dmiH8\" target=\"_blank\" rel=\"noopener\">Voir la video<\/a><\/h4>\n<h4>Wombie. <a href=\"https:\/\/youtu.be\/62Nnf3Ri24w\" target=\"_blank\" rel=\"noopener\">Voir la video<\/a><\/h4>\n<h4>Western. <a href=\"https:\/\/youtu.be\/zg5BakbORX4\" target=\"_blank\" rel=\"noopener\">Voir la video<\/a><\/h4>\n<h4>Savane. <a href=\"https:\/\/youtu.be\/JnnFyhH2omU\" target=\"_blank\" rel=\"noopener\">Voir la video<\/a><\/h4>\n<h4>La Marche des El\u00e9phants. <a href=\"https:\/\/youtu.be\/s2hxDMPypXQ\" target=\"_blank\" rel=\"noopener\">Voir la video<\/a><\/h4>\n<h4>Samba des bas. <a href=\"https:\/\/youtu.be\/UpV7HhJIl0I\" target=\"_blank\" rel=\"noopener\">Voir la video<\/a><\/h4>\n<p>&nbsp;<\/p>\n","protected":false},"excerpt":{"rendered":"<h2>L&#8217;Apprenti Rythmik &#8211; Erick Pigeard<\/h2>\n<h3>12 pi\u00e8ces avec accompagnement enregistr\u00e9 pour apprendre le rythme \u00e0 la percussion<\/h3>\n<p><a href=\"https:\/\/dhalmann.fr\/music\/produit\/apprenti-rythmik-erick-pigeard-fichiers-audio\/\">Les pistes audio sont en t\u00e9l\u00e9chargement gratuit\u00a0 : <\/a><a href=\"https:\/\/dhalmann.fr\/music\/produit\/apprenti-rythmik-erick-pigeard-fichiers-audio\/\">TELECHARGER<\/a><\/p>\n<p>Si vous commandez le recueil au format papier le lien de t\u00e9l\u00e9chargement des fichiers audios sera dans votre email de confirmation de commande.<\/p>\n","protected":false},"featured_media":7944,"template":"","meta":{"ocean_post_layout":"","ocean_both_sidebars_style":"","ocean_both_sidebars_content_width":0,"ocean_both_sidebars_sidebars_width":0,"ocean_sidebar":"0","ocean_second_sidebar":"0","ocean_disable_margins":"enable","ocean_add_body_class":"","ocean_shortcode_before_top_bar":"","ocean_shortcode_after_top_bar":"","ocean_shortcode_before_header":"","ocean_shortcode_after_header":"","ocean_has_shortcode":"","ocean_shortcode_after_title":"","ocean_shortcode_before_footer_widgets":"","ocean_shortcode_after_footer_widgets":"","ocean_shortcode_before_footer_bottom":"","ocean_shortcode_after_footer_bottom":"","ocean_display_top_bar":"default","ocean_display_header":"default","ocean_header_style":"","ocean_center_header_left_menu":"0","ocean_custom_header_template":"0","ocean_custom_logo":0,"ocean_custom_retina_logo":0,"ocean_custom_logo_max_width":0,"ocean_custom_logo_tablet_max_width":0,"ocean_custom_logo_mobile_max_width":0,"ocean_custom_logo_max_height":0,"ocean_custom_logo_tablet_max_height":0,"ocean_custom_logo_mobile_max_height":0,"ocean_header_custom_menu":"0","ocean_menu_typo_font_family":"0","ocean_menu_typo_font_subset":"","ocean_menu_typo_font_size":0,"ocean_menu_typo_font_size_tablet":0,"ocean_menu_typo_font_size_mobile":0,"ocean_menu_typo_font_size_unit":"px","ocean_menu_typo_font_weight":"","ocean_menu_typo_font_weight_tablet":"","ocean_menu_typo_font_weight_mobile":"","ocean_menu_typo_transform":"","ocean_menu_typo_transform_tablet":"","ocean_menu_typo_transform_mobile":"","ocean_menu_typo_line_height":0,"ocean_menu_typo_line_height_tablet":0,"ocean_menu_typo_line_height_mobile":0,"ocean_menu_typo_line_height_unit":"","ocean_menu_typo_spacing":0,"ocean_menu_typo_spacing_tablet":0,"ocean_menu_typo_spacing_mobile":0,"ocean_menu_typo_spacing_unit":"","ocean_menu_link_color":"","ocean_menu_link_color_hover":"","ocean_menu_link_color_active":"","ocean_menu_link_background":"","ocean_menu_link_hover_background":"","ocean_menu_link_active_background":"","ocean_menu_social_links_bg":"","ocean_menu_social_hover_links_bg":"","ocean_menu_social_links_color":"","ocean_menu_social_hover_links_color":"","ocean_disable_title":"default","ocean_disable_heading":"default","ocean_post_title":"","ocean_post_subheading":"","ocean_post_title_style":"","ocean_post_title_background_color":"","ocean_post_title_background":0,"ocean_post_title_bg_image_position":"","ocean_post_title_bg_image_attachment":"","ocean_post_title_bg_image_repeat":"","ocean_post_title_bg_image_size":"","ocean_post_title_height":0,"ocean_post_title_bg_overlay":0.5,"ocean_post_title_bg_overlay_color":"","ocean_disable_breadcrumbs":"default","ocean_breadcrumbs_color":"","ocean_breadcrumbs_separator_color":"","ocean_breadcrumbs_links_color":"","ocean_breadcrumbs_links_hover_color":"","ocean_display_footer_widgets":"default","ocean_display_footer_bottom":"default","ocean_custom_footer_template":"0"},"product_brand":[610],"product_cat":[144,146,524,176],"product_tag":[],"class_list":{"0":"post-7941","1":"product","2":"type-product","3":"status-publish","4":"has-post-thumbnail","6":"product_brand-editions-francois-dhalmann","7":"product_cat-methode-percussion","8":"product_cat-multipercussion","9":"product_cat-pigeard-erick","10":"product_cat-solo","11":"pa_difficulte-facile","13":"entry","14":"has-media","16":"first","17":"instock","18":"taxable","19":"shipping-taxable","20":"purchasable","21":"product-type-variable","22":"add-to-wishlist-before_image","23":"has-product-nav","24":"col","25":"span_1_of_4","26":"owp-content-center","27":"owp-thumbs-layout-horizontal","28":"owp-btn-normal","29":"owp-tabs-layout-horizontal"},"yoast_head":"<!-- This site is optimized with the Yoast SEO plugin v27.5 - https:\/\/yoast.com\/product\/yoast-seo-wordpress\/ -->\n<title>L&#039;Apprenti Rythmik - Erick Pigeard - Editions Fran\u00e7ois Dhalmann<\/title>\n<meta name=\"description\" content=\"12 pi\u00e8ces avec accompagnement audio pour apprendre le rythme \u00e0 la percussion. Partition au format imprim\u00e9 ou en t\u00e9l\u00e9chargement imm\u00e9diat.\" \/>\n<meta name=\"robots\" content=\"index, follow, max-snippet:-1, max-image-preview:large, max-video-preview:-1\" \/>\n<link rel=\"canonical\" href=\"https:\/\/dhalmann.fr\/music\/produit\/apprenti-rythmik-erick-pigeard\/\" \/>\n<meta property=\"og:locale\" content=\"fr_FR\" \/>\n<meta property=\"og:type\" content=\"article\" \/>\n<meta property=\"og:title\" content=\"L&#039;Apprenti Rythmik - Erick Pigeard - Editions Fran\u00e7ois Dhalmann\" \/>\n<meta property=\"og:description\" content=\"12 pi\u00e8ces avec accompagnement audio pour apprendre le rythme \u00e0 la percussion. Partition au format imprim\u00e9 ou en t\u00e9l\u00e9chargement imm\u00e9diat.\" \/>\n<meta property=\"og:url\" content=\"https:\/\/dhalmann.fr\/music\/produit\/apprenti-rythmik-erick-pigeard\/\" \/>\n<meta property=\"og:site_name\" content=\"Editions Fran\u00e7ois Dhalmann\" \/>\n<meta property=\"article:publisher\" content=\"https:\/\/www.facebook.com\/EditionsDhalmann\/\" \/>\n<meta property=\"article:modified_time\" content=\"2025-09-02T14:05:14+00:00\" \/>\n<meta property=\"og:image\" content=\"https:\/\/dhalmann.fr\/music\/wp-content\/uploads\/2022\/03\/FD0782_apprenti_rythmik.jpg\" \/>\n\t<meta property=\"og:image:width\" content=\"724\" \/>\n\t<meta property=\"og:image:height\" content=\"1024\" \/>\n\t<meta property=\"og:image:type\" content=\"image\/jpeg\" \/>\n<meta name=\"twitter:card\" content=\"summary_large_image\" \/>\n<meta name=\"twitter:site\" content=\"@editiondhalmann\" \/>\n<meta name=\"twitter:label1\" content=\"Dur\u00e9e de lecture estim\u00e9e\" \/>\n\t<meta name=\"twitter:data1\" content=\"2 minutes\" \/>\n<script type=\"application\/ld+json\" class=\"yoast-schema-graph\">{\"@context\":\"https:\\\/\\\/schema.org\",\"@graph\":[{\"@type\":\"WebPage\",\"@id\":\"https:\\\/\\\/dhalmann.fr\\\/music\\\/produit\\\/apprenti-rythmik-erick-pigeard\\\/\",\"url\":\"https:\\\/\\\/dhalmann.fr\\\/music\\\/produit\\\/apprenti-rythmik-erick-pigeard\\\/\",\"name\":\"L'Apprenti Rythmik - Erick Pigeard - Editions Fran\u00e7ois Dhalmann\",\"isPartOf\":{\"@id\":\"https:\\\/\\\/dhalmann.fr\\\/music\\\/#website\"},\"primaryImageOfPage\":{\"@id\":\"https:\\\/\\\/dhalmann.fr\\\/music\\\/produit\\\/apprenti-rythmik-erick-pigeard\\\/#primaryimage\"},\"image\":{\"@id\":\"https:\\\/\\\/dhalmann.fr\\\/music\\\/produit\\\/apprenti-rythmik-erick-pigeard\\\/#primaryimage\"},\"thumbnailUrl\":\"https:\\\/\\\/dhalmann.fr\\\/music\\\/wp-content\\\/uploads\\\/2022\\\/03\\\/FD0782_apprenti_rythmik.jpg\",\"datePublished\":\"2022-03-23T15:31:13+00:00\",\"dateModified\":\"2025-09-02T14:05:14+00:00\",\"description\":\"12 pi\u00e8ces avec accompagnement audio pour apprendre le rythme \u00e0 la percussion. Partition au format imprim\u00e9 ou en t\u00e9l\u00e9chargement imm\u00e9diat.\",\"breadcrumb\":{\"@id\":\"https:\\\/\\\/dhalmann.fr\\\/music\\\/produit\\\/apprenti-rythmik-erick-pigeard\\\/#breadcrumb\"},\"inLanguage\":\"fr-FR\",\"potentialAction\":[{\"@type\":\"ReadAction\",\"target\":[\"https:\\\/\\\/dhalmann.fr\\\/music\\\/produit\\\/apprenti-rythmik-erick-pigeard\\\/\"]}]},{\"@type\":\"ImageObject\",\"inLanguage\":\"fr-FR\",\"@id\":\"https:\\\/\\\/dhalmann.fr\\\/music\\\/produit\\\/apprenti-rythmik-erick-pigeard\\\/#primaryimage\",\"url\":\"https:\\\/\\\/dhalmann.fr\\\/music\\\/wp-content\\\/uploads\\\/2022\\\/03\\\/FD0782_apprenti_rythmik.jpg\",\"contentUrl\":\"https:\\\/\\\/dhalmann.fr\\\/music\\\/wp-content\\\/uploads\\\/2022\\\/03\\\/FD0782_apprenti_rythmik.jpg\",\"width\":724,\"height\":1024,\"caption\":\"L'apprenti Rythmik\"},{\"@type\":\"BreadcrumbList\",\"@id\":\"https:\\\/\\\/dhalmann.fr\\\/music\\\/produit\\\/apprenti-rythmik-erick-pigeard\\\/#breadcrumb\",\"itemListElement\":[{\"@type\":\"ListItem\",\"position\":1,\"name\":\"Home\",\"item\":\"https:\\\/\\\/dhalmann.fr\\\/music\\\/\"},{\"@type\":\"ListItem\",\"position\":2,\"name\":\"Boutique\",\"item\":\"https:\\\/\\\/dhalmann.fr\\\/music\\\/boutique\\\/\"},{\"@type\":\"ListItem\",\"position\":3,\"name\":\"L&#8217;Apprenti Rythmik &#8211; Erick Pigeard\"}]},{\"@type\":\"WebSite\",\"@id\":\"https:\\\/\\\/dhalmann.fr\\\/music\\\/#website\",\"url\":\"https:\\\/\\\/dhalmann.fr\\\/music\\\/\",\"name\":\"Editions Fran\u00e7ois Dhalmann\",\"description\":\"Partitions musicales des Editions Dhalmann pour tous les instruments - Percussion, piano, cordes, vents, ensemble, orchestre et bien plus\",\"publisher\":{\"@id\":\"https:\\\/\\\/dhalmann.fr\\\/music\\\/#organization\"},\"alternateName\":\"Dhalmann\",\"potentialAction\":[{\"@type\":\"SearchAction\",\"target\":{\"@type\":\"EntryPoint\",\"urlTemplate\":\"https:\\\/\\\/dhalmann.fr\\\/music\\\/?s={search_term_string}\"},\"query-input\":{\"@type\":\"PropertyValueSpecification\",\"valueRequired\":true,\"valueName\":\"search_term_string\"}}],\"inLanguage\":\"fr-FR\"},{\"@type\":\"Organization\",\"@id\":\"https:\\\/\\\/dhalmann.fr\\\/music\\\/#organization\",\"name\":\"Editions Francois Dhalmann\",\"alternateName\":\"Dhalmann\",\"url\":\"https:\\\/\\\/dhalmann.fr\\\/music\\\/\",\"logo\":{\"@type\":\"ImageObject\",\"inLanguage\":\"fr-FR\",\"@id\":\"https:\\\/\\\/dhalmann.fr\\\/music\\\/#\\\/schema\\\/logo\\\/image\\\/\",\"url\":\"https:\\\/\\\/dhalmann.fr\\\/music\\\/wp-content\\\/uploads\\\/2021\\\/07\\\/editions-francois-dhalmann-1397749175.jpg\",\"contentUrl\":\"https:\\\/\\\/dhalmann.fr\\\/music\\\/wp-content\\\/uploads\\\/2021\\\/07\\\/editions-francois-dhalmann-1397749175.jpg\",\"width\":559,\"height\":354,\"caption\":\"Editions Francois Dhalmann\"},\"image\":{\"@id\":\"https:\\\/\\\/dhalmann.fr\\\/music\\\/#\\\/schema\\\/logo\\\/image\\\/\"},\"sameAs\":[\"https:\\\/\\\/www.facebook.com\\\/EditionsDhalmann\\\/\",\"https:\\\/\\\/x.com\\\/editiondhalmann\",\"https:\\\/\\\/www.youtube.com\\\/channel\\\/UCZdGOJXKqg6ByF1pQloitAg\"]}]}<\/script>\n<!-- \/ Yoast SEO plugin. -->","yoast_head_json":{"title":"L'Apprenti Rythmik - Erick Pigeard - Editions Fran\u00e7ois Dhalmann","description":"12 pi\u00e8ces avec accompagnement audio pour apprendre le rythme \u00e0 la percussion. Partition au format imprim\u00e9 ou en t\u00e9l\u00e9chargement imm\u00e9diat.","robots":{"index":"index","follow":"follow","max-snippet":"max-snippet:-1","max-image-preview":"max-image-preview:large","max-video-preview":"max-video-preview:-1"},"canonical":"https:\/\/dhalmann.fr\/music\/produit\/apprenti-rythmik-erick-pigeard\/","og_locale":"fr_FR","og_type":"article","og_title":"L'Apprenti Rythmik - Erick Pigeard - Editions Fran\u00e7ois Dhalmann","og_description":"12 pi\u00e8ces avec accompagnement audio pour apprendre le rythme \u00e0 la percussion. Partition au format imprim\u00e9 ou en t\u00e9l\u00e9chargement imm\u00e9diat.","og_url":"https:\/\/dhalmann.fr\/music\/produit\/apprenti-rythmik-erick-pigeard\/","og_site_name":"Editions Fran\u00e7ois Dhalmann","article_publisher":"https:\/\/www.facebook.com\/EditionsDhalmann\/","article_modified_time":"2025-09-02T14:05:14+00:00","og_image":[{"width":724,"height":1024,"url":"https:\/\/dhalmann.fr\/music\/wp-content\/uploads\/2022\/03\/FD0782_apprenti_rythmik.jpg","type":"image\/jpeg"}],"twitter_card":"summary_large_image","twitter_site":"@editiondhalmann","twitter_misc":{"Dur\u00e9e de lecture estim\u00e9e":"2 minutes"},"schema":{"@context":"https:\/\/schema.org","@graph":[{"@type":"WebPage","@id":"https:\/\/dhalmann.fr\/music\/produit\/apprenti-rythmik-erick-pigeard\/","url":"https:\/\/dhalmann.fr\/music\/produit\/apprenti-rythmik-erick-pigeard\/","name":"L'Apprenti Rythmik - Erick Pigeard - Editions Fran\u00e7ois Dhalmann","isPartOf":{"@id":"https:\/\/dhalmann.fr\/music\/#website"},"primaryImageOfPage":{"@id":"https:\/\/dhalmann.fr\/music\/produit\/apprenti-rythmik-erick-pigeard\/#primaryimage"},"image":{"@id":"https:\/\/dhalmann.fr\/music\/produit\/apprenti-rythmik-erick-pigeard\/#primaryimage"},"thumbnailUrl":"https:\/\/dhalmann.fr\/music\/wp-content\/uploads\/2022\/03\/FD0782_apprenti_rythmik.jpg","datePublished":"2022-03-23T15:31:13+00:00","dateModified":"2025-09-02T14:05:14+00:00","description":"12 pi\u00e8ces avec accompagnement audio pour apprendre le rythme \u00e0 la percussion. Partition au format imprim\u00e9 ou en t\u00e9l\u00e9chargement imm\u00e9diat.","breadcrumb":{"@id":"https:\/\/dhalmann.fr\/music\/produit\/apprenti-rythmik-erick-pigeard\/#breadcrumb"},"inLanguage":"fr-FR","potentialAction":[{"@type":"ReadAction","target":["https:\/\/dhalmann.fr\/music\/produit\/apprenti-rythmik-erick-pigeard\/"]}]},{"@type":"ImageObject","inLanguage":"fr-FR","@id":"https:\/\/dhalmann.fr\/music\/produit\/apprenti-rythmik-erick-pigeard\/#primaryimage","url":"https:\/\/dhalmann.fr\/music\/wp-content\/uploads\/2022\/03\/FD0782_apprenti_rythmik.jpg","contentUrl":"https:\/\/dhalmann.fr\/music\/wp-content\/uploads\/2022\/03\/FD0782_apprenti_rythmik.jpg","width":724,"height":1024,"caption":"L'apprenti Rythmik"},{"@type":"BreadcrumbList","@id":"https:\/\/dhalmann.fr\/music\/produit\/apprenti-rythmik-erick-pigeard\/#breadcrumb","itemListElement":[{"@type":"ListItem","position":1,"name":"Home","item":"https:\/\/dhalmann.fr\/music\/"},{"@type":"ListItem","position":2,"name":"Boutique","item":"https:\/\/dhalmann.fr\/music\/boutique\/"},{"@type":"ListItem","position":3,"name":"L&#8217;Apprenti Rythmik &#8211; Erick Pigeard"}]},{"@type":"WebSite","@id":"https:\/\/dhalmann.fr\/music\/#website","url":"https:\/\/dhalmann.fr\/music\/","name":"Editions Fran\u00e7ois Dhalmann","description":"Partitions musicales des Editions Dhalmann pour tous les instruments - Percussion, piano, cordes, vents, ensemble, orchestre et bien plus","publisher":{"@id":"https:\/\/dhalmann.fr\/music\/#organization"},"alternateName":"Dhalmann","potentialAction":[{"@type":"SearchAction","target":{"@type":"EntryPoint","urlTemplate":"https:\/\/dhalmann.fr\/music\/?s={search_term_string}"},"query-input":{"@type":"PropertyValueSpecification","valueRequired":true,"valueName":"search_term_string"}}],"inLanguage":"fr-FR"},{"@type":"Organization","@id":"https:\/\/dhalmann.fr\/music\/#organization","name":"Editions Francois Dhalmann","alternateName":"Dhalmann","url":"https:\/\/dhalmann.fr\/music\/","logo":{"@type":"ImageObject","inLanguage":"fr-FR","@id":"https:\/\/dhalmann.fr\/music\/#\/schema\/logo\/image\/","url":"https:\/\/dhalmann.fr\/music\/wp-content\/uploads\/2021\/07\/editions-francois-dhalmann-1397749175.jpg","contentUrl":"https:\/\/dhalmann.fr\/music\/wp-content\/uploads\/2021\/07\/editions-francois-dhalmann-1397749175.jpg","width":559,"height":354,"caption":"Editions Francois Dhalmann"},"image":{"@id":"https:\/\/dhalmann.fr\/music\/#\/schema\/logo\/image\/"},"sameAs":["https:\/\/www.facebook.com\/EditionsDhalmann\/","https:\/\/x.com\/editiondhalmann","https:\/\/www.youtube.com\/channel\/UCZdGOJXKqg6ByF1pQloitAg"]}]}},"_links":{"self":[{"href":"https:\/\/dhalmann.fr\/music\/wp-json\/wp\/v2\/product\/7941","targetHints":{"allow":["GET"]}}],"collection":[{"href":"https:\/\/dhalmann.fr\/music\/wp-json\/wp\/v2\/product"}],"about":[{"href":"https:\/\/dhalmann.fr\/music\/wp-json\/wp\/v2\/types\/product"}],"wp:featuredmedia":[{"embeddable":true,"href":"https:\/\/dhalmann.fr\/music\/wp-json\/wp\/v2\/media\/7944"}],"wp:attachment":[{"href":"https:\/\/dhalmann.fr\/music\/wp-json\/wp\/v2\/media?parent=7941"}],"wp:term":[{"taxonomy":"product_brand","embeddable":true,"href":"https:\/\/dhalmann.fr\/music\/wp-json\/wp\/v2\/product_brand?post=7941"},{"taxonomy":"product_cat","embeddable":true,"href":"https:\/\/dhalmann.fr\/music\/wp-json\/wp\/v2\/product_cat?post=7941"},{"taxonomy":"product_tag","embeddable":true,"href":"https:\/\/dhalmann.fr\/music\/wp-json\/wp\/v2\/product_tag?post=7941"}],"curies":[{"name":"wp","href":"https:\/\/api.w.org\/{rel}","templated":true}]}}