{"id":9973,"date":"2023-10-17T18:07:03","date_gmt":"2023-10-17T16:07:03","guid":{"rendered":"https:\/\/dhalmann.fr\/music\/?post_type=product&#038;p=9973"},"modified":"2025-09-24T10:58:15","modified_gmt":"2025-09-24T08:58:15","slug":"quatre-facons-de-decrire-le-rock-bruno-giner","status":"publish","type":"product","link":"https:\/\/dhalmann.fr\/music\/produit\/quatre-facons-de-decrire-le-rock-bruno-giner\/","title":{"rendered":"Quatre fa\u00e7ons de d\u00e9crire le rock &#8211; Bruno Giner"},"content":{"rendered":"<h2>Quatre fa\u00e7ons de d\u00e9crire le rock &#8211; <a href=\"https:\/\/dhalmann.fr\/music\/product-category\/auteurs\/giner-bruno\/\">Bruno Giner<\/a><\/h2>\n<p>Partition pour orchestre \u00e0 plectre. Mat\u00e9riel complet, conducteur et parties s\u00e9par\u00e9es.<\/p>\n<p><u>Effectif\u00a0: <\/u><\/p>\n<p>Mandolines 1, 2 &amp; 3<\/p>\n<p>Mandoles 1 &amp; 2<\/p>\n<p>Mandoloncelle<\/p>\n<p>Guitare 1, 2, 3 &amp; 4<\/p>\n<p>Contrebasse<\/p>\n<p>Le titre de l\u2019\u0153uvre est une allusion \u00e0 l\u2019\u0153uvre d\u2019exil du compositeur allemand Hanns Eisler\u00a0: <em>Quatorze mani\u00e8res de d\u00e9crire la pluie<\/em>. En quatre mouvements la pi\u00e8ce puise sa source d\u2019inspiration, non dans la pluie mais dans la culture rock des ann\u00e9es 1970\/80, tentative de revisiter diff\u00e9rentes facettes de cette expression musicale populaire et d\u2019en d\u00e9gager quelques arch\u00e9types\u00a0: forme, rythme, \u00e9nergie, distorsion du son, stabilit\u00e9 harmonique\u2026<\/p>\n<ul>\n<li><em>Electric Rhapsodie<\/em>: ce premier mouvement est bas\u00e9 principalement sur l\u2019\u00e9nergie et la distorsion du son<\/li>\n<li><em>Gypsy Rock<\/em>: de style m\u00e9tiss\u00e9, c\u2019est une sorte d\u2019ostinato construit sur une basse traditionnelle de rock superpos\u00e9 \u00e0 un rythme global de rumba gitane. Quelques onomatop\u00e9es vocales ponctuent ce mouvement, comme une allusion aux diff\u00e9rentes cymbales de batterie (ride, crash et charleston).<\/li>\n<li><em>Nathalie\u2019s Ballad Forever<\/em>: de facture plus intimiste (8 instruments solistes), il s\u2019agit l\u00e0 d\u2019une sorte de blues dans la pure tradition de la ballade.<\/li>\n<li><em>Funky-jazz<\/em>: librement inspir\u00e9 du jazz-rock, la rythmique de d\u00e9part (contrebasse et guitares \u00e9touff\u00e9es) est la r\u00e9\u00e9criture d\u2019un set de batterie. La rythmique qui sous-tend l\u2019int\u00e9gralit\u00e9 du mouvement est tr\u00e8s \u00ab\u00a0funky\u00a0\u00bb\u00a0: rythme, \u00e9nergie et virtuosit\u00e9 sont au rendez-vous.<\/li>\n<\/ul>\n<p><iframe title=\"deezer-widget\" src=\"https:\/\/widget.deezer.com\/widget\/dark\/track\/2137721307\" width=\"100%\" height=\"150\" frameborder=\"0\"><\/iframe><\/p>\n","protected":false},"excerpt":{"rendered":"<h2>Quatre fa\u00e7ons de d\u00e9crire le rock &#8211; <a href=\"https:\/\/dhalmann.fr\/music\/product-category\/auteurs\/giner-bruno\/\">Bruno Giner<\/a><\/h2>\n<p>Partition pour orchestre \u00e0 plectre. Mat\u00e9riel complet, conducteur et parties s\u00e9par\u00e9es.<\/p>\n","protected":false},"featured_media":9974,"template":"","meta":{"ocean_post_layout":"","ocean_both_sidebars_style":"","ocean_both_sidebars_content_width":0,"ocean_both_sidebars_sidebars_width":0,"ocean_sidebar":"0","ocean_second_sidebar":"0","ocean_disable_margins":"enable","ocean_add_body_class":"","ocean_shortcode_before_top_bar":"","ocean_shortcode_after_top_bar":"","ocean_shortcode_before_header":"","ocean_shortcode_after_header":"","ocean_has_shortcode":"","ocean_shortcode_after_title":"","ocean_shortcode_before_footer_widgets":"","ocean_shortcode_after_footer_widgets":"","ocean_shortcode_before_footer_bottom":"","ocean_shortcode_after_footer_bottom":"","ocean_display_top_bar":"default","ocean_display_header":"default","ocean_header_style":"","ocean_center_header_left_menu":"0","ocean_custom_header_template":"0","ocean_custom_logo":0,"ocean_custom_retina_logo":0,"ocean_custom_logo_max_width":0,"ocean_custom_logo_tablet_max_width":0,"ocean_custom_logo_mobile_max_width":0,"ocean_custom_logo_max_height":0,"ocean_custom_logo_tablet_max_height":0,"ocean_custom_logo_mobile_max_height":0,"ocean_header_custom_menu":"0","ocean_menu_typo_font_family":"0","ocean_menu_typo_font_subset":"","ocean_menu_typo_font_size":0,"ocean_menu_typo_font_size_tablet":0,"ocean_menu_typo_font_size_mobile":0,"ocean_menu_typo_font_size_unit":"px","ocean_menu_typo_font_weight":"","ocean_menu_typo_font_weight_tablet":"","ocean_menu_typo_font_weight_mobile":"","ocean_menu_typo_transform":"","ocean_menu_typo_transform_tablet":"","ocean_menu_typo_transform_mobile":"","ocean_menu_typo_line_height":0,"ocean_menu_typo_line_height_tablet":0,"ocean_menu_typo_line_height_mobile":0,"ocean_menu_typo_line_height_unit":"","ocean_menu_typo_spacing":0,"ocean_menu_typo_spacing_tablet":0,"ocean_menu_typo_spacing_mobile":0,"ocean_menu_typo_spacing_unit":"","ocean_menu_link_color":"","ocean_menu_link_color_hover":"","ocean_menu_link_color_active":"","ocean_menu_link_background":"","ocean_menu_link_hover_background":"","ocean_menu_link_active_background":"","ocean_menu_social_links_bg":"","ocean_menu_social_hover_links_bg":"","ocean_menu_social_links_color":"","ocean_menu_social_hover_links_color":"","ocean_disable_title":"default","ocean_disable_heading":"default","ocean_post_title":"","ocean_post_subheading":"","ocean_post_title_style":"","ocean_post_title_background_color":"","ocean_post_title_background":0,"ocean_post_title_bg_image_position":"","ocean_post_title_bg_image_attachment":"","ocean_post_title_bg_image_repeat":"","ocean_post_title_bg_image_size":"","ocean_post_title_height":0,"ocean_post_title_bg_overlay":0.5,"ocean_post_title_bg_overlay_color":"","ocean_disable_breadcrumbs":"default","ocean_breadcrumbs_color":"","ocean_breadcrumbs_separator_color":"","ocean_breadcrumbs_links_color":"","ocean_breadcrumbs_links_hover_color":"","ocean_display_footer_widgets":"default","ocean_display_footer_bottom":"default","ocean_custom_footer_template":"0"},"product_brand":[610],"product_cat":[36,183,134,624,136,645],"product_tag":[],"class_list":{"0":"post-9973","1":"product","2":"type-product","3":"status-publish","4":"has-post-thumbnail","6":"product_brand-editions-francois-dhalmann","7":"product_cat-giner-bruno","8":"product_cat-grand-ensemble","9":"product_cat-guitare","10":"product_cat-mandoline","11":"product_cat-orchestre","12":"product_cat-orchestre-plectre","13":"pa_difficulte-difficile","15":"entry","16":"has-media","18":"first","19":"instock","20":"taxable","21":"shipping-taxable","22":"purchasable","23":"product-type-variable","24":"add-to-wishlist-before_image","25":"has-product-nav","26":"col","27":"span_1_of_4","28":"owp-content-center","29":"owp-thumbs-layout-horizontal","30":"owp-btn-normal","31":"owp-tabs-layout-horizontal"},"yoast_head":"<!-- This site is optimized with the Yoast SEO plugin v27.5 - https:\/\/yoast.com\/product\/yoast-seo-wordpress\/ -->\n<title>Quatre fa\u00e7ons de d\u00e9crire le rock - Bruno Giner - Editions Fran\u00e7ois Dhalmann<\/title>\n<meta name=\"description\" content=\"Partition contemporaine pour orchestre \u00e0 plectre en 4 mouvements : Electric Rhapsodie, Gypsy Rock, Nathalie&#039;s Ballad Forever, Funky-Jazz.\" \/>\n<meta name=\"robots\" content=\"index, follow, max-snippet:-1, max-image-preview:large, max-video-preview:-1\" \/>\n<link rel=\"canonical\" href=\"https:\/\/dhalmann.fr\/music\/produit\/quatre-facons-de-decrire-le-rock-bruno-giner\/\" \/>\n<meta property=\"og:locale\" content=\"fr_FR\" \/>\n<meta property=\"og:type\" content=\"article\" \/>\n<meta property=\"og:title\" content=\"Quatre fa\u00e7ons de d\u00e9crire le rock - Bruno Giner - Editions Fran\u00e7ois Dhalmann\" \/>\n<meta property=\"og:description\" content=\"Partition contemporaine pour orchestre \u00e0 plectre en 4 mouvements : Electric Rhapsodie, Gypsy Rock, Nathalie&#039;s Ballad Forever, Funky-Jazz.\" \/>\n<meta property=\"og:url\" content=\"https:\/\/dhalmann.fr\/music\/produit\/quatre-facons-de-decrire-le-rock-bruno-giner\/\" \/>\n<meta property=\"og:site_name\" content=\"Editions Fran\u00e7ois Dhalmann\" \/>\n<meta property=\"article:publisher\" content=\"https:\/\/www.facebook.com\/EditionsDhalmann\/\" \/>\n<meta property=\"article:modified_time\" content=\"2025-09-24T08:58:15+00:00\" \/>\n<meta property=\"og:image\" content=\"https:\/\/dhalmann.fr\/music\/wp-content\/uploads\/2023\/10\/FD0799_Quatre_facons.webp\" \/>\n\t<meta property=\"og:image:width\" content=\"724\" \/>\n\t<meta property=\"og:image:height\" content=\"1024\" \/>\n\t<meta property=\"og:image:type\" content=\"image\/webp\" \/>\n<meta name=\"twitter:card\" content=\"summary_large_image\" \/>\n<meta name=\"twitter:site\" content=\"@editiondhalmann\" \/>\n<meta name=\"twitter:label1\" content=\"Dur\u00e9e de lecture estim\u00e9e\" \/>\n\t<meta name=\"twitter:data1\" content=\"1 minute\" \/>\n<script type=\"application\/ld+json\" class=\"yoast-schema-graph\">{\"@context\":\"https:\\\/\\\/schema.org\",\"@graph\":[{\"@type\":\"WebPage\",\"@id\":\"https:\\\/\\\/dhalmann.fr\\\/music\\\/produit\\\/quatre-facons-de-decrire-le-rock-bruno-giner\\\/\",\"url\":\"https:\\\/\\\/dhalmann.fr\\\/music\\\/produit\\\/quatre-facons-de-decrire-le-rock-bruno-giner\\\/\",\"name\":\"Quatre fa\u00e7ons de d\u00e9crire le rock - Bruno Giner - Editions Fran\u00e7ois Dhalmann\",\"isPartOf\":{\"@id\":\"https:\\\/\\\/dhalmann.fr\\\/music\\\/#website\"},\"primaryImageOfPage\":{\"@id\":\"https:\\\/\\\/dhalmann.fr\\\/music\\\/produit\\\/quatre-facons-de-decrire-le-rock-bruno-giner\\\/#primaryimage\"},\"image\":{\"@id\":\"https:\\\/\\\/dhalmann.fr\\\/music\\\/produit\\\/quatre-facons-de-decrire-le-rock-bruno-giner\\\/#primaryimage\"},\"thumbnailUrl\":\"https:\\\/\\\/dhalmann.fr\\\/music\\\/wp-content\\\/uploads\\\/2023\\\/10\\\/FD0799_Quatre_facons.webp\",\"datePublished\":\"2023-10-17T16:07:03+00:00\",\"dateModified\":\"2025-09-24T08:58:15+00:00\",\"description\":\"Partition contemporaine pour orchestre \u00e0 plectre en 4 mouvements : Electric Rhapsodie, Gypsy Rock, Nathalie's Ballad Forever, Funky-Jazz.\",\"breadcrumb\":{\"@id\":\"https:\\\/\\\/dhalmann.fr\\\/music\\\/produit\\\/quatre-facons-de-decrire-le-rock-bruno-giner\\\/#breadcrumb\"},\"inLanguage\":\"fr-FR\",\"potentialAction\":[{\"@type\":\"ReadAction\",\"target\":[\"https:\\\/\\\/dhalmann.fr\\\/music\\\/produit\\\/quatre-facons-de-decrire-le-rock-bruno-giner\\\/\"]}]},{\"@type\":\"ImageObject\",\"inLanguage\":\"fr-FR\",\"@id\":\"https:\\\/\\\/dhalmann.fr\\\/music\\\/produit\\\/quatre-facons-de-decrire-le-rock-bruno-giner\\\/#primaryimage\",\"url\":\"https:\\\/\\\/dhalmann.fr\\\/music\\\/wp-content\\\/uploads\\\/2023\\\/10\\\/FD0799_Quatre_facons.webp\",\"contentUrl\":\"https:\\\/\\\/dhalmann.fr\\\/music\\\/wp-content\\\/uploads\\\/2023\\\/10\\\/FD0799_Quatre_facons.webp\",\"width\":724,\"height\":1024,\"caption\":\"Quatre fa\u00e7ons de d\u00e9crire le rock\"},{\"@type\":\"BreadcrumbList\",\"@id\":\"https:\\\/\\\/dhalmann.fr\\\/music\\\/produit\\\/quatre-facons-de-decrire-le-rock-bruno-giner\\\/#breadcrumb\",\"itemListElement\":[{\"@type\":\"ListItem\",\"position\":1,\"name\":\"Home\",\"item\":\"https:\\\/\\\/dhalmann.fr\\\/music\\\/\"},{\"@type\":\"ListItem\",\"position\":2,\"name\":\"Boutique\",\"item\":\"https:\\\/\\\/dhalmann.fr\\\/music\\\/boutique\\\/\"},{\"@type\":\"ListItem\",\"position\":3,\"name\":\"Quatre fa\u00e7ons de d\u00e9crire le rock &#8211; Bruno Giner\"}]},{\"@type\":\"WebSite\",\"@id\":\"https:\\\/\\\/dhalmann.fr\\\/music\\\/#website\",\"url\":\"https:\\\/\\\/dhalmann.fr\\\/music\\\/\",\"name\":\"Editions Fran\u00e7ois Dhalmann\",\"description\":\"Partitions musicales des Editions Dhalmann pour tous les instruments - Percussion, piano, cordes, vents, ensemble, orchestre et bien plus\",\"publisher\":{\"@id\":\"https:\\\/\\\/dhalmann.fr\\\/music\\\/#organization\"},\"alternateName\":\"Dhalmann\",\"potentialAction\":[{\"@type\":\"SearchAction\",\"target\":{\"@type\":\"EntryPoint\",\"urlTemplate\":\"https:\\\/\\\/dhalmann.fr\\\/music\\\/?s={search_term_string}\"},\"query-input\":{\"@type\":\"PropertyValueSpecification\",\"valueRequired\":true,\"valueName\":\"search_term_string\"}}],\"inLanguage\":\"fr-FR\"},{\"@type\":\"Organization\",\"@id\":\"https:\\\/\\\/dhalmann.fr\\\/music\\\/#organization\",\"name\":\"Editions Francois Dhalmann\",\"alternateName\":\"Dhalmann\",\"url\":\"https:\\\/\\\/dhalmann.fr\\\/music\\\/\",\"logo\":{\"@type\":\"ImageObject\",\"inLanguage\":\"fr-FR\",\"@id\":\"https:\\\/\\\/dhalmann.fr\\\/music\\\/#\\\/schema\\\/logo\\\/image\\\/\",\"url\":\"https:\\\/\\\/dhalmann.fr\\\/music\\\/wp-content\\\/uploads\\\/2021\\\/07\\\/editions-francois-dhalmann-1397749175.jpg\",\"contentUrl\":\"https:\\\/\\\/dhalmann.fr\\\/music\\\/wp-content\\\/uploads\\\/2021\\\/07\\\/editions-francois-dhalmann-1397749175.jpg\",\"width\":559,\"height\":354,\"caption\":\"Editions Francois Dhalmann\"},\"image\":{\"@id\":\"https:\\\/\\\/dhalmann.fr\\\/music\\\/#\\\/schema\\\/logo\\\/image\\\/\"},\"sameAs\":[\"https:\\\/\\\/www.facebook.com\\\/EditionsDhalmann\\\/\",\"https:\\\/\\\/x.com\\\/editiondhalmann\",\"https:\\\/\\\/www.youtube.com\\\/channel\\\/UCZdGOJXKqg6ByF1pQloitAg\"]}]}<\/script>\n<!-- \/ Yoast SEO plugin. -->","yoast_head_json":{"title":"Quatre fa\u00e7ons de d\u00e9crire le rock - Bruno Giner - Editions Fran\u00e7ois Dhalmann","description":"Partition contemporaine pour orchestre \u00e0 plectre en 4 mouvements : Electric Rhapsodie, Gypsy Rock, Nathalie's Ballad Forever, Funky-Jazz.","robots":{"index":"index","follow":"follow","max-snippet":"max-snippet:-1","max-image-preview":"max-image-preview:large","max-video-preview":"max-video-preview:-1"},"canonical":"https:\/\/dhalmann.fr\/music\/produit\/quatre-facons-de-decrire-le-rock-bruno-giner\/","og_locale":"fr_FR","og_type":"article","og_title":"Quatre fa\u00e7ons de d\u00e9crire le rock - Bruno Giner - Editions Fran\u00e7ois Dhalmann","og_description":"Partition contemporaine pour orchestre \u00e0 plectre en 4 mouvements : Electric Rhapsodie, Gypsy Rock, Nathalie's Ballad Forever, Funky-Jazz.","og_url":"https:\/\/dhalmann.fr\/music\/produit\/quatre-facons-de-decrire-le-rock-bruno-giner\/","og_site_name":"Editions Fran\u00e7ois Dhalmann","article_publisher":"https:\/\/www.facebook.com\/EditionsDhalmann\/","article_modified_time":"2025-09-24T08:58:15+00:00","og_image":[{"width":724,"height":1024,"url":"https:\/\/dhalmann.fr\/music\/wp-content\/uploads\/2023\/10\/FD0799_Quatre_facons.webp","type":"image\/webp"}],"twitter_card":"summary_large_image","twitter_site":"@editiondhalmann","twitter_misc":{"Dur\u00e9e de lecture estim\u00e9e":"1 minute"},"schema":{"@context":"https:\/\/schema.org","@graph":[{"@type":"WebPage","@id":"https:\/\/dhalmann.fr\/music\/produit\/quatre-facons-de-decrire-le-rock-bruno-giner\/","url":"https:\/\/dhalmann.fr\/music\/produit\/quatre-facons-de-decrire-le-rock-bruno-giner\/","name":"Quatre fa\u00e7ons de d\u00e9crire le rock - Bruno Giner - Editions Fran\u00e7ois Dhalmann","isPartOf":{"@id":"https:\/\/dhalmann.fr\/music\/#website"},"primaryImageOfPage":{"@id":"https:\/\/dhalmann.fr\/music\/produit\/quatre-facons-de-decrire-le-rock-bruno-giner\/#primaryimage"},"image":{"@id":"https:\/\/dhalmann.fr\/music\/produit\/quatre-facons-de-decrire-le-rock-bruno-giner\/#primaryimage"},"thumbnailUrl":"https:\/\/dhalmann.fr\/music\/wp-content\/uploads\/2023\/10\/FD0799_Quatre_facons.webp","datePublished":"2023-10-17T16:07:03+00:00","dateModified":"2025-09-24T08:58:15+00:00","description":"Partition contemporaine pour orchestre \u00e0 plectre en 4 mouvements : Electric Rhapsodie, Gypsy Rock, Nathalie's Ballad Forever, Funky-Jazz.","breadcrumb":{"@id":"https:\/\/dhalmann.fr\/music\/produit\/quatre-facons-de-decrire-le-rock-bruno-giner\/#breadcrumb"},"inLanguage":"fr-FR","potentialAction":[{"@type":"ReadAction","target":["https:\/\/dhalmann.fr\/music\/produit\/quatre-facons-de-decrire-le-rock-bruno-giner\/"]}]},{"@type":"ImageObject","inLanguage":"fr-FR","@id":"https:\/\/dhalmann.fr\/music\/produit\/quatre-facons-de-decrire-le-rock-bruno-giner\/#primaryimage","url":"https:\/\/dhalmann.fr\/music\/wp-content\/uploads\/2023\/10\/FD0799_Quatre_facons.webp","contentUrl":"https:\/\/dhalmann.fr\/music\/wp-content\/uploads\/2023\/10\/FD0799_Quatre_facons.webp","width":724,"height":1024,"caption":"Quatre fa\u00e7ons de d\u00e9crire le rock"},{"@type":"BreadcrumbList","@id":"https:\/\/dhalmann.fr\/music\/produit\/quatre-facons-de-decrire-le-rock-bruno-giner\/#breadcrumb","itemListElement":[{"@type":"ListItem","position":1,"name":"Home","item":"https:\/\/dhalmann.fr\/music\/"},{"@type":"ListItem","position":2,"name":"Boutique","item":"https:\/\/dhalmann.fr\/music\/boutique\/"},{"@type":"ListItem","position":3,"name":"Quatre fa\u00e7ons de d\u00e9crire le rock &#8211; Bruno Giner"}]},{"@type":"WebSite","@id":"https:\/\/dhalmann.fr\/music\/#website","url":"https:\/\/dhalmann.fr\/music\/","name":"Editions Fran\u00e7ois Dhalmann","description":"Partitions musicales des Editions Dhalmann pour tous les instruments - Percussion, piano, cordes, vents, ensemble, orchestre et bien plus","publisher":{"@id":"https:\/\/dhalmann.fr\/music\/#organization"},"alternateName":"Dhalmann","potentialAction":[{"@type":"SearchAction","target":{"@type":"EntryPoint","urlTemplate":"https:\/\/dhalmann.fr\/music\/?s={search_term_string}"},"query-input":{"@type":"PropertyValueSpecification","valueRequired":true,"valueName":"search_term_string"}}],"inLanguage":"fr-FR"},{"@type":"Organization","@id":"https:\/\/dhalmann.fr\/music\/#organization","name":"Editions Francois Dhalmann","alternateName":"Dhalmann","url":"https:\/\/dhalmann.fr\/music\/","logo":{"@type":"ImageObject","inLanguage":"fr-FR","@id":"https:\/\/dhalmann.fr\/music\/#\/schema\/logo\/image\/","url":"https:\/\/dhalmann.fr\/music\/wp-content\/uploads\/2021\/07\/editions-francois-dhalmann-1397749175.jpg","contentUrl":"https:\/\/dhalmann.fr\/music\/wp-content\/uploads\/2021\/07\/editions-francois-dhalmann-1397749175.jpg","width":559,"height":354,"caption":"Editions Francois Dhalmann"},"image":{"@id":"https:\/\/dhalmann.fr\/music\/#\/schema\/logo\/image\/"},"sameAs":["https:\/\/www.facebook.com\/EditionsDhalmann\/","https:\/\/x.com\/editiondhalmann","https:\/\/www.youtube.com\/channel\/UCZdGOJXKqg6ByF1pQloitAg"]}]}},"_links":{"self":[{"href":"https:\/\/dhalmann.fr\/music\/wp-json\/wp\/v2\/product\/9973","targetHints":{"allow":["GET"]}}],"collection":[{"href":"https:\/\/dhalmann.fr\/music\/wp-json\/wp\/v2\/product"}],"about":[{"href":"https:\/\/dhalmann.fr\/music\/wp-json\/wp\/v2\/types\/product"}],"wp:featuredmedia":[{"embeddable":true,"href":"https:\/\/dhalmann.fr\/music\/wp-json\/wp\/v2\/media\/9974"}],"wp:attachment":[{"href":"https:\/\/dhalmann.fr\/music\/wp-json\/wp\/v2\/media?parent=9973"}],"wp:term":[{"taxonomy":"product_brand","embeddable":true,"href":"https:\/\/dhalmann.fr\/music\/wp-json\/wp\/v2\/product_brand?post=9973"},{"taxonomy":"product_cat","embeddable":true,"href":"https:\/\/dhalmann.fr\/music\/wp-json\/wp\/v2\/product_cat?post=9973"},{"taxonomy":"product_tag","embeddable":true,"href":"https:\/\/dhalmann.fr\/music\/wp-json\/wp\/v2\/product_tag?post=9973"}],"curies":[{"name":"wp","href":"https:\/\/api.w.org\/{rel}","templated":true}]}}